{"id":976,"date":"2023-02-07T16:54:57","date_gmt":"2023-02-07T15:54:57","guid":{"rendered":"https:\/\/cn-webservices.com\/?post_type=product&#038;p=976"},"modified":"2023-02-07T17:04:41","modified_gmt":"2023-02-07T16:04:41","slug":"video-projecteur-dlp-acer-x1126ah","status":"publish","type":"product","link":"https:\/\/cn-webservices.com\/en\/product\/video-projecteur-dlp-acer-x1126ah\/","title":{"rendered":"Vid\u00e9o Projecteur DLP ACER X1126AH"},"content":{"rendered":"<p><span style=\"color: #000000;\">Projetez lors de vos s\u00e9minaires, conf\u00e9rences et r\u00e9unions avec clart\u00e9 grace au projecteur Acer X1126AH.<\/span><br \/>\n<span style=\"color: #000000;\">Obtenez des images lumineuses et claires m\u00eame dans des pi\u00e8ces de taille moyenne bien \u00e9clair\u00e9es avec jusqu&rsquo;\u00e0 4 000 lumens de luminosit\u00e9.<\/span><\/p>\n<p><span style=\"color: #000000;\">Image<\/span><br \/>\n<span style=\"color: #000000;\">R\u00e9solution native: 800 x 600<\/span><br \/>\n<span style=\"color: #000000;\">R\u00e9solution maximum: 1920 x 1200<\/span><br \/>\n<span style=\"color: #000000;\">Luminosit\u00e9 en mode standard: 4000 lm<\/span><br \/>\n<span style=\"color: #000000;\">Rapport hauteur\/largeur natif: 4:3<\/span><br \/>\n<span style=\"color: #000000;\">Rapport hauteur-largeur compatible: 16:9<\/span><br \/>\n<span style=\"color: #000000;\">Contraste: 20,000:1<\/span><br \/>\n<span style=\"color: #000000;\">Ratio de projection: 1,94 \u00e0 2,16 (1295,40 mm@2000 mm)<\/span><br \/>\n<span style=\"color: #000000;\">Zoom num\u00e9rique: 2x<\/span><br \/>\n<span style=\"color: #000000;\">Correction verticale de l&rsquo;effet cl\u00e9 de vo\u00fbte : -40\u00b0\/+40\u00b0<\/span><br \/>\n<span style=\"color: #000000;\">Synchronisation Verticale Maximum: 120 Hz<\/span><br \/>\n<span style=\"color: #000000;\">Synchronisation Horizontale Maximum: 100 kHz<\/span><br \/>\n<span style=\"color: #000000;\">Minimum de synchronisation verticale: 24 Hz<\/span><br \/>\n<span style=\"color: #000000;\">Minimum de synchronisation horizontale: 15 kHz<\/span><\/p>\n<p><a href=\"https:\/\/cn-webservices.com\/wp-content\/uploads\/2023\/02\/CC-VIDEO-PROJECTEUR-ACER-2.jpg\"><img fetchpriority=\"high\" decoding=\"async\" class=\"alignnone size-medium wp-image-978\" src=\"https:\/\/cn-webservices.com\/wp-content\/uploads\/2023\/02\/CC-VIDEO-PROJECTEUR-ACER-2-300x198.jpg\" alt=\"\" width=\"300\" height=\"198\" srcset=\"https:\/\/cn-webservices.com\/wp-content\/uploads\/2023\/02\/CC-VIDEO-PROJECTEUR-ACER-2-300x198.jpg 300w, https:\/\/cn-webservices.com\/wp-content\/uploads\/2023\/02\/CC-VIDEO-PROJECTEUR-ACER-2-1024x676.jpg 1024w, https:\/\/cn-webservices.com\/wp-content\/uploads\/2023\/02\/CC-VIDEO-PROJECTEUR-ACER-2-768x507.jpg 768w, https:\/\/cn-webservices.com\/wp-content\/uploads\/2023\/02\/CC-VIDEO-PROJECTEUR-ACER-2-18x12.jpg 18w, https:\/\/cn-webservices.com\/wp-content\/uploads\/2023\/02\/CC-VIDEO-PROJECTEUR-ACER-2-600x396.jpg 600w, https:\/\/cn-webservices.com\/wp-content\/uploads\/2023\/02\/CC-VIDEO-PROJECTEUR-ACER-2.jpg 1366w\" sizes=\"(max-width: 300px) 100vw, 300px\" \/><\/a><\/p>\n<p><span style=\"color: #000000;\">Type de lampe: OSRAM<\/span><br \/>\n<span style=\"color: #000000;\">Nombre de lampes: 1<\/span><br \/>\n<span style=\"color: #000000;\">Puissance de la lampe: 220 W<\/span><br \/>\n<span style=\"color: #000000;\">Dur\u00e9e de vie de la lampe en mode normal: 6000 Heure(s)<\/span><br \/>\n<span style=\"color: #000000;\">Dur\u00e9e de vie de la lampe en mode \u00e9conomie: 7000 Heure(s)<\/span><br \/>\n<span style=\"color: #000000;\">Dur\u00e9e de vie de la lampe en mode ExtremeEco: 10000 Heure(s)<\/span><br \/>\n<span style=\"color: #000000;\">Interfaces\/Ports<\/span><br \/>\n<span style=\"color: #000000;\">HDMI: Oui<\/span><br \/>\n<span style=\"color: #000000;\">Nombre de ports USB: 1<\/span><br \/>\n<span style=\"color: #000000;\">USB: Oui<\/span><br \/>\n<span style=\"color: #000000;\">Type de Connecteur USB: 1 x Type-A<\/span><br \/>\n<span style=\"color: #000000;\">Vid\u00e9o composite: Oui<\/span><br \/>\n<span style=\"color: #000000;\">Nombre d&rsquo;entr\u00e9es VGA: 1<\/span><br \/>\n<span style=\"color: #000000;\">Entr\u00e9e VGA: Oui<\/span><br \/>\n<span style=\"color: #000000;\">Nombre de sorties VGA: 1<\/span><br \/>\n<span style=\"color: #000000;\">Sortie VGA: Oui<\/span><br \/>\n<span style=\"color: #000000;\">Nombre d&rsquo;entr\u00e9es audio: 1<\/span><br \/>\n<span style=\"color: #000000;\">Nombre de sorties audio: 1<\/span><br \/>\n<span style=\"color: #000000;\">Entr\u00e9e ligne audio: Oui<\/span><br \/>\n<span style=\"color: #000000;\">Sortie ligne audio: Oui<\/span><br \/>\n<span style=\"color: #000000;\">Nombre total de ports HDMI: 1<\/span><\/p>\n<p><a href=\"https:\/\/cn-webservices.com\/wp-content\/uploads\/2023\/02\/CC-VIDEO-PROJECTEUR-ACER-3.jpg\"><img decoding=\"async\" class=\"alignnone size-medium wp-image-979\" src=\"https:\/\/cn-webservices.com\/wp-content\/uploads\/2023\/02\/CC-VIDEO-PROJECTEUR-ACER-3-300x222.jpg\" alt=\"\" width=\"300\" height=\"222\" srcset=\"https:\/\/cn-webservices.com\/wp-content\/uploads\/2023\/02\/CC-VIDEO-PROJECTEUR-ACER-3-300x222.jpg 300w, https:\/\/cn-webservices.com\/wp-content\/uploads\/2023\/02\/CC-VIDEO-PROJECTEUR-ACER-3-1024x759.jpg 1024w, https:\/\/cn-webservices.com\/wp-content\/uploads\/2023\/02\/CC-VIDEO-PROJECTEUR-ACER-3-768x569.jpg 768w, https:\/\/cn-webservices.com\/wp-content\/uploads\/2023\/02\/CC-VIDEO-PROJECTEUR-ACER-3-16x12.jpg 16w, https:\/\/cn-webservices.com\/wp-content\/uploads\/2023\/02\/CC-VIDEO-PROJECTEUR-ACER-3-600x445.jpg 600w, https:\/\/cn-webservices.com\/wp-content\/uploads\/2023\/02\/CC-VIDEO-PROJECTEUR-ACER-3.jpg 1366w\" sizes=\"(max-width: 300px) 100vw, 300px\" \/><\/a><\/p>\n<p><span style=\"color: #000000;\">Caract\u00e9ristiques techniques<\/span><br \/>\n<span style=\"color: #000000;\">Syst\u00e8me de projection: DLP<\/span><br \/>\n<span style=\"color: #000000;\">Compatibilit\u00e9 de la vid\u00e9o: NTSC<\/span><br \/>\n<span style=\"color: #000000;\">Compatibilit\u00e9 de la vid\u00e9o: PAL<\/span><br \/>\n<span style=\"color: #000000;\">Compatibilit\u00e9 de la vid\u00e9o: SECAM<\/span><br \/>\n<span style=\"color: #000000;\">Compatibilit\u00e9 de la vid\u00e9o: HDTV<\/span><br \/>\n<span style=\"color: #000000;\">Compatibilit\u00e9 de la vid\u00e9o: EDTV<\/span><br \/>\n<span style=\"color: #000000;\">Compatibilit\u00e9 de la vid\u00e9o: SDTV<\/span><br \/>\n<span style=\"color: #000000;\">Compatibilit\u00e9 informatique: Windows PC<\/span><br \/>\n<span style=\"color: #000000;\">Compatibilit\u00e9 informatique: Mac PC<\/span><\/p>\n<p><span style=\"color: #000000;\">Audio<\/span><br \/>\n<span style=\"color: #000000;\">Nombre de haut-parleurs: 1<\/span><br \/>\n<span style=\"color: #000000;\">Puissance de sortie du haut-parleur: 3 W<\/span><br \/>\n<span style=\"color: #000000;\">Mode de sortie du haut-parleur: Mono Canal<\/span><br \/>\n<span style=\"color: #000000;\">Caract\u00e9ristiques de l&rsquo;alimentation<\/span><br \/>\n<span style=\"color: #000000;\">Syst\u00e8me d&rsquo;alimentation: 100 V AC ~ 240 V AC<\/span><br \/>\n<span style=\"color: #000000;\">Tension d&rsquo;entr\u00e9e: 120 V AC<\/span><br \/>\n<span style=\"color: #000000;\">Tension d&rsquo;entr\u00e9e: 230 V AC<\/span><br \/>\n<span style=\"color: #000000;\">Consommation normale en watts: 275 W<\/span><\/p>\n<p><span style=\"color: #000000;\">Caract\u00e9ristiques physiques<\/span><br \/>\n<span style=\"color: #000000;\">Poids (approximatif): 2,80 kg<\/span><\/p>","protected":false},"excerpt":{"rendered":"<p><span style=\"color: #000000;\">Projetez lors de vos s\u00e9minaires, conf\u00e9rences et r\u00e9unions avec clart\u00e9 grace au projecteur Acer X1126AH.<\/span><br \/>\n<span style=\"color: #000000;\">Obtenez des images lumineuses et claires m\u00eame dans des pi\u00e8ces de taille moyenne bien \u00e9clair\u00e9es avec jusqu&rsquo;\u00e0 4 000 lumens de luminosit\u00e9.<\/span><\/p>","protected":false},"featured_media":977,"template":"","meta":[],"product_brand":[],"product_cat":[30],"product_tag":[],"class_list":{"0":"post-976","1":"product","2":"type-product","3":"status-publish","4":"has-post-thumbnail","6":"product_cat-video-projecteur","8":"first","9":"instock","10":"shipping-taxable","11":"purchasable","12":"product-type-simple"},"yoast_head":"<!-- This site is optimized with the Yoast SEO plugin v27.4 - https:\/\/yoast.com\/product\/yoast-seo-wordpress\/ -->\n<title>Vid\u00e9o Projecteur DLP ACER X1126AH - C&amp;N Services - Web Services et Technologies<\/title>\n<meta name=\"robots\" content=\"index, follow, max-snippet:-1, max-image-preview:large, max-video-preview:-1\" \/>\n<link rel=\"canonical\" href=\"https:\/\/cn-webservices.com\/en\/product\/video-projecteur-dlp-acer-x1126ah\/\" \/>\n<meta property=\"og:locale\" content=\"en_US\" \/>\n<meta property=\"og:type\" content=\"article\" \/>\n<meta property=\"og:title\" content=\"Vid\u00e9o Projecteur DLP ACER X1126AH - C&amp;N Services - Web Services et Technologies\" \/>\n<meta property=\"og:description\" content=\"Projetez lors de vos s\u00e9minaires, conf\u00e9rences et r\u00e9unions avec clart\u00e9 grace au projecteur Acer X1126AH. Obtenez des images lumineuses et claires m\u00eame dans des pi\u00e8ces de taille moyenne bien \u00e9clair\u00e9es avec jusqu&#039;\u00e0 4 000 lumens de luminosit\u00e9.\" \/>\n<meta property=\"og:url\" content=\"https:\/\/cn-webservices.com\/en\/product\/video-projecteur-dlp-acer-x1126ah\/\" \/>\n<meta property=\"og:site_name\" content=\"C&amp;N Services - Web Services et Technologies\" \/>\n<meta property=\"article:modified_time\" content=\"2023-02-07T16:04:41+00:00\" \/>\n<meta property=\"og:image\" content=\"https:\/\/cn-webservices.com\/wp-content\/uploads\/2023\/02\/CC-VIDEO-PROJECTEUR-ACER.jpg\" \/>\n\t<meta property=\"og:image:width\" content=\"1366\" \/>\n\t<meta property=\"og:image:height\" content=\"988\" \/>\n\t<meta property=\"og:image:type\" content=\"image\/jpeg\" \/>\n<meta name=\"twitter:label1\" content=\"Est. reading time\" \/>\n\t<meta name=\"twitter:data1\" content=\"2 minutes\" \/>\n<script type=\"application\/ld+json\" class=\"yoast-schema-graph\">{\"@context\":\"https:\\\/\\\/schema.org\",\"@graph\":[{\"@type\":\"WebPage\",\"@id\":\"https:\\\/\\\/cn-webservices.com\\\/produit\\\/video-projecteur-dlp-acer-x1126ah\\\/\",\"url\":\"https:\\\/\\\/cn-webservices.com\\\/produit\\\/video-projecteur-dlp-acer-x1126ah\\\/\",\"name\":\"Vid\u00e9o Projecteur DLP ACER X1126AH - C&amp;N Services - Web Services et Technologies\",\"isPartOf\":{\"@id\":\"https:\\\/\\\/cn-webservices.com\\\/#website\"},\"primaryImageOfPage\":{\"@id\":\"https:\\\/\\\/cn-webservices.com\\\/produit\\\/video-projecteur-dlp-acer-x1126ah\\\/#primaryimage\"},\"image\":{\"@id\":\"https:\\\/\\\/cn-webservices.com\\\/produit\\\/video-projecteur-dlp-acer-x1126ah\\\/#primaryimage\"},\"thumbnailUrl\":\"https:\\\/\\\/cn-webservices.com\\\/wp-content\\\/uploads\\\/2023\\\/02\\\/CC-VIDEO-PROJECTEUR-ACER.jpg\",\"datePublished\":\"2023-02-07T15:54:57+00:00\",\"dateModified\":\"2023-02-07T16:04:41+00:00\",\"inLanguage\":\"en-US\",\"potentialAction\":[{\"@type\":\"ReadAction\",\"target\":[\"https:\\\/\\\/cn-webservices.com\\\/produit\\\/video-projecteur-dlp-acer-x1126ah\\\/\"]}]},{\"@type\":\"ImageObject\",\"inLanguage\":\"en-US\",\"@id\":\"https:\\\/\\\/cn-webservices.com\\\/produit\\\/video-projecteur-dlp-acer-x1126ah\\\/#primaryimage\",\"url\":\"https:\\\/\\\/cn-webservices.com\\\/wp-content\\\/uploads\\\/2023\\\/02\\\/CC-VIDEO-PROJECTEUR-ACER.jpg\",\"contentUrl\":\"https:\\\/\\\/cn-webservices.com\\\/wp-content\\\/uploads\\\/2023\\\/02\\\/CC-VIDEO-PROJECTEUR-ACER.jpg\",\"width\":1366,\"height\":988},{\"@type\":\"WebSite\",\"@id\":\"https:\\\/\\\/cn-webservices.com\\\/#website\",\"url\":\"https:\\\/\\\/cn-webservices.com\\\/\",\"name\":\"C&amp;N Services - Web Services et Technologies\",\"description\":\"Nous sommes le d\u00e9but de vos projets\",\"publisher\":{\"@id\":\"https:\\\/\\\/cn-webservices.com\\\/#organization\"},\"potentialAction\":[{\"@type\":\"SearchAction\",\"target\":{\"@type\":\"EntryPoint\",\"urlTemplate\":\"https:\\\/\\\/cn-webservices.com\\\/?s={search_term_string}\"},\"query-input\":{\"@type\":\"PropertyValueSpecification\",\"valueRequired\":true,\"valueName\":\"search_term_string\"}}],\"inLanguage\":\"en-US\"},{\"@type\":\"Organization\",\"@id\":\"https:\\\/\\\/cn-webservices.com\\\/#organization\",\"name\":\"C&amp;N Services - Web Services et Technologies\",\"url\":\"https:\\\/\\\/cn-webservices.com\\\/\",\"logo\":{\"@type\":\"ImageObject\",\"inLanguage\":\"en-US\",\"@id\":\"https:\\\/\\\/cn-webservices.com\\\/#\\\/schema\\\/logo\\\/image\\\/\",\"url\":\"https:\\\/\\\/cn-webservices.com\\\/wp-content\\\/uploads\\\/2022\\\/07\\\/CN-Services-Logo-2022.png\",\"contentUrl\":\"https:\\\/\\\/cn-webservices.com\\\/wp-content\\\/uploads\\\/2022\\\/07\\\/CN-Services-Logo-2022.png\",\"width\":827,\"height\":302,\"caption\":\"C&amp;N Services - Web Services et Technologies\"},\"image\":{\"@id\":\"https:\\\/\\\/cn-webservices.com\\\/#\\\/schema\\\/logo\\\/image\\\/\"}}]}<\/script>\n<!-- \/ Yoast SEO plugin. -->","yoast_head_json":{"title":"Vid\u00e9o Projecteur DLP ACER X1126AH - C&amp;N Services - Web Services et Technologies","robots":{"index":"index","follow":"follow","max-snippet":"max-snippet:-1","max-image-preview":"max-image-preview:large","max-video-preview":"max-video-preview:-1"},"canonical":"https:\/\/cn-webservices.com\/en\/product\/video-projecteur-dlp-acer-x1126ah\/","og_locale":"en_US","og_type":"article","og_title":"Vid\u00e9o Projecteur DLP ACER X1126AH - C&amp;N Services - Web Services et Technologies","og_description":"Projetez lors de vos s\u00e9minaires, conf\u00e9rences et r\u00e9unions avec clart\u00e9 grace au projecteur Acer X1126AH. Obtenez des images lumineuses et claires m\u00eame dans des pi\u00e8ces de taille moyenne bien \u00e9clair\u00e9es avec jusqu'\u00e0 4 000 lumens de luminosit\u00e9.","og_url":"https:\/\/cn-webservices.com\/en\/product\/video-projecteur-dlp-acer-x1126ah\/","og_site_name":"C&amp;N Services - Web Services et Technologies","article_modified_time":"2023-02-07T16:04:41+00:00","og_image":[{"width":1366,"height":988,"url":"https:\/\/cn-webservices.com\/wp-content\/uploads\/2023\/02\/CC-VIDEO-PROJECTEUR-ACER.jpg","type":"image\/jpeg"}],"twitter_misc":{"Est. reading time":"2 minutes"},"schema":{"@context":"https:\/\/schema.org","@graph":[{"@type":"WebPage","@id":"https:\/\/cn-webservices.com\/produit\/video-projecteur-dlp-acer-x1126ah\/","url":"https:\/\/cn-webservices.com\/produit\/video-projecteur-dlp-acer-x1126ah\/","name":"Vid\u00e9o Projecteur DLP ACER X1126AH - C&amp;N Services - Web Services et Technologies","isPartOf":{"@id":"https:\/\/cn-webservices.com\/#website"},"primaryImageOfPage":{"@id":"https:\/\/cn-webservices.com\/produit\/video-projecteur-dlp-acer-x1126ah\/#primaryimage"},"image":{"@id":"https:\/\/cn-webservices.com\/produit\/video-projecteur-dlp-acer-x1126ah\/#primaryimage"},"thumbnailUrl":"https:\/\/cn-webservices.com\/wp-content\/uploads\/2023\/02\/CC-VIDEO-PROJECTEUR-ACER.jpg","datePublished":"2023-02-07T15:54:57+00:00","dateModified":"2023-02-07T16:04:41+00:00","inLanguage":"en-US","potentialAction":[{"@type":"ReadAction","target":["https:\/\/cn-webservices.com\/produit\/video-projecteur-dlp-acer-x1126ah\/"]}]},{"@type":"ImageObject","inLanguage":"en-US","@id":"https:\/\/cn-webservices.com\/produit\/video-projecteur-dlp-acer-x1126ah\/#primaryimage","url":"https:\/\/cn-webservices.com\/wp-content\/uploads\/2023\/02\/CC-VIDEO-PROJECTEUR-ACER.jpg","contentUrl":"https:\/\/cn-webservices.com\/wp-content\/uploads\/2023\/02\/CC-VIDEO-PROJECTEUR-ACER.jpg","width":1366,"height":988},{"@type":"WebSite","@id":"https:\/\/cn-webservices.com\/#website","url":"https:\/\/cn-webservices.com\/","name":"C&amp;N Services - Web Services et Technologies","description":"Nous sommes le d\u00e9but de vos projets","publisher":{"@id":"https:\/\/cn-webservices.com\/#organization"},"potentialAction":[{"@type":"SearchAction","target":{"@type":"EntryPoint","urlTemplate":"https:\/\/cn-webservices.com\/?s={search_term_string}"},"query-input":{"@type":"PropertyValueSpecification","valueRequired":true,"valueName":"search_term_string"}}],"inLanguage":"en-US"},{"@type":"Organization","@id":"https:\/\/cn-webservices.com\/#organization","name":"C&amp;N Services - Web Services et Technologies","url":"https:\/\/cn-webservices.com\/","logo":{"@type":"ImageObject","inLanguage":"en-US","@id":"https:\/\/cn-webservices.com\/#\/schema\/logo\/image\/","url":"https:\/\/cn-webservices.com\/wp-content\/uploads\/2022\/07\/CN-Services-Logo-2022.png","contentUrl":"https:\/\/cn-webservices.com\/wp-content\/uploads\/2022\/07\/CN-Services-Logo-2022.png","width":827,"height":302,"caption":"C&amp;N Services - Web Services et Technologies"},"image":{"@id":"https:\/\/cn-webservices.com\/#\/schema\/logo\/image\/"}}]}},"_links":{"self":[{"href":"https:\/\/cn-webservices.com\/en\/wp-json\/wp\/v2\/product\/976","targetHints":{"allow":["GET"]}}],"collection":[{"href":"https:\/\/cn-webservices.com\/en\/wp-json\/wp\/v2\/product"}],"about":[{"href":"https:\/\/cn-webservices.com\/en\/wp-json\/wp\/v2\/types\/product"}],"wp:featuredmedia":[{"embeddable":true,"href":"https:\/\/cn-webservices.com\/en\/wp-json\/wp\/v2\/media\/977"}],"wp:attachment":[{"href":"https:\/\/cn-webservices.com\/en\/wp-json\/wp\/v2\/media?parent=976"}],"wp:term":[{"taxonomy":"product_brand","embeddable":true,"href":"https:\/\/cn-webservices.com\/en\/wp-json\/wp\/v2\/product_brand?post=976"},{"taxonomy":"product_cat","embeddable":true,"href":"https:\/\/cn-webservices.com\/en\/wp-json\/wp\/v2\/product_cat?post=976"},{"taxonomy":"product_tag","embeddable":true,"href":"https:\/\/cn-webservices.com\/en\/wp-json\/wp\/v2\/product_tag?post=976"}],"curies":[{"name":"wp","href":"https:\/\/api.w.org\/{rel}","templated":true}]}}