{"id":971,"date":"2023-02-07T16:18:36","date_gmt":"2023-02-07T15:18:36","guid":{"rendered":"https:\/\/cn-webservices.com\/?post_type=product&#038;p=971"},"modified":"2023-04-25T11:28:54","modified_gmt":"2023-04-25T10:28:54","slug":"souris-hp-laverock-2-4g-wireless-sans-fil","status":"publish","type":"product","link":"https:\/\/cn-webservices.com\/en\/product\/souris-hp-laverock-2-4g-wireless-sans-fil\/","title":{"rendered":"SOURIS HP LAVEROCK 2.4G WIRELESS SANS FIL"},"content":{"rendered":"<p><span style=\"color: #000000;\">Souris optique sans fil HP Laverock 2.4G<\/span><br \/>\n<span style=\"color: #000000;\">Conception \u00e0 5 boutons<\/span><br \/>\n<span style=\"color: #000000;\">Molette de d\u00e9filement en caoutchouc<\/span><br \/>\n<span style=\"color: #000000;\">Le nano-r\u00e9cepteur est cach\u00e9 dans le bouton de la souris<\/span><br \/>\n<span style=\"color: #000000;\">Technologie sans fil 2,4 GHz<\/span><br \/>\n<span style=\"color: #000000;\">Technologie optique<\/span><br \/>\n<span style=\"color: #000000;\">Syst\u00e8me d&rsquo;\u00e9conomie d&rsquo;\u00e9nergie int\u00e9gr\u00e9<\/span><br \/>\n<span style=\"color: #000000;\">Design \u00e9l\u00e9gant et ergonomique<\/span><br \/>\n<span style=\"color: #000000;\">Faites d\u00e9filer facilement dans n&rsquo;importe quelle direction<\/span><br \/>\n<span style=\"color: #000000;\">Transmission bidirectionnelle<\/span><\/p>","protected":false},"excerpt":{"rendered":"<p><span style=\"color: #000000;\">Souris optique sans fil HP Laverock 2.4G<\/span><br \/>\n<span style=\"color: #000000;\">Conception \u00e0 5 boutons<\/span><br \/>\n<span style=\"color: #000000;\">Molette de d\u00e9filement en caoutchouc<\/span><br \/>\n<span style=\"color: #000000;\">Le nano-r\u00e9cepteur est cach\u00e9 dans le bouton de la souris<\/span><br \/>\n<span style=\"color: #000000;\">Technologie sans fil 2,4 GHz<\/span><br \/>\n<span style=\"color: #000000;\">Technologie optique<\/span><br \/>\n<span style=\"color: #000000;\">Syst\u00e8me d&rsquo;\u00e9conomie d&rsquo;\u00e9nergie int\u00e9gr\u00e9<\/span><br \/>\n<span style=\"color: #000000;\">Design \u00e9l\u00e9gant et ergonomique<\/span><br \/>\n<span style=\"color: #000000;\">Faites d\u00e9filer facilement dans n&rsquo;importe quelle direction<\/span><br \/>\n<span style=\"color: #000000;\">Transmission bidirectionnelle<\/span><\/p>","protected":false},"featured_media":973,"template":"","meta":[],"product_brand":[],"product_cat":[25,24],"product_tag":[],"class_list":{"0":"post-971","1":"product","2":"type-product","3":"status-publish","4":"has-post-thumbnail","6":"product_cat-accessoires-informatique","7":"product_cat-souris","9":"first","10":"instock","11":"sale","12":"shipping-taxable","13":"purchasable","14":"product-type-variable"},"yoast_head":"<!-- This site is optimized with the Yoast SEO plugin v27.4 - https:\/\/yoast.com\/product\/yoast-seo-wordpress\/ -->\n<title>SOURIS HP LAVEROCK 2.4G WIRELESS SANS FIL - C&amp;N Services - Web Services et Technologies<\/title>\n<meta name=\"robots\" content=\"index, follow, max-snippet:-1, max-image-preview:large, max-video-preview:-1\" \/>\n<link rel=\"canonical\" href=\"https:\/\/cn-webservices.com\/en\/product\/souris-hp-laverock-2-4g-wireless-sans-fil\/\" \/>\n<meta property=\"og:locale\" content=\"en_US\" \/>\n<meta property=\"og:type\" content=\"article\" \/>\n<meta property=\"og:title\" content=\"SOURIS HP LAVEROCK 2.4G WIRELESS SANS FIL - C&amp;N Services - Web Services et Technologies\" \/>\n<meta property=\"og:description\" content=\"Souris optique sans fil HP Laverock 2.4G Conception \u00e0 5 boutons Molette de d\u00e9filement en caoutchouc Le nano-r\u00e9cepteur est cach\u00e9 dans le bouton de la souris Technologie sans fil 2,4 GHz Technologie optique Syst\u00e8me d&#039;\u00e9conomie d&#039;\u00e9nergie int\u00e9gr\u00e9 Design \u00e9l\u00e9gant et ergonomique Faites d\u00e9filer facilement dans n&#039;importe quelle direction Transmission bidirectionnelle\" \/>\n<meta property=\"og:url\" content=\"https:\/\/cn-webservices.com\/en\/product\/souris-hp-laverock-2-4g-wireless-sans-fil\/\" \/>\n<meta property=\"og:site_name\" content=\"C&amp;N Services - Web Services et Technologies\" \/>\n<meta property=\"article:modified_time\" content=\"2023-04-25T10:28:54+00:00\" \/>\n<meta property=\"og:image\" content=\"https:\/\/cn-webservices.com\/wp-content\/uploads\/2023\/02\/CN-Services-SOURIS-HP-LAVEROCK-2.4G-SANS-FIL-4-2.png\" \/>\n\t<meta property=\"og:image:width\" content=\"600\" \/>\n\t<meta property=\"og:image:height\" content=\"600\" \/>\n\t<meta property=\"og:image:type\" content=\"image\/png\" \/>\n<meta name=\"twitter:label1\" content=\"Est. reading time\" \/>\n\t<meta name=\"twitter:data1\" content=\"1 minute\" \/>\n<script type=\"application\/ld+json\" class=\"yoast-schema-graph\">{\"@context\":\"https:\\\/\\\/schema.org\",\"@graph\":[{\"@type\":\"WebPage\",\"@id\":\"https:\\\/\\\/cn-webservices.com\\\/produit\\\/souris-hp-laverock-2-4g-wireless-sans-fil\\\/\",\"url\":\"https:\\\/\\\/cn-webservices.com\\\/produit\\\/souris-hp-laverock-2-4g-wireless-sans-fil\\\/\",\"name\":\"SOURIS HP LAVEROCK 2.4G WIRELESS SANS FIL - C&amp;N Services - Web Services et Technologies\",\"isPartOf\":{\"@id\":\"https:\\\/\\\/cn-webservices.com\\\/#website\"},\"primaryImageOfPage\":{\"@id\":\"https:\\\/\\\/cn-webservices.com\\\/produit\\\/souris-hp-laverock-2-4g-wireless-sans-fil\\\/#primaryimage\"},\"image\":{\"@id\":\"https:\\\/\\\/cn-webservices.com\\\/produit\\\/souris-hp-laverock-2-4g-wireless-sans-fil\\\/#primaryimage\"},\"thumbnailUrl\":\"https:\\\/\\\/cn-webservices.com\\\/wp-content\\\/uploads\\\/2023\\\/02\\\/CN-Services-SOURIS-HP-LAVEROCK-2.4G-SANS-FIL-4-2.png\",\"datePublished\":\"2023-02-07T15:18:36+00:00\",\"dateModified\":\"2023-04-25T10:28:54+00:00\",\"inLanguage\":\"en-US\",\"potentialAction\":[{\"@type\":\"ReadAction\",\"target\":[\"https:\\\/\\\/cn-webservices.com\\\/produit\\\/souris-hp-laverock-2-4g-wireless-sans-fil\\\/\"]}]},{\"@type\":\"ImageObject\",\"inLanguage\":\"en-US\",\"@id\":\"https:\\\/\\\/cn-webservices.com\\\/produit\\\/souris-hp-laverock-2-4g-wireless-sans-fil\\\/#primaryimage\",\"url\":\"https:\\\/\\\/cn-webservices.com\\\/wp-content\\\/uploads\\\/2023\\\/02\\\/CN-Services-SOURIS-HP-LAVEROCK-2.4G-SANS-FIL-4-2.png\",\"contentUrl\":\"https:\\\/\\\/cn-webservices.com\\\/wp-content\\\/uploads\\\/2023\\\/02\\\/CN-Services-SOURIS-HP-LAVEROCK-2.4G-SANS-FIL-4-2.png\",\"width\":600,\"height\":600},{\"@type\":\"WebSite\",\"@id\":\"https:\\\/\\\/cn-webservices.com\\\/#website\",\"url\":\"https:\\\/\\\/cn-webservices.com\\\/\",\"name\":\"C&amp;N Services - Web Services et Technologies\",\"description\":\"Nous sommes le d\u00e9but de vos projets\",\"publisher\":{\"@id\":\"https:\\\/\\\/cn-webservices.com\\\/#organization\"},\"potentialAction\":[{\"@type\":\"SearchAction\",\"target\":{\"@type\":\"EntryPoint\",\"urlTemplate\":\"https:\\\/\\\/cn-webservices.com\\\/?s={search_term_string}\"},\"query-input\":{\"@type\":\"PropertyValueSpecification\",\"valueRequired\":true,\"valueName\":\"search_term_string\"}}],\"inLanguage\":\"en-US\"},{\"@type\":\"Organization\",\"@id\":\"https:\\\/\\\/cn-webservices.com\\\/#organization\",\"name\":\"C&amp;N Services - Web Services et Technologies\",\"url\":\"https:\\\/\\\/cn-webservices.com\\\/\",\"logo\":{\"@type\":\"ImageObject\",\"inLanguage\":\"en-US\",\"@id\":\"https:\\\/\\\/cn-webservices.com\\\/#\\\/schema\\\/logo\\\/image\\\/\",\"url\":\"https:\\\/\\\/cn-webservices.com\\\/wp-content\\\/uploads\\\/2022\\\/07\\\/CN-Services-Logo-2022.png\",\"contentUrl\":\"https:\\\/\\\/cn-webservices.com\\\/wp-content\\\/uploads\\\/2022\\\/07\\\/CN-Services-Logo-2022.png\",\"width\":827,\"height\":302,\"caption\":\"C&amp;N Services - Web Services et Technologies\"},\"image\":{\"@id\":\"https:\\\/\\\/cn-webservices.com\\\/#\\\/schema\\\/logo\\\/image\\\/\"}}]}<\/script>\n<!-- \/ Yoast SEO plugin. -->","yoast_head_json":{"title":"SOURIS HP LAVEROCK 2.4G WIRELESS SANS FIL - C&amp;N Services - Web Services et Technologies","robots":{"index":"index","follow":"follow","max-snippet":"max-snippet:-1","max-image-preview":"max-image-preview:large","max-video-preview":"max-video-preview:-1"},"canonical":"https:\/\/cn-webservices.com\/en\/product\/souris-hp-laverock-2-4g-wireless-sans-fil\/","og_locale":"en_US","og_type":"article","og_title":"SOURIS HP LAVEROCK 2.4G WIRELESS SANS FIL - C&amp;N Services - Web Services et Technologies","og_description":"Souris optique sans fil HP Laverock 2.4G Conception \u00e0 5 boutons Molette de d\u00e9filement en caoutchouc Le nano-r\u00e9cepteur est cach\u00e9 dans le bouton de la souris Technologie sans fil 2,4 GHz Technologie optique Syst\u00e8me d'\u00e9conomie d'\u00e9nergie int\u00e9gr\u00e9 Design \u00e9l\u00e9gant et ergonomique Faites d\u00e9filer facilement dans n'importe quelle direction Transmission bidirectionnelle","og_url":"https:\/\/cn-webservices.com\/en\/product\/souris-hp-laverock-2-4g-wireless-sans-fil\/","og_site_name":"C&amp;N Services - Web Services et Technologies","article_modified_time":"2023-04-25T10:28:54+00:00","og_image":[{"width":600,"height":600,"url":"https:\/\/cn-webservices.com\/wp-content\/uploads\/2023\/02\/CN-Services-SOURIS-HP-LAVEROCK-2.4G-SANS-FIL-4-2.png","type":"image\/png"}],"twitter_misc":{"Est. reading time":"1 minute"},"schema":{"@context":"https:\/\/schema.org","@graph":[{"@type":"WebPage","@id":"https:\/\/cn-webservices.com\/produit\/souris-hp-laverock-2-4g-wireless-sans-fil\/","url":"https:\/\/cn-webservices.com\/produit\/souris-hp-laverock-2-4g-wireless-sans-fil\/","name":"SOURIS HP LAVEROCK 2.4G WIRELESS SANS FIL - C&amp;N Services - Web Services et Technologies","isPartOf":{"@id":"https:\/\/cn-webservices.com\/#website"},"primaryImageOfPage":{"@id":"https:\/\/cn-webservices.com\/produit\/souris-hp-laverock-2-4g-wireless-sans-fil\/#primaryimage"},"image":{"@id":"https:\/\/cn-webservices.com\/produit\/souris-hp-laverock-2-4g-wireless-sans-fil\/#primaryimage"},"thumbnailUrl":"https:\/\/cn-webservices.com\/wp-content\/uploads\/2023\/02\/CN-Services-SOURIS-HP-LAVEROCK-2.4G-SANS-FIL-4-2.png","datePublished":"2023-02-07T15:18:36+00:00","dateModified":"2023-04-25T10:28:54+00:00","inLanguage":"en-US","potentialAction":[{"@type":"ReadAction","target":["https:\/\/cn-webservices.com\/produit\/souris-hp-laverock-2-4g-wireless-sans-fil\/"]}]},{"@type":"ImageObject","inLanguage":"en-US","@id":"https:\/\/cn-webservices.com\/produit\/souris-hp-laverock-2-4g-wireless-sans-fil\/#primaryimage","url":"https:\/\/cn-webservices.com\/wp-content\/uploads\/2023\/02\/CN-Services-SOURIS-HP-LAVEROCK-2.4G-SANS-FIL-4-2.png","contentUrl":"https:\/\/cn-webservices.com\/wp-content\/uploads\/2023\/02\/CN-Services-SOURIS-HP-LAVEROCK-2.4G-SANS-FIL-4-2.png","width":600,"height":600},{"@type":"WebSite","@id":"https:\/\/cn-webservices.com\/#website","url":"https:\/\/cn-webservices.com\/","name":"C&amp;N Services - Web Services et Technologies","description":"Nous sommes le d\u00e9but de vos projets","publisher":{"@id":"https:\/\/cn-webservices.com\/#organization"},"potentialAction":[{"@type":"SearchAction","target":{"@type":"EntryPoint","urlTemplate":"https:\/\/cn-webservices.com\/?s={search_term_string}"},"query-input":{"@type":"PropertyValueSpecification","valueRequired":true,"valueName":"search_term_string"}}],"inLanguage":"en-US"},{"@type":"Organization","@id":"https:\/\/cn-webservices.com\/#organization","name":"C&amp;N Services - Web Services et Technologies","url":"https:\/\/cn-webservices.com\/","logo":{"@type":"ImageObject","inLanguage":"en-US","@id":"https:\/\/cn-webservices.com\/#\/schema\/logo\/image\/","url":"https:\/\/cn-webservices.com\/wp-content\/uploads\/2022\/07\/CN-Services-Logo-2022.png","contentUrl":"https:\/\/cn-webservices.com\/wp-content\/uploads\/2022\/07\/CN-Services-Logo-2022.png","width":827,"height":302,"caption":"C&amp;N Services - Web Services et Technologies"},"image":{"@id":"https:\/\/cn-webservices.com\/#\/schema\/logo\/image\/"}}]}},"_links":{"self":[{"href":"https:\/\/cn-webservices.com\/en\/wp-json\/wp\/v2\/product\/971","targetHints":{"allow":["GET"]}}],"collection":[{"href":"https:\/\/cn-webservices.com\/en\/wp-json\/wp\/v2\/product"}],"about":[{"href":"https:\/\/cn-webservices.com\/en\/wp-json\/wp\/v2\/types\/product"}],"wp:featuredmedia":[{"embeddable":true,"href":"https:\/\/cn-webservices.com\/en\/wp-json\/wp\/v2\/media\/973"}],"wp:attachment":[{"href":"https:\/\/cn-webservices.com\/en\/wp-json\/wp\/v2\/media?parent=971"}],"wp:term":[{"taxonomy":"product_brand","embeddable":true,"href":"https:\/\/cn-webservices.com\/en\/wp-json\/wp\/v2\/product_brand?post=971"},{"taxonomy":"product_cat","embeddable":true,"href":"https:\/\/cn-webservices.com\/en\/wp-json\/wp\/v2\/product_cat?post=971"},{"taxonomy":"product_tag","embeddable":true,"href":"https:\/\/cn-webservices.com\/en\/wp-json\/wp\/v2\/product_tag?post=971"}],"curies":[{"name":"wp","href":"https:\/\/api.w.org\/{rel}","templated":true}]}}