{"id":907,"date":"2023-02-06T12:23:58","date_gmt":"2023-02-06T11:23:58","guid":{"rendered":"https:\/\/cn-webservices.com\/?post_type=product&#038;p=907"},"modified":"2023-02-06T12:23:58","modified_gmt":"2023-02-06T11:23:58","slug":"video-projecteur-epson-3300-lumens","status":"publish","type":"product","link":"https:\/\/cn-webservices.com\/en\/product\/video-projecteur-epson-3300-lumens\/","title":{"rendered":"VIDEO PROJECTEUR EPSON 3300 LUMENS"},"content":{"rendered":"<p>Syst\u00e8me de projection : Technologie 3LCD, Obturateur RVB \u00e0 cristaux liquides<br \/>\nPanneau LCD : 0,55 pouce avec MLA (D10)<br \/>\nR\u00e9solution : XGA, 1024 x 768, 4:3<br \/>\nSource lumineuse : Lampe<br \/>\nRapport de projection : 1,48 &#8211; 1,77:1<br \/>\nZoom : Manual, Factor : 1,2<br \/>\nObjectif : Optique<br \/>\nTaille de l&rsquo;image : 30 pouces &#8211; 300 pouces<br \/>\nFocale : Manuel<br \/>\nOffset : 8 : 1<br \/>\nFonction d\u2019affichage USB : 2 en 1 : Image \/ souris<\/p>","protected":false},"excerpt":{"rendered":"<p>Syst\u00e8me de projection : Technologie 3LCD, Obturateur RVB \u00e0 cristaux liquides<br \/>\nPanneau LCD : 0,55 pouce avec MLA (D10)<br \/>\nR\u00e9solution : XGA, 1024 x 768, 4:3<br \/>\nSource lumineuse : Lampe<br \/>\nRapport de projection : 1,48 &#8211; 1,77:1<br \/>\nZoom : Manual, Factor : 1,2<br \/>\nObjectif : Optique<br \/>\nTaille de l&rsquo;image : 30 pouces &#8211; 300 pouces<br \/>\nFocale : Manuel<br \/>\nOffset : 8 : 1<br \/>\nFonction d\u2019affichage USB : 2 en 1 : Image \/ souris<\/p>","protected":false},"featured_media":908,"template":"","meta":[],"product_brand":[],"product_cat":[25,30],"product_tag":[],"class_list":{"0":"post-907","1":"product","2":"type-product","3":"status-publish","4":"has-post-thumbnail","6":"product_cat-accessoires-informatique","7":"product_cat-video-projecteur","9":"first","10":"instock","11":"shipping-taxable","12":"purchasable","13":"product-type-simple"},"yoast_head":"<!-- This site is optimized with the Yoast SEO plugin v27.4 - https:\/\/yoast.com\/product\/yoast-seo-wordpress\/ -->\n<title>VIDEO PROJECTEUR EPSON 3300 LUMENS - C&amp;N Services - Web Services et Technologies<\/title>\n<meta name=\"robots\" content=\"index, follow, max-snippet:-1, max-image-preview:large, max-video-preview:-1\" \/>\n<link rel=\"canonical\" href=\"https:\/\/cn-webservices.com\/en\/product\/video-projecteur-epson-3300-lumens\/\" \/>\n<meta property=\"og:locale\" content=\"en_US\" \/>\n<meta property=\"og:type\" content=\"article\" \/>\n<meta property=\"og:title\" content=\"VIDEO PROJECTEUR EPSON 3300 LUMENS - C&amp;N Services - Web Services et Technologies\" \/>\n<meta property=\"og:description\" content=\"Syst\u00e8me de projection : Technologie 3LCD, Obturateur RVB \u00e0 cristaux liquides Panneau LCD : 0,55 pouce avec MLA (D10) R\u00e9solution : XGA, 1024 x 768, 4:3 Source lumineuse : Lampe Rapport de projection : 1,48 - 1,77:1 Zoom : Manual, Factor : 1,2 Objectif : Optique Taille de l&#039;image : 30 pouces - 300 pouces Focale : Manuel Offset : 8 : 1 Fonction d\u2019affichage USB : 2 en 1 : Image \/ souris\" \/>\n<meta property=\"og:url\" content=\"https:\/\/cn-webservices.com\/en\/product\/video-projecteur-epson-3300-lumens\/\" \/>\n<meta property=\"og:site_name\" content=\"C&amp;N Services - Web Services et Technologies\" \/>\n<meta property=\"og:image\" content=\"https:\/\/cn-webservices.com\/wp-content\/uploads\/2023\/02\/CN-Services-Video-projecteur-EPSON-1.png\" \/>\n\t<meta property=\"og:image:width\" content=\"640\" \/>\n\t<meta property=\"og:image:height\" content=\"480\" \/>\n\t<meta property=\"og:image:type\" content=\"image\/png\" \/>\n<meta name=\"twitter:label1\" content=\"Est. reading time\" \/>\n\t<meta name=\"twitter:data1\" content=\"1 minute\" \/>\n<script type=\"application\/ld+json\" class=\"yoast-schema-graph\">{\"@context\":\"https:\\\/\\\/schema.org\",\"@graph\":[{\"@type\":\"WebPage\",\"@id\":\"https:\\\/\\\/cn-webservices.com\\\/produit\\\/video-projecteur-epson-3300-lumens\\\/\",\"url\":\"https:\\\/\\\/cn-webservices.com\\\/produit\\\/video-projecteur-epson-3300-lumens\\\/\",\"name\":\"VIDEO PROJECTEUR EPSON 3300 LUMENS - C&amp;N Services - Web Services et Technologies\",\"isPartOf\":{\"@id\":\"https:\\\/\\\/cn-webservices.com\\\/#website\"},\"primaryImageOfPage\":{\"@id\":\"https:\\\/\\\/cn-webservices.com\\\/produit\\\/video-projecteur-epson-3300-lumens\\\/#primaryimage\"},\"image\":{\"@id\":\"https:\\\/\\\/cn-webservices.com\\\/produit\\\/video-projecteur-epson-3300-lumens\\\/#primaryimage\"},\"thumbnailUrl\":\"https:\\\/\\\/cn-webservices.com\\\/wp-content\\\/uploads\\\/2023\\\/02\\\/CN-Services-Video-projecteur-EPSON-1.png\",\"datePublished\":\"2023-02-06T11:23:58+00:00\",\"inLanguage\":\"en-US\",\"potentialAction\":[{\"@type\":\"ReadAction\",\"target\":[\"https:\\\/\\\/cn-webservices.com\\\/produit\\\/video-projecteur-epson-3300-lumens\\\/\"]}]},{\"@type\":\"ImageObject\",\"inLanguage\":\"en-US\",\"@id\":\"https:\\\/\\\/cn-webservices.com\\\/produit\\\/video-projecteur-epson-3300-lumens\\\/#primaryimage\",\"url\":\"https:\\\/\\\/cn-webservices.com\\\/wp-content\\\/uploads\\\/2023\\\/02\\\/CN-Services-Video-projecteur-EPSON-1.png\",\"contentUrl\":\"https:\\\/\\\/cn-webservices.com\\\/wp-content\\\/uploads\\\/2023\\\/02\\\/CN-Services-Video-projecteur-EPSON-1.png\",\"width\":640,\"height\":480},{\"@type\":\"WebSite\",\"@id\":\"https:\\\/\\\/cn-webservices.com\\\/#website\",\"url\":\"https:\\\/\\\/cn-webservices.com\\\/\",\"name\":\"C&amp;N Services - Web Services et Technologies\",\"description\":\"Nous sommes le d\u00e9but de vos projets\",\"publisher\":{\"@id\":\"https:\\\/\\\/cn-webservices.com\\\/#organization\"},\"potentialAction\":[{\"@type\":\"SearchAction\",\"target\":{\"@type\":\"EntryPoint\",\"urlTemplate\":\"https:\\\/\\\/cn-webservices.com\\\/?s={search_term_string}\"},\"query-input\":{\"@type\":\"PropertyValueSpecification\",\"valueRequired\":true,\"valueName\":\"search_term_string\"}}],\"inLanguage\":\"en-US\"},{\"@type\":\"Organization\",\"@id\":\"https:\\\/\\\/cn-webservices.com\\\/#organization\",\"name\":\"C&amp;N Services - Web Services et Technologies\",\"url\":\"https:\\\/\\\/cn-webservices.com\\\/\",\"logo\":{\"@type\":\"ImageObject\",\"inLanguage\":\"en-US\",\"@id\":\"https:\\\/\\\/cn-webservices.com\\\/#\\\/schema\\\/logo\\\/image\\\/\",\"url\":\"https:\\\/\\\/cn-webservices.com\\\/wp-content\\\/uploads\\\/2022\\\/07\\\/CN-Services-Logo-2022.png\",\"contentUrl\":\"https:\\\/\\\/cn-webservices.com\\\/wp-content\\\/uploads\\\/2022\\\/07\\\/CN-Services-Logo-2022.png\",\"width\":827,\"height\":302,\"caption\":\"C&amp;N Services - Web Services et Technologies\"},\"image\":{\"@id\":\"https:\\\/\\\/cn-webservices.com\\\/#\\\/schema\\\/logo\\\/image\\\/\"}}]}<\/script>\n<!-- \/ Yoast SEO plugin. -->","yoast_head_json":{"title":"VIDEO PROJECTEUR EPSON 3300 LUMENS - C&amp;N Services - Web Services et Technologies","robots":{"index":"index","follow":"follow","max-snippet":"max-snippet:-1","max-image-preview":"max-image-preview:large","max-video-preview":"max-video-preview:-1"},"canonical":"https:\/\/cn-webservices.com\/en\/product\/video-projecteur-epson-3300-lumens\/","og_locale":"en_US","og_type":"article","og_title":"VIDEO PROJECTEUR EPSON 3300 LUMENS - C&amp;N Services - Web Services et Technologies","og_description":"Syst\u00e8me de projection : Technologie 3LCD, Obturateur RVB \u00e0 cristaux liquides Panneau LCD : 0,55 pouce avec MLA (D10) R\u00e9solution : XGA, 1024 x 768, 4:3 Source lumineuse : Lampe Rapport de projection : 1,48 - 1,77:1 Zoom : Manual, Factor : 1,2 Objectif : Optique Taille de l'image : 30 pouces - 300 pouces Focale : Manuel Offset : 8 : 1 Fonction d\u2019affichage USB : 2 en 1 : Image \/ souris","og_url":"https:\/\/cn-webservices.com\/en\/product\/video-projecteur-epson-3300-lumens\/","og_site_name":"C&amp;N Services - Web Services et Technologies","og_image":[{"width":640,"height":480,"url":"https:\/\/cn-webservices.com\/wp-content\/uploads\/2023\/02\/CN-Services-Video-projecteur-EPSON-1.png","type":"image\/png"}],"twitter_misc":{"Est. reading time":"1 minute"},"schema":{"@context":"https:\/\/schema.org","@graph":[{"@type":"WebPage","@id":"https:\/\/cn-webservices.com\/produit\/video-projecteur-epson-3300-lumens\/","url":"https:\/\/cn-webservices.com\/produit\/video-projecteur-epson-3300-lumens\/","name":"VIDEO PROJECTEUR EPSON 3300 LUMENS - C&amp;N Services - Web Services et Technologies","isPartOf":{"@id":"https:\/\/cn-webservices.com\/#website"},"primaryImageOfPage":{"@id":"https:\/\/cn-webservices.com\/produit\/video-projecteur-epson-3300-lumens\/#primaryimage"},"image":{"@id":"https:\/\/cn-webservices.com\/produit\/video-projecteur-epson-3300-lumens\/#primaryimage"},"thumbnailUrl":"https:\/\/cn-webservices.com\/wp-content\/uploads\/2023\/02\/CN-Services-Video-projecteur-EPSON-1.png","datePublished":"2023-02-06T11:23:58+00:00","inLanguage":"en-US","potentialAction":[{"@type":"ReadAction","target":["https:\/\/cn-webservices.com\/produit\/video-projecteur-epson-3300-lumens\/"]}]},{"@type":"ImageObject","inLanguage":"en-US","@id":"https:\/\/cn-webservices.com\/produit\/video-projecteur-epson-3300-lumens\/#primaryimage","url":"https:\/\/cn-webservices.com\/wp-content\/uploads\/2023\/02\/CN-Services-Video-projecteur-EPSON-1.png","contentUrl":"https:\/\/cn-webservices.com\/wp-content\/uploads\/2023\/02\/CN-Services-Video-projecteur-EPSON-1.png","width":640,"height":480},{"@type":"WebSite","@id":"https:\/\/cn-webservices.com\/#website","url":"https:\/\/cn-webservices.com\/","name":"C&amp;N Services - Web Services et Technologies","description":"Nous sommes le d\u00e9but de vos projets","publisher":{"@id":"https:\/\/cn-webservices.com\/#organization"},"potentialAction":[{"@type":"SearchAction","target":{"@type":"EntryPoint","urlTemplate":"https:\/\/cn-webservices.com\/?s={search_term_string}"},"query-input":{"@type":"PropertyValueSpecification","valueRequired":true,"valueName":"search_term_string"}}],"inLanguage":"en-US"},{"@type":"Organization","@id":"https:\/\/cn-webservices.com\/#organization","name":"C&amp;N Services - Web Services et Technologies","url":"https:\/\/cn-webservices.com\/","logo":{"@type":"ImageObject","inLanguage":"en-US","@id":"https:\/\/cn-webservices.com\/#\/schema\/logo\/image\/","url":"https:\/\/cn-webservices.com\/wp-content\/uploads\/2022\/07\/CN-Services-Logo-2022.png","contentUrl":"https:\/\/cn-webservices.com\/wp-content\/uploads\/2022\/07\/CN-Services-Logo-2022.png","width":827,"height":302,"caption":"C&amp;N Services - Web Services et Technologies"},"image":{"@id":"https:\/\/cn-webservices.com\/#\/schema\/logo\/image\/"}}]}},"_links":{"self":[{"href":"https:\/\/cn-webservices.com\/en\/wp-json\/wp\/v2\/product\/907","targetHints":{"allow":["GET"]}}],"collection":[{"href":"https:\/\/cn-webservices.com\/en\/wp-json\/wp\/v2\/product"}],"about":[{"href":"https:\/\/cn-webservices.com\/en\/wp-json\/wp\/v2\/types\/product"}],"wp:featuredmedia":[{"embeddable":true,"href":"https:\/\/cn-webservices.com\/en\/wp-json\/wp\/v2\/media\/908"}],"wp:attachment":[{"href":"https:\/\/cn-webservices.com\/en\/wp-json\/wp\/v2\/media?parent=907"}],"wp:term":[{"taxonomy":"product_brand","embeddable":true,"href":"https:\/\/cn-webservices.com\/en\/wp-json\/wp\/v2\/product_brand?post=907"},{"taxonomy":"product_cat","embeddable":true,"href":"https:\/\/cn-webservices.com\/en\/wp-json\/wp\/v2\/product_cat?post=907"},{"taxonomy":"product_tag","embeddable":true,"href":"https:\/\/cn-webservices.com\/en\/wp-json\/wp\/v2\/product_tag?post=907"}],"curies":[{"name":"wp","href":"https:\/\/api.w.org\/{rel}","templated":true}]}}