{"id":896,"date":"2023-02-06T11:31:01","date_gmt":"2023-02-06T10:31:01","guid":{"rendered":"https:\/\/cn-webservices.com\/?post_type=product&#038;p=896"},"modified":"2023-02-06T11:31:01","modified_gmt":"2023-02-06T10:31:01","slug":"casque-logitech-filaire-stereo-h111","status":"publish","type":"product","link":"https:\/\/cn-webservices.com\/en\/product\/casque-logitech-filaire-stereo-h111\/","title":{"rendered":"CASQUE LOGITECH FILAIRE STEREO H111"},"content":{"rendered":"<p>Pour vos r\u00e9unions en ligne voici un outil essentiel pour entendre et se faire entendre, le tout avec un son clair et pr\u00e9cis.<\/p>\n<p>Dimensions<br \/>\nHauteur: 162 mm<br \/>\nLargeur: 144 mm<br \/>\n\u00c9paisseur: 46 mm<br \/>\nPoids: 0,074 kg<br \/>\nLongueur du c\u00e2ble: 2,35 m<\/p>\n<p>Sp\u00e9cifications techniques<br \/>\nType de microphone: Unidirectionnel<br \/>\nSensibilit\u00e9 (casque): 32 Ohms<br \/>\nSensibilit\u00e9 (casque): 100 dB +\/-3 dB<br \/>\nSensibilit\u00e9 (microphone): 58 dBV\/\u00b5bar, -38 dBV\/Pa +\/- 4 dB<br \/>\nR\u00e9ponse en fr\u00e9quence (casque): 20 Hz &#8211; 20 KHz<br \/>\nR\u00e9ponse en fr\u00e9quence (microphone): 100 Hz &#8211; 16 KHz<\/p>","protected":false},"excerpt":{"rendered":"<p>Pour vos r\u00e9unions en ligne voici un outil essentiel pour entendre et se faire entendre, le tout avec un son clair et pr\u00e9cis.<\/p>\n<p>Dimensions<br \/>\nHauteur: 162 mm<br \/>\nLargeur: 144 mm<br \/>\n\u00c9paisseur: 46 mm<br \/>\nPoids: 0,074 kg<br \/>\nLongueur du c\u00e2ble: 2,35 m<\/p>\n<p>Sp\u00e9cifications techniques<br \/>\nType de microphone: Unidirectionnel<br \/>\nSensibilit\u00e9 (casque): 32 Ohms<br \/>\nSensibilit\u00e9 (casque): 100 dB +\/-3 dB<br \/>\nSensibilit\u00e9 (microphone): 58 dBV\/\u00b5bar, -38 dBV\/Pa +\/- 4 dB<br \/>\nR\u00e9ponse en fr\u00e9quence (casque): 20 Hz &#8211; 20 KHz<br \/>\nR\u00e9ponse en fr\u00e9quence (microphone): 100 Hz &#8211; 16 KHz<\/p>","protected":false},"featured_media":897,"template":"","meta":[],"product_brand":[],"product_cat":[25,29],"product_tag":[],"class_list":{"0":"post-896","1":"product","2":"type-product","3":"status-publish","4":"has-post-thumbnail","6":"product_cat-accessoires-informatique","7":"product_cat-casque","9":"first","10":"instock","11":"shipping-taxable","12":"purchasable","13":"product-type-simple"},"yoast_head":"<!-- This site is optimized with the Yoast SEO plugin v27.4 - https:\/\/yoast.com\/product\/yoast-seo-wordpress\/ -->\n<title>CASQUE LOGITECH FILAIRE STEREO H111 - C&amp;N Services - Web Services et Technologies<\/title>\n<meta name=\"robots\" content=\"index, follow, max-snippet:-1, max-image-preview:large, max-video-preview:-1\" \/>\n<link rel=\"canonical\" href=\"https:\/\/cn-webservices.com\/en\/product\/casque-logitech-filaire-stereo-h111\/\" \/>\n<meta property=\"og:locale\" content=\"en_US\" \/>\n<meta property=\"og:type\" content=\"article\" \/>\n<meta property=\"og:title\" content=\"CASQUE LOGITECH FILAIRE STEREO H111 - C&amp;N Services - Web Services et Technologies\" \/>\n<meta property=\"og:description\" content=\"Pour vos r\u00e9unions en ligne voici un outil essentiel pour entendre et se faire entendre, le tout avec un son clair et pr\u00e9cis.  Dimensions Hauteur: 162 mm Largeur: 144 mm \u00c9paisseur: 46 mm Poids: 0,074 kg Longueur du c\u00e2ble: 2,35 m  Sp\u00e9cifications techniques Type de microphone: Unidirectionnel Sensibilit\u00e9 (casque): 32 Ohms Sensibilit\u00e9 (casque): 100 dB +\/-3 dB Sensibilit\u00e9 (microphone): 58 dBV\/\u00b5bar, -38 dBV\/Pa +\/- 4 dB R\u00e9ponse en fr\u00e9quence (casque): 20 Hz - 20 KHz R\u00e9ponse en fr\u00e9quence (microphone): 100 Hz - 16 KHz\" \/>\n<meta property=\"og:url\" content=\"https:\/\/cn-webservices.com\/en\/product\/casque-logitech-filaire-stereo-h111\/\" \/>\n<meta property=\"og:site_name\" content=\"C&amp;N Services - Web Services et Technologies\" \/>\n<meta property=\"og:image\" content=\"https:\/\/cn-webservices.com\/wp-content\/uploads\/2023\/02\/CN-Services-CASQUE-LOGITECH-H111-STEREO-1-4.jpg\" \/>\n\t<meta property=\"og:image:width\" content=\"1128\" \/>\n\t<meta property=\"og:image:height\" content=\"1302\" \/>\n\t<meta property=\"og:image:type\" content=\"image\/jpeg\" \/>\n<script type=\"application\/ld+json\" class=\"yoast-schema-graph\">{\"@context\":\"https:\\\/\\\/schema.org\",\"@graph\":[{\"@type\":\"WebPage\",\"@id\":\"https:\\\/\\\/cn-webservices.com\\\/produit\\\/casque-logitech-filaire-stereo-h111\\\/\",\"url\":\"https:\\\/\\\/cn-webservices.com\\\/produit\\\/casque-logitech-filaire-stereo-h111\\\/\",\"name\":\"CASQUE LOGITECH FILAIRE STEREO H111 - C&amp;N Services - Web Services et Technologies\",\"isPartOf\":{\"@id\":\"https:\\\/\\\/cn-webservices.com\\\/#website\"},\"primaryImageOfPage\":{\"@id\":\"https:\\\/\\\/cn-webservices.com\\\/produit\\\/casque-logitech-filaire-stereo-h111\\\/#primaryimage\"},\"image\":{\"@id\":\"https:\\\/\\\/cn-webservices.com\\\/produit\\\/casque-logitech-filaire-stereo-h111\\\/#primaryimage\"},\"thumbnailUrl\":\"https:\\\/\\\/cn-webservices.com\\\/wp-content\\\/uploads\\\/2023\\\/02\\\/CN-Services-CASQUE-LOGITECH-H111-STEREO-1-4.jpg\",\"datePublished\":\"2023-02-06T10:31:01+00:00\",\"inLanguage\":\"en-US\",\"potentialAction\":[{\"@type\":\"ReadAction\",\"target\":[\"https:\\\/\\\/cn-webservices.com\\\/produit\\\/casque-logitech-filaire-stereo-h111\\\/\"]}]},{\"@type\":\"ImageObject\",\"inLanguage\":\"en-US\",\"@id\":\"https:\\\/\\\/cn-webservices.com\\\/produit\\\/casque-logitech-filaire-stereo-h111\\\/#primaryimage\",\"url\":\"https:\\\/\\\/cn-webservices.com\\\/wp-content\\\/uploads\\\/2023\\\/02\\\/CN-Services-CASQUE-LOGITECH-H111-STEREO-1-4.jpg\",\"contentUrl\":\"https:\\\/\\\/cn-webservices.com\\\/wp-content\\\/uploads\\\/2023\\\/02\\\/CN-Services-CASQUE-LOGITECH-H111-STEREO-1-4.jpg\",\"width\":1128,\"height\":1302},{\"@type\":\"WebSite\",\"@id\":\"https:\\\/\\\/cn-webservices.com\\\/#website\",\"url\":\"https:\\\/\\\/cn-webservices.com\\\/\",\"name\":\"C&amp;N Services - Web Services et Technologies\",\"description\":\"Nous sommes le d\u00e9but de vos projets\",\"publisher\":{\"@id\":\"https:\\\/\\\/cn-webservices.com\\\/#organization\"},\"potentialAction\":[{\"@type\":\"SearchAction\",\"target\":{\"@type\":\"EntryPoint\",\"urlTemplate\":\"https:\\\/\\\/cn-webservices.com\\\/?s={search_term_string}\"},\"query-input\":{\"@type\":\"PropertyValueSpecification\",\"valueRequired\":true,\"valueName\":\"search_term_string\"}}],\"inLanguage\":\"en-US\"},{\"@type\":\"Organization\",\"@id\":\"https:\\\/\\\/cn-webservices.com\\\/#organization\",\"name\":\"C&amp;N Services - Web Services et Technologies\",\"url\":\"https:\\\/\\\/cn-webservices.com\\\/\",\"logo\":{\"@type\":\"ImageObject\",\"inLanguage\":\"en-US\",\"@id\":\"https:\\\/\\\/cn-webservices.com\\\/#\\\/schema\\\/logo\\\/image\\\/\",\"url\":\"https:\\\/\\\/cn-webservices.com\\\/wp-content\\\/uploads\\\/2022\\\/07\\\/CN-Services-Logo-2022.png\",\"contentUrl\":\"https:\\\/\\\/cn-webservices.com\\\/wp-content\\\/uploads\\\/2022\\\/07\\\/CN-Services-Logo-2022.png\",\"width\":827,\"height\":302,\"caption\":\"C&amp;N Services - Web Services et Technologies\"},\"image\":{\"@id\":\"https:\\\/\\\/cn-webservices.com\\\/#\\\/schema\\\/logo\\\/image\\\/\"}}]}<\/script>\n<!-- \/ Yoast SEO plugin. -->","yoast_head_json":{"title":"CASQUE LOGITECH FILAIRE STEREO H111 - C&amp;N Services - Web Services et Technologies","robots":{"index":"index","follow":"follow","max-snippet":"max-snippet:-1","max-image-preview":"max-image-preview:large","max-video-preview":"max-video-preview:-1"},"canonical":"https:\/\/cn-webservices.com\/en\/product\/casque-logitech-filaire-stereo-h111\/","og_locale":"en_US","og_type":"article","og_title":"CASQUE LOGITECH FILAIRE STEREO H111 - C&amp;N Services - Web Services et Technologies","og_description":"Pour vos r\u00e9unions en ligne voici un outil essentiel pour entendre et se faire entendre, le tout avec un son clair et pr\u00e9cis.  Dimensions Hauteur: 162 mm Largeur: 144 mm \u00c9paisseur: 46 mm Poids: 0,074 kg Longueur du c\u00e2ble: 2,35 m  Sp\u00e9cifications techniques Type de microphone: Unidirectionnel Sensibilit\u00e9 (casque): 32 Ohms Sensibilit\u00e9 (casque): 100 dB +\/-3 dB Sensibilit\u00e9 (microphone): 58 dBV\/\u00b5bar, -38 dBV\/Pa +\/- 4 dB R\u00e9ponse en fr\u00e9quence (casque): 20 Hz - 20 KHz R\u00e9ponse en fr\u00e9quence (microphone): 100 Hz - 16 KHz","og_url":"https:\/\/cn-webservices.com\/en\/product\/casque-logitech-filaire-stereo-h111\/","og_site_name":"C&amp;N Services - Web Services et Technologies","og_image":[{"width":1128,"height":1302,"url":"https:\/\/cn-webservices.com\/wp-content\/uploads\/2023\/02\/CN-Services-CASQUE-LOGITECH-H111-STEREO-1-4.jpg","type":"image\/jpeg"}],"schema":{"@context":"https:\/\/schema.org","@graph":[{"@type":"WebPage","@id":"https:\/\/cn-webservices.com\/produit\/casque-logitech-filaire-stereo-h111\/","url":"https:\/\/cn-webservices.com\/produit\/casque-logitech-filaire-stereo-h111\/","name":"CASQUE LOGITECH FILAIRE STEREO H111 - C&amp;N Services - Web Services et Technologies","isPartOf":{"@id":"https:\/\/cn-webservices.com\/#website"},"primaryImageOfPage":{"@id":"https:\/\/cn-webservices.com\/produit\/casque-logitech-filaire-stereo-h111\/#primaryimage"},"image":{"@id":"https:\/\/cn-webservices.com\/produit\/casque-logitech-filaire-stereo-h111\/#primaryimage"},"thumbnailUrl":"https:\/\/cn-webservices.com\/wp-content\/uploads\/2023\/02\/CN-Services-CASQUE-LOGITECH-H111-STEREO-1-4.jpg","datePublished":"2023-02-06T10:31:01+00:00","inLanguage":"en-US","potentialAction":[{"@type":"ReadAction","target":["https:\/\/cn-webservices.com\/produit\/casque-logitech-filaire-stereo-h111\/"]}]},{"@type":"ImageObject","inLanguage":"en-US","@id":"https:\/\/cn-webservices.com\/produit\/casque-logitech-filaire-stereo-h111\/#primaryimage","url":"https:\/\/cn-webservices.com\/wp-content\/uploads\/2023\/02\/CN-Services-CASQUE-LOGITECH-H111-STEREO-1-4.jpg","contentUrl":"https:\/\/cn-webservices.com\/wp-content\/uploads\/2023\/02\/CN-Services-CASQUE-LOGITECH-H111-STEREO-1-4.jpg","width":1128,"height":1302},{"@type":"WebSite","@id":"https:\/\/cn-webservices.com\/#website","url":"https:\/\/cn-webservices.com\/","name":"C&amp;N Services - Web Services et Technologies","description":"Nous sommes le d\u00e9but de vos projets","publisher":{"@id":"https:\/\/cn-webservices.com\/#organization"},"potentialAction":[{"@type":"SearchAction","target":{"@type":"EntryPoint","urlTemplate":"https:\/\/cn-webservices.com\/?s={search_term_string}"},"query-input":{"@type":"PropertyValueSpecification","valueRequired":true,"valueName":"search_term_string"}}],"inLanguage":"en-US"},{"@type":"Organization","@id":"https:\/\/cn-webservices.com\/#organization","name":"C&amp;N Services - Web Services et Technologies","url":"https:\/\/cn-webservices.com\/","logo":{"@type":"ImageObject","inLanguage":"en-US","@id":"https:\/\/cn-webservices.com\/#\/schema\/logo\/image\/","url":"https:\/\/cn-webservices.com\/wp-content\/uploads\/2022\/07\/CN-Services-Logo-2022.png","contentUrl":"https:\/\/cn-webservices.com\/wp-content\/uploads\/2022\/07\/CN-Services-Logo-2022.png","width":827,"height":302,"caption":"C&amp;N Services - Web Services et Technologies"},"image":{"@id":"https:\/\/cn-webservices.com\/#\/schema\/logo\/image\/"}}]}},"_links":{"self":[{"href":"https:\/\/cn-webservices.com\/en\/wp-json\/wp\/v2\/product\/896","targetHints":{"allow":["GET"]}}],"collection":[{"href":"https:\/\/cn-webservices.com\/en\/wp-json\/wp\/v2\/product"}],"about":[{"href":"https:\/\/cn-webservices.com\/en\/wp-json\/wp\/v2\/types\/product"}],"wp:featuredmedia":[{"embeddable":true,"href":"https:\/\/cn-webservices.com\/en\/wp-json\/wp\/v2\/media\/897"}],"wp:attachment":[{"href":"https:\/\/cn-webservices.com\/en\/wp-json\/wp\/v2\/media?parent=896"}],"wp:term":[{"taxonomy":"product_brand","embeddable":true,"href":"https:\/\/cn-webservices.com\/en\/wp-json\/wp\/v2\/product_brand?post=896"},{"taxonomy":"product_cat","embeddable":true,"href":"https:\/\/cn-webservices.com\/en\/wp-json\/wp\/v2\/product_cat?post=896"},{"taxonomy":"product_tag","embeddable":true,"href":"https:\/\/cn-webservices.com\/en\/wp-json\/wp\/v2\/product_tag?post=896"}],"curies":[{"name":"wp","href":"https:\/\/api.w.org\/{rel}","templated":true}]}}