{"id":892,"date":"2023-02-06T04:09:02","date_gmt":"2023-02-06T03:09:02","guid":{"rendered":"https:\/\/cn-webservices.com\/?post_type=product&#038;p=892"},"modified":"2025-08-28T12:15:22","modified_gmt":"2025-08-28T11:15:22","slug":"imprimante-hp-deskjet-2320","status":"publish","type":"product","link":"https:\/\/cn-webservices.com\/en\/product\/imprimante-hp-deskjet-2320\/","title":{"rendered":"IMPRIMANTE HP DESKJET 2320"},"content":{"rendered":"<p>Imprimez, photocopiez tous vos documents avec l&rsquo;imprimante HP tout-en-un la plus abordable<br \/>\nFonctions: Impression, copie<br \/>\nVitesse d\u2019impression : jusqu\u2019\u00e0 7,5 ppm (noir) et 5,5 ppm (couleur)<br \/>\nConnectivit\u00e9: standard<br \/>\n1 port USB 2.0 haut d\u00e9bit<br \/>\nGestion d&rsquo;introduction du papier: standard<br \/>\nBac d&rsquo;alimentation de 60 feuilles<br \/>\nJet d\u2019encre thermique HP<\/p>","protected":false},"excerpt":{"rendered":"<p>Imprimez, photocopiez tous vos documents avec l&rsquo;imprimante HP tout-en-un la plus abordable<br \/>\nFonctions: Impression, copie<br \/>\nVitesse d\u2019impression : jusqu\u2019\u00e0 7,5 ppm (noir) et 5,5 ppm (couleur)<br \/>\nConnectivit\u00e9: standard<br \/>\n1 port USB 2.0 haut d\u00e9bit<br \/>\nGestion d&rsquo;introduction du papier: standard<br \/>\nBac d&rsquo;alimentation de 60 feuilles<br \/>\nJet d\u2019encre thermique HP<\/p>","protected":false},"featured_media":893,"template":"","meta":[],"product_brand":[],"product_cat":[28],"product_tag":[],"class_list":{"0":"post-892","1":"product","2":"type-product","3":"status-publish","4":"has-post-thumbnail","6":"product_cat-imprimante","8":"first","9":"instock","10":"shipping-taxable","11":"purchasable","12":"product-type-simple"},"yoast_head":"<!-- This site is optimized with the Yoast SEO plugin v27.4 - https:\/\/yoast.com\/product\/yoast-seo-wordpress\/ -->\n<title>IMPRIMANTE HP DESKJET 2320 - C&amp;N Services - Web Services et Technologies<\/title>\n<meta name=\"robots\" content=\"index, follow, max-snippet:-1, max-image-preview:large, max-video-preview:-1\" \/>\n<link rel=\"canonical\" href=\"https:\/\/cn-webservices.com\/en\/product\/imprimante-hp-deskjet-2320\/\" \/>\n<meta property=\"og:locale\" content=\"en_US\" \/>\n<meta property=\"og:type\" content=\"article\" \/>\n<meta property=\"og:title\" content=\"IMPRIMANTE HP DESKJET 2320 - C&amp;N Services - Web Services et Technologies\" \/>\n<meta property=\"og:description\" content=\"Imprimez, photocopiez tous vos documents avec l&#039;imprimante HP tout-en-un la plus abordable Fonctions: Impression, copie Vitesse d\u2019impression : jusqu\u2019\u00e0 7,5 ppm (noir) et 5,5 ppm (couleur) Connectivit\u00e9: standard 1 port USB 2.0 haut d\u00e9bit Gestion d&#039;introduction du papier: standard Bac d&#039;alimentation de 60 feuilles Jet d\u2019encre thermique HP\" \/>\n<meta property=\"og:url\" content=\"https:\/\/cn-webservices.com\/en\/product\/imprimante-hp-deskjet-2320\/\" \/>\n<meta property=\"og:site_name\" content=\"C&amp;N Services - Web Services et Technologies\" \/>\n<meta property=\"article:modified_time\" content=\"2025-08-28T11:15:22+00:00\" \/>\n<meta property=\"og:image\" content=\"https:\/\/cn-webservices.com\/wp-content\/uploads\/2023\/02\/CN-Services-IMPRIMANTE-HP-DESKJET-2320.png\" \/>\n\t<meta property=\"og:image:width\" content=\"815\" \/>\n\t<meta property=\"og:image:height\" content=\"600\" \/>\n\t<meta property=\"og:image:type\" content=\"image\/png\" \/>\n<meta name=\"twitter:label1\" content=\"Est. reading time\" \/>\n\t<meta name=\"twitter:data1\" content=\"1 minute\" \/>\n<script type=\"application\/ld+json\" class=\"yoast-schema-graph\">{\"@context\":\"https:\\\/\\\/schema.org\",\"@graph\":[{\"@type\":\"WebPage\",\"@id\":\"https:\\\/\\\/cn-webservices.com\\\/produit\\\/imprimante-hp-deskjet-2320\\\/\",\"url\":\"https:\\\/\\\/cn-webservices.com\\\/produit\\\/imprimante-hp-deskjet-2320\\\/\",\"name\":\"IMPRIMANTE HP DESKJET 2320 - C&amp;N Services - Web Services et Technologies\",\"isPartOf\":{\"@id\":\"https:\\\/\\\/cn-webservices.com\\\/#website\"},\"primaryImageOfPage\":{\"@id\":\"https:\\\/\\\/cn-webservices.com\\\/produit\\\/imprimante-hp-deskjet-2320\\\/#primaryimage\"},\"image\":{\"@id\":\"https:\\\/\\\/cn-webservices.com\\\/produit\\\/imprimante-hp-deskjet-2320\\\/#primaryimage\"},\"thumbnailUrl\":\"https:\\\/\\\/cn-webservices.com\\\/wp-content\\\/uploads\\\/2023\\\/02\\\/CN-Services-IMPRIMANTE-HP-DESKJET-2320.png\",\"datePublished\":\"2023-02-06T03:09:02+00:00\",\"dateModified\":\"2025-08-28T11:15:22+00:00\",\"inLanguage\":\"en-US\",\"potentialAction\":[{\"@type\":\"ReadAction\",\"target\":[\"https:\\\/\\\/cn-webservices.com\\\/produit\\\/imprimante-hp-deskjet-2320\\\/\"]}]},{\"@type\":\"ImageObject\",\"inLanguage\":\"en-US\",\"@id\":\"https:\\\/\\\/cn-webservices.com\\\/produit\\\/imprimante-hp-deskjet-2320\\\/#primaryimage\",\"url\":\"https:\\\/\\\/cn-webservices.com\\\/wp-content\\\/uploads\\\/2023\\\/02\\\/CN-Services-IMPRIMANTE-HP-DESKJET-2320.png\",\"contentUrl\":\"https:\\\/\\\/cn-webservices.com\\\/wp-content\\\/uploads\\\/2023\\\/02\\\/CN-Services-IMPRIMANTE-HP-DESKJET-2320.png\",\"width\":815,\"height\":600},{\"@type\":\"WebSite\",\"@id\":\"https:\\\/\\\/cn-webservices.com\\\/#website\",\"url\":\"https:\\\/\\\/cn-webservices.com\\\/\",\"name\":\"C&amp;N Services - Web Services et Technologies\",\"description\":\"Nous sommes le d\u00e9but de vos projets\",\"publisher\":{\"@id\":\"https:\\\/\\\/cn-webservices.com\\\/#organization\"},\"potentialAction\":[{\"@type\":\"SearchAction\",\"target\":{\"@type\":\"EntryPoint\",\"urlTemplate\":\"https:\\\/\\\/cn-webservices.com\\\/?s={search_term_string}\"},\"query-input\":{\"@type\":\"PropertyValueSpecification\",\"valueRequired\":true,\"valueName\":\"search_term_string\"}}],\"inLanguage\":\"en-US\"},{\"@type\":\"Organization\",\"@id\":\"https:\\\/\\\/cn-webservices.com\\\/#organization\",\"name\":\"C&amp;N Services - Web Services et Technologies\",\"url\":\"https:\\\/\\\/cn-webservices.com\\\/\",\"logo\":{\"@type\":\"ImageObject\",\"inLanguage\":\"en-US\",\"@id\":\"https:\\\/\\\/cn-webservices.com\\\/#\\\/schema\\\/logo\\\/image\\\/\",\"url\":\"https:\\\/\\\/cn-webservices.com\\\/wp-content\\\/uploads\\\/2022\\\/07\\\/CN-Services-Logo-2022.png\",\"contentUrl\":\"https:\\\/\\\/cn-webservices.com\\\/wp-content\\\/uploads\\\/2022\\\/07\\\/CN-Services-Logo-2022.png\",\"width\":827,\"height\":302,\"caption\":\"C&amp;N Services - Web Services et Technologies\"},\"image\":{\"@id\":\"https:\\\/\\\/cn-webservices.com\\\/#\\\/schema\\\/logo\\\/image\\\/\"}}]}<\/script>\n<!-- \/ Yoast SEO plugin. -->","yoast_head_json":{"title":"IMPRIMANTE HP DESKJET 2320 - C&amp;N Services - Web Services et Technologies","robots":{"index":"index","follow":"follow","max-snippet":"max-snippet:-1","max-image-preview":"max-image-preview:large","max-video-preview":"max-video-preview:-1"},"canonical":"https:\/\/cn-webservices.com\/en\/product\/imprimante-hp-deskjet-2320\/","og_locale":"en_US","og_type":"article","og_title":"IMPRIMANTE HP DESKJET 2320 - C&amp;N Services - Web Services et Technologies","og_description":"Imprimez, photocopiez tous vos documents avec l'imprimante HP tout-en-un la plus abordable Fonctions: Impression, copie Vitesse d\u2019impression : jusqu\u2019\u00e0 7,5 ppm (noir) et 5,5 ppm (couleur) Connectivit\u00e9: standard 1 port USB 2.0 haut d\u00e9bit Gestion d'introduction du papier: standard Bac d'alimentation de 60 feuilles Jet d\u2019encre thermique HP","og_url":"https:\/\/cn-webservices.com\/en\/product\/imprimante-hp-deskjet-2320\/","og_site_name":"C&amp;N Services - Web Services et Technologies","article_modified_time":"2025-08-28T11:15:22+00:00","og_image":[{"width":815,"height":600,"url":"https:\/\/cn-webservices.com\/wp-content\/uploads\/2023\/02\/CN-Services-IMPRIMANTE-HP-DESKJET-2320.png","type":"image\/png"}],"twitter_misc":{"Est. reading time":"1 minute"},"schema":{"@context":"https:\/\/schema.org","@graph":[{"@type":"WebPage","@id":"https:\/\/cn-webservices.com\/produit\/imprimante-hp-deskjet-2320\/","url":"https:\/\/cn-webservices.com\/produit\/imprimante-hp-deskjet-2320\/","name":"IMPRIMANTE HP DESKJET 2320 - C&amp;N Services - Web Services et Technologies","isPartOf":{"@id":"https:\/\/cn-webservices.com\/#website"},"primaryImageOfPage":{"@id":"https:\/\/cn-webservices.com\/produit\/imprimante-hp-deskjet-2320\/#primaryimage"},"image":{"@id":"https:\/\/cn-webservices.com\/produit\/imprimante-hp-deskjet-2320\/#primaryimage"},"thumbnailUrl":"https:\/\/cn-webservices.com\/wp-content\/uploads\/2023\/02\/CN-Services-IMPRIMANTE-HP-DESKJET-2320.png","datePublished":"2023-02-06T03:09:02+00:00","dateModified":"2025-08-28T11:15:22+00:00","inLanguage":"en-US","potentialAction":[{"@type":"ReadAction","target":["https:\/\/cn-webservices.com\/produit\/imprimante-hp-deskjet-2320\/"]}]},{"@type":"ImageObject","inLanguage":"en-US","@id":"https:\/\/cn-webservices.com\/produit\/imprimante-hp-deskjet-2320\/#primaryimage","url":"https:\/\/cn-webservices.com\/wp-content\/uploads\/2023\/02\/CN-Services-IMPRIMANTE-HP-DESKJET-2320.png","contentUrl":"https:\/\/cn-webservices.com\/wp-content\/uploads\/2023\/02\/CN-Services-IMPRIMANTE-HP-DESKJET-2320.png","width":815,"height":600},{"@type":"WebSite","@id":"https:\/\/cn-webservices.com\/#website","url":"https:\/\/cn-webservices.com\/","name":"C&amp;N Services - Web Services et Technologies","description":"Nous sommes le d\u00e9but de vos projets","publisher":{"@id":"https:\/\/cn-webservices.com\/#organization"},"potentialAction":[{"@type":"SearchAction","target":{"@type":"EntryPoint","urlTemplate":"https:\/\/cn-webservices.com\/?s={search_term_string}"},"query-input":{"@type":"PropertyValueSpecification","valueRequired":true,"valueName":"search_term_string"}}],"inLanguage":"en-US"},{"@type":"Organization","@id":"https:\/\/cn-webservices.com\/#organization","name":"C&amp;N Services - Web Services et Technologies","url":"https:\/\/cn-webservices.com\/","logo":{"@type":"ImageObject","inLanguage":"en-US","@id":"https:\/\/cn-webservices.com\/#\/schema\/logo\/image\/","url":"https:\/\/cn-webservices.com\/wp-content\/uploads\/2022\/07\/CN-Services-Logo-2022.png","contentUrl":"https:\/\/cn-webservices.com\/wp-content\/uploads\/2022\/07\/CN-Services-Logo-2022.png","width":827,"height":302,"caption":"C&amp;N Services - Web Services et Technologies"},"image":{"@id":"https:\/\/cn-webservices.com\/#\/schema\/logo\/image\/"}}]}},"_links":{"self":[{"href":"https:\/\/cn-webservices.com\/en\/wp-json\/wp\/v2\/product\/892","targetHints":{"allow":["GET"]}}],"collection":[{"href":"https:\/\/cn-webservices.com\/en\/wp-json\/wp\/v2\/product"}],"about":[{"href":"https:\/\/cn-webservices.com\/en\/wp-json\/wp\/v2\/types\/product"}],"wp:featuredmedia":[{"embeddable":true,"href":"https:\/\/cn-webservices.com\/en\/wp-json\/wp\/v2\/media\/893"}],"wp:attachment":[{"href":"https:\/\/cn-webservices.com\/en\/wp-json\/wp\/v2\/media?parent=892"}],"wp:term":[{"taxonomy":"product_brand","embeddable":true,"href":"https:\/\/cn-webservices.com\/en\/wp-json\/wp\/v2\/product_brand?post=892"},{"taxonomy":"product_cat","embeddable":true,"href":"https:\/\/cn-webservices.com\/en\/wp-json\/wp\/v2\/product_cat?post=892"},{"taxonomy":"product_tag","embeddable":true,"href":"https:\/\/cn-webservices.com\/en\/wp-json\/wp\/v2\/product_tag?post=892"}],"curies":[{"name":"wp","href":"https:\/\/api.w.org\/{rel}","templated":true}]}}