{"id":886,"date":"2023-02-06T03:43:30","date_gmt":"2023-02-06T02:43:30","guid":{"rendered":"https:\/\/cn-webservices.com\/?post_type=product&#038;p=886"},"modified":"2023-02-06T03:43:30","modified_gmt":"2023-02-06T02:43:30","slug":"ensemble-clavier-souris-logitech-mk235","status":"publish","type":"product","link":"https:\/\/cn-webservices.com\/en\/product\/ensemble-clavier-souris-logitech-mk235\/","title":{"rendered":"ENSEMBLE CLAVIER SOURIS LOGITECH MK235"},"content":{"rendered":"<p>Dimension du clavier: 17,15 x 5,41 x 0,81 pouces (LxHxP)<br \/>\nDimension de la souris: 3,85 x 2,49 x 2,42 pouces (HxPxW)<br \/>\nInformations sur la garantie Garantie limit\u00e9e de 1 an sur le mat\u00e9riel<br \/>\nPort\u00e9e sans fil: 33 pieds \/ 10 m\u00e8tres<br \/>\nCryptage sans fil: norme de cryptage avanc\u00e9 (AES) 128 bits entre les appareils et le r\u00e9cepteur<\/p>","protected":false},"excerpt":{"rendered":"<p>Dimension du clavier: 17,15 x 5,41 x 0,81 pouces (LxHxP)<br \/>\nDimension de la souris: 3,85 x 2,49 x 2,42 pouces (HxPxW)<br \/>\nInformations sur la garantie Garantie limit\u00e9e de 1 an sur le mat\u00e9riel<br \/>\nPort\u00e9e sans fil: 33 pieds \/ 10 m\u00e8tres<br \/>\nCryptage sans fil: norme de cryptage avanc\u00e9 (AES) 128 bits entre les appareils et le r\u00e9cepteur<\/p>","protected":false},"featured_media":887,"template":"","meta":[],"product_brand":[],"product_cat":[25,26,27,24],"product_tag":[],"class_list":{"0":"post-886","1":"product","2":"type-product","3":"status-publish","4":"has-post-thumbnail","6":"product_cat-accessoires-informatique","7":"product_cat-clavier","8":"product_cat-clavier-et-souris","9":"product_cat-souris","11":"first","12":"instock","13":"shipping-taxable","14":"purchasable","15":"product-type-simple"},"yoast_head":"<!-- This site is optimized with the Yoast SEO plugin v27.4 - https:\/\/yoast.com\/product\/yoast-seo-wordpress\/ -->\n<title>ENSEMBLE CLAVIER SOURIS LOGITECH MK235 - C&amp;N Services - Web Services et Technologies<\/title>\n<meta name=\"robots\" content=\"index, follow, max-snippet:-1, max-image-preview:large, max-video-preview:-1\" \/>\n<link rel=\"canonical\" href=\"https:\/\/cn-webservices.com\/en\/product\/ensemble-clavier-souris-logitech-mk235\/\" \/>\n<meta property=\"og:locale\" content=\"en_US\" \/>\n<meta property=\"og:type\" content=\"article\" \/>\n<meta property=\"og:title\" content=\"ENSEMBLE CLAVIER SOURIS LOGITECH MK235 - C&amp;N Services - Web Services et Technologies\" \/>\n<meta property=\"og:description\" content=\"Dimension du clavier: 17,15 x 5,41 x 0,81 pouces (LxHxP) Dimension de la souris: 3,85 x 2,49 x 2,42 pouces (HxPxW) Informations sur la garantie Garantie limit\u00e9e de 1 an sur le mat\u00e9riel Port\u00e9e sans fil: 33 pieds \/ 10 m\u00e8tres Cryptage sans fil: norme de cryptage avanc\u00e9 (AES) 128 bits entre les appareils et le r\u00e9cepteur\" \/>\n<meta property=\"og:url\" content=\"https:\/\/cn-webservices.com\/en\/product\/ensemble-clavier-souris-logitech-mk235\/\" \/>\n<meta property=\"og:site_name\" content=\"C&amp;N Services - Web Services et Technologies\" \/>\n<meta property=\"og:image\" content=\"https:\/\/cn-webservices.com\/wp-content\/uploads\/2023\/02\/CN-Services-Combo-CLAVIER-SOURIS-LOGITECH-MK235-1.jpg\" \/>\n\t<meta property=\"og:image:width\" content=\"800\" \/>\n\t<meta property=\"og:image:height\" content=\"800\" \/>\n\t<meta property=\"og:image:type\" content=\"image\/jpeg\" \/>\n<meta name=\"twitter:label1\" content=\"Est. reading time\" \/>\n\t<meta name=\"twitter:data1\" content=\"1 minute\" \/>\n<script type=\"application\/ld+json\" class=\"yoast-schema-graph\">{\"@context\":\"https:\\\/\\\/schema.org\",\"@graph\":[{\"@type\":\"WebPage\",\"@id\":\"https:\\\/\\\/cn-webservices.com\\\/produit\\\/ensemble-clavier-souris-logitech-mk235\\\/\",\"url\":\"https:\\\/\\\/cn-webservices.com\\\/produit\\\/ensemble-clavier-souris-logitech-mk235\\\/\",\"name\":\"ENSEMBLE CLAVIER SOURIS LOGITECH MK235 - C&amp;N Services - Web Services et Technologies\",\"isPartOf\":{\"@id\":\"https:\\\/\\\/cn-webservices.com\\\/#website\"},\"primaryImageOfPage\":{\"@id\":\"https:\\\/\\\/cn-webservices.com\\\/produit\\\/ensemble-clavier-souris-logitech-mk235\\\/#primaryimage\"},\"image\":{\"@id\":\"https:\\\/\\\/cn-webservices.com\\\/produit\\\/ensemble-clavier-souris-logitech-mk235\\\/#primaryimage\"},\"thumbnailUrl\":\"https:\\\/\\\/cn-webservices.com\\\/wp-content\\\/uploads\\\/2023\\\/02\\\/CN-Services-Combo-CLAVIER-SOURIS-LOGITECH-MK235-1.jpg\",\"datePublished\":\"2023-02-06T02:43:30+00:00\",\"inLanguage\":\"en-US\",\"potentialAction\":[{\"@type\":\"ReadAction\",\"target\":[\"https:\\\/\\\/cn-webservices.com\\\/produit\\\/ensemble-clavier-souris-logitech-mk235\\\/\"]}]},{\"@type\":\"ImageObject\",\"inLanguage\":\"en-US\",\"@id\":\"https:\\\/\\\/cn-webservices.com\\\/produit\\\/ensemble-clavier-souris-logitech-mk235\\\/#primaryimage\",\"url\":\"https:\\\/\\\/cn-webservices.com\\\/wp-content\\\/uploads\\\/2023\\\/02\\\/CN-Services-Combo-CLAVIER-SOURIS-LOGITECH-MK235-1.jpg\",\"contentUrl\":\"https:\\\/\\\/cn-webservices.com\\\/wp-content\\\/uploads\\\/2023\\\/02\\\/CN-Services-Combo-CLAVIER-SOURIS-LOGITECH-MK235-1.jpg\",\"width\":800,\"height\":800},{\"@type\":\"WebSite\",\"@id\":\"https:\\\/\\\/cn-webservices.com\\\/#website\",\"url\":\"https:\\\/\\\/cn-webservices.com\\\/\",\"name\":\"C&amp;N Services - Web Services et Technologies\",\"description\":\"Nous sommes le d\u00e9but de vos projets\",\"publisher\":{\"@id\":\"https:\\\/\\\/cn-webservices.com\\\/#organization\"},\"potentialAction\":[{\"@type\":\"SearchAction\",\"target\":{\"@type\":\"EntryPoint\",\"urlTemplate\":\"https:\\\/\\\/cn-webservices.com\\\/?s={search_term_string}\"},\"query-input\":{\"@type\":\"PropertyValueSpecification\",\"valueRequired\":true,\"valueName\":\"search_term_string\"}}],\"inLanguage\":\"en-US\"},{\"@type\":\"Organization\",\"@id\":\"https:\\\/\\\/cn-webservices.com\\\/#organization\",\"name\":\"C&amp;N Services - Web Services et Technologies\",\"url\":\"https:\\\/\\\/cn-webservices.com\\\/\",\"logo\":{\"@type\":\"ImageObject\",\"inLanguage\":\"en-US\",\"@id\":\"https:\\\/\\\/cn-webservices.com\\\/#\\\/schema\\\/logo\\\/image\\\/\",\"url\":\"https:\\\/\\\/cn-webservices.com\\\/wp-content\\\/uploads\\\/2022\\\/07\\\/CN-Services-Logo-2022.png\",\"contentUrl\":\"https:\\\/\\\/cn-webservices.com\\\/wp-content\\\/uploads\\\/2022\\\/07\\\/CN-Services-Logo-2022.png\",\"width\":827,\"height\":302,\"caption\":\"C&amp;N Services - Web Services et Technologies\"},\"image\":{\"@id\":\"https:\\\/\\\/cn-webservices.com\\\/#\\\/schema\\\/logo\\\/image\\\/\"}}]}<\/script>\n<!-- \/ Yoast SEO plugin. -->","yoast_head_json":{"title":"ENSEMBLE CLAVIER SOURIS LOGITECH MK235 - C&amp;N Services - Web Services et Technologies","robots":{"index":"index","follow":"follow","max-snippet":"max-snippet:-1","max-image-preview":"max-image-preview:large","max-video-preview":"max-video-preview:-1"},"canonical":"https:\/\/cn-webservices.com\/en\/product\/ensemble-clavier-souris-logitech-mk235\/","og_locale":"en_US","og_type":"article","og_title":"ENSEMBLE CLAVIER SOURIS LOGITECH MK235 - C&amp;N Services - Web Services et Technologies","og_description":"Dimension du clavier: 17,15 x 5,41 x 0,81 pouces (LxHxP) Dimension de la souris: 3,85 x 2,49 x 2,42 pouces (HxPxW) Informations sur la garantie Garantie limit\u00e9e de 1 an sur le mat\u00e9riel Port\u00e9e sans fil: 33 pieds \/ 10 m\u00e8tres Cryptage sans fil: norme de cryptage avanc\u00e9 (AES) 128 bits entre les appareils et le r\u00e9cepteur","og_url":"https:\/\/cn-webservices.com\/en\/product\/ensemble-clavier-souris-logitech-mk235\/","og_site_name":"C&amp;N Services - Web Services et Technologies","og_image":[{"width":800,"height":800,"url":"https:\/\/cn-webservices.com\/wp-content\/uploads\/2023\/02\/CN-Services-Combo-CLAVIER-SOURIS-LOGITECH-MK235-1.jpg","type":"image\/jpeg"}],"twitter_misc":{"Est. reading time":"1 minute"},"schema":{"@context":"https:\/\/schema.org","@graph":[{"@type":"WebPage","@id":"https:\/\/cn-webservices.com\/produit\/ensemble-clavier-souris-logitech-mk235\/","url":"https:\/\/cn-webservices.com\/produit\/ensemble-clavier-souris-logitech-mk235\/","name":"ENSEMBLE CLAVIER SOURIS LOGITECH MK235 - C&amp;N Services - Web Services et Technologies","isPartOf":{"@id":"https:\/\/cn-webservices.com\/#website"},"primaryImageOfPage":{"@id":"https:\/\/cn-webservices.com\/produit\/ensemble-clavier-souris-logitech-mk235\/#primaryimage"},"image":{"@id":"https:\/\/cn-webservices.com\/produit\/ensemble-clavier-souris-logitech-mk235\/#primaryimage"},"thumbnailUrl":"https:\/\/cn-webservices.com\/wp-content\/uploads\/2023\/02\/CN-Services-Combo-CLAVIER-SOURIS-LOGITECH-MK235-1.jpg","datePublished":"2023-02-06T02:43:30+00:00","inLanguage":"en-US","potentialAction":[{"@type":"ReadAction","target":["https:\/\/cn-webservices.com\/produit\/ensemble-clavier-souris-logitech-mk235\/"]}]},{"@type":"ImageObject","inLanguage":"en-US","@id":"https:\/\/cn-webservices.com\/produit\/ensemble-clavier-souris-logitech-mk235\/#primaryimage","url":"https:\/\/cn-webservices.com\/wp-content\/uploads\/2023\/02\/CN-Services-Combo-CLAVIER-SOURIS-LOGITECH-MK235-1.jpg","contentUrl":"https:\/\/cn-webservices.com\/wp-content\/uploads\/2023\/02\/CN-Services-Combo-CLAVIER-SOURIS-LOGITECH-MK235-1.jpg","width":800,"height":800},{"@type":"WebSite","@id":"https:\/\/cn-webservices.com\/#website","url":"https:\/\/cn-webservices.com\/","name":"C&amp;N Services - Web Services et Technologies","description":"Nous sommes le d\u00e9but de vos projets","publisher":{"@id":"https:\/\/cn-webservices.com\/#organization"},"potentialAction":[{"@type":"SearchAction","target":{"@type":"EntryPoint","urlTemplate":"https:\/\/cn-webservices.com\/?s={search_term_string}"},"query-input":{"@type":"PropertyValueSpecification","valueRequired":true,"valueName":"search_term_string"}}],"inLanguage":"en-US"},{"@type":"Organization","@id":"https:\/\/cn-webservices.com\/#organization","name":"C&amp;N Services - Web Services et Technologies","url":"https:\/\/cn-webservices.com\/","logo":{"@type":"ImageObject","inLanguage":"en-US","@id":"https:\/\/cn-webservices.com\/#\/schema\/logo\/image\/","url":"https:\/\/cn-webservices.com\/wp-content\/uploads\/2022\/07\/CN-Services-Logo-2022.png","contentUrl":"https:\/\/cn-webservices.com\/wp-content\/uploads\/2022\/07\/CN-Services-Logo-2022.png","width":827,"height":302,"caption":"C&amp;N Services - Web Services et Technologies"},"image":{"@id":"https:\/\/cn-webservices.com\/#\/schema\/logo\/image\/"}}]}},"_links":{"self":[{"href":"https:\/\/cn-webservices.com\/en\/wp-json\/wp\/v2\/product\/886","targetHints":{"allow":["GET"]}}],"collection":[{"href":"https:\/\/cn-webservices.com\/en\/wp-json\/wp\/v2\/product"}],"about":[{"href":"https:\/\/cn-webservices.com\/en\/wp-json\/wp\/v2\/types\/product"}],"wp:featuredmedia":[{"embeddable":true,"href":"https:\/\/cn-webservices.com\/en\/wp-json\/wp\/v2\/media\/887"}],"wp:attachment":[{"href":"https:\/\/cn-webservices.com\/en\/wp-json\/wp\/v2\/media?parent=886"}],"wp:term":[{"taxonomy":"product_brand","embeddable":true,"href":"https:\/\/cn-webservices.com\/en\/wp-json\/wp\/v2\/product_brand?post=886"},{"taxonomy":"product_cat","embeddable":true,"href":"https:\/\/cn-webservices.com\/en\/wp-json\/wp\/v2\/product_cat?post=886"},{"taxonomy":"product_tag","embeddable":true,"href":"https:\/\/cn-webservices.com\/en\/wp-json\/wp\/v2\/product_tag?post=886"}],"curies":[{"name":"wp","href":"https:\/\/api.w.org\/{rel}","templated":true}]}}