{"id":882,"date":"2023-02-06T03:07:51","date_gmt":"2023-02-06T02:07:51","guid":{"rendered":"https:\/\/cn-webservices.com\/?post_type=product&#038;p=882"},"modified":"2023-02-06T03:07:51","modified_gmt":"2023-02-06T02:07:51","slug":"combo-clavier-souris-sans-fil-logitech-mk270","status":"publish","type":"product","link":"https:\/\/cn-webservices.com\/en\/product\/combo-clavier-souris-sans-fil-logitech-mk270\/","title":{"rendered":"COMBO CLAVIER SOURIS SANS FIL LOGITECH MK270"},"content":{"rendered":"<p>Ensemble clavier et souris sans fil MK270 avec des touches multim\u00e9dia, un pav\u00e9 num\u00e9rique et un contr\u00f4le pr\u00e9cis du curseur.<\/p>\n<p>Sp\u00e9cifications techniques<br \/>\nPort\u00e9e sans fil: 10 m 1La port\u00e9e sans fil est susceptible de varier en fonction de l&rsquo;environnement et du mode d&rsquo;utilisation.<br \/>\nClavier:<br \/>\nConception r\u00e9sistante aux \u00e9claboussures 2Test\u00e9 dans des conditions limit\u00e9es (\u00e9panchement maximum de 60 ml de liquide). Ne pas plonger dans un liquide.<br \/>\nHauteur du clavier r\u00e9glable<br \/>\nPav\u00e9 num\u00e9rique \u00e0 10 touches<br \/>\nType de touches: profil profond<br \/>\nT\u00e9moin lumineux du verrouillage des majuscules<br \/>\nCommutateur Marche\/Arr\u00eat<\/p>\n<p>Souris:<br \/>\nTechnologie de capteur: Suivi optique fluide<br \/>\nNombre de boutons: 3 (clic gauche\/droit, clic central)<br \/>\nD\u00e9filement: par paliers<br \/>\nRoulette de d\u00e9filement: Oui, 2D, optique<br \/>\nConnexion\/alimentation: Bouton Marche\/Arr\u00eat<\/p>","protected":false},"excerpt":{"rendered":"<p>Ensemble clavier et souris sans fil MK270 avec des touches multim\u00e9dia, un pav\u00e9 num\u00e9rique et un contr\u00f4le pr\u00e9cis du curseur.<\/p>","protected":false},"featured_media":883,"template":"","meta":[],"product_brand":[],"product_cat":[25,26,27,24],"product_tag":[],"class_list":{"0":"post-882","1":"product","2":"type-product","3":"status-publish","4":"has-post-thumbnail","6":"product_cat-accessoires-informatique","7":"product_cat-clavier","8":"product_cat-clavier-et-souris","9":"product_cat-souris","11":"first","12":"instock","13":"shipping-taxable","14":"purchasable","15":"product-type-simple"},"yoast_head":"<!-- This site is optimized with the Yoast SEO plugin v27.4 - https:\/\/yoast.com\/product\/yoast-seo-wordpress\/ -->\n<title>COMBO CLAVIER SOURIS SANS FIL LOGITECH MK270 - C&amp;N Services - Web Services et Technologies<\/title>\n<meta name=\"robots\" content=\"index, follow, max-snippet:-1, max-image-preview:large, max-video-preview:-1\" \/>\n<link rel=\"canonical\" href=\"https:\/\/cn-webservices.com\/en\/product\/combo-clavier-souris-sans-fil-logitech-mk270\/\" \/>\n<meta property=\"og:locale\" content=\"en_US\" \/>\n<meta property=\"og:type\" content=\"article\" \/>\n<meta property=\"og:title\" content=\"COMBO CLAVIER SOURIS SANS FIL LOGITECH MK270 - C&amp;N Services - Web Services et Technologies\" \/>\n<meta property=\"og:description\" content=\"Ensemble clavier et souris sans fil MK270 avec des touches multim\u00e9dia, un pav\u00e9 num\u00e9rique et un contr\u00f4le pr\u00e9cis du curseur.\" \/>\n<meta property=\"og:url\" content=\"https:\/\/cn-webservices.com\/en\/product\/combo-clavier-souris-sans-fil-logitech-mk270\/\" \/>\n<meta property=\"og:site_name\" content=\"C&amp;N Services - Web Services et Technologies\" \/>\n<meta property=\"og:image\" content=\"https:\/\/cn-webservices.com\/wp-content\/uploads\/2023\/02\/CN-Services-COMBO-CLAVIER-ET-SOURIS-LOGITECH-MK-270-1.png\" \/>\n\t<meta property=\"og:image:width\" content=\"640\" \/>\n\t<meta property=\"og:image:height\" content=\"480\" \/>\n\t<meta property=\"og:image:type\" content=\"image\/png\" \/>\n<meta name=\"twitter:label1\" content=\"Est. reading time\" \/>\n\t<meta name=\"twitter:data1\" content=\"1 minute\" \/>\n<script type=\"application\/ld+json\" class=\"yoast-schema-graph\">{\"@context\":\"https:\\\/\\\/schema.org\",\"@graph\":[{\"@type\":\"WebPage\",\"@id\":\"https:\\\/\\\/cn-webservices.com\\\/produit\\\/combo-clavier-souris-sans-fil-logitech-mk270\\\/\",\"url\":\"https:\\\/\\\/cn-webservices.com\\\/produit\\\/combo-clavier-souris-sans-fil-logitech-mk270\\\/\",\"name\":\"COMBO CLAVIER SOURIS SANS FIL LOGITECH MK270 - C&amp;N Services - Web Services et Technologies\",\"isPartOf\":{\"@id\":\"https:\\\/\\\/cn-webservices.com\\\/#website\"},\"primaryImageOfPage\":{\"@id\":\"https:\\\/\\\/cn-webservices.com\\\/produit\\\/combo-clavier-souris-sans-fil-logitech-mk270\\\/#primaryimage\"},\"image\":{\"@id\":\"https:\\\/\\\/cn-webservices.com\\\/produit\\\/combo-clavier-souris-sans-fil-logitech-mk270\\\/#primaryimage\"},\"thumbnailUrl\":\"https:\\\/\\\/cn-webservices.com\\\/wp-content\\\/uploads\\\/2023\\\/02\\\/CN-Services-COMBO-CLAVIER-ET-SOURIS-LOGITECH-MK-270-1.png\",\"datePublished\":\"2023-02-06T02:07:51+00:00\",\"inLanguage\":\"en-US\",\"potentialAction\":[{\"@type\":\"ReadAction\",\"target\":[\"https:\\\/\\\/cn-webservices.com\\\/produit\\\/combo-clavier-souris-sans-fil-logitech-mk270\\\/\"]}]},{\"@type\":\"ImageObject\",\"inLanguage\":\"en-US\",\"@id\":\"https:\\\/\\\/cn-webservices.com\\\/produit\\\/combo-clavier-souris-sans-fil-logitech-mk270\\\/#primaryimage\",\"url\":\"https:\\\/\\\/cn-webservices.com\\\/wp-content\\\/uploads\\\/2023\\\/02\\\/CN-Services-COMBO-CLAVIER-ET-SOURIS-LOGITECH-MK-270-1.png\",\"contentUrl\":\"https:\\\/\\\/cn-webservices.com\\\/wp-content\\\/uploads\\\/2023\\\/02\\\/CN-Services-COMBO-CLAVIER-ET-SOURIS-LOGITECH-MK-270-1.png\",\"width\":640,\"height\":480},{\"@type\":\"WebSite\",\"@id\":\"https:\\\/\\\/cn-webservices.com\\\/#website\",\"url\":\"https:\\\/\\\/cn-webservices.com\\\/\",\"name\":\"C&amp;N Services - Web Services et Technologies\",\"description\":\"Nous sommes le d\u00e9but de vos projets\",\"publisher\":{\"@id\":\"https:\\\/\\\/cn-webservices.com\\\/#organization\"},\"potentialAction\":[{\"@type\":\"SearchAction\",\"target\":{\"@type\":\"EntryPoint\",\"urlTemplate\":\"https:\\\/\\\/cn-webservices.com\\\/?s={search_term_string}\"},\"query-input\":{\"@type\":\"PropertyValueSpecification\",\"valueRequired\":true,\"valueName\":\"search_term_string\"}}],\"inLanguage\":\"en-US\"},{\"@type\":\"Organization\",\"@id\":\"https:\\\/\\\/cn-webservices.com\\\/#organization\",\"name\":\"C&amp;N Services - Web Services et Technologies\",\"url\":\"https:\\\/\\\/cn-webservices.com\\\/\",\"logo\":{\"@type\":\"ImageObject\",\"inLanguage\":\"en-US\",\"@id\":\"https:\\\/\\\/cn-webservices.com\\\/#\\\/schema\\\/logo\\\/image\\\/\",\"url\":\"https:\\\/\\\/cn-webservices.com\\\/wp-content\\\/uploads\\\/2022\\\/07\\\/CN-Services-Logo-2022.png\",\"contentUrl\":\"https:\\\/\\\/cn-webservices.com\\\/wp-content\\\/uploads\\\/2022\\\/07\\\/CN-Services-Logo-2022.png\",\"width\":827,\"height\":302,\"caption\":\"C&amp;N Services - Web Services et Technologies\"},\"image\":{\"@id\":\"https:\\\/\\\/cn-webservices.com\\\/#\\\/schema\\\/logo\\\/image\\\/\"}}]}<\/script>\n<!-- \/ Yoast SEO plugin. -->","yoast_head_json":{"title":"COMBO CLAVIER SOURIS SANS FIL LOGITECH MK270 - C&amp;N Services - Web Services et Technologies","robots":{"index":"index","follow":"follow","max-snippet":"max-snippet:-1","max-image-preview":"max-image-preview:large","max-video-preview":"max-video-preview:-1"},"canonical":"https:\/\/cn-webservices.com\/en\/product\/combo-clavier-souris-sans-fil-logitech-mk270\/","og_locale":"en_US","og_type":"article","og_title":"COMBO CLAVIER SOURIS SANS FIL LOGITECH MK270 - C&amp;N Services - Web Services et Technologies","og_description":"Ensemble clavier et souris sans fil MK270 avec des touches multim\u00e9dia, un pav\u00e9 num\u00e9rique et un contr\u00f4le pr\u00e9cis du curseur.","og_url":"https:\/\/cn-webservices.com\/en\/product\/combo-clavier-souris-sans-fil-logitech-mk270\/","og_site_name":"C&amp;N Services - Web Services et Technologies","og_image":[{"width":640,"height":480,"url":"https:\/\/cn-webservices.com\/wp-content\/uploads\/2023\/02\/CN-Services-COMBO-CLAVIER-ET-SOURIS-LOGITECH-MK-270-1.png","type":"image\/png"}],"twitter_misc":{"Est. reading time":"1 minute"},"schema":{"@context":"https:\/\/schema.org","@graph":[{"@type":"WebPage","@id":"https:\/\/cn-webservices.com\/produit\/combo-clavier-souris-sans-fil-logitech-mk270\/","url":"https:\/\/cn-webservices.com\/produit\/combo-clavier-souris-sans-fil-logitech-mk270\/","name":"COMBO CLAVIER SOURIS SANS FIL LOGITECH MK270 - C&amp;N Services - Web Services et Technologies","isPartOf":{"@id":"https:\/\/cn-webservices.com\/#website"},"primaryImageOfPage":{"@id":"https:\/\/cn-webservices.com\/produit\/combo-clavier-souris-sans-fil-logitech-mk270\/#primaryimage"},"image":{"@id":"https:\/\/cn-webservices.com\/produit\/combo-clavier-souris-sans-fil-logitech-mk270\/#primaryimage"},"thumbnailUrl":"https:\/\/cn-webservices.com\/wp-content\/uploads\/2023\/02\/CN-Services-COMBO-CLAVIER-ET-SOURIS-LOGITECH-MK-270-1.png","datePublished":"2023-02-06T02:07:51+00:00","inLanguage":"en-US","potentialAction":[{"@type":"ReadAction","target":["https:\/\/cn-webservices.com\/produit\/combo-clavier-souris-sans-fil-logitech-mk270\/"]}]},{"@type":"ImageObject","inLanguage":"en-US","@id":"https:\/\/cn-webservices.com\/produit\/combo-clavier-souris-sans-fil-logitech-mk270\/#primaryimage","url":"https:\/\/cn-webservices.com\/wp-content\/uploads\/2023\/02\/CN-Services-COMBO-CLAVIER-ET-SOURIS-LOGITECH-MK-270-1.png","contentUrl":"https:\/\/cn-webservices.com\/wp-content\/uploads\/2023\/02\/CN-Services-COMBO-CLAVIER-ET-SOURIS-LOGITECH-MK-270-1.png","width":640,"height":480},{"@type":"WebSite","@id":"https:\/\/cn-webservices.com\/#website","url":"https:\/\/cn-webservices.com\/","name":"C&amp;N Services - Web Services et Technologies","description":"Nous sommes le d\u00e9but de vos projets","publisher":{"@id":"https:\/\/cn-webservices.com\/#organization"},"potentialAction":[{"@type":"SearchAction","target":{"@type":"EntryPoint","urlTemplate":"https:\/\/cn-webservices.com\/?s={search_term_string}"},"query-input":{"@type":"PropertyValueSpecification","valueRequired":true,"valueName":"search_term_string"}}],"inLanguage":"en-US"},{"@type":"Organization","@id":"https:\/\/cn-webservices.com\/#organization","name":"C&amp;N Services - Web Services et Technologies","url":"https:\/\/cn-webservices.com\/","logo":{"@type":"ImageObject","inLanguage":"en-US","@id":"https:\/\/cn-webservices.com\/#\/schema\/logo\/image\/","url":"https:\/\/cn-webservices.com\/wp-content\/uploads\/2022\/07\/CN-Services-Logo-2022.png","contentUrl":"https:\/\/cn-webservices.com\/wp-content\/uploads\/2022\/07\/CN-Services-Logo-2022.png","width":827,"height":302,"caption":"C&amp;N Services - Web Services et Technologies"},"image":{"@id":"https:\/\/cn-webservices.com\/#\/schema\/logo\/image\/"}}]}},"_links":{"self":[{"href":"https:\/\/cn-webservices.com\/en\/wp-json\/wp\/v2\/product\/882","targetHints":{"allow":["GET"]}}],"collection":[{"href":"https:\/\/cn-webservices.com\/en\/wp-json\/wp\/v2\/product"}],"about":[{"href":"https:\/\/cn-webservices.com\/en\/wp-json\/wp\/v2\/types\/product"}],"wp:featuredmedia":[{"embeddable":true,"href":"https:\/\/cn-webservices.com\/en\/wp-json\/wp\/v2\/media\/883"}],"wp:attachment":[{"href":"https:\/\/cn-webservices.com\/en\/wp-json\/wp\/v2\/media?parent=882"}],"wp:term":[{"taxonomy":"product_brand","embeddable":true,"href":"https:\/\/cn-webservices.com\/en\/wp-json\/wp\/v2\/product_brand?post=882"},{"taxonomy":"product_cat","embeddable":true,"href":"https:\/\/cn-webservices.com\/en\/wp-json\/wp\/v2\/product_cat?post=882"},{"taxonomy":"product_tag","embeddable":true,"href":"https:\/\/cn-webservices.com\/en\/wp-json\/wp\/v2\/product_tag?post=882"}],"curies":[{"name":"wp","href":"https:\/\/api.w.org\/{rel}","templated":true}]}}