{"id":871,"date":"2023-02-06T02:29:39","date_gmt":"2023-02-06T01:29:39","guid":{"rendered":"https:\/\/cn-webservices.com\/?post_type=product&#038;p=871"},"modified":"2023-04-25T11:31:18","modified_gmt":"2023-04-25T10:31:18","slug":"souris-logitech-sans-fil-m220","status":"publish","type":"product","link":"https:\/\/cn-webservices.com\/en\/product\/souris-logitech-sans-fil-m220\/","title":{"rendered":"SOURIS LOGITECH SANS FIL M185"},"content":{"rendered":"<p>Souris sans fil silencieuse, confortable et simple d&rsquo;utilisation<\/p>\n<p>Souris<br \/>\nHauteur: 99 mm<br \/>\nLargeur: 60 mm<br \/>\n\u00c9paisseur: 39 mm<br \/>\nPoids (avec piles): 75,2 g<br \/>\nR\u00e9cepteur USB<\/p>\n<p>Suivi optique fluide<br \/>\nPPP (min\/max): \u00b11 000<br \/>\nNombre de boutons: 3 (clic gauche\/droit, clic central)<br \/>\nUn d\u00e9filement par paliers<br \/>\nRoulette de d\u00e9filement: Oui, 2D, optique<br \/>\nPiles: long\u00e9vit\u00e9 des piles d\u00e9pend de votre utilisation.<br \/>\nType de connexion: Connexion sans fil USB 2,4 GHz<br \/>\nPort\u00e9e sans fil: 10 m 3La port\u00e9e sans fil est susceptible de varier en fonction de l&rsquo;environnement et du mode d&rsquo;utilisation.<br \/>\nConnexion\/Mise sous tension: Oui, commutateur Marche\/Arr\u00eat<\/p>","protected":false},"excerpt":{"rendered":"<p>Souris sans fil silencieuse, confortable et simple d&rsquo;utilisation<\/p>\n<p>Souris<br \/>\nHauteur: 99 mm<br \/>\nLargeur: 60 mm<br \/>\n\u00c9paisseur: 39 mm<br \/>\nPoids (avec piles): 75,2 g<br \/>\nR\u00e9cepteur USB<\/p>","protected":false},"featured_media":872,"template":"","meta":[],"product_brand":[],"product_cat":[25,24],"product_tag":[],"class_list":{"0":"post-871","1":"product","2":"type-product","3":"status-publish","4":"has-post-thumbnail","6":"product_cat-accessoires-informatique","7":"product_cat-souris","9":"first","10":"instock","11":"sale","12":"shipping-taxable","13":"purchasable","14":"product-type-simple"},"yoast_head":"<!-- This site is optimized with the Yoast SEO plugin v27.4 - https:\/\/yoast.com\/product\/yoast-seo-wordpress\/ -->\n<title>SOURIS LOGITECH SANS FIL M185 - C&amp;N Services - Web Services et Technologies<\/title>\n<meta name=\"robots\" content=\"index, follow, max-snippet:-1, max-image-preview:large, max-video-preview:-1\" \/>\n<link rel=\"canonical\" href=\"https:\/\/cn-webservices.com\/en\/product\/souris-logitech-sans-fil-m220\/\" \/>\n<meta property=\"og:locale\" content=\"en_US\" \/>\n<meta property=\"og:type\" content=\"article\" \/>\n<meta property=\"og:title\" content=\"SOURIS LOGITECH SANS FIL M185 - C&amp;N Services - Web Services et Technologies\" \/>\n<meta property=\"og:description\" content=\"Souris sans fil silencieuse, confortable et simple d&#039;utilisation  Souris Hauteur: 99 mm Largeur: 60 mm \u00c9paisseur: 39 mm Poids (avec piles): 75,2 g R\u00e9cepteur USB\" \/>\n<meta property=\"og:url\" content=\"https:\/\/cn-webservices.com\/en\/product\/souris-logitech-sans-fil-m220\/\" \/>\n<meta property=\"og:site_name\" content=\"C&amp;N Services - Web Services et Technologies\" \/>\n<meta property=\"article:modified_time\" content=\"2023-04-25T10:31:18+00:00\" \/>\n<meta property=\"og:image\" content=\"https:\/\/cn-webservices.com\/wp-content\/uploads\/2023\/02\/CN-Services-Souris-Sans-Fil-LOGITECH-1.jpg\" \/>\n\t<meta property=\"og:image:width\" content=\"680\" \/>\n\t<meta property=\"og:image:height\" content=\"680\" \/>\n\t<meta property=\"og:image:type\" content=\"image\/jpeg\" \/>\n<meta name=\"twitter:label1\" content=\"Est. reading time\" \/>\n\t<meta name=\"twitter:data1\" content=\"1 minute\" \/>\n<script type=\"application\/ld+json\" class=\"yoast-schema-graph\">{\"@context\":\"https:\\\/\\\/schema.org\",\"@graph\":[{\"@type\":\"WebPage\",\"@id\":\"https:\\\/\\\/cn-webservices.com\\\/produit\\\/souris-logitech-sans-fil-m220\\\/\",\"url\":\"https:\\\/\\\/cn-webservices.com\\\/produit\\\/souris-logitech-sans-fil-m220\\\/\",\"name\":\"SOURIS LOGITECH SANS FIL M185 - C&amp;N Services - Web Services et Technologies\",\"isPartOf\":{\"@id\":\"https:\\\/\\\/cn-webservices.com\\\/#website\"},\"primaryImageOfPage\":{\"@id\":\"https:\\\/\\\/cn-webservices.com\\\/produit\\\/souris-logitech-sans-fil-m220\\\/#primaryimage\"},\"image\":{\"@id\":\"https:\\\/\\\/cn-webservices.com\\\/produit\\\/souris-logitech-sans-fil-m220\\\/#primaryimage\"},\"thumbnailUrl\":\"https:\\\/\\\/cn-webservices.com\\\/wp-content\\\/uploads\\\/2023\\\/02\\\/CN-Services-Souris-Sans-Fil-LOGITECH-1.jpg\",\"datePublished\":\"2023-02-06T01:29:39+00:00\",\"dateModified\":\"2023-04-25T10:31:18+00:00\",\"inLanguage\":\"en-US\",\"potentialAction\":[{\"@type\":\"ReadAction\",\"target\":[\"https:\\\/\\\/cn-webservices.com\\\/produit\\\/souris-logitech-sans-fil-m220\\\/\"]}]},{\"@type\":\"ImageObject\",\"inLanguage\":\"en-US\",\"@id\":\"https:\\\/\\\/cn-webservices.com\\\/produit\\\/souris-logitech-sans-fil-m220\\\/#primaryimage\",\"url\":\"https:\\\/\\\/cn-webservices.com\\\/wp-content\\\/uploads\\\/2023\\\/02\\\/CN-Services-Souris-Sans-Fil-LOGITECH-1.jpg\",\"contentUrl\":\"https:\\\/\\\/cn-webservices.com\\\/wp-content\\\/uploads\\\/2023\\\/02\\\/CN-Services-Souris-Sans-Fil-LOGITECH-1.jpg\",\"width\":680,\"height\":680},{\"@type\":\"WebSite\",\"@id\":\"https:\\\/\\\/cn-webservices.com\\\/#website\",\"url\":\"https:\\\/\\\/cn-webservices.com\\\/\",\"name\":\"C&amp;N Services - Web Services et Technologies\",\"description\":\"Nous sommes le d\u00e9but de vos projets\",\"publisher\":{\"@id\":\"https:\\\/\\\/cn-webservices.com\\\/#organization\"},\"potentialAction\":[{\"@type\":\"SearchAction\",\"target\":{\"@type\":\"EntryPoint\",\"urlTemplate\":\"https:\\\/\\\/cn-webservices.com\\\/?s={search_term_string}\"},\"query-input\":{\"@type\":\"PropertyValueSpecification\",\"valueRequired\":true,\"valueName\":\"search_term_string\"}}],\"inLanguage\":\"en-US\"},{\"@type\":\"Organization\",\"@id\":\"https:\\\/\\\/cn-webservices.com\\\/#organization\",\"name\":\"C&amp;N Services - Web Services et Technologies\",\"url\":\"https:\\\/\\\/cn-webservices.com\\\/\",\"logo\":{\"@type\":\"ImageObject\",\"inLanguage\":\"en-US\",\"@id\":\"https:\\\/\\\/cn-webservices.com\\\/#\\\/schema\\\/logo\\\/image\\\/\",\"url\":\"https:\\\/\\\/cn-webservices.com\\\/wp-content\\\/uploads\\\/2022\\\/07\\\/CN-Services-Logo-2022.png\",\"contentUrl\":\"https:\\\/\\\/cn-webservices.com\\\/wp-content\\\/uploads\\\/2022\\\/07\\\/CN-Services-Logo-2022.png\",\"width\":827,\"height\":302,\"caption\":\"C&amp;N Services - Web Services et Technologies\"},\"image\":{\"@id\":\"https:\\\/\\\/cn-webservices.com\\\/#\\\/schema\\\/logo\\\/image\\\/\"}}]}<\/script>\n<!-- \/ Yoast SEO plugin. -->","yoast_head_json":{"title":"SOURIS LOGITECH SANS FIL M185 - C&amp;N Services - Web Services et Technologies","robots":{"index":"index","follow":"follow","max-snippet":"max-snippet:-1","max-image-preview":"max-image-preview:large","max-video-preview":"max-video-preview:-1"},"canonical":"https:\/\/cn-webservices.com\/en\/product\/souris-logitech-sans-fil-m220\/","og_locale":"en_US","og_type":"article","og_title":"SOURIS LOGITECH SANS FIL M185 - C&amp;N Services - Web Services et Technologies","og_description":"Souris sans fil silencieuse, confortable et simple d'utilisation  Souris Hauteur: 99 mm Largeur: 60 mm \u00c9paisseur: 39 mm Poids (avec piles): 75,2 g R\u00e9cepteur USB","og_url":"https:\/\/cn-webservices.com\/en\/product\/souris-logitech-sans-fil-m220\/","og_site_name":"C&amp;N Services - Web Services et Technologies","article_modified_time":"2023-04-25T10:31:18+00:00","og_image":[{"width":680,"height":680,"url":"https:\/\/cn-webservices.com\/wp-content\/uploads\/2023\/02\/CN-Services-Souris-Sans-Fil-LOGITECH-1.jpg","type":"image\/jpeg"}],"twitter_misc":{"Est. reading time":"1 minute"},"schema":{"@context":"https:\/\/schema.org","@graph":[{"@type":"WebPage","@id":"https:\/\/cn-webservices.com\/produit\/souris-logitech-sans-fil-m220\/","url":"https:\/\/cn-webservices.com\/produit\/souris-logitech-sans-fil-m220\/","name":"SOURIS LOGITECH SANS FIL M185 - C&amp;N Services - Web Services et Technologies","isPartOf":{"@id":"https:\/\/cn-webservices.com\/#website"},"primaryImageOfPage":{"@id":"https:\/\/cn-webservices.com\/produit\/souris-logitech-sans-fil-m220\/#primaryimage"},"image":{"@id":"https:\/\/cn-webservices.com\/produit\/souris-logitech-sans-fil-m220\/#primaryimage"},"thumbnailUrl":"https:\/\/cn-webservices.com\/wp-content\/uploads\/2023\/02\/CN-Services-Souris-Sans-Fil-LOGITECH-1.jpg","datePublished":"2023-02-06T01:29:39+00:00","dateModified":"2023-04-25T10:31:18+00:00","inLanguage":"en-US","potentialAction":[{"@type":"ReadAction","target":["https:\/\/cn-webservices.com\/produit\/souris-logitech-sans-fil-m220\/"]}]},{"@type":"ImageObject","inLanguage":"en-US","@id":"https:\/\/cn-webservices.com\/produit\/souris-logitech-sans-fil-m220\/#primaryimage","url":"https:\/\/cn-webservices.com\/wp-content\/uploads\/2023\/02\/CN-Services-Souris-Sans-Fil-LOGITECH-1.jpg","contentUrl":"https:\/\/cn-webservices.com\/wp-content\/uploads\/2023\/02\/CN-Services-Souris-Sans-Fil-LOGITECH-1.jpg","width":680,"height":680},{"@type":"WebSite","@id":"https:\/\/cn-webservices.com\/#website","url":"https:\/\/cn-webservices.com\/","name":"C&amp;N Services - Web Services et Technologies","description":"Nous sommes le d\u00e9but de vos projets","publisher":{"@id":"https:\/\/cn-webservices.com\/#organization"},"potentialAction":[{"@type":"SearchAction","target":{"@type":"EntryPoint","urlTemplate":"https:\/\/cn-webservices.com\/?s={search_term_string}"},"query-input":{"@type":"PropertyValueSpecification","valueRequired":true,"valueName":"search_term_string"}}],"inLanguage":"en-US"},{"@type":"Organization","@id":"https:\/\/cn-webservices.com\/#organization","name":"C&amp;N Services - Web Services et Technologies","url":"https:\/\/cn-webservices.com\/","logo":{"@type":"ImageObject","inLanguage":"en-US","@id":"https:\/\/cn-webservices.com\/#\/schema\/logo\/image\/","url":"https:\/\/cn-webservices.com\/wp-content\/uploads\/2022\/07\/CN-Services-Logo-2022.png","contentUrl":"https:\/\/cn-webservices.com\/wp-content\/uploads\/2022\/07\/CN-Services-Logo-2022.png","width":827,"height":302,"caption":"C&amp;N Services - Web Services et Technologies"},"image":{"@id":"https:\/\/cn-webservices.com\/#\/schema\/logo\/image\/"}}]}},"_links":{"self":[{"href":"https:\/\/cn-webservices.com\/en\/wp-json\/wp\/v2\/product\/871","targetHints":{"allow":["GET"]}}],"collection":[{"href":"https:\/\/cn-webservices.com\/en\/wp-json\/wp\/v2\/product"}],"about":[{"href":"https:\/\/cn-webservices.com\/en\/wp-json\/wp\/v2\/types\/product"}],"wp:featuredmedia":[{"embeddable":true,"href":"https:\/\/cn-webservices.com\/en\/wp-json\/wp\/v2\/media\/872"}],"wp:attachment":[{"href":"https:\/\/cn-webservices.com\/en\/wp-json\/wp\/v2\/media?parent=871"}],"wp:term":[{"taxonomy":"product_brand","embeddable":true,"href":"https:\/\/cn-webservices.com\/en\/wp-json\/wp\/v2\/product_brand?post=871"},{"taxonomy":"product_cat","embeddable":true,"href":"https:\/\/cn-webservices.com\/en\/wp-json\/wp\/v2\/product_cat?post=871"},{"taxonomy":"product_tag","embeddable":true,"href":"https:\/\/cn-webservices.com\/en\/wp-json\/wp\/v2\/product_tag?post=871"}],"curies":[{"name":"wp","href":"https:\/\/api.w.org\/{rel}","templated":true}]}}