{"id":3037,"date":"2026-03-23T13:12:49","date_gmt":"2026-03-23T12:12:49","guid":{"rendered":"https:\/\/cn-webservices.com\/?post_type=product&#038;p=3037"},"modified":"2026-03-23T13:12:49","modified_gmt":"2026-03-23T12:12:49","slug":"telephone-de-bureau-ip-snom-d385","status":"publish","type":"product","link":"https:\/\/cn-webservices.com\/en\/product\/telephone-de-bureau-ip-snom-d385\/","title":{"rendered":"T\u00e9l\u00e9phone de bureau IP Snom D385"},"content":{"rendered":"<p><strong>Informations g\u00e9n\u00e9rales<\/strong><br \/>\n<strong>Information produit<\/strong><br \/>\n\u2022 T\u00e9l\u00e9phone IP de bureau D385\/D385N<br \/>\n\u2022 Couleur : noir<br \/>\n\u2022 Syst\u00e8me d&rsquo;exploitation : Linux<br \/>\n\u2022 Environnement : int\u00e9rieur, bureau, montage mural<\/p>\n<p><strong>Dimensions et poids<\/strong><br \/>\n\u2022 Dimensions (L \u00d7 l \u00d7 H, env.) 185 mm \u00d7 250 mm \u00d7 120 mm<br \/>\n\u2022 Poids (environ) : 880 g<\/p>\n<p><strong>Affichage et indicateurs<\/strong><br \/>\n<strong>Affichage<\/strong><br \/>\n\u2022 Affichage TFT \u00e0 cristaux liquides (LCD) : inclinable, True Color, r\u00e9tro\u00e9clair\u00e9<br \/>\n\u2022 Taille (diagonale) : 4,3\u2033 (109 mm)<br \/>\n\u2022 Taille (L \u00d7 H) : 95 mm \u00d7 54 mm<br \/>\n\u2022 R\u00e9solution : 480 \u00d7 272 pixels<\/p>\n<p><strong>SmartDisplay<\/strong><br \/>\n\u2022 Affichage TFT \u00e0 cristaux liquides (LCD) : monochrome, graphique<br \/>\n\u2022 Taille (diagonale) : 2,8\u2033 (70 mm)<br \/>\n\u2022 Taille (L \u00d7 H) : 66 mm \u00d7 23 mm<br \/>\n\u2022 R\u00e9solution : 254 \u00d7 100 pixels<br \/>\n14 indicateurs DELs<br \/>\n\u2022 Indication du statut d&rsquo;appel : 1 DEL rouge<br \/>\n\u2022 Indication d&rsquo;attente de message (MWI) : 1 DEL rouge<br \/>\n\u2022 Indication de l&rsquo;\u00e9tat des touches de fonction : 12 DELs multicolores<\/p>\n<p><strong>Clavier et touches de fonction<\/strong><br \/>\n46 touches physiques<br \/>\n\u2022 12 touches alphanum\u00e9rique (Clavier t\u00e9l\u00e9phonique ITU standard)<br \/>\n\u2022 Touche de navigation \u00e0 4 directions<br \/>\n\u2022 4 touches de fonction contextuelles<br \/>\n\u2022 Touches de fonction programmables<br \/>\n\u2022 12 touches SmartLabel (avec DELs multicolores)<br \/>\n\u2022 Mappage des touches jusqu&rsquo;\u00e0 48 fonctions (12 touches \u00d7 4 pages)<br \/>\n5 touches audio d\u00e9di\u00e9es<br \/>\n\u2022 Muet<br \/>\n\u2022 Haut-parleur<br \/>\n\u2022 Casque<br \/>\n\u2022 Volume + \/ &#8211; (bascule)<br \/>\n9 touches de fonction d\u00e9di\u00e9es<br \/>\n\u2022 Confirmer<br \/>\n\u2022 Annuler<br \/>\n\u2022 DND<br \/>\n\u2022 Message (avec DEL rouge)<br \/>\n\u2022 R\u00e9pertoire<br \/>\n\u2022 Menu<br \/>\n\u2022 Transfert<br \/>\n\u2022 Mise en attente<br \/>\n\u2022 Pages<br \/>\nConnexion du module d&rsquo;expansion via le port USB pour un maximum de 3 \u00d7 D32<br \/>\nVerrouillage du clavier<\/p>","protected":false},"excerpt":{"rendered":"<p>Avec sa large gamme de fonctions et son design moderne, le Snom D385 marque la prochaine g\u00e9n\u00e9ration de t\u00e9l\u00e9phones de bureau Snom VoIP et s&rsquo;int\u00e8gre naturellement dans n&rsquo;importe quel environnement de bureau. En plus d&rsquo;un \u00e9cran couleur haute r\u00e9solution inclinable, le t\u00e9l\u00e9phone pr\u00e9sente \u00e9galement un design moderne et clair. Gr\u00e2ce au Snom SmartScreen, l&rsquo;\u00e9tiquetage fastidieux des touches de fonction appartient enfin au pass\u00e9.<\/p>\n<p>Avec<\/p>\n<ul>\n<li>Bluetooth<\/li>\n<li>Port USB<\/li>\n<li>Power over Ethernet (PoE)<\/li>\n<li>IPv6 &amp; IPv4<\/li>\n<li>Ethernet Gigabit<\/li>\n<li>Module extension connectable<\/li>\n<li>Support casque<\/li>\n<li>SmartDisplay<\/li>\n<li>S\u00e9curit\u00e9 (TLS &amp; SRTP)<\/li>\n<li>OpenVPN<\/li>\n<\/ul>","protected":false},"featured_media":3039,"template":"","meta":[],"product_brand":[60],"product_cat":[59],"product_tag":[],"class_list":{"0":"post-3037","1":"product","2":"type-product","3":"status-publish","4":"has-post-thumbnail","6":"product_brand-snom","7":"product_cat-telephone-de-bureau","9":"first","10":"instock","11":"shipping-taxable","12":"product-type-simple"},"yoast_head":"<!-- This site is optimized with the Yoast SEO plugin v27.4 - https:\/\/yoast.com\/product\/yoast-seo-wordpress\/ -->\n<title>T\u00e9l\u00e9phone de bureau IP Snom D385 - C&amp;N Services - Web Services et Technologies<\/title>\n<meta name=\"robots\" content=\"index, follow, max-snippet:-1, max-image-preview:large, max-video-preview:-1\" \/>\n<link rel=\"canonical\" href=\"https:\/\/cn-webservices.com\/en\/product\/telephone-de-bureau-ip-snom-d385\/\" \/>\n<meta property=\"og:locale\" content=\"en_US\" \/>\n<meta property=\"og:type\" content=\"article\" \/>\n<meta property=\"og:title\" content=\"T\u00e9l\u00e9phone de bureau IP Snom D385 - C&amp;N Services - Web Services et Technologies\" \/>\n<meta property=\"og:description\" content=\"Avec sa large gamme de fonctions et son design moderne, le Snom D385 marque la prochaine g\u00e9n\u00e9ration de t\u00e9l\u00e9phones de bureau Snom VoIP et s&#039;int\u00e8gre naturellement dans n&#039;importe quel environnement de bureau. En plus d&#039;un \u00e9cran couleur haute r\u00e9solution inclinable, le t\u00e9l\u00e9phone pr\u00e9sente \u00e9galement un design moderne et clair. Gr\u00e2ce au Snom SmartScreen, l&#039;\u00e9tiquetage fastidieux des touches de fonction appartient enfin au pass\u00e9.  Avec   Bluetooth  Port USB  Power over Ethernet (PoE)  IPv6 &amp; IPv4  Ethernet Gigabit  Module extension connectable  Support casque  SmartDisplay  S\u00e9curit\u00e9 (TLS &amp; SRTP)  OpenVPN\" \/>\n<meta property=\"og:url\" content=\"https:\/\/cn-webservices.com\/en\/product\/telephone-de-bureau-ip-snom-d385\/\" \/>\n<meta property=\"og:site_name\" content=\"C&amp;N Services - Web Services et Technologies\" \/>\n<meta property=\"og:image\" content=\"https:\/\/cn-webservices.com\/wp-content\/uploads\/2026\/03\/snom_D385_perspective_1_desert_sm.png\" \/>\n\t<meta property=\"og:image:width\" content=\"800\" \/>\n\t<meta property=\"og:image:height\" content=\"583\" \/>\n\t<meta property=\"og:image:type\" content=\"image\/png\" \/>\n<meta name=\"twitter:label1\" content=\"Est. reading time\" \/>\n\t<meta name=\"twitter:data1\" content=\"2 minutes\" \/>\n<script type=\"application\/ld+json\" class=\"yoast-schema-graph\">{\"@context\":\"https:\\\/\\\/schema.org\",\"@graph\":[{\"@type\":\"WebPage\",\"@id\":\"https:\\\/\\\/cn-webservices.com\\\/produit\\\/telephone-de-bureau-ip-snom-d385\\\/\",\"url\":\"https:\\\/\\\/cn-webservices.com\\\/produit\\\/telephone-de-bureau-ip-snom-d385\\\/\",\"name\":\"T\u00e9l\u00e9phone de bureau IP Snom D385 - C&amp;N Services - Web Services et Technologies\",\"isPartOf\":{\"@id\":\"https:\\\/\\\/cn-webservices.com\\\/#website\"},\"primaryImageOfPage\":{\"@id\":\"https:\\\/\\\/cn-webservices.com\\\/produit\\\/telephone-de-bureau-ip-snom-d385\\\/#primaryimage\"},\"image\":{\"@id\":\"https:\\\/\\\/cn-webservices.com\\\/produit\\\/telephone-de-bureau-ip-snom-d385\\\/#primaryimage\"},\"thumbnailUrl\":\"https:\\\/\\\/cn-webservices.com\\\/wp-content\\\/uploads\\\/2026\\\/03\\\/snom_D385_perspective_1_desert_sm.png\",\"datePublished\":\"2026-03-23T12:12:49+00:00\",\"inLanguage\":\"en-US\",\"potentialAction\":[{\"@type\":\"ReadAction\",\"target\":[\"https:\\\/\\\/cn-webservices.com\\\/produit\\\/telephone-de-bureau-ip-snom-d385\\\/\"]}]},{\"@type\":\"ImageObject\",\"inLanguage\":\"en-US\",\"@id\":\"https:\\\/\\\/cn-webservices.com\\\/produit\\\/telephone-de-bureau-ip-snom-d385\\\/#primaryimage\",\"url\":\"https:\\\/\\\/cn-webservices.com\\\/wp-content\\\/uploads\\\/2026\\\/03\\\/snom_D385_perspective_1_desert_sm.png\",\"contentUrl\":\"https:\\\/\\\/cn-webservices.com\\\/wp-content\\\/uploads\\\/2026\\\/03\\\/snom_D385_perspective_1_desert_sm.png\",\"width\":800,\"height\":583},{\"@type\":\"WebSite\",\"@id\":\"https:\\\/\\\/cn-webservices.com\\\/#website\",\"url\":\"https:\\\/\\\/cn-webservices.com\\\/\",\"name\":\"C&amp;N Services - Web Services et Technologies\",\"description\":\"Nous sommes le d\u00e9but de vos projets\",\"publisher\":{\"@id\":\"https:\\\/\\\/cn-webservices.com\\\/#organization\"},\"potentialAction\":[{\"@type\":\"SearchAction\",\"target\":{\"@type\":\"EntryPoint\",\"urlTemplate\":\"https:\\\/\\\/cn-webservices.com\\\/?s={search_term_string}\"},\"query-input\":{\"@type\":\"PropertyValueSpecification\",\"valueRequired\":true,\"valueName\":\"search_term_string\"}}],\"inLanguage\":\"en-US\"},{\"@type\":\"Organization\",\"@id\":\"https:\\\/\\\/cn-webservices.com\\\/#organization\",\"name\":\"C&amp;N Services - Web Services et Technologies\",\"url\":\"https:\\\/\\\/cn-webservices.com\\\/\",\"logo\":{\"@type\":\"ImageObject\",\"inLanguage\":\"en-US\",\"@id\":\"https:\\\/\\\/cn-webservices.com\\\/#\\\/schema\\\/logo\\\/image\\\/\",\"url\":\"https:\\\/\\\/cn-webservices.com\\\/wp-content\\\/uploads\\\/2022\\\/07\\\/CN-Services-Logo-2022.png\",\"contentUrl\":\"https:\\\/\\\/cn-webservices.com\\\/wp-content\\\/uploads\\\/2022\\\/07\\\/CN-Services-Logo-2022.png\",\"width\":827,\"height\":302,\"caption\":\"C&amp;N Services - Web Services et Technologies\"},\"image\":{\"@id\":\"https:\\\/\\\/cn-webservices.com\\\/#\\\/schema\\\/logo\\\/image\\\/\"}}]}<\/script>\n<!-- \/ Yoast SEO plugin. -->","yoast_head_json":{"title":"T\u00e9l\u00e9phone de bureau IP Snom D385 - C&amp;N Services - Web Services et Technologies","robots":{"index":"index","follow":"follow","max-snippet":"max-snippet:-1","max-image-preview":"max-image-preview:large","max-video-preview":"max-video-preview:-1"},"canonical":"https:\/\/cn-webservices.com\/en\/product\/telephone-de-bureau-ip-snom-d385\/","og_locale":"en_US","og_type":"article","og_title":"T\u00e9l\u00e9phone de bureau IP Snom D385 - C&amp;N Services - Web Services et Technologies","og_description":"Avec sa large gamme de fonctions et son design moderne, le Snom D385 marque la prochaine g\u00e9n\u00e9ration de t\u00e9l\u00e9phones de bureau Snom VoIP et s'int\u00e8gre naturellement dans n'importe quel environnement de bureau. En plus d'un \u00e9cran couleur haute r\u00e9solution inclinable, le t\u00e9l\u00e9phone pr\u00e9sente \u00e9galement un design moderne et clair. Gr\u00e2ce au Snom SmartScreen, l'\u00e9tiquetage fastidieux des touches de fonction appartient enfin au pass\u00e9.  Avec   Bluetooth  Port USB  Power over Ethernet (PoE)  IPv6 &amp; IPv4  Ethernet Gigabit  Module extension connectable  Support casque  SmartDisplay  S\u00e9curit\u00e9 (TLS &amp; SRTP)  OpenVPN","og_url":"https:\/\/cn-webservices.com\/en\/product\/telephone-de-bureau-ip-snom-d385\/","og_site_name":"C&amp;N Services - Web Services et Technologies","og_image":[{"width":800,"height":583,"url":"https:\/\/cn-webservices.com\/wp-content\/uploads\/2026\/03\/snom_D385_perspective_1_desert_sm.png","type":"image\/png"}],"twitter_misc":{"Est. reading time":"2 minutes"},"schema":{"@context":"https:\/\/schema.org","@graph":[{"@type":"WebPage","@id":"https:\/\/cn-webservices.com\/produit\/telephone-de-bureau-ip-snom-d385\/","url":"https:\/\/cn-webservices.com\/produit\/telephone-de-bureau-ip-snom-d385\/","name":"T\u00e9l\u00e9phone de bureau IP Snom D385 - C&amp;N Services - Web Services et Technologies","isPartOf":{"@id":"https:\/\/cn-webservices.com\/#website"},"primaryImageOfPage":{"@id":"https:\/\/cn-webservices.com\/produit\/telephone-de-bureau-ip-snom-d385\/#primaryimage"},"image":{"@id":"https:\/\/cn-webservices.com\/produit\/telephone-de-bureau-ip-snom-d385\/#primaryimage"},"thumbnailUrl":"https:\/\/cn-webservices.com\/wp-content\/uploads\/2026\/03\/snom_D385_perspective_1_desert_sm.png","datePublished":"2026-03-23T12:12:49+00:00","inLanguage":"en-US","potentialAction":[{"@type":"ReadAction","target":["https:\/\/cn-webservices.com\/produit\/telephone-de-bureau-ip-snom-d385\/"]}]},{"@type":"ImageObject","inLanguage":"en-US","@id":"https:\/\/cn-webservices.com\/produit\/telephone-de-bureau-ip-snom-d385\/#primaryimage","url":"https:\/\/cn-webservices.com\/wp-content\/uploads\/2026\/03\/snom_D385_perspective_1_desert_sm.png","contentUrl":"https:\/\/cn-webservices.com\/wp-content\/uploads\/2026\/03\/snom_D385_perspective_1_desert_sm.png","width":800,"height":583},{"@type":"WebSite","@id":"https:\/\/cn-webservices.com\/#website","url":"https:\/\/cn-webservices.com\/","name":"C&amp;N Services - Web Services et Technologies","description":"Nous sommes le d\u00e9but de vos projets","publisher":{"@id":"https:\/\/cn-webservices.com\/#organization"},"potentialAction":[{"@type":"SearchAction","target":{"@type":"EntryPoint","urlTemplate":"https:\/\/cn-webservices.com\/?s={search_term_string}"},"query-input":{"@type":"PropertyValueSpecification","valueRequired":true,"valueName":"search_term_string"}}],"inLanguage":"en-US"},{"@type":"Organization","@id":"https:\/\/cn-webservices.com\/#organization","name":"C&amp;N Services - Web Services et Technologies","url":"https:\/\/cn-webservices.com\/","logo":{"@type":"ImageObject","inLanguage":"en-US","@id":"https:\/\/cn-webservices.com\/#\/schema\/logo\/image\/","url":"https:\/\/cn-webservices.com\/wp-content\/uploads\/2022\/07\/CN-Services-Logo-2022.png","contentUrl":"https:\/\/cn-webservices.com\/wp-content\/uploads\/2022\/07\/CN-Services-Logo-2022.png","width":827,"height":302,"caption":"C&amp;N Services - Web Services et Technologies"},"image":{"@id":"https:\/\/cn-webservices.com\/#\/schema\/logo\/image\/"}}]}},"_links":{"self":[{"href":"https:\/\/cn-webservices.com\/en\/wp-json\/wp\/v2\/product\/3037","targetHints":{"allow":["GET"]}}],"collection":[{"href":"https:\/\/cn-webservices.com\/en\/wp-json\/wp\/v2\/product"}],"about":[{"href":"https:\/\/cn-webservices.com\/en\/wp-json\/wp\/v2\/types\/product"}],"wp:featuredmedia":[{"embeddable":true,"href":"https:\/\/cn-webservices.com\/en\/wp-json\/wp\/v2\/media\/3039"}],"wp:attachment":[{"href":"https:\/\/cn-webservices.com\/en\/wp-json\/wp\/v2\/media?parent=3037"}],"wp:term":[{"taxonomy":"product_brand","embeddable":true,"href":"https:\/\/cn-webservices.com\/en\/wp-json\/wp\/v2\/product_brand?post=3037"},{"taxonomy":"product_cat","embeddable":true,"href":"https:\/\/cn-webservices.com\/en\/wp-json\/wp\/v2\/product_cat?post=3037"},{"taxonomy":"product_tag","embeddable":true,"href":"https:\/\/cn-webservices.com\/en\/wp-json\/wp\/v2\/product_tag?post=3037"}],"curies":[{"name":"wp","href":"https:\/\/api.w.org\/{rel}","templated":true}]}}