{"id":3029,"date":"2026-03-23T12:19:30","date_gmt":"2026-03-23T11:19:30","guid":{"rendered":"https:\/\/cn-webservices.com\/?post_type=product&#038;p=3029"},"modified":"2026-03-23T12:19:30","modified_gmt":"2026-03-23T11:19:30","slug":"telephone-de-bureau-snom-d815w","status":"publish","type":"product","link":"https:\/\/cn-webservices.com\/en\/product\/telephone-de-bureau-snom-d815w\/","title":{"rendered":"T\u00e9l\u00e9phone de bureau Snom D815W"},"content":{"rendered":"<p><strong>Informations g\u00e9n\u00e9rales<\/strong><br \/>\n<strong>Information produit<\/strong><br \/>\n\u2022 T\u00e9l\u00e9phone IP de bureau D815W | noir bronze | PN 00004691<br \/>\n\u2022 Coque antibact\u00e9rienne<br \/>\n\u2022 Syst\u00e8me d&rsquo;exploitation : Linux<br \/>\nEnvironnement<br \/>\n\u2022 Int\u00e9rieur, sur table\/bureau, montage mural<\/p>\n<p><strong>Dimensions et poids<\/strong><br \/>\nDimensions (L \u00d7 l \u00d7 H, env.)<br \/>\n\u2022 210 mm \u00d7 243 mm \u00d7 45 mm sans pied<br \/>\n\u2022 193 mm \u00d7 243 mm \u00d7 165 mm avec pied<br \/>\nPoids (approximatif)<br \/>\n\u2022 1,12 kg avec pied<\/p>\n<p><strong>Affichage et indicateurs<\/strong><br \/>\n<strong>Afficheur<\/strong><br \/>\n\u2022 Afficheur TFT \u00e0 cristaux liquides (LCD) :panneau<br \/>\n\u2022 IPS, True Color, r\u00e9tro\u00e9clair\u00e9<br \/>\n\u2022 Dimensions (diagonale) : 5,0\u2033 (127 mm)<br \/>\n\u2022 Dimensions (L \u00d7 H) : 110 mm \u00d7 62 mm<br \/>\n\u2022 R\u00e9solution : 480 \u00d7 272 pixels<br \/>\n15 indicateurs DELs<br \/>\n\u2022 Indication de l&rsquo;\u00e9tat de l&rsquo;appel :1 DEL rouge<br \/>\n\u2022 Indication des messages de la messagerie vocale<br \/>\n\u2022 (MWI) :1 DEL rouge<br \/>\n\u2022 Indication de l&rsquo;\u00e9tat des touches de fonction :10<br \/>\n\u2022 DELs multicolores<br \/>\n\u2022 Indication de l&rsquo;\u00e9tat des touches audio :3 DELs (1 rouge \/ 2 vertes)<\/p>\n<p><strong>Clavier et touches de fonction<\/strong><br \/>\n\u2022 43 touches physiques<br \/>\n\u2022 12 touches alphanum\u00e9rique (Clavier t\u00e9l\u00e9phonique ITU standard)<br \/>\n\u2022 Touche de navigation \u00e0 5 directions<br \/>\n\u2022 4 touches de fonction contextuelles<br \/>\n\u2022 Touches de fonction programmables :<br \/>\n\u2022 10 touches SmartLabel (avec DELs multicolores)<\/p>\n<p>Fonctions mappables sur les touches : jusqu&rsquo;\u00e0 40 (10 touches \u00d7 4 pages)<br \/>\n5 touches audio d\u00e9di\u00e9es<br \/>\n\u2022 Mute (avec DEL rouge)<br \/>\n\u2022 Haut-parleur (avec DEL verte)<br \/>\n\u2022 Casque(avec DEL verte)<br \/>\n\u2022 Volume + \/ -(bascule)<br \/>\n7 touches de fonction d\u00e9di\u00e9es<br \/>\n\u2022 Annulation<br \/>\n\u2022 Message (avec DEL rouge)<br \/>\n\u2022 R\u00e9pertoire<br \/>\n\u2022 Transfert<br \/>\n\u2022 Mise en attente<br \/>\n\u2022 Conf\u00e9rence<br \/>\n\u2022 Recomposition<br \/>\nVerrouillage du clavier<br \/>\nConnexion du module d&rsquo;expansion via le port USB pour un maximum de 3 \u00d7 D8C<\/p>\n<p><strong>Caract\u00e9ristiques audios<\/strong><br \/>\nMicrophone de la base | Haut-parleur de la base<br \/>\n\u2022 Gamme de fr\u00e9quence :100 Hz &#8211; 8,0 kHz<br \/>\n\u2022 Mode mains libres : Full duplex, Audio HD,<br \/>\nAnnulation d&rsquo;\u00e9cho acoustique (AEC)<br \/>\nCombin\u00e9 avec c\u00e2ble<br \/>\n\u2022 Microphone du combin\u00e9 | Haut-parleur du combin\u00e9<br \/>\n\u2022 Gamme de fr\u00e9quence :150 Hz &#8211; 8,0 kHz<br \/>\n\u2022 Annulation du bruit, Audio HD, Compatible avec appareils auditifs (HAC)<br \/>\nCodecs audio<br \/>\n\u2022 G.711 (A-law, \u00b5-law), G.722, G.723.1, G.726,<br \/>\n\u2022 G.729AB, GSM6.10(FR), Opus<br \/>\nCode DTMF (RFC2833) :<br \/>\n\u2022 SIP-INFO, intrabande, hors-bande<br \/>\nCaract\u00e9ristiques associ\u00e9es<br \/>\n\u2022 G\u00e9n\u00e9rateur de bruit de confort (CNG)<br \/>\n\u2022 D\u00e9tection d&rsquo;activit\u00e9 vocale (VAD)<br \/>\n\u2022 R\u00e9ponse en fr\u00e9quence<br \/>\n\u2022 Adaptive jitter buffer<\/p>","protected":false},"excerpt":{"rendered":"<p>Le Snom D815W est excellent pour un usage quotidien dans tout bureau. Dot\u00e9 d&rsquo;un design \u00e9l\u00e9gant, il offre une grande flexibilit\u00e9 gr\u00e2ce \u00e0 deux ports USB, un WLAN int\u00e9gr\u00e9 et dix touches SmartLabel. Le point attrayant du D815W est son \u00e9cran large de 5 pouces qui offre une excellente clart\u00e9 visuelle. La qualit\u00e9 audio r\u00e9pond aux normes \u00e9lev\u00e9es garanties par tous les appareils IP de Snom. Le Snom D815W est la combinaison parfaite entre un design raffin\u00e9 et des performances de premier ordre \u00e0 un prix imbattable.<\/p>\n<p>Avec<\/p>\n<ul>\n<li>Wi-Fi<\/li>\n<li>2 ports USB<\/li>\n<li>Rev\u00eatement antibact\u00e9rien<\/li>\n<li>Audio HD<\/li>\n<\/ul>","protected":false},"featured_media":3030,"template":"","meta":[],"product_brand":[60],"product_cat":[59],"product_tag":[],"class_list":{"0":"post-3029","1":"product","2":"type-product","3":"status-publish","4":"has-post-thumbnail","6":"product_brand-snom","7":"product_cat-telephone-de-bureau","9":"first","10":"instock","11":"shipping-taxable","12":"product-type-simple"},"yoast_head":"<!-- This site is optimized with the Yoast SEO plugin v27.4 - https:\/\/yoast.com\/product\/yoast-seo-wordpress\/ -->\n<title>T\u00e9l\u00e9phone de bureau Snom D815W - C&amp;N Services - Web Services et Technologies<\/title>\n<meta name=\"robots\" content=\"index, follow, max-snippet:-1, max-image-preview:large, max-video-preview:-1\" \/>\n<link rel=\"canonical\" href=\"https:\/\/cn-webservices.com\/en\/product\/telephone-de-bureau-snom-d815w\/\" \/>\n<meta property=\"og:locale\" content=\"en_US\" \/>\n<meta property=\"og:type\" content=\"article\" \/>\n<meta property=\"og:title\" content=\"T\u00e9l\u00e9phone de bureau Snom D815W - C&amp;N Services - Web Services et Technologies\" \/>\n<meta property=\"og:description\" content=\"Le Snom D815W est excellent pour un usage quotidien dans tout bureau. Dot\u00e9 d&#039;un design \u00e9l\u00e9gant, il offre une grande flexibilit\u00e9 gr\u00e2ce \u00e0 deux ports USB, un WLAN int\u00e9gr\u00e9 et dix touches SmartLabel. Le point attrayant du D815W est son \u00e9cran large de 5 pouces qui offre une excellente clart\u00e9 visuelle. La qualit\u00e9 audio r\u00e9pond aux normes \u00e9lev\u00e9es garanties par tous les appareils IP de Snom. Le Snom D815W est la combinaison parfaite entre un design raffin\u00e9 et des performances de premier ordre \u00e0 un prix imbattable.  Avec   Wi-Fi  2 ports USB  Rev\u00eatement antibact\u00e9rien  Audio HD\" \/>\n<meta property=\"og:url\" content=\"https:\/\/cn-webservices.com\/en\/product\/telephone-de-bureau-snom-d815w\/\" \/>\n<meta property=\"og:site_name\" content=\"C&amp;N Services - Web Services et Technologies\" \/>\n<meta property=\"og:image\" content=\"https:\/\/cn-webservices.com\/wp-content\/uploads\/2026\/03\/Snom_D815W_Right_NoS_1800px_update2025.png\" \/>\n\t<meta property=\"og:image:width\" content=\"1800\" \/>\n\t<meta property=\"og:image:height\" content=\"1312\" \/>\n\t<meta property=\"og:image:type\" content=\"image\/png\" \/>\n<meta name=\"twitter:label1\" content=\"Est. reading time\" \/>\n\t<meta name=\"twitter:data1\" content=\"3 minutes\" \/>\n<script type=\"application\/ld+json\" class=\"yoast-schema-graph\">{\"@context\":\"https:\\\/\\\/schema.org\",\"@graph\":[{\"@type\":\"WebPage\",\"@id\":\"https:\\\/\\\/cn-webservices.com\\\/produit\\\/telephone-de-bureau-snom-d815w\\\/\",\"url\":\"https:\\\/\\\/cn-webservices.com\\\/produit\\\/telephone-de-bureau-snom-d815w\\\/\",\"name\":\"T\u00e9l\u00e9phone de bureau Snom D815W - C&amp;N Services - Web Services et Technologies\",\"isPartOf\":{\"@id\":\"https:\\\/\\\/cn-webservices.com\\\/#website\"},\"primaryImageOfPage\":{\"@id\":\"https:\\\/\\\/cn-webservices.com\\\/produit\\\/telephone-de-bureau-snom-d815w\\\/#primaryimage\"},\"image\":{\"@id\":\"https:\\\/\\\/cn-webservices.com\\\/produit\\\/telephone-de-bureau-snom-d815w\\\/#primaryimage\"},\"thumbnailUrl\":\"https:\\\/\\\/cn-webservices.com\\\/wp-content\\\/uploads\\\/2026\\\/03\\\/Snom_D815W_Right_NoS_1800px_update2025.png\",\"datePublished\":\"2026-03-23T11:19:30+00:00\",\"inLanguage\":\"en-US\",\"potentialAction\":[{\"@type\":\"ReadAction\",\"target\":[\"https:\\\/\\\/cn-webservices.com\\\/produit\\\/telephone-de-bureau-snom-d815w\\\/\"]}]},{\"@type\":\"ImageObject\",\"inLanguage\":\"en-US\",\"@id\":\"https:\\\/\\\/cn-webservices.com\\\/produit\\\/telephone-de-bureau-snom-d815w\\\/#primaryimage\",\"url\":\"https:\\\/\\\/cn-webservices.com\\\/wp-content\\\/uploads\\\/2026\\\/03\\\/Snom_D815W_Right_NoS_1800px_update2025.png\",\"contentUrl\":\"https:\\\/\\\/cn-webservices.com\\\/wp-content\\\/uploads\\\/2026\\\/03\\\/Snom_D815W_Right_NoS_1800px_update2025.png\",\"width\":1800,\"height\":1312},{\"@type\":\"WebSite\",\"@id\":\"https:\\\/\\\/cn-webservices.com\\\/#website\",\"url\":\"https:\\\/\\\/cn-webservices.com\\\/\",\"name\":\"C&amp;N Services - Web Services et Technologies\",\"description\":\"Nous sommes le d\u00e9but de vos projets\",\"publisher\":{\"@id\":\"https:\\\/\\\/cn-webservices.com\\\/#organization\"},\"potentialAction\":[{\"@type\":\"SearchAction\",\"target\":{\"@type\":\"EntryPoint\",\"urlTemplate\":\"https:\\\/\\\/cn-webservices.com\\\/?s={search_term_string}\"},\"query-input\":{\"@type\":\"PropertyValueSpecification\",\"valueRequired\":true,\"valueName\":\"search_term_string\"}}],\"inLanguage\":\"en-US\"},{\"@type\":\"Organization\",\"@id\":\"https:\\\/\\\/cn-webservices.com\\\/#organization\",\"name\":\"C&amp;N Services - Web Services et Technologies\",\"url\":\"https:\\\/\\\/cn-webservices.com\\\/\",\"logo\":{\"@type\":\"ImageObject\",\"inLanguage\":\"en-US\",\"@id\":\"https:\\\/\\\/cn-webservices.com\\\/#\\\/schema\\\/logo\\\/image\\\/\",\"url\":\"https:\\\/\\\/cn-webservices.com\\\/wp-content\\\/uploads\\\/2022\\\/07\\\/CN-Services-Logo-2022.png\",\"contentUrl\":\"https:\\\/\\\/cn-webservices.com\\\/wp-content\\\/uploads\\\/2022\\\/07\\\/CN-Services-Logo-2022.png\",\"width\":827,\"height\":302,\"caption\":\"C&amp;N Services - Web Services et Technologies\"},\"image\":{\"@id\":\"https:\\\/\\\/cn-webservices.com\\\/#\\\/schema\\\/logo\\\/image\\\/\"}}]}<\/script>\n<!-- \/ Yoast SEO plugin. -->","yoast_head_json":{"title":"T\u00e9l\u00e9phone de bureau Snom D815W - C&amp;N Services - Web Services et Technologies","robots":{"index":"index","follow":"follow","max-snippet":"max-snippet:-1","max-image-preview":"max-image-preview:large","max-video-preview":"max-video-preview:-1"},"canonical":"https:\/\/cn-webservices.com\/en\/product\/telephone-de-bureau-snom-d815w\/","og_locale":"en_US","og_type":"article","og_title":"T\u00e9l\u00e9phone de bureau Snom D815W - C&amp;N Services - Web Services et Technologies","og_description":"Le Snom D815W est excellent pour un usage quotidien dans tout bureau. Dot\u00e9 d'un design \u00e9l\u00e9gant, il offre une grande flexibilit\u00e9 gr\u00e2ce \u00e0 deux ports USB, un WLAN int\u00e9gr\u00e9 et dix touches SmartLabel. Le point attrayant du D815W est son \u00e9cran large de 5 pouces qui offre une excellente clart\u00e9 visuelle. La qualit\u00e9 audio r\u00e9pond aux normes \u00e9lev\u00e9es garanties par tous les appareils IP de Snom. Le Snom D815W est la combinaison parfaite entre un design raffin\u00e9 et des performances de premier ordre \u00e0 un prix imbattable.  Avec   Wi-Fi  2 ports USB  Rev\u00eatement antibact\u00e9rien  Audio HD","og_url":"https:\/\/cn-webservices.com\/en\/product\/telephone-de-bureau-snom-d815w\/","og_site_name":"C&amp;N Services - Web Services et Technologies","og_image":[{"width":1800,"height":1312,"url":"https:\/\/cn-webservices.com\/wp-content\/uploads\/2026\/03\/Snom_D815W_Right_NoS_1800px_update2025.png","type":"image\/png"}],"twitter_misc":{"Est. reading time":"3 minutes"},"schema":{"@context":"https:\/\/schema.org","@graph":[{"@type":"WebPage","@id":"https:\/\/cn-webservices.com\/produit\/telephone-de-bureau-snom-d815w\/","url":"https:\/\/cn-webservices.com\/produit\/telephone-de-bureau-snom-d815w\/","name":"T\u00e9l\u00e9phone de bureau Snom D815W - C&amp;N Services - Web Services et Technologies","isPartOf":{"@id":"https:\/\/cn-webservices.com\/#website"},"primaryImageOfPage":{"@id":"https:\/\/cn-webservices.com\/produit\/telephone-de-bureau-snom-d815w\/#primaryimage"},"image":{"@id":"https:\/\/cn-webservices.com\/produit\/telephone-de-bureau-snom-d815w\/#primaryimage"},"thumbnailUrl":"https:\/\/cn-webservices.com\/wp-content\/uploads\/2026\/03\/Snom_D815W_Right_NoS_1800px_update2025.png","datePublished":"2026-03-23T11:19:30+00:00","inLanguage":"en-US","potentialAction":[{"@type":"ReadAction","target":["https:\/\/cn-webservices.com\/produit\/telephone-de-bureau-snom-d815w\/"]}]},{"@type":"ImageObject","inLanguage":"en-US","@id":"https:\/\/cn-webservices.com\/produit\/telephone-de-bureau-snom-d815w\/#primaryimage","url":"https:\/\/cn-webservices.com\/wp-content\/uploads\/2026\/03\/Snom_D815W_Right_NoS_1800px_update2025.png","contentUrl":"https:\/\/cn-webservices.com\/wp-content\/uploads\/2026\/03\/Snom_D815W_Right_NoS_1800px_update2025.png","width":1800,"height":1312},{"@type":"WebSite","@id":"https:\/\/cn-webservices.com\/#website","url":"https:\/\/cn-webservices.com\/","name":"C&amp;N Services - Web Services et Technologies","description":"Nous sommes le d\u00e9but de vos projets","publisher":{"@id":"https:\/\/cn-webservices.com\/#organization"},"potentialAction":[{"@type":"SearchAction","target":{"@type":"EntryPoint","urlTemplate":"https:\/\/cn-webservices.com\/?s={search_term_string}"},"query-input":{"@type":"PropertyValueSpecification","valueRequired":true,"valueName":"search_term_string"}}],"inLanguage":"en-US"},{"@type":"Organization","@id":"https:\/\/cn-webservices.com\/#organization","name":"C&amp;N Services - Web Services et Technologies","url":"https:\/\/cn-webservices.com\/","logo":{"@type":"ImageObject","inLanguage":"en-US","@id":"https:\/\/cn-webservices.com\/#\/schema\/logo\/image\/","url":"https:\/\/cn-webservices.com\/wp-content\/uploads\/2022\/07\/CN-Services-Logo-2022.png","contentUrl":"https:\/\/cn-webservices.com\/wp-content\/uploads\/2022\/07\/CN-Services-Logo-2022.png","width":827,"height":302,"caption":"C&amp;N Services - Web Services et Technologies"},"image":{"@id":"https:\/\/cn-webservices.com\/#\/schema\/logo\/image\/"}}]}},"_links":{"self":[{"href":"https:\/\/cn-webservices.com\/en\/wp-json\/wp\/v2\/product\/3029","targetHints":{"allow":["GET"]}}],"collection":[{"href":"https:\/\/cn-webservices.com\/en\/wp-json\/wp\/v2\/product"}],"about":[{"href":"https:\/\/cn-webservices.com\/en\/wp-json\/wp\/v2\/types\/product"}],"wp:featuredmedia":[{"embeddable":true,"href":"https:\/\/cn-webservices.com\/en\/wp-json\/wp\/v2\/media\/3030"}],"wp:attachment":[{"href":"https:\/\/cn-webservices.com\/en\/wp-json\/wp\/v2\/media?parent=3029"}],"wp:term":[{"taxonomy":"product_brand","embeddable":true,"href":"https:\/\/cn-webservices.com\/en\/wp-json\/wp\/v2\/product_brand?post=3029"},{"taxonomy":"product_cat","embeddable":true,"href":"https:\/\/cn-webservices.com\/en\/wp-json\/wp\/v2\/product_cat?post=3029"},{"taxonomy":"product_tag","embeddable":true,"href":"https:\/\/cn-webservices.com\/en\/wp-json\/wp\/v2\/product_tag?post=3029"}],"curies":[{"name":"wp","href":"https:\/\/api.w.org\/{rel}","templated":true}]}}