{"id":2927,"date":"2026-01-10T15:41:19","date_gmt":"2026-01-10T14:41:19","guid":{"rendered":"https:\/\/cn-webservices.com\/?post_type=product&#038;p=2927"},"modified":"2026-01-10T15:53:34","modified_gmt":"2026-01-10T14:53:34","slug":"telephone-durgence-analogique-snom-e303a","status":"publish","type":"product","link":"https:\/\/cn-webservices.com\/en\/product\/telephone-durgence-analogique-snom-e303a\/","title":{"rendered":"T\u00e9l\u00e9phone d&rsquo;urgence analogique Snom E303A"},"content":{"rendered":"<p>T\u00e9l\u00e9phone d&rsquo;urgence analogique Snom E303A<\/p>\n<p>Le Snom E303A est la version analogique du t\u00e9l\u00e9phone d\u2019urgence embl\u00e9matique de Snom. Avec son rouge vif imm\u00e9diatement reconnaissable, il se rep\u00e8re au premier coup d\u2019\u0153il et garantit une identification rapide en cas de crise.<\/p>\n<p>Con\u00e7u pour \u00eatre simple, fiable et universel, ce mod\u00e8le s\u2019int\u00e8gre facilement dans tout type d\u2019environnement : \u00e9tablissements scolaires, h\u00f4pitaux, b\u00e2timents publics, entreprises, etc. Sa conception analogique lui permet d\u2019\u00eatre d\u00e9ploy\u00e9 sans contrainte dans les infrastructures t\u00e9l\u00e9phoniques traditionnelles, tout en assurant une mise en relation rapide et efficace.<\/p>\n<p>T\u00e9l\u00e9phone d\u2019urgence d\u00e9di\u00e9, couleur rouge pour une identification imm\u00e9diate<\/p>\n<p>Version analogique : compatibilit\u00e9 avec les r\u00e9seaux t\u00e9l\u00e9phoniques classiques<\/p>\n<p>Design compact et robuste pour une installation facile partout<\/p>\n<p>Utilisation intuitive pour une communication rapide et sans erreur<\/p>\n<p>Le Snom E303A combine visibilit\u00e9, simplicit\u00e9 et compatibilit\u00e9 universelle pour renforcer la s\u00e9curit\u00e9 et la r\u00e9activit\u00e9 dans toute situation critique.<\/p>","protected":false},"excerpt":{"rendered":"<p>T\u00e9l\u00e9phone d&rsquo;urgence analogique Snom E303A<\/p>\n<p>Le Snom E303A est la version analogique du t\u00e9l\u00e9phone d\u2019urgence embl\u00e9matique de Snom. Avec son rouge vif imm\u00e9diatement reconnaissable, il se rep\u00e8re au premier coup d\u2019\u0153il et garantit une identification rapide en cas de crise.<\/p>\n<p>Con\u00e7u pour \u00eatre simple, fiable et universel, ce mod\u00e8le s\u2019int\u00e8gre facilement dans tout type d\u2019environnement : \u00e9tablissements scolaires, h\u00f4pitaux, b\u00e2timents publics, entreprises, etc. Sa conception analogique lui permet d\u2019\u00eatre d\u00e9ploy\u00e9 sans contrainte dans les infrastructures t\u00e9l\u00e9phoniques traditionnelles, tout en assurant une mise en relation rapide et efficace.<\/p>","protected":false},"featured_media":2930,"template":"","meta":[],"product_brand":[60],"product_cat":[68],"product_tag":[],"class_list":{"0":"post-2927","1":"product","2":"type-product","3":"status-publish","4":"has-post-thumbnail","6":"product_brand-snom","7":"product_cat-telephone","9":"first","10":"instock","11":"shipping-taxable","12":"purchasable","13":"product-type-simple"},"yoast_head":"<!-- This site is optimized with the Yoast SEO plugin v27.4 - https:\/\/yoast.com\/product\/yoast-seo-wordpress\/ -->\n<title>T\u00e9l\u00e9phone d&#039;urgence analogique Snom E303A - C&amp;N Services - Web Services et Technologies<\/title>\n<meta name=\"robots\" content=\"index, follow, max-snippet:-1, max-image-preview:large, max-video-preview:-1\" \/>\n<link rel=\"canonical\" href=\"https:\/\/cn-webservices.com\/en\/product\/telephone-durgence-analogique-snom-e303a\/\" \/>\n<meta property=\"og:locale\" content=\"en_US\" \/>\n<meta property=\"og:type\" content=\"article\" \/>\n<meta property=\"og:title\" content=\"T\u00e9l\u00e9phone d&#039;urgence analogique Snom E303A - C&amp;N Services - Web Services et Technologies\" \/>\n<meta property=\"og:description\" content=\"T\u00e9l\u00e9phone d&#039;urgence analogique Snom E303A  Le Snom E303A est la version analogique du t\u00e9l\u00e9phone d\u2019urgence embl\u00e9matique de Snom. Avec son rouge vif imm\u00e9diatement reconnaissable, il se rep\u00e8re au premier coup d\u2019\u0153il et garantit une identification rapide en cas de crise.  Con\u00e7u pour \u00eatre simple, fiable et universel, ce mod\u00e8le s\u2019int\u00e8gre facilement dans tout type d\u2019environnement : \u00e9tablissements scolaires, h\u00f4pitaux, b\u00e2timents publics, entreprises, etc. Sa conception analogique lui permet d\u2019\u00eatre d\u00e9ploy\u00e9 sans contrainte dans les infrastructures t\u00e9l\u00e9phoniques traditionnelles, tout en assurant une mise en relation rapide et efficace.\" \/>\n<meta property=\"og:url\" content=\"https:\/\/cn-webservices.com\/en\/product\/telephone-durgence-analogique-snom-e303a\/\" \/>\n<meta property=\"og:site_name\" content=\"C&amp;N Services - Web Services et Technologies\" \/>\n<meta property=\"article:modified_time\" content=\"2026-01-10T14:53:34+00:00\" \/>\n<meta property=\"og:image\" content=\"https:\/\/cn-webservices.com\/wp-content\/uploads\/2026\/01\/1B.jpg\" \/>\n\t<meta property=\"og:image:width\" content=\"1306\" \/>\n\t<meta property=\"og:image:height\" content=\"1800\" \/>\n\t<meta property=\"og:image:type\" content=\"image\/jpeg\" \/>\n<meta name=\"twitter:label1\" content=\"Est. reading time\" \/>\n\t<meta name=\"twitter:data1\" content=\"1 minute\" \/>\n<script type=\"application\/ld+json\" class=\"yoast-schema-graph\">{\"@context\":\"https:\\\/\\\/schema.org\",\"@graph\":[{\"@type\":\"WebPage\",\"@id\":\"https:\\\/\\\/cn-webservices.com\\\/produit\\\/telephone-durgence-analogique-snom-e303a\\\/\",\"url\":\"https:\\\/\\\/cn-webservices.com\\\/produit\\\/telephone-durgence-analogique-snom-e303a\\\/\",\"name\":\"T\u00e9l\u00e9phone d'urgence analogique Snom E303A - C&amp;N Services - Web Services et Technologies\",\"isPartOf\":{\"@id\":\"https:\\\/\\\/cn-webservices.com\\\/#website\"},\"primaryImageOfPage\":{\"@id\":\"https:\\\/\\\/cn-webservices.com\\\/produit\\\/telephone-durgence-analogique-snom-e303a\\\/#primaryimage\"},\"image\":{\"@id\":\"https:\\\/\\\/cn-webservices.com\\\/produit\\\/telephone-durgence-analogique-snom-e303a\\\/#primaryimage\"},\"thumbnailUrl\":\"https:\\\/\\\/cn-webservices.com\\\/wp-content\\\/uploads\\\/2026\\\/01\\\/1B.jpg\",\"datePublished\":\"2026-01-10T14:41:19+00:00\",\"dateModified\":\"2026-01-10T14:53:34+00:00\",\"inLanguage\":\"en-US\",\"potentialAction\":[{\"@type\":\"ReadAction\",\"target\":[\"https:\\\/\\\/cn-webservices.com\\\/produit\\\/telephone-durgence-analogique-snom-e303a\\\/\"]}]},{\"@type\":\"ImageObject\",\"inLanguage\":\"en-US\",\"@id\":\"https:\\\/\\\/cn-webservices.com\\\/produit\\\/telephone-durgence-analogique-snom-e303a\\\/#primaryimage\",\"url\":\"https:\\\/\\\/cn-webservices.com\\\/wp-content\\\/uploads\\\/2026\\\/01\\\/1B.jpg\",\"contentUrl\":\"https:\\\/\\\/cn-webservices.com\\\/wp-content\\\/uploads\\\/2026\\\/01\\\/1B.jpg\",\"width\":1306,\"height\":1800},{\"@type\":\"WebSite\",\"@id\":\"https:\\\/\\\/cn-webservices.com\\\/#website\",\"url\":\"https:\\\/\\\/cn-webservices.com\\\/\",\"name\":\"C&amp;N Services - Web Services et Technologies\",\"description\":\"Nous sommes le d\u00e9but de vos projets\",\"publisher\":{\"@id\":\"https:\\\/\\\/cn-webservices.com\\\/#organization\"},\"potentialAction\":[{\"@type\":\"SearchAction\",\"target\":{\"@type\":\"EntryPoint\",\"urlTemplate\":\"https:\\\/\\\/cn-webservices.com\\\/?s={search_term_string}\"},\"query-input\":{\"@type\":\"PropertyValueSpecification\",\"valueRequired\":true,\"valueName\":\"search_term_string\"}}],\"inLanguage\":\"en-US\"},{\"@type\":\"Organization\",\"@id\":\"https:\\\/\\\/cn-webservices.com\\\/#organization\",\"name\":\"C&amp;N Services - Web Services et Technologies\",\"url\":\"https:\\\/\\\/cn-webservices.com\\\/\",\"logo\":{\"@type\":\"ImageObject\",\"inLanguage\":\"en-US\",\"@id\":\"https:\\\/\\\/cn-webservices.com\\\/#\\\/schema\\\/logo\\\/image\\\/\",\"url\":\"https:\\\/\\\/cn-webservices.com\\\/wp-content\\\/uploads\\\/2022\\\/07\\\/CN-Services-Logo-2022.png\",\"contentUrl\":\"https:\\\/\\\/cn-webservices.com\\\/wp-content\\\/uploads\\\/2022\\\/07\\\/CN-Services-Logo-2022.png\",\"width\":827,\"height\":302,\"caption\":\"C&amp;N Services - Web Services et Technologies\"},\"image\":{\"@id\":\"https:\\\/\\\/cn-webservices.com\\\/#\\\/schema\\\/logo\\\/image\\\/\"}}]}<\/script>\n<!-- \/ Yoast SEO plugin. -->","yoast_head_json":{"title":"T\u00e9l\u00e9phone d'urgence analogique Snom E303A - C&amp;N Services - Web Services et Technologies","robots":{"index":"index","follow":"follow","max-snippet":"max-snippet:-1","max-image-preview":"max-image-preview:large","max-video-preview":"max-video-preview:-1"},"canonical":"https:\/\/cn-webservices.com\/en\/product\/telephone-durgence-analogique-snom-e303a\/","og_locale":"en_US","og_type":"article","og_title":"T\u00e9l\u00e9phone d'urgence analogique Snom E303A - C&amp;N Services - Web Services et Technologies","og_description":"T\u00e9l\u00e9phone d'urgence analogique Snom E303A  Le Snom E303A est la version analogique du t\u00e9l\u00e9phone d\u2019urgence embl\u00e9matique de Snom. Avec son rouge vif imm\u00e9diatement reconnaissable, il se rep\u00e8re au premier coup d\u2019\u0153il et garantit une identification rapide en cas de crise.  Con\u00e7u pour \u00eatre simple, fiable et universel, ce mod\u00e8le s\u2019int\u00e8gre facilement dans tout type d\u2019environnement : \u00e9tablissements scolaires, h\u00f4pitaux, b\u00e2timents publics, entreprises, etc. Sa conception analogique lui permet d\u2019\u00eatre d\u00e9ploy\u00e9 sans contrainte dans les infrastructures t\u00e9l\u00e9phoniques traditionnelles, tout en assurant une mise en relation rapide et efficace.","og_url":"https:\/\/cn-webservices.com\/en\/product\/telephone-durgence-analogique-snom-e303a\/","og_site_name":"C&amp;N Services - Web Services et Technologies","article_modified_time":"2026-01-10T14:53:34+00:00","og_image":[{"width":1306,"height":1800,"url":"https:\/\/cn-webservices.com\/wp-content\/uploads\/2026\/01\/1B.jpg","type":"image\/jpeg"}],"twitter_misc":{"Est. reading time":"1 minute"},"schema":{"@context":"https:\/\/schema.org","@graph":[{"@type":"WebPage","@id":"https:\/\/cn-webservices.com\/produit\/telephone-durgence-analogique-snom-e303a\/","url":"https:\/\/cn-webservices.com\/produit\/telephone-durgence-analogique-snom-e303a\/","name":"T\u00e9l\u00e9phone d'urgence analogique Snom E303A - C&amp;N Services - Web Services et Technologies","isPartOf":{"@id":"https:\/\/cn-webservices.com\/#website"},"primaryImageOfPage":{"@id":"https:\/\/cn-webservices.com\/produit\/telephone-durgence-analogique-snom-e303a\/#primaryimage"},"image":{"@id":"https:\/\/cn-webservices.com\/produit\/telephone-durgence-analogique-snom-e303a\/#primaryimage"},"thumbnailUrl":"https:\/\/cn-webservices.com\/wp-content\/uploads\/2026\/01\/1B.jpg","datePublished":"2026-01-10T14:41:19+00:00","dateModified":"2026-01-10T14:53:34+00:00","inLanguage":"en-US","potentialAction":[{"@type":"ReadAction","target":["https:\/\/cn-webservices.com\/produit\/telephone-durgence-analogique-snom-e303a\/"]}]},{"@type":"ImageObject","inLanguage":"en-US","@id":"https:\/\/cn-webservices.com\/produit\/telephone-durgence-analogique-snom-e303a\/#primaryimage","url":"https:\/\/cn-webservices.com\/wp-content\/uploads\/2026\/01\/1B.jpg","contentUrl":"https:\/\/cn-webservices.com\/wp-content\/uploads\/2026\/01\/1B.jpg","width":1306,"height":1800},{"@type":"WebSite","@id":"https:\/\/cn-webservices.com\/#website","url":"https:\/\/cn-webservices.com\/","name":"C&amp;N Services - Web Services et Technologies","description":"Nous sommes le d\u00e9but de vos projets","publisher":{"@id":"https:\/\/cn-webservices.com\/#organization"},"potentialAction":[{"@type":"SearchAction","target":{"@type":"EntryPoint","urlTemplate":"https:\/\/cn-webservices.com\/?s={search_term_string}"},"query-input":{"@type":"PropertyValueSpecification","valueRequired":true,"valueName":"search_term_string"}}],"inLanguage":"en-US"},{"@type":"Organization","@id":"https:\/\/cn-webservices.com\/#organization","name":"C&amp;N Services - Web Services et Technologies","url":"https:\/\/cn-webservices.com\/","logo":{"@type":"ImageObject","inLanguage":"en-US","@id":"https:\/\/cn-webservices.com\/#\/schema\/logo\/image\/","url":"https:\/\/cn-webservices.com\/wp-content\/uploads\/2022\/07\/CN-Services-Logo-2022.png","contentUrl":"https:\/\/cn-webservices.com\/wp-content\/uploads\/2022\/07\/CN-Services-Logo-2022.png","width":827,"height":302,"caption":"C&amp;N Services - Web Services et Technologies"},"image":{"@id":"https:\/\/cn-webservices.com\/#\/schema\/logo\/image\/"}}]}},"_links":{"self":[{"href":"https:\/\/cn-webservices.com\/en\/wp-json\/wp\/v2\/product\/2927","targetHints":{"allow":["GET"]}}],"collection":[{"href":"https:\/\/cn-webservices.com\/en\/wp-json\/wp\/v2\/product"}],"about":[{"href":"https:\/\/cn-webservices.com\/en\/wp-json\/wp\/v2\/types\/product"}],"wp:featuredmedia":[{"embeddable":true,"href":"https:\/\/cn-webservices.com\/en\/wp-json\/wp\/v2\/media\/2930"}],"wp:attachment":[{"href":"https:\/\/cn-webservices.com\/en\/wp-json\/wp\/v2\/media?parent=2927"}],"wp:term":[{"taxonomy":"product_brand","embeddable":true,"href":"https:\/\/cn-webservices.com\/en\/wp-json\/wp\/v2\/product_brand?post=2927"},{"taxonomy":"product_cat","embeddable":true,"href":"https:\/\/cn-webservices.com\/en\/wp-json\/wp\/v2\/product_cat?post=2927"},{"taxonomy":"product_tag","embeddable":true,"href":"https:\/\/cn-webservices.com\/en\/wp-json\/wp\/v2\/product_tag?post=2927"}],"curies":[{"name":"wp","href":"https:\/\/api.w.org\/{rel}","templated":true}]}}