{"id":2747,"date":"2025-05-19T09:43:19","date_gmt":"2025-05-19T08:43:19","guid":{"rendered":"https:\/\/cn-webservices.com\/?post_type=product&#038;p=2747"},"modified":"2026-01-10T15:47:53","modified_gmt":"2026-01-10T14:47:53","slug":"telephone-de-bureau-snom-d865","status":"publish","type":"product","link":"https:\/\/cn-webservices.com\/en\/product\/telephone-de-bureau-snom-d865\/","title":{"rendered":"T\u00e9l\u00e9phone de bureau Snom D865"},"content":{"rendered":"<p>Le Snom D865 est particuli\u00e8rement polyvalent et offre la solution ad\u00e9quate pour la plupart des t\u00e2ches de la vie quotidienne au bureau.<\/p>\n<p>Equip\u00e9 de WiFi, Bluetooth et de 2 ports USB ainsi que de 10 touches de fonction programmables, le Snom D865 r\u00e9pond \u00e0 tous vos souhaits.<br \/>\nEn outre, il est \u00e9quip\u00e9 d&rsquo;un \u00e9cran LCD de 5 pouces de haute qualit\u00e9, r\u00e9glable en continu sur 40\u00b0, qui garantit toujours un affichage optimal, quelle que soit la situation d&rsquo;\u00e9clairage sur le lieu de travail.<\/p>\n<p>En outre, la qualit\u00e9 de la voix est, comme d&rsquo;habitude avec Snom, tout simplement exceptionnelle. Bas\u00e9 sur l&rsquo;audio HD, il fonctionne \u00e9galement avec une r\u00e9duction avanc\u00e9e du bruit. Il est \u00e9galement compatible avec les appareils auditifs.<br \/>\nLe Snom D865 combine des technologies polyvalentes, une excellente qualit\u00e9 vocale et un design optimal en un seul appareil.<\/p>","protected":false},"excerpt":{"rendered":"<p>Le Snom D865 est particuli\u00e8rement polyvalent et offre la solution ad\u00e9quate pour la plupart des t\u00e2ches de la vie quotidienne au bureau.<\/p>\n<p>Equip\u00e9 de WiFi, Bluetooth et de 2 ports USB ainsi que de 10 touches de fonction programmables, le Snom D865 r\u00e9pond \u00e0 tous vos souhaits.<br \/>\nEn outre, il est \u00e9quip\u00e9 d&rsquo;un \u00e9cran LCD de 5 pouces de haute qualit\u00e9, r\u00e9glable en continu sur 40\u00b0, qui garantit toujours un affichage optimal, quelle que soit la situation d&rsquo;\u00e9clairage sur le lieu de travail.<\/p>\n<p>En outre, la qualit\u00e9 de la voix est, comme d&rsquo;habitude avec Snom, tout simplement exceptionnelle. Bas\u00e9 sur l&rsquo;audio HD, il fonctionne \u00e9galement avec une r\u00e9duction avanc\u00e9e du bruit. Il est \u00e9galement compatible avec les appareils auditifs.<br \/>\nLe Snom D865 combine des technologies polyvalentes, une excellente qualit\u00e9 vocale et un design optimal en un seul appareil.<\/p>","protected":false},"featured_media":2749,"template":"","meta":[],"product_brand":[60],"product_cat":[59],"product_tag":[],"class_list":{"0":"post-2747","1":"product","2":"type-product","3":"status-publish","4":"has-post-thumbnail","6":"product_brand-snom","7":"product_cat-telephone-de-bureau","9":"first","10":"instock","11":"shipping-taxable","12":"product-type-simple"},"yoast_head":"<!-- This site is optimized with the Yoast SEO plugin v27.4 - https:\/\/yoast.com\/product\/yoast-seo-wordpress\/ -->\n<title>T\u00e9l\u00e9phone de bureau Snom D865 - C&amp;N Services - Web Services et Technologies<\/title>\n<meta name=\"robots\" content=\"index, follow, max-snippet:-1, max-image-preview:large, max-video-preview:-1\" \/>\n<link rel=\"canonical\" href=\"https:\/\/cn-webservices.com\/en\/product\/telephone-de-bureau-snom-d865\/\" \/>\n<meta property=\"og:locale\" content=\"en_US\" \/>\n<meta property=\"og:type\" content=\"article\" \/>\n<meta property=\"og:title\" content=\"T\u00e9l\u00e9phone de bureau Snom D865 - C&amp;N Services - Web Services et Technologies\" \/>\n<meta property=\"og:description\" content=\"Le Snom D865 est particuli\u00e8rement polyvalent et offre la solution ad\u00e9quate pour la plupart des t\u00e2ches de la vie quotidienne au bureau.  Equip\u00e9 de WiFi, Bluetooth et de 2 ports USB ainsi que de 10 touches de fonction programmables, le Snom D865 r\u00e9pond \u00e0 tous vos souhaits. En outre, il est \u00e9quip\u00e9 d&#039;un \u00e9cran LCD de 5 pouces de haute qualit\u00e9, r\u00e9glable en continu sur 40\u00b0, qui garantit toujours un affichage optimal, quelle que soit la situation d&#039;\u00e9clairage sur le lieu de travail.  En outre, la qualit\u00e9 de la voix est, comme d&#039;habitude avec Snom, tout simplement exceptionnelle. Bas\u00e9 sur l&#039;audio HD, il fonctionne \u00e9galement avec une r\u00e9duction avanc\u00e9e du bruit. Il est \u00e9galement compatible avec les appareils auditifs. Le Snom D865 combine des technologies polyvalentes, une excellente qualit\u00e9 vocale et un design optimal en un seul appareil.\" \/>\n<meta property=\"og:url\" content=\"https:\/\/cn-webservices.com\/en\/product\/telephone-de-bureau-snom-d865\/\" \/>\n<meta property=\"og:site_name\" content=\"C&amp;N Services - Web Services et Technologies\" \/>\n<meta property=\"article:modified_time\" content=\"2026-01-10T14:47:53+00:00\" \/>\n<meta property=\"og:image\" content=\"https:\/\/cn-webservices.com\/wp-content\/uploads\/2025\/05\/snom_d865_perspective_motiv01-scaled.jpg\" \/>\n\t<meta property=\"og:image:width\" content=\"2560\" \/>\n\t<meta property=\"og:image:height\" content=\"1530\" \/>\n\t<meta property=\"og:image:type\" content=\"image\/jpeg\" \/>\n<meta name=\"twitter:label1\" content=\"Est. reading time\" \/>\n\t<meta name=\"twitter:data1\" content=\"1 minute\" \/>\n<script type=\"application\/ld+json\" class=\"yoast-schema-graph\">{\"@context\":\"https:\\\/\\\/schema.org\",\"@graph\":[{\"@type\":\"WebPage\",\"@id\":\"https:\\\/\\\/cn-webservices.com\\\/produit\\\/telephone-de-bureau-snom-d865\\\/\",\"url\":\"https:\\\/\\\/cn-webservices.com\\\/produit\\\/telephone-de-bureau-snom-d865\\\/\",\"name\":\"T\u00e9l\u00e9phone de bureau Snom D865 - C&amp;N Services - Web Services et Technologies\",\"isPartOf\":{\"@id\":\"https:\\\/\\\/cn-webservices.com\\\/#website\"},\"primaryImageOfPage\":{\"@id\":\"https:\\\/\\\/cn-webservices.com\\\/produit\\\/telephone-de-bureau-snom-d865\\\/#primaryimage\"},\"image\":{\"@id\":\"https:\\\/\\\/cn-webservices.com\\\/produit\\\/telephone-de-bureau-snom-d865\\\/#primaryimage\"},\"thumbnailUrl\":\"https:\\\/\\\/cn-webservices.com\\\/wp-content\\\/uploads\\\/2025\\\/05\\\/snom_d865_perspective_motiv01-scaled.jpg\",\"datePublished\":\"2025-05-19T08:43:19+00:00\",\"dateModified\":\"2026-01-10T14:47:53+00:00\",\"inLanguage\":\"en-US\",\"potentialAction\":[{\"@type\":\"ReadAction\",\"target\":[\"https:\\\/\\\/cn-webservices.com\\\/produit\\\/telephone-de-bureau-snom-d865\\\/\"]}]},{\"@type\":\"ImageObject\",\"inLanguage\":\"en-US\",\"@id\":\"https:\\\/\\\/cn-webservices.com\\\/produit\\\/telephone-de-bureau-snom-d865\\\/#primaryimage\",\"url\":\"https:\\\/\\\/cn-webservices.com\\\/wp-content\\\/uploads\\\/2025\\\/05\\\/snom_d865_perspective_motiv01-scaled.jpg\",\"contentUrl\":\"https:\\\/\\\/cn-webservices.com\\\/wp-content\\\/uploads\\\/2025\\\/05\\\/snom_d865_perspective_motiv01-scaled.jpg\",\"width\":2560,\"height\":1530},{\"@type\":\"WebSite\",\"@id\":\"https:\\\/\\\/cn-webservices.com\\\/#website\",\"url\":\"https:\\\/\\\/cn-webservices.com\\\/\",\"name\":\"C&amp;N Services - Web Services et Technologies\",\"description\":\"Nous sommes le d\u00e9but de vos projets\",\"publisher\":{\"@id\":\"https:\\\/\\\/cn-webservices.com\\\/#organization\"},\"potentialAction\":[{\"@type\":\"SearchAction\",\"target\":{\"@type\":\"EntryPoint\",\"urlTemplate\":\"https:\\\/\\\/cn-webservices.com\\\/?s={search_term_string}\"},\"query-input\":{\"@type\":\"PropertyValueSpecification\",\"valueRequired\":true,\"valueName\":\"search_term_string\"}}],\"inLanguage\":\"en-US\"},{\"@type\":\"Organization\",\"@id\":\"https:\\\/\\\/cn-webservices.com\\\/#organization\",\"name\":\"C&amp;N Services - Web Services et Technologies\",\"url\":\"https:\\\/\\\/cn-webservices.com\\\/\",\"logo\":{\"@type\":\"ImageObject\",\"inLanguage\":\"en-US\",\"@id\":\"https:\\\/\\\/cn-webservices.com\\\/#\\\/schema\\\/logo\\\/image\\\/\",\"url\":\"https:\\\/\\\/cn-webservices.com\\\/wp-content\\\/uploads\\\/2022\\\/07\\\/CN-Services-Logo-2022.png\",\"contentUrl\":\"https:\\\/\\\/cn-webservices.com\\\/wp-content\\\/uploads\\\/2022\\\/07\\\/CN-Services-Logo-2022.png\",\"width\":827,\"height\":302,\"caption\":\"C&amp;N Services - Web Services et Technologies\"},\"image\":{\"@id\":\"https:\\\/\\\/cn-webservices.com\\\/#\\\/schema\\\/logo\\\/image\\\/\"}}]}<\/script>\n<!-- \/ Yoast SEO plugin. -->","yoast_head_json":{"title":"T\u00e9l\u00e9phone de bureau Snom D865 - C&amp;N Services - Web Services et Technologies","robots":{"index":"index","follow":"follow","max-snippet":"max-snippet:-1","max-image-preview":"max-image-preview:large","max-video-preview":"max-video-preview:-1"},"canonical":"https:\/\/cn-webservices.com\/en\/product\/telephone-de-bureau-snom-d865\/","og_locale":"en_US","og_type":"article","og_title":"T\u00e9l\u00e9phone de bureau Snom D865 - C&amp;N Services - Web Services et Technologies","og_description":"Le Snom D865 est particuli\u00e8rement polyvalent et offre la solution ad\u00e9quate pour la plupart des t\u00e2ches de la vie quotidienne au bureau.  Equip\u00e9 de WiFi, Bluetooth et de 2 ports USB ainsi que de 10 touches de fonction programmables, le Snom D865 r\u00e9pond \u00e0 tous vos souhaits. En outre, il est \u00e9quip\u00e9 d'un \u00e9cran LCD de 5 pouces de haute qualit\u00e9, r\u00e9glable en continu sur 40\u00b0, qui garantit toujours un affichage optimal, quelle que soit la situation d'\u00e9clairage sur le lieu de travail.  En outre, la qualit\u00e9 de la voix est, comme d'habitude avec Snom, tout simplement exceptionnelle. Bas\u00e9 sur l'audio HD, il fonctionne \u00e9galement avec une r\u00e9duction avanc\u00e9e du bruit. Il est \u00e9galement compatible avec les appareils auditifs. Le Snom D865 combine des technologies polyvalentes, une excellente qualit\u00e9 vocale et un design optimal en un seul appareil.","og_url":"https:\/\/cn-webservices.com\/en\/product\/telephone-de-bureau-snom-d865\/","og_site_name":"C&amp;N Services - Web Services et Technologies","article_modified_time":"2026-01-10T14:47:53+00:00","og_image":[{"width":2560,"height":1530,"url":"https:\/\/cn-webservices.com\/wp-content\/uploads\/2025\/05\/snom_d865_perspective_motiv01-scaled.jpg","type":"image\/jpeg"}],"twitter_misc":{"Est. reading time":"1 minute"},"schema":{"@context":"https:\/\/schema.org","@graph":[{"@type":"WebPage","@id":"https:\/\/cn-webservices.com\/produit\/telephone-de-bureau-snom-d865\/","url":"https:\/\/cn-webservices.com\/produit\/telephone-de-bureau-snom-d865\/","name":"T\u00e9l\u00e9phone de bureau Snom D865 - C&amp;N Services - Web Services et Technologies","isPartOf":{"@id":"https:\/\/cn-webservices.com\/#website"},"primaryImageOfPage":{"@id":"https:\/\/cn-webservices.com\/produit\/telephone-de-bureau-snom-d865\/#primaryimage"},"image":{"@id":"https:\/\/cn-webservices.com\/produit\/telephone-de-bureau-snom-d865\/#primaryimage"},"thumbnailUrl":"https:\/\/cn-webservices.com\/wp-content\/uploads\/2025\/05\/snom_d865_perspective_motiv01-scaled.jpg","datePublished":"2025-05-19T08:43:19+00:00","dateModified":"2026-01-10T14:47:53+00:00","inLanguage":"en-US","potentialAction":[{"@type":"ReadAction","target":["https:\/\/cn-webservices.com\/produit\/telephone-de-bureau-snom-d865\/"]}]},{"@type":"ImageObject","inLanguage":"en-US","@id":"https:\/\/cn-webservices.com\/produit\/telephone-de-bureau-snom-d865\/#primaryimage","url":"https:\/\/cn-webservices.com\/wp-content\/uploads\/2025\/05\/snom_d865_perspective_motiv01-scaled.jpg","contentUrl":"https:\/\/cn-webservices.com\/wp-content\/uploads\/2025\/05\/snom_d865_perspective_motiv01-scaled.jpg","width":2560,"height":1530},{"@type":"WebSite","@id":"https:\/\/cn-webservices.com\/#website","url":"https:\/\/cn-webservices.com\/","name":"C&amp;N Services - Web Services et Technologies","description":"Nous sommes le d\u00e9but de vos projets","publisher":{"@id":"https:\/\/cn-webservices.com\/#organization"},"potentialAction":[{"@type":"SearchAction","target":{"@type":"EntryPoint","urlTemplate":"https:\/\/cn-webservices.com\/?s={search_term_string}"},"query-input":{"@type":"PropertyValueSpecification","valueRequired":true,"valueName":"search_term_string"}}],"inLanguage":"en-US"},{"@type":"Organization","@id":"https:\/\/cn-webservices.com\/#organization","name":"C&amp;N Services - Web Services et Technologies","url":"https:\/\/cn-webservices.com\/","logo":{"@type":"ImageObject","inLanguage":"en-US","@id":"https:\/\/cn-webservices.com\/#\/schema\/logo\/image\/","url":"https:\/\/cn-webservices.com\/wp-content\/uploads\/2022\/07\/CN-Services-Logo-2022.png","contentUrl":"https:\/\/cn-webservices.com\/wp-content\/uploads\/2022\/07\/CN-Services-Logo-2022.png","width":827,"height":302,"caption":"C&amp;N Services - Web Services et Technologies"},"image":{"@id":"https:\/\/cn-webservices.com\/#\/schema\/logo\/image\/"}}]}},"_links":{"self":[{"href":"https:\/\/cn-webservices.com\/en\/wp-json\/wp\/v2\/product\/2747","targetHints":{"allow":["GET"]}}],"collection":[{"href":"https:\/\/cn-webservices.com\/en\/wp-json\/wp\/v2\/product"}],"about":[{"href":"https:\/\/cn-webservices.com\/en\/wp-json\/wp\/v2\/types\/product"}],"wp:featuredmedia":[{"embeddable":true,"href":"https:\/\/cn-webservices.com\/en\/wp-json\/wp\/v2\/media\/2749"}],"wp:attachment":[{"href":"https:\/\/cn-webservices.com\/en\/wp-json\/wp\/v2\/media?parent=2747"}],"wp:term":[{"taxonomy":"product_brand","embeddable":true,"href":"https:\/\/cn-webservices.com\/en\/wp-json\/wp\/v2\/product_brand?post=2747"},{"taxonomy":"product_cat","embeddable":true,"href":"https:\/\/cn-webservices.com\/en\/wp-json\/wp\/v2\/product_cat?post=2747"},{"taxonomy":"product_tag","embeddable":true,"href":"https:\/\/cn-webservices.com\/en\/wp-json\/wp\/v2\/product_tag?post=2747"}],"curies":[{"name":"wp","href":"https:\/\/api.w.org\/{rel}","templated":true}]}}