{"id":2735,"date":"2025-04-10T12:48:44","date_gmt":"2025-04-10T11:48:44","guid":{"rendered":"https:\/\/cn-webservices.com\/?post_type=product&#038;p=2735"},"modified":"2026-01-14T12:40:57","modified_gmt":"2026-01-14T11:40:57","slug":"telephones-dhotellerie-snom-hd100","status":"publish","type":"product","link":"https:\/\/cn-webservices.com\/en\/product\/telephones-dhotellerie-snom-hd100\/","title":{"rendered":"T\u00e9l\u00e9phones d&rsquo;h\u00f4tellerie SNOM HD100"},"content":{"rendered":"","protected":false},"excerpt":{"rendered":"<p>&nbsp;<\/p>\n<p>Bo\u00eetier antibact\u00e9rien<br \/>\nGrand indicateur visuel d&rsquo;appel<br \/>\n\u00c9tiquetage individuel par inserts<\/p>\n<p>Le HD 100 pr\u00e9sente un design moderne et \u00e9pur\u00e9 qui s&rsquo;int\u00e8gre parfaitement \u00e0 son environnement.<\/p>\n<p>Le\u00a0Snom HD100\u00a0est con\u00e7is et poss\u00e8de les fonctionnalit\u00e9s les plus importantes telles que. mains libres, mise en attente ou sourdine. Il est \u00e9galement \u00e9quip\u00e9 d&rsquo;un bo\u00eetier antibact\u00e9rien pour prot\u00e9ger contre les germes, facile \u00e0 nettoyer. Gr\u00e2ce \u00e0 l&rsquo;alimentation PoE, aucune connexion \u00e9lectrique suppl\u00e9mentaire de la chambre n&rsquo;est n\u00e9cessaire. Un grand indicateur visuel d&rsquo;appel alerte le client des appels ou des messages en attente. L&rsquo;\u00e9tiquetage individuel se fait sous forme d&rsquo;inserts sur la station.<\/p>\n<p>Conforme au RGPD par conception:\u00a0Pas de stockage de donn\u00e9es personnelles telles que les num\u00e9ros de t\u00e9l\u00e9phone compos\u00e9s\u00a0! Installation et maintenance \u00e0 distance exclusivement via des serveurs en Allemagne\u00a0!<br \/>\n*Les insert ne sont pas incluses.<\/p>","protected":false},"featured_media":2731,"template":"","meta":[],"product_brand":[60],"product_cat":[59,63,62],"product_tag":[],"class_list":{"0":"post-2735","1":"product","2":"type-product","3":"status-publish","4":"has-post-thumbnail","6":"product_brand-snom","7":"product_cat-telephone-de-bureau","8":"product_cat-telephone-sans-fil-dect","9":"product_cat-telephonie-hoteliere","11":"first","12":"instock","13":"shipping-taxable","14":"purchasable","15":"product-type-simple"},"yoast_head":"<!-- This site is optimized with the Yoast SEO plugin v27.4 - https:\/\/yoast.com\/product\/yoast-seo-wordpress\/ -->\n<title>T\u00e9l\u00e9phones d&#039;h\u00f4tellerie SNOM HD100 - C&amp;N Services - Web Services et Technologies<\/title>\n<meta name=\"robots\" content=\"index, follow, max-snippet:-1, max-image-preview:large, max-video-preview:-1\" \/>\n<link rel=\"canonical\" href=\"https:\/\/cn-webservices.com\/en\/product\/telephones-dhotellerie-snom-hd100\/\" \/>\n<meta property=\"og:locale\" content=\"en_US\" \/>\n<meta property=\"og:type\" content=\"article\" \/>\n<meta property=\"og:title\" content=\"T\u00e9l\u00e9phones d&#039;h\u00f4tellerie SNOM HD100 - C&amp;N Services - Web Services et Technologies\" \/>\n<meta property=\"og:description\" content=\"&nbsp;  Bo\u00eetier antibact\u00e9rien Grand indicateur visuel d&#039;appel \u00c9tiquetage individuel par inserts  Le HD 100 pr\u00e9sente un design moderne et \u00e9pur\u00e9 qui s&#039;int\u00e8gre parfaitement \u00e0 son environnement.  Le\u00a0Snom HD100\u00a0est con\u00e7is et poss\u00e8de les fonctionnalit\u00e9s les plus importantes telles que. mains libres, mise en attente ou sourdine. Il est \u00e9galement \u00e9quip\u00e9 d&#039;un bo\u00eetier antibact\u00e9rien pour prot\u00e9ger contre les germes, facile \u00e0 nettoyer. Gr\u00e2ce \u00e0 l&#039;alimentation PoE, aucune connexion \u00e9lectrique suppl\u00e9mentaire de la chambre n&#039;est n\u00e9cessaire. Un grand indicateur visuel d&#039;appel alerte le client des appels ou des messages en attente. L&#039;\u00e9tiquetage individuel se fait sous forme d&#039;inserts sur la station.  Conforme au RGPD par conception:\u00a0Pas de stockage de donn\u00e9es personnelles telles que les num\u00e9ros de t\u00e9l\u00e9phone compos\u00e9s\u00a0! Installation et maintenance \u00e0 distance exclusivement via des serveurs en Allemagne\u00a0! *Les insert ne sont pas incluses.\" \/>\n<meta property=\"og:url\" content=\"https:\/\/cn-webservices.com\/en\/product\/telephones-dhotellerie-snom-hd100\/\" \/>\n<meta property=\"og:site_name\" content=\"C&amp;N Services - Web Services et Technologies\" \/>\n<meta property=\"article:modified_time\" content=\"2026-01-14T11:40:57+00:00\" \/>\n<meta property=\"og:image\" content=\"https:\/\/cn-webservices.com\/wp-content\/uploads\/2025\/04\/snom_HD100_p1_900px_noS.png\" \/>\n\t<meta property=\"og:image:width\" content=\"677\" \/>\n\t<meta property=\"og:image:height\" content=\"900\" \/>\n\t<meta property=\"og:image:type\" content=\"image\/png\" \/>\n<meta name=\"twitter:label1\" content=\"Est. reading time\" \/>\n\t<meta name=\"twitter:data1\" content=\"1 minute\" \/>\n<script type=\"application\/ld+json\" class=\"yoast-schema-graph\">{\"@context\":\"https:\\\/\\\/schema.org\",\"@graph\":[{\"@type\":\"WebPage\",\"@id\":\"https:\\\/\\\/cn-webservices.com\\\/produit\\\/telephones-dhotellerie-snom-hd100\\\/\",\"url\":\"https:\\\/\\\/cn-webservices.com\\\/produit\\\/telephones-dhotellerie-snom-hd100\\\/\",\"name\":\"T\u00e9l\u00e9phones d'h\u00f4tellerie SNOM HD100 - C&amp;N Services - Web Services et Technologies\",\"isPartOf\":{\"@id\":\"https:\\\/\\\/cn-webservices.com\\\/#website\"},\"primaryImageOfPage\":{\"@id\":\"https:\\\/\\\/cn-webservices.com\\\/produit\\\/telephones-dhotellerie-snom-hd100\\\/#primaryimage\"},\"image\":{\"@id\":\"https:\\\/\\\/cn-webservices.com\\\/produit\\\/telephones-dhotellerie-snom-hd100\\\/#primaryimage\"},\"thumbnailUrl\":\"https:\\\/\\\/cn-webservices.com\\\/wp-content\\\/uploads\\\/2025\\\/04\\\/snom_HD100_p1_900px_noS.png\",\"datePublished\":\"2025-04-10T11:48:44+00:00\",\"dateModified\":\"2026-01-14T11:40:57+00:00\",\"inLanguage\":\"en-US\",\"potentialAction\":[{\"@type\":\"ReadAction\",\"target\":[\"https:\\\/\\\/cn-webservices.com\\\/produit\\\/telephones-dhotellerie-snom-hd100\\\/\"]}]},{\"@type\":\"ImageObject\",\"inLanguage\":\"en-US\",\"@id\":\"https:\\\/\\\/cn-webservices.com\\\/produit\\\/telephones-dhotellerie-snom-hd100\\\/#primaryimage\",\"url\":\"https:\\\/\\\/cn-webservices.com\\\/wp-content\\\/uploads\\\/2025\\\/04\\\/snom_HD100_p1_900px_noS.png\",\"contentUrl\":\"https:\\\/\\\/cn-webservices.com\\\/wp-content\\\/uploads\\\/2025\\\/04\\\/snom_HD100_p1_900px_noS.png\",\"width\":677,\"height\":900},{\"@type\":\"WebSite\",\"@id\":\"https:\\\/\\\/cn-webservices.com\\\/#website\",\"url\":\"https:\\\/\\\/cn-webservices.com\\\/\",\"name\":\"C&amp;N Services - Web Services et Technologies\",\"description\":\"Nous sommes le d\u00e9but de vos projets\",\"publisher\":{\"@id\":\"https:\\\/\\\/cn-webservices.com\\\/#organization\"},\"potentialAction\":[{\"@type\":\"SearchAction\",\"target\":{\"@type\":\"EntryPoint\",\"urlTemplate\":\"https:\\\/\\\/cn-webservices.com\\\/?s={search_term_string}\"},\"query-input\":{\"@type\":\"PropertyValueSpecification\",\"valueRequired\":true,\"valueName\":\"search_term_string\"}}],\"inLanguage\":\"en-US\"},{\"@type\":\"Organization\",\"@id\":\"https:\\\/\\\/cn-webservices.com\\\/#organization\",\"name\":\"C&amp;N Services - Web Services et Technologies\",\"url\":\"https:\\\/\\\/cn-webservices.com\\\/\",\"logo\":{\"@type\":\"ImageObject\",\"inLanguage\":\"en-US\",\"@id\":\"https:\\\/\\\/cn-webservices.com\\\/#\\\/schema\\\/logo\\\/image\\\/\",\"url\":\"https:\\\/\\\/cn-webservices.com\\\/wp-content\\\/uploads\\\/2022\\\/07\\\/CN-Services-Logo-2022.png\",\"contentUrl\":\"https:\\\/\\\/cn-webservices.com\\\/wp-content\\\/uploads\\\/2022\\\/07\\\/CN-Services-Logo-2022.png\",\"width\":827,\"height\":302,\"caption\":\"C&amp;N Services - Web Services et Technologies\"},\"image\":{\"@id\":\"https:\\\/\\\/cn-webservices.com\\\/#\\\/schema\\\/logo\\\/image\\\/\"}}]}<\/script>\n<!-- \/ Yoast SEO plugin. -->","yoast_head_json":{"title":"T\u00e9l\u00e9phones d'h\u00f4tellerie SNOM HD100 - C&amp;N Services - Web Services et Technologies","robots":{"index":"index","follow":"follow","max-snippet":"max-snippet:-1","max-image-preview":"max-image-preview:large","max-video-preview":"max-video-preview:-1"},"canonical":"https:\/\/cn-webservices.com\/en\/product\/telephones-dhotellerie-snom-hd100\/","og_locale":"en_US","og_type":"article","og_title":"T\u00e9l\u00e9phones d'h\u00f4tellerie SNOM HD100 - C&amp;N Services - Web Services et Technologies","og_description":"&nbsp;  Bo\u00eetier antibact\u00e9rien Grand indicateur visuel d'appel \u00c9tiquetage individuel par inserts  Le HD 100 pr\u00e9sente un design moderne et \u00e9pur\u00e9 qui s'int\u00e8gre parfaitement \u00e0 son environnement.  Le\u00a0Snom HD100\u00a0est con\u00e7is et poss\u00e8de les fonctionnalit\u00e9s les plus importantes telles que. mains libres, mise en attente ou sourdine. Il est \u00e9galement \u00e9quip\u00e9 d'un bo\u00eetier antibact\u00e9rien pour prot\u00e9ger contre les germes, facile \u00e0 nettoyer. Gr\u00e2ce \u00e0 l'alimentation PoE, aucune connexion \u00e9lectrique suppl\u00e9mentaire de la chambre n'est n\u00e9cessaire. Un grand indicateur visuel d'appel alerte le client des appels ou des messages en attente. L'\u00e9tiquetage individuel se fait sous forme d'inserts sur la station.  Conforme au RGPD par conception:\u00a0Pas de stockage de donn\u00e9es personnelles telles que les num\u00e9ros de t\u00e9l\u00e9phone compos\u00e9s\u00a0! Installation et maintenance \u00e0 distance exclusivement via des serveurs en Allemagne\u00a0! *Les insert ne sont pas incluses.","og_url":"https:\/\/cn-webservices.com\/en\/product\/telephones-dhotellerie-snom-hd100\/","og_site_name":"C&amp;N Services - Web Services et Technologies","article_modified_time":"2026-01-14T11:40:57+00:00","og_image":[{"width":677,"height":900,"url":"https:\/\/cn-webservices.com\/wp-content\/uploads\/2025\/04\/snom_HD100_p1_900px_noS.png","type":"image\/png"}],"twitter_misc":{"Est. reading time":"1 minute"},"schema":{"@context":"https:\/\/schema.org","@graph":[{"@type":"WebPage","@id":"https:\/\/cn-webservices.com\/produit\/telephones-dhotellerie-snom-hd100\/","url":"https:\/\/cn-webservices.com\/produit\/telephones-dhotellerie-snom-hd100\/","name":"T\u00e9l\u00e9phones d'h\u00f4tellerie SNOM HD100 - C&amp;N Services - Web Services et Technologies","isPartOf":{"@id":"https:\/\/cn-webservices.com\/#website"},"primaryImageOfPage":{"@id":"https:\/\/cn-webservices.com\/produit\/telephones-dhotellerie-snom-hd100\/#primaryimage"},"image":{"@id":"https:\/\/cn-webservices.com\/produit\/telephones-dhotellerie-snom-hd100\/#primaryimage"},"thumbnailUrl":"https:\/\/cn-webservices.com\/wp-content\/uploads\/2025\/04\/snom_HD100_p1_900px_noS.png","datePublished":"2025-04-10T11:48:44+00:00","dateModified":"2026-01-14T11:40:57+00:00","inLanguage":"en-US","potentialAction":[{"@type":"ReadAction","target":["https:\/\/cn-webservices.com\/produit\/telephones-dhotellerie-snom-hd100\/"]}]},{"@type":"ImageObject","inLanguage":"en-US","@id":"https:\/\/cn-webservices.com\/produit\/telephones-dhotellerie-snom-hd100\/#primaryimage","url":"https:\/\/cn-webservices.com\/wp-content\/uploads\/2025\/04\/snom_HD100_p1_900px_noS.png","contentUrl":"https:\/\/cn-webservices.com\/wp-content\/uploads\/2025\/04\/snom_HD100_p1_900px_noS.png","width":677,"height":900},{"@type":"WebSite","@id":"https:\/\/cn-webservices.com\/#website","url":"https:\/\/cn-webservices.com\/","name":"C&amp;N Services - Web Services et Technologies","description":"Nous sommes le d\u00e9but de vos projets","publisher":{"@id":"https:\/\/cn-webservices.com\/#organization"},"potentialAction":[{"@type":"SearchAction","target":{"@type":"EntryPoint","urlTemplate":"https:\/\/cn-webservices.com\/?s={search_term_string}"},"query-input":{"@type":"PropertyValueSpecification","valueRequired":true,"valueName":"search_term_string"}}],"inLanguage":"en-US"},{"@type":"Organization","@id":"https:\/\/cn-webservices.com\/#organization","name":"C&amp;N Services - Web Services et Technologies","url":"https:\/\/cn-webservices.com\/","logo":{"@type":"ImageObject","inLanguage":"en-US","@id":"https:\/\/cn-webservices.com\/#\/schema\/logo\/image\/","url":"https:\/\/cn-webservices.com\/wp-content\/uploads\/2022\/07\/CN-Services-Logo-2022.png","contentUrl":"https:\/\/cn-webservices.com\/wp-content\/uploads\/2022\/07\/CN-Services-Logo-2022.png","width":827,"height":302,"caption":"C&amp;N Services - Web Services et Technologies"},"image":{"@id":"https:\/\/cn-webservices.com\/#\/schema\/logo\/image\/"}}]}},"_links":{"self":[{"href":"https:\/\/cn-webservices.com\/en\/wp-json\/wp\/v2\/product\/2735","targetHints":{"allow":["GET"]}}],"collection":[{"href":"https:\/\/cn-webservices.com\/en\/wp-json\/wp\/v2\/product"}],"about":[{"href":"https:\/\/cn-webservices.com\/en\/wp-json\/wp\/v2\/types\/product"}],"wp:featuredmedia":[{"embeddable":true,"href":"https:\/\/cn-webservices.com\/en\/wp-json\/wp\/v2\/media\/2731"}],"wp:attachment":[{"href":"https:\/\/cn-webservices.com\/en\/wp-json\/wp\/v2\/media?parent=2735"}],"wp:term":[{"taxonomy":"product_brand","embeddable":true,"href":"https:\/\/cn-webservices.com\/en\/wp-json\/wp\/v2\/product_brand?post=2735"},{"taxonomy":"product_cat","embeddable":true,"href":"https:\/\/cn-webservices.com\/en\/wp-json\/wp\/v2\/product_cat?post=2735"},{"taxonomy":"product_tag","embeddable":true,"href":"https:\/\/cn-webservices.com\/en\/wp-json\/wp\/v2\/product_tag?post=2735"}],"curies":[{"name":"wp","href":"https:\/\/api.w.org\/{rel}","templated":true}]}}