{"id":2690,"date":"2025-04-06T14:44:14","date_gmt":"2025-04-06T13:44:14","guid":{"rendered":"https:\/\/cn-webservices.com\/?post_type=product&#038;p=2690"},"modified":"2026-01-10T15:47:44","modified_gmt":"2026-01-10T14:47:44","slug":"telephone-sans-fil-combine-dect-solide-snom-m30","status":"publish","type":"product","link":"https:\/\/cn-webservices.com\/en\/product\/telephone-sans-fil-combine-dect-solide-snom-m30\/","title":{"rendered":"T\u00e9l\u00e9phone sans fil combin\u00e9 DECT solide SNOM M30"},"content":{"rendered":"","protected":false},"excerpt":{"rendered":"<p>Le combin\u00e9 de bureau avanc\u00e9 d&rsquo;entr\u00e9e de gamme<\/p>\n<p>Avec son grand \u00e9cran couleur, le\u00a0Snom M30\u00a0s&rsquo;int\u00e8gre parfaitement dans notre gamme de combin\u00e9s professionnels. Il combine une qualit\u00e9 audio cristalline avec des fonctions d&rsquo;appel standard et des fonctions de bureau typiques telles que la mise en attente ou le transfert.<\/p>\n<p>La puissante batterie offre jusqu&rsquo;\u00e0 22 heures d&rsquo;autonomie en conversation ou deux semaines en veille &#8211; vous ne manquerez donc aucun appel.<\/p>\n<p>Pour une num\u00e9rotation rapide, 4 boutons suppl\u00e9mentaires sont fournis pour enregistrer des num\u00e9ros abr\u00e9g\u00e9s et des contacts.<\/p>\n<p>Les raccourcis vers les menus fr\u00e9quemment utilis\u00e9s, tels que les sonneries, la bo\u00eete aux lettres ou les messages envoy\u00e9s, peuvent \u00eatre enregistr\u00e9s de mani\u00e8re pratique.<\/p>","protected":false},"featured_media":2691,"template":"","meta":[],"product_brand":[60],"product_cat":[59,63,62],"product_tag":[],"class_list":{"0":"post-2690","1":"product","2":"type-product","3":"status-publish","4":"has-post-thumbnail","6":"product_brand-snom","7":"product_cat-telephone-de-bureau","8":"product_cat-telephone-sans-fil-dect","9":"product_cat-telephonie-hoteliere","11":"first","12":"instock","13":"shipping-taxable","14":"product-type-simple"},"yoast_head":"<!-- This site is optimized with the Yoast SEO plugin v27.4 - https:\/\/yoast.com\/product\/yoast-seo-wordpress\/ -->\n<title>T\u00e9l\u00e9phone sans fil combin\u00e9 DECT solide SNOM M30 - C&amp;N Services - Web Services et Technologies<\/title>\n<meta name=\"robots\" content=\"index, follow, max-snippet:-1, max-image-preview:large, max-video-preview:-1\" \/>\n<link rel=\"canonical\" href=\"https:\/\/cn-webservices.com\/en\/product\/telephone-sans-fil-combine-dect-solide-snom-m30\/\" \/>\n<meta property=\"og:locale\" content=\"en_US\" \/>\n<meta property=\"og:type\" content=\"article\" \/>\n<meta property=\"og:title\" content=\"T\u00e9l\u00e9phone sans fil combin\u00e9 DECT solide SNOM M30 - C&amp;N Services - Web Services et Technologies\" \/>\n<meta property=\"og:description\" content=\"Le combin\u00e9 de bureau avanc\u00e9 d&#039;entr\u00e9e de gamme   Avec son grand \u00e9cran couleur, le\u00a0Snom M30\u00a0s&#039;int\u00e8gre parfaitement dans notre gamme de combin\u00e9s professionnels. Il combine une qualit\u00e9 audio cristalline avec des fonctions d&#039;appel standard et des fonctions de bureau typiques telles que la mise en attente ou le transfert.  La puissante batterie offre jusqu&#039;\u00e0 22 heures d&#039;autonomie en conversation ou deux semaines en veille - vous ne manquerez donc aucun appel.  Pour une num\u00e9rotation rapide, 4 boutons suppl\u00e9mentaires sont fournis pour enregistrer des num\u00e9ros abr\u00e9g\u00e9s et des contacts.  Les raccourcis vers les menus fr\u00e9quemment utilis\u00e9s, tels que les sonneries, la bo\u00eete aux lettres ou les messages envoy\u00e9s, peuvent \u00eatre enregistr\u00e9s de mani\u00e8re pratique.\" \/>\n<meta property=\"og:url\" content=\"https:\/\/cn-webservices.com\/en\/product\/telephone-sans-fil-combine-dect-solide-snom-m30\/\" \/>\n<meta property=\"og:site_name\" content=\"C&amp;N Services - Web Services et Technologies\" \/>\n<meta property=\"article:modified_time\" content=\"2026-01-10T14:47:44+00:00\" \/>\n<meta property=\"og:image\" content=\"https:\/\/cn-webservices.com\/wp-content\/uploads\/2025\/04\/snom_M30_frontal-1024x1024.png\" \/>\n\t<meta property=\"og:image:width\" content=\"1024\" \/>\n\t<meta property=\"og:image:height\" content=\"1024\" \/>\n\t<meta property=\"og:image:type\" content=\"image\/png\" \/>\n<meta name=\"twitter:label1\" content=\"Est. reading time\" \/>\n\t<meta name=\"twitter:data1\" content=\"1 minute\" \/>\n<script type=\"application\/ld+json\" class=\"yoast-schema-graph\">{\"@context\":\"https:\\\/\\\/schema.org\",\"@graph\":[{\"@type\":\"WebPage\",\"@id\":\"https:\\\/\\\/cn-webservices.com\\\/produit\\\/telephone-sans-fil-combine-dect-solide-snom-m30\\\/\",\"url\":\"https:\\\/\\\/cn-webservices.com\\\/produit\\\/telephone-sans-fil-combine-dect-solide-snom-m30\\\/\",\"name\":\"T\u00e9l\u00e9phone sans fil combin\u00e9 DECT solide SNOM M30 - C&amp;N Services - Web Services et Technologies\",\"isPartOf\":{\"@id\":\"https:\\\/\\\/cn-webservices.com\\\/#website\"},\"primaryImageOfPage\":{\"@id\":\"https:\\\/\\\/cn-webservices.com\\\/produit\\\/telephone-sans-fil-combine-dect-solide-snom-m30\\\/#primaryimage\"},\"image\":{\"@id\":\"https:\\\/\\\/cn-webservices.com\\\/produit\\\/telephone-sans-fil-combine-dect-solide-snom-m30\\\/#primaryimage\"},\"thumbnailUrl\":\"https:\\\/\\\/cn-webservices.com\\\/wp-content\\\/uploads\\\/2025\\\/04\\\/snom_M30_frontal.png\",\"datePublished\":\"2025-04-06T13:44:14+00:00\",\"dateModified\":\"2026-01-10T14:47:44+00:00\",\"inLanguage\":\"en-US\",\"potentialAction\":[{\"@type\":\"ReadAction\",\"target\":[\"https:\\\/\\\/cn-webservices.com\\\/produit\\\/telephone-sans-fil-combine-dect-solide-snom-m30\\\/\"]}]},{\"@type\":\"ImageObject\",\"inLanguage\":\"en-US\",\"@id\":\"https:\\\/\\\/cn-webservices.com\\\/produit\\\/telephone-sans-fil-combine-dect-solide-snom-m30\\\/#primaryimage\",\"url\":\"https:\\\/\\\/cn-webservices.com\\\/wp-content\\\/uploads\\\/2025\\\/04\\\/snom_M30_frontal.png\",\"contentUrl\":\"https:\\\/\\\/cn-webservices.com\\\/wp-content\\\/uploads\\\/2025\\\/04\\\/snom_M30_frontal.png\",\"width\":3200,\"height\":3200},{\"@type\":\"WebSite\",\"@id\":\"https:\\\/\\\/cn-webservices.com\\\/#website\",\"url\":\"https:\\\/\\\/cn-webservices.com\\\/\",\"name\":\"C&amp;N Services - Web Services et Technologies\",\"description\":\"Nous sommes le d\u00e9but de vos projets\",\"publisher\":{\"@id\":\"https:\\\/\\\/cn-webservices.com\\\/#organization\"},\"potentialAction\":[{\"@type\":\"SearchAction\",\"target\":{\"@type\":\"EntryPoint\",\"urlTemplate\":\"https:\\\/\\\/cn-webservices.com\\\/?s={search_term_string}\"},\"query-input\":{\"@type\":\"PropertyValueSpecification\",\"valueRequired\":true,\"valueName\":\"search_term_string\"}}],\"inLanguage\":\"en-US\"},{\"@type\":\"Organization\",\"@id\":\"https:\\\/\\\/cn-webservices.com\\\/#organization\",\"name\":\"C&amp;N Services - Web Services et Technologies\",\"url\":\"https:\\\/\\\/cn-webservices.com\\\/\",\"logo\":{\"@type\":\"ImageObject\",\"inLanguage\":\"en-US\",\"@id\":\"https:\\\/\\\/cn-webservices.com\\\/#\\\/schema\\\/logo\\\/image\\\/\",\"url\":\"https:\\\/\\\/cn-webservices.com\\\/wp-content\\\/uploads\\\/2022\\\/07\\\/CN-Services-Logo-2022.png\",\"contentUrl\":\"https:\\\/\\\/cn-webservices.com\\\/wp-content\\\/uploads\\\/2022\\\/07\\\/CN-Services-Logo-2022.png\",\"width\":827,\"height\":302,\"caption\":\"C&amp;N Services - Web Services et Technologies\"},\"image\":{\"@id\":\"https:\\\/\\\/cn-webservices.com\\\/#\\\/schema\\\/logo\\\/image\\\/\"}}]}<\/script>\n<!-- \/ Yoast SEO plugin. -->","yoast_head_json":{"title":"T\u00e9l\u00e9phone sans fil combin\u00e9 DECT solide SNOM M30 - C&amp;N Services - Web Services et Technologies","robots":{"index":"index","follow":"follow","max-snippet":"max-snippet:-1","max-image-preview":"max-image-preview:large","max-video-preview":"max-video-preview:-1"},"canonical":"https:\/\/cn-webservices.com\/en\/product\/telephone-sans-fil-combine-dect-solide-snom-m30\/","og_locale":"en_US","og_type":"article","og_title":"T\u00e9l\u00e9phone sans fil combin\u00e9 DECT solide SNOM M30 - C&amp;N Services - Web Services et Technologies","og_description":"Le combin\u00e9 de bureau avanc\u00e9 d'entr\u00e9e de gamme   Avec son grand \u00e9cran couleur, le\u00a0Snom M30\u00a0s'int\u00e8gre parfaitement dans notre gamme de combin\u00e9s professionnels. Il combine une qualit\u00e9 audio cristalline avec des fonctions d'appel standard et des fonctions de bureau typiques telles que la mise en attente ou le transfert.  La puissante batterie offre jusqu'\u00e0 22 heures d'autonomie en conversation ou deux semaines en veille - vous ne manquerez donc aucun appel.  Pour une num\u00e9rotation rapide, 4 boutons suppl\u00e9mentaires sont fournis pour enregistrer des num\u00e9ros abr\u00e9g\u00e9s et des contacts.  Les raccourcis vers les menus fr\u00e9quemment utilis\u00e9s, tels que les sonneries, la bo\u00eete aux lettres ou les messages envoy\u00e9s, peuvent \u00eatre enregistr\u00e9s de mani\u00e8re pratique.","og_url":"https:\/\/cn-webservices.com\/en\/product\/telephone-sans-fil-combine-dect-solide-snom-m30\/","og_site_name":"C&amp;N Services - Web Services et Technologies","article_modified_time":"2026-01-10T14:47:44+00:00","og_image":[{"width":1024,"height":1024,"url":"https:\/\/cn-webservices.com\/wp-content\/uploads\/2025\/04\/snom_M30_frontal-1024x1024.png","type":"image\/png"}],"twitter_misc":{"Est. reading time":"1 minute"},"schema":{"@context":"https:\/\/schema.org","@graph":[{"@type":"WebPage","@id":"https:\/\/cn-webservices.com\/produit\/telephone-sans-fil-combine-dect-solide-snom-m30\/","url":"https:\/\/cn-webservices.com\/produit\/telephone-sans-fil-combine-dect-solide-snom-m30\/","name":"T\u00e9l\u00e9phone sans fil combin\u00e9 DECT solide SNOM M30 - C&amp;N Services - Web Services et Technologies","isPartOf":{"@id":"https:\/\/cn-webservices.com\/#website"},"primaryImageOfPage":{"@id":"https:\/\/cn-webservices.com\/produit\/telephone-sans-fil-combine-dect-solide-snom-m30\/#primaryimage"},"image":{"@id":"https:\/\/cn-webservices.com\/produit\/telephone-sans-fil-combine-dect-solide-snom-m30\/#primaryimage"},"thumbnailUrl":"https:\/\/cn-webservices.com\/wp-content\/uploads\/2025\/04\/snom_M30_frontal.png","datePublished":"2025-04-06T13:44:14+00:00","dateModified":"2026-01-10T14:47:44+00:00","inLanguage":"en-US","potentialAction":[{"@type":"ReadAction","target":["https:\/\/cn-webservices.com\/produit\/telephone-sans-fil-combine-dect-solide-snom-m30\/"]}]},{"@type":"ImageObject","inLanguage":"en-US","@id":"https:\/\/cn-webservices.com\/produit\/telephone-sans-fil-combine-dect-solide-snom-m30\/#primaryimage","url":"https:\/\/cn-webservices.com\/wp-content\/uploads\/2025\/04\/snom_M30_frontal.png","contentUrl":"https:\/\/cn-webservices.com\/wp-content\/uploads\/2025\/04\/snom_M30_frontal.png","width":3200,"height":3200},{"@type":"WebSite","@id":"https:\/\/cn-webservices.com\/#website","url":"https:\/\/cn-webservices.com\/","name":"C&amp;N Services - Web Services et Technologies","description":"Nous sommes le d\u00e9but de vos projets","publisher":{"@id":"https:\/\/cn-webservices.com\/#organization"},"potentialAction":[{"@type":"SearchAction","target":{"@type":"EntryPoint","urlTemplate":"https:\/\/cn-webservices.com\/?s={search_term_string}"},"query-input":{"@type":"PropertyValueSpecification","valueRequired":true,"valueName":"search_term_string"}}],"inLanguage":"en-US"},{"@type":"Organization","@id":"https:\/\/cn-webservices.com\/#organization","name":"C&amp;N Services - Web Services et Technologies","url":"https:\/\/cn-webservices.com\/","logo":{"@type":"ImageObject","inLanguage":"en-US","@id":"https:\/\/cn-webservices.com\/#\/schema\/logo\/image\/","url":"https:\/\/cn-webservices.com\/wp-content\/uploads\/2022\/07\/CN-Services-Logo-2022.png","contentUrl":"https:\/\/cn-webservices.com\/wp-content\/uploads\/2022\/07\/CN-Services-Logo-2022.png","width":827,"height":302,"caption":"C&amp;N Services - Web Services et Technologies"},"image":{"@id":"https:\/\/cn-webservices.com\/#\/schema\/logo\/image\/"}}]}},"_links":{"self":[{"href":"https:\/\/cn-webservices.com\/en\/wp-json\/wp\/v2\/product\/2690","targetHints":{"allow":["GET"]}}],"collection":[{"href":"https:\/\/cn-webservices.com\/en\/wp-json\/wp\/v2\/product"}],"about":[{"href":"https:\/\/cn-webservices.com\/en\/wp-json\/wp\/v2\/types\/product"}],"wp:featuredmedia":[{"embeddable":true,"href":"https:\/\/cn-webservices.com\/en\/wp-json\/wp\/v2\/media\/2691"}],"wp:attachment":[{"href":"https:\/\/cn-webservices.com\/en\/wp-json\/wp\/v2\/media?parent=2690"}],"wp:term":[{"taxonomy":"product_brand","embeddable":true,"href":"https:\/\/cn-webservices.com\/en\/wp-json\/wp\/v2\/product_brand?post=2690"},{"taxonomy":"product_cat","embeddable":true,"href":"https:\/\/cn-webservices.com\/en\/wp-json\/wp\/v2\/product_cat?post=2690"},{"taxonomy":"product_tag","embeddable":true,"href":"https:\/\/cn-webservices.com\/en\/wp-json\/wp\/v2\/product_tag?post=2690"}],"curies":[{"name":"wp","href":"https:\/\/api.w.org\/{rel}","templated":true}]}}