{"id":2673,"date":"2025-04-06T10:22:33","date_gmt":"2025-04-06T09:22:33","guid":{"rendered":"https:\/\/cn-webservices.com\/?post_type=product&#038;p=2673"},"modified":"2026-01-10T15:47:25","modified_gmt":"2026-01-10T14:47:25","slug":"telephone-sans-fil-dect-solide-et-antibacterien-snom-m90","status":"publish","type":"product","link":"https:\/\/cn-webservices.com\/en\/product\/telephone-sans-fil-dect-solide-et-antibacterien-snom-m90\/","title":{"rendered":"T\u00e9l\u00e9phone sans fil DECT solide et antibact\u00e9rien SNOM M90"},"content":{"rendered":"<p>Hardware T\u00e9l\u00e9phone<br \/>\n\u00b7 Poids : env. 136g (t\u00e9l\u00e9phone avec batterie et  ceinture)<br \/>\n\u00b7 Dimensions : env. 122x48x22mm (LxHxP)<br \/>\n\u00b7 Connecteur : jack standard pour 3.5 mm pour  casque avec fil<br \/>\n\u00b7 Diversification des antennes (deux antennes  internes omnidirectionnelles pour une meilleure  transmission et r\u00e9p\u00e9tition du signal)<br \/>\n\u00b7 Compatible avec proth\u00e8se acoustique (HAC)<br \/>\n\u00b7 Bluetooth Low Energy pour la connexion et le  positionnement de l\u2019\u00e9couteur<br \/>\n\u00b7 Bouton d\u2019alarme dans la partie sup\u00e9rieure du  r\u00e9cepteur<br \/>\n\u00b7 Essai de chute 2m<br \/>\n\u00b7 Coque avec protection IP<br \/>\n\u00b7 Coque antibact\u00e9rienne conforme aux tests JIS-Z2801<br \/>\n\u00b7 Vaste gamme de temp\u00e9rature (de -10\u00b0C \u00e0 55\u00b0C)<br \/>\n\u00b7 Code produit :  00004425<\/p>\n<p>Batterie (2)<br \/>\n\u00b7 Type : Lithium-ion, 1100mAh, 3.7V, 4.1 W<br \/>\n\u00b7 Autonomie de conversation \u00e0 bande large :  jusqu\u2018\u00e0  12 heures<br \/>\n\u00b7 Autonomie de conversation en bande \u00e9troite :  jusqu\u2018\u00e0 17 heures<br \/>\n\u00b7 Autonomie en standby : environ 200-250 heures  (10 jours) Chargeur<br \/>\n\u00b7 En entr\u00e9e : 5V DC, 2A<br \/>\n\u00b7 T\u00e9moin de charge : voyant LED vert allum\u00e9 lorsque le t\u00e9l\u00e9phone est en charge dans la base<br \/>\n\u00b7 Port USB sur le socle de chargement pour une  connexion simple en cha\u00eene de la deuxi\u00e8me base Adaptateur d\u2018alimentation<br \/>\n\u00b7 En entr\u00e9e : 100-240 AC Volt, 50\/60 Hz, 300mA<br \/>\n\u00b7 En sortie : 5V 2A<br \/>\n\u00b7 Fiches interchangeables. Fiches pour l\u2019UE et USA incluses<br \/>\n\u00b7 Conditions de recharge : de 5 \u00b0C \u00e0 45 \u00b0C <\/p>\n<p>Rayon d\u2018action<br \/>\n\u00b7 \u00c0 l\u2018int\u00e9rieur : jusqu\u2018\u00e0 50 m\u00e8tres<br \/>\n\u00b7 \u00c0 l\u2018ext\u00e9rieur : jusqu\u2018\u00e0 300 m\u00e8tres DECT<br \/>\n\u00b7 Bandes de fr\u00e9quence :<br \/>\n\u00b7 1880-1900 MHz (EU)<br \/>\n\u00b7 1920-1930 MHz (US)<br \/>\n\u00b7 En sortie : EU < 250 mW, USA < 100 mW \n\u00b7 Protocoles : DECT, DECT 6.0 \n\u00b7 Voix \u00e0 large bande \n\u00b7 Authentification\/encodage du socle et du t\u00e9l\u00e9phone \n\u00b7 D\u00e9tection automatique de la bande DECT Interface Utilisateur \n\u00b7 \u00c9cran :  \u00b7 5 cm (2\u201c) diagonale   \n\u00b7 240 x 320 pixels   \n\u00b7 LCD couleurs 262k TFT r\u00e9tro\u00e9clair\u00e9 \n\u00b7 Pav\u00e9 num\u00e9rique r\u00e9tro\u00e9clair\u00e9 \u00e0 24 touches :   \n\u00b7 Clavier de t\u00e9l\u00e9phone ITU standard, 12 touches,    4x3, avec touche \u00e9toile et ast\u00e9risque   \n\u00b7 3 touches de fonction contextuelle   \n\u00b7 5 touches de navigation (gauche, droite, haut, bas OK)    \n\u00b7 Touche de d\u00e9connexion, touche annuler   \n\u00b7 Touche menu   \n\u00b7 3 touches sur les c\u00f4t\u00e9s (augmenter\/diminuer le    volume et activer\/d\u00e9sactiver la fonction muet)  \n\u00b7 Bouton d\u2019alarme dans la partie sup\u00e9rieure du    r\u00e9cepteur   \n\u00b7 28 boutons au total \n\u00b7 Menu confortable et intuitif \n\u00b7 Plusieurs sonneries disponibles \n\u00b7 Voyant LED tricolore pour notifier les appels   manqu\u00e9s, les nouveaux messages vocaux et l\u2018\u00e9tat \n\u00b7 Haut-parleur \n\u00b7 Fonction micro muet \n\u00b7 Alarme avec vibration Langues du menu \n\u00b7   Anglais, Allemand, Fran\u00e7ais, Italien, Espagnol,  N\u00e9erlandais, Portugais, Su\u00e9dois, Turc, Danois, Norv\u00e9gien, Polonais, Russe, Croate, Serbe, Slov\u00e8ne \n\nFonctions t\u00e9l\u00e9phoniques avec les bases compatibles \n\u00b7 Deux appels simultan\u00e9s \n\u00b7 R\u00e9pertoire pouvant enregistrer jusqu\u2018\u00e0 250 contacts \n\u00b7 R\u00e9pertoire centralis\u00e9 (r\u00e9pertoire commun sur la base ou externe via LDAP) \n\u00b7 8 num\u00e9ros \u00e0 composition abr\u00e9g\u00e9e (touches 2 - 9) \n\u00b7 Identification d\u00b4appels entrants (CLIP) \n\u00b7 Recomposition (via le journal d\u2018appels compos\u00e9s) \n\u00b7 Appel en attente \n\u00b7 R\u00e9ponse automatique \n\u00b7 Journal d\u2018appel (tous les appels, appels manqu\u00e9s, re\u00e7us, compos\u00e9s), 50 entr\u00e9es au total \n\u00b7 Mettre l\u2019appel en attente \n\u00b7 Passage entre appels (appel actif et appel en attente) \n\u00b7 Transfert d\u2018appel aveugle et supervis\u00e9 \n\u00b7 Renvoi d\u2018appel \n\u00b7 Conf\u00e9rence \u00e0 trois sur le t\u00e9l\u00e9phone \n\u00b7 Fonction \u00ab ne pas d\u00e9ranger \u00bb (DND) \n\u00b7 Masquer son identifiant lors d\u2018un appel sortant (CLIR) \n\u00b7 Notification d\u2018appel manqu\u00e9 \n\u00b7 MWI - Notification de message vocal en attente \n\nInstallation \n\u00b7 Enregistrement automatique des postes sur la base \n\u00b7 Mise \u00e0 jour des logiciels : sans-fil via la base  \n\u00b7 Synchronisation date et heure \u00e0 partir de la base Bases compatibles (1) \u00b7  \u00b7 \n\u00b7 Base monocellulaire M300, disponible en bundle M325, Cod. Prod. Snom 00003955 (EU), 00003954 (US) 00004161 (AU) Base DECT unicellulaire et multicellulaire M700, Cod. Prod. Snom 00003928 (EU), 00003929 (US) Base DECT multicellulaire M900, Cod. Prod. Snom 00004426 (EU), 00004441 (US) Batterie (2)  Inclue : batterie \u00e0 Li-Ion, mod\u00e8le RTR001F01, Cod. Prod. Snom 00003932 \n<\/p>","protected":false},"excerpt":{"rendered":"<p>Sp\u00e9cialement con\u00e7u pour une utilisation dans des environnements hygi\u00e9niques<\/p>\n<p>Le\u00a0\u00a0Snom M90\u00a0\u00a0est sp\u00e9cialement con\u00e7u pour \u00eatre utilis\u00e9 dans les h\u00f4pitaux et les \u00e9tablissements o\u00f9 l&rsquo;hygi\u00e8ne est primordiale. Il est \u00e9quip\u00e9 d&rsquo;une housse de protection sp\u00e9ciale certifi\u00e9e selon\u00a0\u00a0la norme JIS-Z2801\u00a0\u00a0, qui ne constitue pas un terrain propice \u00e0 la prolif\u00e9ration des bact\u00e9ries. Pour une inactivation efficace d&rsquo;autres agents pathog\u00e8nes nosocomiaux, y compris les virus envelopp\u00e9s, le bo\u00eetier peut \u00eatre facilement essuy\u00e9 avec de l&rsquo;alcool isopropylique jusqu&rsquo;\u00e0 99,99 %.<\/p>\n<p>L&rsquo;appareil est non seulement particuli\u00e8rement maniable avec ses 130 g environ, mais il est \u00e9galement certifi\u00e9 IP65 et donc insensible aux projections d&rsquo;eau et \u00e0 la poussi\u00e8re. M\u00eame les chutes d&rsquo;une hauteur allant jusqu&rsquo;\u00e0 2 m\u00e8tres ne posent aucun probl\u00e8me gr\u00e2ce au bo\u00eetier renforc\u00e9. Et avec jusqu&rsquo;\u00e0 17 heures d&rsquo;autonomie en conversation, le Snom M90 peut \u00eatre utilis\u00e9 sans interruption tout au long de la journ\u00e9e.<\/p>\n<p>Pour une connectivit\u00e9 optimale au sein de l&rsquo;environnement d\u00e9ploy\u00e9, le Snom M90 int\u00e8gre le Bluetooth. Cela permet non seulement de connecter tous les casques modernes au t\u00e9l\u00e9phone, mais ouvre \u00e9galement des possibilit\u00e9s d&rsquo;application totalement nouvelles en conjonction avec la\u00a0\u00a0solution Snom Beacon\u00a0\u00a0. Les autres fonctionnalit\u00e9s incluent un \u00e9cran couleur LED haute r\u00e9solution, un meilleur son HD et une alarme vibrante.<\/p>\n<p>Le Snom M90 est hautement sp\u00e9cialis\u00e9 et, gr\u00e2ce \u00e0 son rev\u00eatement blanc antibact\u00e9rien, fait bonne figure, notamment dans le secteur de l&rsquo;hygi\u00e8ne.<\/p>\n<p>Parfait pour l\u2019utilisation en milieu hospitalier<br \/>\n\u00b7 Coque antibact\u00e9rienne<br \/>\n\u00b7 T\u00e9l\u00e9phone sans fil avec protection IP65<br \/>\n\u00b7 Conception solide et renforc\u00e9e<br \/>\n\u00b7 Prise en charge audio HD<br \/>\n\u00b7 Bouton d\u2019alarme<br \/>\n\u00b7 Bluetooth Low Energy int\u00e9gr\u00e9<br \/>\n\u00b7 Large plage de temp\u00e9ratures<br \/>\n\u00b7 Clip pour ceinture int\u00e9gr\u00e9 <\/p>\n<p>Compatible avec les appareils HAC<br \/>\n\u00b7 Compatible avec les bases existantes (1)<br \/>\n\u00b7 Alarme avec vibration<br \/>\n\u00b7 LED multicolore<br \/>\n\u00b7 Autonomie en veille jusqu\u2019\u00e0 200 heures<br \/>\n\u00b7 Test\u00e9 MIL-STD-810g 516.6<br \/>\n\u00b7 Parfait pour l\u2019ext\u00e9rieur<br \/>\n\u00b7 Test\u00e9 JIS-Z2801<\/p>","protected":false},"featured_media":2620,"template":"","meta":[],"product_brand":[60],"product_cat":[59,63,62],"product_tag":[],"class_list":{"0":"post-2673","1":"product","2":"type-product","3":"status-publish","4":"has-post-thumbnail","6":"product_brand-snom","7":"product_cat-telephone-de-bureau","8":"product_cat-telephone-sans-fil-dect","9":"product_cat-telephonie-hoteliere","11":"first","12":"instock","13":"shipping-taxable","14":"product-type-simple"},"yoast_head":"<!-- This site is optimized with the Yoast SEO plugin v27.4 - https:\/\/yoast.com\/product\/yoast-seo-wordpress\/ -->\n<title>T\u00e9l\u00e9phone sans fil DECT solide et antibact\u00e9rien SNOM M90 - C&amp;N Services - Web Services et Technologies<\/title>\n<meta name=\"robots\" content=\"index, follow, max-snippet:-1, max-image-preview:large, max-video-preview:-1\" \/>\n<link rel=\"canonical\" href=\"https:\/\/cn-webservices.com\/en\/product\/telephone-sans-fil-dect-solide-et-antibacterien-snom-m90\/\" \/>\n<meta property=\"og:locale\" content=\"en_US\" \/>\n<meta property=\"og:type\" content=\"article\" \/>\n<meta property=\"og:title\" content=\"T\u00e9l\u00e9phone sans fil DECT solide et antibact\u00e9rien SNOM M90 - C&amp;N Services - Web Services et Technologies\" \/>\n<meta property=\"og:description\" content=\"Sp\u00e9cialement con\u00e7u pour une utilisation dans des environnements hygi\u00e9niques  Le\u00a0\u00a0Snom M90\u00a0\u00a0est sp\u00e9cialement con\u00e7u pour \u00eatre utilis\u00e9 dans les h\u00f4pitaux et les \u00e9tablissements o\u00f9 l&#039;hygi\u00e8ne est primordiale. Il est \u00e9quip\u00e9 d&#039;une housse de protection sp\u00e9ciale certifi\u00e9e selon\u00a0\u00a0la norme JIS-Z2801\u00a0\u00a0, qui ne constitue pas un terrain propice \u00e0 la prolif\u00e9ration des bact\u00e9ries. Pour une inactivation efficace d&#039;autres agents pathog\u00e8nes nosocomiaux, y compris les virus envelopp\u00e9s, le bo\u00eetier peut \u00eatre facilement essuy\u00e9 avec de l&#039;alcool isopropylique jusqu&#039;\u00e0 99,99 %.  L&#039;appareil est non seulement particuli\u00e8rement maniable avec ses 130 g environ, mais il est \u00e9galement certifi\u00e9 IP65 et donc insensible aux projections d&#039;eau et \u00e0 la poussi\u00e8re. M\u00eame les chutes d&#039;une hauteur allant jusqu&#039;\u00e0 2 m\u00e8tres ne posent aucun probl\u00e8me gr\u00e2ce au bo\u00eetier renforc\u00e9. Et avec jusqu&#039;\u00e0 17 heures d&#039;autonomie en conversation, le Snom M90 peut \u00eatre utilis\u00e9 sans interruption tout au long de la journ\u00e9e.  Pour une connectivit\u00e9 optimale au sein de l&#039;environnement d\u00e9ploy\u00e9, le Snom M90 int\u00e8gre le Bluetooth. Cela permet non seulement de connecter tous les casques modernes au t\u00e9l\u00e9phone, mais ouvre \u00e9galement des possibilit\u00e9s d&#039;application totalement nouvelles en conjonction avec la\u00a0\u00a0solution Snom Beacon\u00a0\u00a0. Les autres fonctionnalit\u00e9s incluent un \u00e9cran couleur LED haute r\u00e9solution, un meilleur son HD et une alarme vibrante.  Le Snom M90 est hautement sp\u00e9cialis\u00e9 et, gr\u00e2ce \u00e0 son rev\u00eatement blanc antibact\u00e9rien, fait bonne figure, notamment dans le secteur de l&#039;hygi\u00e8ne.   Parfait pour l\u2019utilisation en milieu hospitalier  \u00b7 Coque antibact\u00e9rienne  \u00b7 T\u00e9l\u00e9phone sans fil avec protection IP65  \u00b7 Conception solide et renforc\u00e9e  \u00b7 Prise en charge audio HD  \u00b7 Bouton d\u2019alarme  \u00b7 Bluetooth Low Energy int\u00e9gr\u00e9  \u00b7 Large plage de temp\u00e9ratures  \u00b7 Clip pour ceinture int\u00e9gr\u00e9   Compatible avec les appareils HAC  \u00b7 Compatible avec les bases existantes (1)  \u00b7 Alarme avec vibration  \u00b7 LED multicolore  \u00b7 Autonomie en veille jusqu\u2019\u00e0 200 heures  \u00b7 Test\u00e9 MIL-STD-810g 516.6  \u00b7 Parfait pour l\u2019ext\u00e9rieur  \u00b7 Test\u00e9 JIS-Z2801\" \/>\n<meta property=\"og:url\" content=\"https:\/\/cn-webservices.com\/en\/product\/telephone-sans-fil-dect-solide-et-antibacterien-snom-m90\/\" \/>\n<meta property=\"og:site_name\" content=\"C&amp;N Services - Web Services et Technologies\" \/>\n<meta property=\"article:modified_time\" content=\"2026-01-10T14:47:25+00:00\" \/>\n<meta property=\"og:image\" content=\"https:\/\/cn-webservices.com\/wp-content\/uploads\/2025\/04\/snom_M90_with_cradle_perspective1-1024x1024.png\" \/>\n\t<meta property=\"og:image:width\" content=\"1024\" \/>\n\t<meta property=\"og:image:height\" content=\"1024\" \/>\n\t<meta property=\"og:image:type\" content=\"image\/png\" \/>\n<meta name=\"twitter:label1\" content=\"Est. reading time\" \/>\n\t<meta name=\"twitter:data1\" content=\"2 minutes\" \/>\n<script type=\"application\/ld+json\" class=\"yoast-schema-graph\">{\"@context\":\"https:\\\/\\\/schema.org\",\"@graph\":[{\"@type\":\"WebPage\",\"@id\":\"https:\\\/\\\/cn-webservices.com\\\/produit\\\/telephone-sans-fil-dect-solide-et-antibacterien-snom-m90\\\/\",\"url\":\"https:\\\/\\\/cn-webservices.com\\\/produit\\\/telephone-sans-fil-dect-solide-et-antibacterien-snom-m90\\\/\",\"name\":\"T\u00e9l\u00e9phone sans fil DECT solide et antibact\u00e9rien SNOM M90 - C&amp;N Services - Web Services et Technologies\",\"isPartOf\":{\"@id\":\"https:\\\/\\\/cn-webservices.com\\\/#website\"},\"primaryImageOfPage\":{\"@id\":\"https:\\\/\\\/cn-webservices.com\\\/produit\\\/telephone-sans-fil-dect-solide-et-antibacterien-snom-m90\\\/#primaryimage\"},\"image\":{\"@id\":\"https:\\\/\\\/cn-webservices.com\\\/produit\\\/telephone-sans-fil-dect-solide-et-antibacterien-snom-m90\\\/#primaryimage\"},\"thumbnailUrl\":\"https:\\\/\\\/cn-webservices.com\\\/wp-content\\\/uploads\\\/2025\\\/04\\\/snom_M90_with_cradle_perspective1.png\",\"datePublished\":\"2025-04-06T09:22:33+00:00\",\"dateModified\":\"2026-01-10T14:47:25+00:00\",\"inLanguage\":\"en-US\",\"potentialAction\":[{\"@type\":\"ReadAction\",\"target\":[\"https:\\\/\\\/cn-webservices.com\\\/produit\\\/telephone-sans-fil-dect-solide-et-antibacterien-snom-m90\\\/\"]}]},{\"@type\":\"ImageObject\",\"inLanguage\":\"en-US\",\"@id\":\"https:\\\/\\\/cn-webservices.com\\\/produit\\\/telephone-sans-fil-dect-solide-et-antibacterien-snom-m90\\\/#primaryimage\",\"url\":\"https:\\\/\\\/cn-webservices.com\\\/wp-content\\\/uploads\\\/2025\\\/04\\\/snom_M90_with_cradle_perspective1.png\",\"contentUrl\":\"https:\\\/\\\/cn-webservices.com\\\/wp-content\\\/uploads\\\/2025\\\/04\\\/snom_M90_with_cradle_perspective1.png\",\"width\":3200,\"height\":3200},{\"@type\":\"WebSite\",\"@id\":\"https:\\\/\\\/cn-webservices.com\\\/#website\",\"url\":\"https:\\\/\\\/cn-webservices.com\\\/\",\"name\":\"C&amp;N Services - Web Services et Technologies\",\"description\":\"Nous sommes le d\u00e9but de vos projets\",\"publisher\":{\"@id\":\"https:\\\/\\\/cn-webservices.com\\\/#organization\"},\"potentialAction\":[{\"@type\":\"SearchAction\",\"target\":{\"@type\":\"EntryPoint\",\"urlTemplate\":\"https:\\\/\\\/cn-webservices.com\\\/?s={search_term_string}\"},\"query-input\":{\"@type\":\"PropertyValueSpecification\",\"valueRequired\":true,\"valueName\":\"search_term_string\"}}],\"inLanguage\":\"en-US\"},{\"@type\":\"Organization\",\"@id\":\"https:\\\/\\\/cn-webservices.com\\\/#organization\",\"name\":\"C&amp;N Services - Web Services et Technologies\",\"url\":\"https:\\\/\\\/cn-webservices.com\\\/\",\"logo\":{\"@type\":\"ImageObject\",\"inLanguage\":\"en-US\",\"@id\":\"https:\\\/\\\/cn-webservices.com\\\/#\\\/schema\\\/logo\\\/image\\\/\",\"url\":\"https:\\\/\\\/cn-webservices.com\\\/wp-content\\\/uploads\\\/2022\\\/07\\\/CN-Services-Logo-2022.png\",\"contentUrl\":\"https:\\\/\\\/cn-webservices.com\\\/wp-content\\\/uploads\\\/2022\\\/07\\\/CN-Services-Logo-2022.png\",\"width\":827,\"height\":302,\"caption\":\"C&amp;N Services - Web Services et Technologies\"},\"image\":{\"@id\":\"https:\\\/\\\/cn-webservices.com\\\/#\\\/schema\\\/logo\\\/image\\\/\"}}]}<\/script>\n<!-- \/ Yoast SEO plugin. -->","yoast_head_json":{"title":"T\u00e9l\u00e9phone sans fil DECT solide et antibact\u00e9rien SNOM M90 - C&amp;N Services - Web Services et Technologies","robots":{"index":"index","follow":"follow","max-snippet":"max-snippet:-1","max-image-preview":"max-image-preview:large","max-video-preview":"max-video-preview:-1"},"canonical":"https:\/\/cn-webservices.com\/en\/product\/telephone-sans-fil-dect-solide-et-antibacterien-snom-m90\/","og_locale":"en_US","og_type":"article","og_title":"T\u00e9l\u00e9phone sans fil DECT solide et antibact\u00e9rien SNOM M90 - C&amp;N Services - Web Services et Technologies","og_description":"Sp\u00e9cialement con\u00e7u pour une utilisation dans des environnements hygi\u00e9niques  Le\u00a0\u00a0Snom M90\u00a0\u00a0est sp\u00e9cialement con\u00e7u pour \u00eatre utilis\u00e9 dans les h\u00f4pitaux et les \u00e9tablissements o\u00f9 l'hygi\u00e8ne est primordiale. Il est \u00e9quip\u00e9 d'une housse de protection sp\u00e9ciale certifi\u00e9e selon\u00a0\u00a0la norme JIS-Z2801\u00a0\u00a0, qui ne constitue pas un terrain propice \u00e0 la prolif\u00e9ration des bact\u00e9ries. Pour une inactivation efficace d'autres agents pathog\u00e8nes nosocomiaux, y compris les virus envelopp\u00e9s, le bo\u00eetier peut \u00eatre facilement essuy\u00e9 avec de l'alcool isopropylique jusqu'\u00e0 99,99 %.  L'appareil est non seulement particuli\u00e8rement maniable avec ses 130 g environ, mais il est \u00e9galement certifi\u00e9 IP65 et donc insensible aux projections d'eau et \u00e0 la poussi\u00e8re. M\u00eame les chutes d'une hauteur allant jusqu'\u00e0 2 m\u00e8tres ne posent aucun probl\u00e8me gr\u00e2ce au bo\u00eetier renforc\u00e9. Et avec jusqu'\u00e0 17 heures d'autonomie en conversation, le Snom M90 peut \u00eatre utilis\u00e9 sans interruption tout au long de la journ\u00e9e.  Pour une connectivit\u00e9 optimale au sein de l'environnement d\u00e9ploy\u00e9, le Snom M90 int\u00e8gre le Bluetooth. Cela permet non seulement de connecter tous les casques modernes au t\u00e9l\u00e9phone, mais ouvre \u00e9galement des possibilit\u00e9s d'application totalement nouvelles en conjonction avec la\u00a0\u00a0solution Snom Beacon\u00a0\u00a0. Les autres fonctionnalit\u00e9s incluent un \u00e9cran couleur LED haute r\u00e9solution, un meilleur son HD et une alarme vibrante.  Le Snom M90 est hautement sp\u00e9cialis\u00e9 et, gr\u00e2ce \u00e0 son rev\u00eatement blanc antibact\u00e9rien, fait bonne figure, notamment dans le secteur de l'hygi\u00e8ne.   Parfait pour l\u2019utilisation en milieu hospitalier  \u00b7 Coque antibact\u00e9rienne  \u00b7 T\u00e9l\u00e9phone sans fil avec protection IP65  \u00b7 Conception solide et renforc\u00e9e  \u00b7 Prise en charge audio HD  \u00b7 Bouton d\u2019alarme  \u00b7 Bluetooth Low Energy int\u00e9gr\u00e9  \u00b7 Large plage de temp\u00e9ratures  \u00b7 Clip pour ceinture int\u00e9gr\u00e9   Compatible avec les appareils HAC  \u00b7 Compatible avec les bases existantes (1)  \u00b7 Alarme avec vibration  \u00b7 LED multicolore  \u00b7 Autonomie en veille jusqu\u2019\u00e0 200 heures  \u00b7 Test\u00e9 MIL-STD-810g 516.6  \u00b7 Parfait pour l\u2019ext\u00e9rieur  \u00b7 Test\u00e9 JIS-Z2801","og_url":"https:\/\/cn-webservices.com\/en\/product\/telephone-sans-fil-dect-solide-et-antibacterien-snom-m90\/","og_site_name":"C&amp;N Services - Web Services et Technologies","article_modified_time":"2026-01-10T14:47:25+00:00","og_image":[{"width":1024,"height":1024,"url":"https:\/\/cn-webservices.com\/wp-content\/uploads\/2025\/04\/snom_M90_with_cradle_perspective1-1024x1024.png","type":"image\/png"}],"twitter_misc":{"Est. reading time":"2 minutes"},"schema":{"@context":"https:\/\/schema.org","@graph":[{"@type":"WebPage","@id":"https:\/\/cn-webservices.com\/produit\/telephone-sans-fil-dect-solide-et-antibacterien-snom-m90\/","url":"https:\/\/cn-webservices.com\/produit\/telephone-sans-fil-dect-solide-et-antibacterien-snom-m90\/","name":"T\u00e9l\u00e9phone sans fil DECT solide et antibact\u00e9rien SNOM M90 - C&amp;N Services - Web Services et Technologies","isPartOf":{"@id":"https:\/\/cn-webservices.com\/#website"},"primaryImageOfPage":{"@id":"https:\/\/cn-webservices.com\/produit\/telephone-sans-fil-dect-solide-et-antibacterien-snom-m90\/#primaryimage"},"image":{"@id":"https:\/\/cn-webservices.com\/produit\/telephone-sans-fil-dect-solide-et-antibacterien-snom-m90\/#primaryimage"},"thumbnailUrl":"https:\/\/cn-webservices.com\/wp-content\/uploads\/2025\/04\/snom_M90_with_cradle_perspective1.png","datePublished":"2025-04-06T09:22:33+00:00","dateModified":"2026-01-10T14:47:25+00:00","inLanguage":"en-US","potentialAction":[{"@type":"ReadAction","target":["https:\/\/cn-webservices.com\/produit\/telephone-sans-fil-dect-solide-et-antibacterien-snom-m90\/"]}]},{"@type":"ImageObject","inLanguage":"en-US","@id":"https:\/\/cn-webservices.com\/produit\/telephone-sans-fil-dect-solide-et-antibacterien-snom-m90\/#primaryimage","url":"https:\/\/cn-webservices.com\/wp-content\/uploads\/2025\/04\/snom_M90_with_cradle_perspective1.png","contentUrl":"https:\/\/cn-webservices.com\/wp-content\/uploads\/2025\/04\/snom_M90_with_cradle_perspective1.png","width":3200,"height":3200},{"@type":"WebSite","@id":"https:\/\/cn-webservices.com\/#website","url":"https:\/\/cn-webservices.com\/","name":"C&amp;N Services - Web Services et Technologies","description":"Nous sommes le d\u00e9but de vos projets","publisher":{"@id":"https:\/\/cn-webservices.com\/#organization"},"potentialAction":[{"@type":"SearchAction","target":{"@type":"EntryPoint","urlTemplate":"https:\/\/cn-webservices.com\/?s={search_term_string}"},"query-input":{"@type":"PropertyValueSpecification","valueRequired":true,"valueName":"search_term_string"}}],"inLanguage":"en-US"},{"@type":"Organization","@id":"https:\/\/cn-webservices.com\/#organization","name":"C&amp;N Services - Web Services et Technologies","url":"https:\/\/cn-webservices.com\/","logo":{"@type":"ImageObject","inLanguage":"en-US","@id":"https:\/\/cn-webservices.com\/#\/schema\/logo\/image\/","url":"https:\/\/cn-webservices.com\/wp-content\/uploads\/2022\/07\/CN-Services-Logo-2022.png","contentUrl":"https:\/\/cn-webservices.com\/wp-content\/uploads\/2022\/07\/CN-Services-Logo-2022.png","width":827,"height":302,"caption":"C&amp;N Services - Web Services et Technologies"},"image":{"@id":"https:\/\/cn-webservices.com\/#\/schema\/logo\/image\/"}}]}},"_links":{"self":[{"href":"https:\/\/cn-webservices.com\/en\/wp-json\/wp\/v2\/product\/2673","targetHints":{"allow":["GET"]}}],"collection":[{"href":"https:\/\/cn-webservices.com\/en\/wp-json\/wp\/v2\/product"}],"about":[{"href":"https:\/\/cn-webservices.com\/en\/wp-json\/wp\/v2\/types\/product"}],"wp:featuredmedia":[{"embeddable":true,"href":"https:\/\/cn-webservices.com\/en\/wp-json\/wp\/v2\/media\/2620"}],"wp:attachment":[{"href":"https:\/\/cn-webservices.com\/en\/wp-json\/wp\/v2\/media?parent=2673"}],"wp:term":[{"taxonomy":"product_brand","embeddable":true,"href":"https:\/\/cn-webservices.com\/en\/wp-json\/wp\/v2\/product_brand?post=2673"},{"taxonomy":"product_cat","embeddable":true,"href":"https:\/\/cn-webservices.com\/en\/wp-json\/wp\/v2\/product_cat?post=2673"},{"taxonomy":"product_tag","embeddable":true,"href":"https:\/\/cn-webservices.com\/en\/wp-json\/wp\/v2\/product_tag?post=2673"}],"curies":[{"name":"wp","href":"https:\/\/api.w.org\/{rel}","templated":true}]}}