{"id":2664,"date":"2025-04-05T00:14:16","date_gmt":"2025-04-04T23:14:16","guid":{"rendered":"https:\/\/cn-webservices.com\/?post_type=product&#038;p=2664"},"modified":"2026-01-10T15:47:16","modified_gmt":"2026-01-10T14:47:16","slug":"telephone-sans-fil-dect-snom-m65","status":"publish","type":"product","link":"https:\/\/cn-webservices.com\/en\/product\/telephone-sans-fil-dect-snom-m65\/","title":{"rendered":"T\u00e9l\u00e9phone sans fil DECT SNOM M65"},"content":{"rendered":"<p>Caract\u00e9ristiques Informatiques T\u00e9l\u00e9phone<br \/>\n\u00b7 Poids: env. 123g (t\u00e9l\u00e9phone avec batterie)<br \/>\n\u00b7 Dimensions: env. 141x48x24 mm (LxHxP)<br \/>\n\u00b7 Connecteur : jack standard pour 3.5 mm pour casque avec fil \u00b7 Diversification des antennes (deux antennes  internes omnidirectionnelles pour une meilleure   transmission et r\u00e9p\u00e9tition du signal)<br \/>\n\u00b7 Compatible avec proth\u00e8se acoustique (HAC)<br \/>\n\u00b7 Code article : 00003969 Batterie(3)<br \/>\n\u00b7 Type : Lithium-ion, 1100mAh, 3.7V, 4.1 W<br \/>\n\u00b7 Autonomie de conversation \u00e0 bande large :  jusqu\u2018\u00e0 16 heures<br \/>\n\u00b7 Autonomie de conversation en bande \u00e9troite :    jusqu\u2018\u00e0 16 heures<br \/>\n\u00b7 Autonomie en standby : Environ 200-250 heures   (10 jours)<br \/>\n\u00b7 Temps de charge : Jusqu\u2018\u00e0 8 heures quand batterie  d\u00e9charg\u00e9e Chargeur<br \/>\n\u00b7 Entr\u00e9e : 5,5V DC, 600mA<br \/>\n\u00b7 Connecteur: 5.5 mm DC jack<br \/>\n\u00b7 Indicateur de l\u2018\u00e9tat de charge : le voyant lumineux   bleu est allum\u00e9 lorsque le t\u00e9l\u00e9phone est en charge   sur le socle. Adaptateur d\u2018alimentation<br \/>\n\u00b7 En entr\u00e9e : 100-240 AC Volt, 50\/60 Hz, 250mA<br \/>\n\u00b7 En sortie: 5.5V DC, 600mA<br \/>\n\u00b7 Fiches interchangeables brevet\u00e9es. Fiches EU et US inclues, fiche UK disponible sur demande (4) Rayon d\u2018action<br \/>\n\u00b7 \u00c0 l\u2018int\u00e9rieur : Jusqu\u2018\u00e0 50 m\u00e8tres<br \/>\n\u00b7 \u00c0 l\u2018ext\u00e9rieur : jusqu\u2018\u00e0 300 m\u00e8tres  (uniquement \u00e0 usage interne)<\/p>","protected":false},"excerpt":{"rendered":"<p>T\u00e9l\u00e9phone sans fil DECT avec audio HD \u00e0 bande large<\/p>\n<p>Caract\u00e9ristiques principales<br \/>\n\u00b7 Qualit\u00e9 audio \u00e0 bande large (TIA 920)<br \/>\n\u00b7 Haut-parleur \u00e0 bande large<br \/>\n\u00b7 Compatible avec proth\u00e8se acoustique (HAC)<br \/>\n\u00b7 Autonomie : 250 heures en stand-by  et 17 heures en   communication<br \/>\n\u00b7 R\u00e9ception optimis\u00e9e (deux antennes pour une meilleure  performance)<br \/>\n\u00b7 Support r\u00e9pertoire centralis\u00e9 et local<br \/>\n\u00b7 Prise casque standard 3,5 mm<\/p>\n<p>En combinant les fonctionnalit\u00e9s polyvalentes des communications business aux fonctionnalit\u00e9s intuitives du monde mobile, le snom M65 garantit une t\u00e9l\u00e9phonie en accord avec les rythmes et les exigences professionnels. Gr\u00e2ce \u00e0 son design \u00e9l\u00e9gant et \u00e0 sa gamme compl\u00e8te de fonctionnalit\u00e9s, le M65 convient tout particuli\u00e8rement aux utilisateurs qui attendent davantage de leur syst\u00e8me t\u00e9l\u00e9phonique et ont besoin d\u2019une couverture sans fil sur plusieurs \u00e9tages \u00e0 l\u2019int\u00e9rieur de grands b\u00e2timents. Le snom M65 dispose d\u2019un large \u00e9cran couleur 2\u201d et d\u2019un clavier r\u00e9tro\u00e9clair\u00e9 qui permet de composer facilement les num\u00e9ros m\u00eame lorsque la luminosit\u00e9 est faible. Pour signaler les appels entrants, en plus des 6 m\u00e9lodies polyphoniques disponibles, ce t\u00e9l\u00e9phone offre \u00e9galement un mode silencieux avec vibreur.<\/p>\n<p>L\u2019audio \u00e0 bande large garantit une qualit\u00e9 audio exceptionnelle. Gr\u00e2ce au voyant LED tricolore int\u00e9gr\u00e9, vous \u00eates imm\u00e9diatement inform\u00e9 des appels manqu\u00e9s, de la pr\u00e9sence de messages sur votre bo\u00eete vocale ainsi que du statut de la batterie lorsqu\u2019elle est d\u00e9charg\u00e9e. La batterie \u00e0 lithium-ion garantit une autonomie de 250 heures en stand-by et de 17 heures en conversation, permettant ainsi une utilisation intensive sans qu\u2019il soit n\u00e9cessaire de recharger fr\u00e9quemment le t\u00e9l\u00e9phone. Utilis\u00e9 avec les dispositifs snom M700 (1) ou le M300 (2), le snom M65 offre, en outre, de multiples fonctionnalit\u00e9s telles que les messages vocaux, le rappel automatique, les journaux d\u2019appel, l\u2019identification du num\u00e9ro et la recherche directe dans le r\u00e9pertoire de l\u2019entreprise.<\/p>","protected":false},"featured_media":2615,"template":"","meta":[],"product_brand":[60],"product_cat":[59],"product_tag":[],"class_list":{"0":"post-2664","1":"product","2":"type-product","3":"status-publish","4":"has-post-thumbnail","6":"product_brand-snom","7":"product_cat-telephone-de-bureau","9":"first","10":"instock","11":"shipping-taxable","12":"product-type-simple"},"yoast_head":"<!-- This site is optimized with the Yoast SEO plugin v27.4 - https:\/\/yoast.com\/product\/yoast-seo-wordpress\/ -->\n<title>T\u00e9l\u00e9phone sans fil DECT SNOM M65 - C&amp;N Services - Web Services et Technologies<\/title>\n<meta name=\"robots\" content=\"index, follow, max-snippet:-1, max-image-preview:large, max-video-preview:-1\" \/>\n<link rel=\"canonical\" href=\"https:\/\/cn-webservices.com\/en\/product\/telephone-sans-fil-dect-snom-m65\/\" \/>\n<meta property=\"og:locale\" content=\"en_US\" \/>\n<meta property=\"og:type\" content=\"article\" \/>\n<meta property=\"og:title\" content=\"T\u00e9l\u00e9phone sans fil DECT SNOM M65 - C&amp;N Services - Web Services et Technologies\" \/>\n<meta property=\"og:description\" content=\"T\u00e9l\u00e9phone sans fil DECT avec audio HD \u00e0 bande large  Caract\u00e9ristiques principales  \u00b7 Qualit\u00e9 audio \u00e0 bande large (TIA 920)  \u00b7 Haut-parleur \u00e0 bande large  \u00b7 Compatible avec proth\u00e8se acoustique (HAC)  \u00b7 Autonomie : 250 heures en stand-by et 17 heures en  communication  \u00b7 R\u00e9ception optimis\u00e9e (deux antennes pour une meilleure performance)  \u00b7 Support r\u00e9pertoire centralis\u00e9 et local  \u00b7 Prise casque standard 3,5 mm  En combinant les fonctionnalit\u00e9s polyvalentes des communications business aux fonctionnalit\u00e9s intuitives du monde mobile, le snom M65 garantit une t\u00e9l\u00e9phonie en accord avec les rythmes et les exigences professionnels. Gr\u00e2ce \u00e0 son design \u00e9l\u00e9gant et \u00e0 sa gamme compl\u00e8te de fonctionnalit\u00e9s, le M65 convient tout particuli\u00e8rement aux utilisateurs qui attendent davantage de leur syst\u00e8me t\u00e9l\u00e9phonique et ont besoin d\u2019une couverture sans fil sur plusieurs \u00e9tages \u00e0 l\u2019int\u00e9rieur de grands b\u00e2timents. Le snom M65 dispose d\u2019un large \u00e9cran couleur 2\u201d et d\u2019un clavier r\u00e9tro\u00e9clair\u00e9 qui permet de composer facilement les num\u00e9ros m\u00eame lorsque la luminosit\u00e9 est faible. Pour signaler les appels entrants, en plus des 6 m\u00e9lodies polyphoniques disponibles, ce t\u00e9l\u00e9phone offre \u00e9galement un mode silencieux avec vibreur.  L\u2019audio \u00e0 bande large garantit une qualit\u00e9 audio exceptionnelle. Gr\u00e2ce au voyant LED tricolore int\u00e9gr\u00e9, vous \u00eates imm\u00e9diatement inform\u00e9 des appels manqu\u00e9s, de la pr\u00e9sence de messages sur votre bo\u00eete vocale ainsi que du statut de la batterie lorsqu\u2019elle est d\u00e9charg\u00e9e. La batterie \u00e0 lithium-ion garantit une autonomie de 250 heures en stand-by et de 17 heures en conversation, permettant ainsi une utilisation intensive sans qu\u2019il soit n\u00e9cessaire de recharger fr\u00e9quemment le t\u00e9l\u00e9phone. Utilis\u00e9 avec les dispositifs snom M700 (1) ou le M300 (2), le snom M65 offre, en outre, de multiples fonctionnalit\u00e9s telles que les messages vocaux, le rappel automatique, les journaux d\u2019appel, l\u2019identification du num\u00e9ro et la recherche directe dans le r\u00e9pertoire de l\u2019entreprise.\" \/>\n<meta property=\"og:url\" content=\"https:\/\/cn-webservices.com\/en\/product\/telephone-sans-fil-dect-snom-m65\/\" \/>\n<meta property=\"og:site_name\" content=\"C&amp;N Services - Web Services et Technologies\" \/>\n<meta property=\"article:modified_time\" content=\"2026-01-10T14:47:16+00:00\" \/>\n<meta property=\"og:image\" content=\"https:\/\/cn-webservices.com\/wp-content\/uploads\/2025\/04\/snom_M65_with_cradle_perspective_idle_alpha_2160px.png\" \/>\n\t<meta property=\"og:image:width\" content=\"2528\" \/>\n\t<meta property=\"og:image:height\" content=\"2160\" \/>\n\t<meta property=\"og:image:type\" content=\"image\/png\" \/>\n<meta name=\"twitter:label1\" content=\"Est. reading time\" \/>\n\t<meta name=\"twitter:data1\" content=\"1 minute\" \/>\n<script type=\"application\/ld+json\" class=\"yoast-schema-graph\">{\"@context\":\"https:\\\/\\\/schema.org\",\"@graph\":[{\"@type\":\"WebPage\",\"@id\":\"https:\\\/\\\/cn-webservices.com\\\/produit\\\/telephone-sans-fil-dect-snom-m65\\\/\",\"url\":\"https:\\\/\\\/cn-webservices.com\\\/produit\\\/telephone-sans-fil-dect-snom-m65\\\/\",\"name\":\"T\u00e9l\u00e9phone sans fil DECT SNOM M65 - C&amp;N Services - Web Services et Technologies\",\"isPartOf\":{\"@id\":\"https:\\\/\\\/cn-webservices.com\\\/#website\"},\"primaryImageOfPage\":{\"@id\":\"https:\\\/\\\/cn-webservices.com\\\/produit\\\/telephone-sans-fil-dect-snom-m65\\\/#primaryimage\"},\"image\":{\"@id\":\"https:\\\/\\\/cn-webservices.com\\\/produit\\\/telephone-sans-fil-dect-snom-m65\\\/#primaryimage\"},\"thumbnailUrl\":\"https:\\\/\\\/cn-webservices.com\\\/wp-content\\\/uploads\\\/2025\\\/04\\\/snom_M65_with_cradle_perspective_idle_alpha_2160px.png\",\"datePublished\":\"2025-04-04T23:14:16+00:00\",\"dateModified\":\"2026-01-10T14:47:16+00:00\",\"inLanguage\":\"en-US\",\"potentialAction\":[{\"@type\":\"ReadAction\",\"target\":[\"https:\\\/\\\/cn-webservices.com\\\/produit\\\/telephone-sans-fil-dect-snom-m65\\\/\"]}]},{\"@type\":\"ImageObject\",\"inLanguage\":\"en-US\",\"@id\":\"https:\\\/\\\/cn-webservices.com\\\/produit\\\/telephone-sans-fil-dect-snom-m65\\\/#primaryimage\",\"url\":\"https:\\\/\\\/cn-webservices.com\\\/wp-content\\\/uploads\\\/2025\\\/04\\\/snom_M65_with_cradle_perspective_idle_alpha_2160px.png\",\"contentUrl\":\"https:\\\/\\\/cn-webservices.com\\\/wp-content\\\/uploads\\\/2025\\\/04\\\/snom_M65_with_cradle_perspective_idle_alpha_2160px.png\",\"width\":2528,\"height\":2160},{\"@type\":\"WebSite\",\"@id\":\"https:\\\/\\\/cn-webservices.com\\\/#website\",\"url\":\"https:\\\/\\\/cn-webservices.com\\\/\",\"name\":\"C&amp;N Services - Web Services et Technologies\",\"description\":\"Nous sommes le d\u00e9but de vos projets\",\"publisher\":{\"@id\":\"https:\\\/\\\/cn-webservices.com\\\/#organization\"},\"potentialAction\":[{\"@type\":\"SearchAction\",\"target\":{\"@type\":\"EntryPoint\",\"urlTemplate\":\"https:\\\/\\\/cn-webservices.com\\\/?s={search_term_string}\"},\"query-input\":{\"@type\":\"PropertyValueSpecification\",\"valueRequired\":true,\"valueName\":\"search_term_string\"}}],\"inLanguage\":\"en-US\"},{\"@type\":\"Organization\",\"@id\":\"https:\\\/\\\/cn-webservices.com\\\/#organization\",\"name\":\"C&amp;N Services - Web Services et Technologies\",\"url\":\"https:\\\/\\\/cn-webservices.com\\\/\",\"logo\":{\"@type\":\"ImageObject\",\"inLanguage\":\"en-US\",\"@id\":\"https:\\\/\\\/cn-webservices.com\\\/#\\\/schema\\\/logo\\\/image\\\/\",\"url\":\"https:\\\/\\\/cn-webservices.com\\\/wp-content\\\/uploads\\\/2022\\\/07\\\/CN-Services-Logo-2022.png\",\"contentUrl\":\"https:\\\/\\\/cn-webservices.com\\\/wp-content\\\/uploads\\\/2022\\\/07\\\/CN-Services-Logo-2022.png\",\"width\":827,\"height\":302,\"caption\":\"C&amp;N Services - Web Services et Technologies\"},\"image\":{\"@id\":\"https:\\\/\\\/cn-webservices.com\\\/#\\\/schema\\\/logo\\\/image\\\/\"}}]}<\/script>\n<!-- \/ Yoast SEO plugin. -->","yoast_head_json":{"title":"T\u00e9l\u00e9phone sans fil DECT SNOM M65 - C&amp;N Services - Web Services et Technologies","robots":{"index":"index","follow":"follow","max-snippet":"max-snippet:-1","max-image-preview":"max-image-preview:large","max-video-preview":"max-video-preview:-1"},"canonical":"https:\/\/cn-webservices.com\/en\/product\/telephone-sans-fil-dect-snom-m65\/","og_locale":"en_US","og_type":"article","og_title":"T\u00e9l\u00e9phone sans fil DECT SNOM M65 - C&amp;N Services - Web Services et Technologies","og_description":"T\u00e9l\u00e9phone sans fil DECT avec audio HD \u00e0 bande large  Caract\u00e9ristiques principales  \u00b7 Qualit\u00e9 audio \u00e0 bande large (TIA 920)  \u00b7 Haut-parleur \u00e0 bande large  \u00b7 Compatible avec proth\u00e8se acoustique (HAC)  \u00b7 Autonomie : 250 heures en stand-by et 17 heures en  communication  \u00b7 R\u00e9ception optimis\u00e9e (deux antennes pour une meilleure performance)  \u00b7 Support r\u00e9pertoire centralis\u00e9 et local  \u00b7 Prise casque standard 3,5 mm  En combinant les fonctionnalit\u00e9s polyvalentes des communications business aux fonctionnalit\u00e9s intuitives du monde mobile, le snom M65 garantit une t\u00e9l\u00e9phonie en accord avec les rythmes et les exigences professionnels. Gr\u00e2ce \u00e0 son design \u00e9l\u00e9gant et \u00e0 sa gamme compl\u00e8te de fonctionnalit\u00e9s, le M65 convient tout particuli\u00e8rement aux utilisateurs qui attendent davantage de leur syst\u00e8me t\u00e9l\u00e9phonique et ont besoin d\u2019une couverture sans fil sur plusieurs \u00e9tages \u00e0 l\u2019int\u00e9rieur de grands b\u00e2timents. Le snom M65 dispose d\u2019un large \u00e9cran couleur 2\u201d et d\u2019un clavier r\u00e9tro\u00e9clair\u00e9 qui permet de composer facilement les num\u00e9ros m\u00eame lorsque la luminosit\u00e9 est faible. Pour signaler les appels entrants, en plus des 6 m\u00e9lodies polyphoniques disponibles, ce t\u00e9l\u00e9phone offre \u00e9galement un mode silencieux avec vibreur.  L\u2019audio \u00e0 bande large garantit une qualit\u00e9 audio exceptionnelle. Gr\u00e2ce au voyant LED tricolore int\u00e9gr\u00e9, vous \u00eates imm\u00e9diatement inform\u00e9 des appels manqu\u00e9s, de la pr\u00e9sence de messages sur votre bo\u00eete vocale ainsi que du statut de la batterie lorsqu\u2019elle est d\u00e9charg\u00e9e. La batterie \u00e0 lithium-ion garantit une autonomie de 250 heures en stand-by et de 17 heures en conversation, permettant ainsi une utilisation intensive sans qu\u2019il soit n\u00e9cessaire de recharger fr\u00e9quemment le t\u00e9l\u00e9phone. Utilis\u00e9 avec les dispositifs snom M700 (1) ou le M300 (2), le snom M65 offre, en outre, de multiples fonctionnalit\u00e9s telles que les messages vocaux, le rappel automatique, les journaux d\u2019appel, l\u2019identification du num\u00e9ro et la recherche directe dans le r\u00e9pertoire de l\u2019entreprise.","og_url":"https:\/\/cn-webservices.com\/en\/product\/telephone-sans-fil-dect-snom-m65\/","og_site_name":"C&amp;N Services - Web Services et Technologies","article_modified_time":"2026-01-10T14:47:16+00:00","og_image":[{"width":2528,"height":2160,"url":"https:\/\/cn-webservices.com\/wp-content\/uploads\/2025\/04\/snom_M65_with_cradle_perspective_idle_alpha_2160px.png","type":"image\/png"}],"twitter_misc":{"Est. reading time":"1 minute"},"schema":{"@context":"https:\/\/schema.org","@graph":[{"@type":"WebPage","@id":"https:\/\/cn-webservices.com\/produit\/telephone-sans-fil-dect-snom-m65\/","url":"https:\/\/cn-webservices.com\/produit\/telephone-sans-fil-dect-snom-m65\/","name":"T\u00e9l\u00e9phone sans fil DECT SNOM M65 - C&amp;N Services - Web Services et Technologies","isPartOf":{"@id":"https:\/\/cn-webservices.com\/#website"},"primaryImageOfPage":{"@id":"https:\/\/cn-webservices.com\/produit\/telephone-sans-fil-dect-snom-m65\/#primaryimage"},"image":{"@id":"https:\/\/cn-webservices.com\/produit\/telephone-sans-fil-dect-snom-m65\/#primaryimage"},"thumbnailUrl":"https:\/\/cn-webservices.com\/wp-content\/uploads\/2025\/04\/snom_M65_with_cradle_perspective_idle_alpha_2160px.png","datePublished":"2025-04-04T23:14:16+00:00","dateModified":"2026-01-10T14:47:16+00:00","inLanguage":"en-US","potentialAction":[{"@type":"ReadAction","target":["https:\/\/cn-webservices.com\/produit\/telephone-sans-fil-dect-snom-m65\/"]}]},{"@type":"ImageObject","inLanguage":"en-US","@id":"https:\/\/cn-webservices.com\/produit\/telephone-sans-fil-dect-snom-m65\/#primaryimage","url":"https:\/\/cn-webservices.com\/wp-content\/uploads\/2025\/04\/snom_M65_with_cradle_perspective_idle_alpha_2160px.png","contentUrl":"https:\/\/cn-webservices.com\/wp-content\/uploads\/2025\/04\/snom_M65_with_cradle_perspective_idle_alpha_2160px.png","width":2528,"height":2160},{"@type":"WebSite","@id":"https:\/\/cn-webservices.com\/#website","url":"https:\/\/cn-webservices.com\/","name":"C&amp;N Services - Web Services et Technologies","description":"Nous sommes le d\u00e9but de vos projets","publisher":{"@id":"https:\/\/cn-webservices.com\/#organization"},"potentialAction":[{"@type":"SearchAction","target":{"@type":"EntryPoint","urlTemplate":"https:\/\/cn-webservices.com\/?s={search_term_string}"},"query-input":{"@type":"PropertyValueSpecification","valueRequired":true,"valueName":"search_term_string"}}],"inLanguage":"en-US"},{"@type":"Organization","@id":"https:\/\/cn-webservices.com\/#organization","name":"C&amp;N Services - Web Services et Technologies","url":"https:\/\/cn-webservices.com\/","logo":{"@type":"ImageObject","inLanguage":"en-US","@id":"https:\/\/cn-webservices.com\/#\/schema\/logo\/image\/","url":"https:\/\/cn-webservices.com\/wp-content\/uploads\/2022\/07\/CN-Services-Logo-2022.png","contentUrl":"https:\/\/cn-webservices.com\/wp-content\/uploads\/2022\/07\/CN-Services-Logo-2022.png","width":827,"height":302,"caption":"C&amp;N Services - Web Services et Technologies"},"image":{"@id":"https:\/\/cn-webservices.com\/#\/schema\/logo\/image\/"}}]}},"_links":{"self":[{"href":"https:\/\/cn-webservices.com\/en\/wp-json\/wp\/v2\/product\/2664","targetHints":{"allow":["GET"]}}],"collection":[{"href":"https:\/\/cn-webservices.com\/en\/wp-json\/wp\/v2\/product"}],"about":[{"href":"https:\/\/cn-webservices.com\/en\/wp-json\/wp\/v2\/types\/product"}],"wp:featuredmedia":[{"embeddable":true,"href":"https:\/\/cn-webservices.com\/en\/wp-json\/wp\/v2\/media\/2615"}],"wp:attachment":[{"href":"https:\/\/cn-webservices.com\/en\/wp-json\/wp\/v2\/media?parent=2664"}],"wp:term":[{"taxonomy":"product_brand","embeddable":true,"href":"https:\/\/cn-webservices.com\/en\/wp-json\/wp\/v2\/product_brand?post=2664"},{"taxonomy":"product_cat","embeddable":true,"href":"https:\/\/cn-webservices.com\/en\/wp-json\/wp\/v2\/product_cat?post=2664"},{"taxonomy":"product_tag","embeddable":true,"href":"https:\/\/cn-webservices.com\/en\/wp-json\/wp\/v2\/product_tag?post=2664"}],"curies":[{"name":"wp","href":"https:\/\/api.w.org\/{rel}","templated":true}]}}