{"id":2659,"date":"2025-04-03T14:05:19","date_gmt":"2025-04-03T13:05:19","guid":{"rendered":"https:\/\/cn-webservices.com\/?post_type=product&#038;p=2659"},"modified":"2026-01-10T15:47:06","modified_gmt":"2026-01-10T14:47:06","slug":"telephonie-hoteliere-snom-hd351w","status":"publish","type":"product","link":"https:\/\/cn-webservices.com\/en\/product\/telephonie-hoteliere-snom-hd351w\/","title":{"rendered":"T\u00e9l\u00e9phonie h\u00f4teli\u00e8re Snom hd351w"},"content":{"rendered":"<p>Informations g\u00e9n\u00e9rales et \u00e9quipement Information produit T\u00e9l\u00e9phone de chambre (WLAN) | R\u00e9cepteur DECT sans fil PN 00007009<br \/>\nCouleur : noir bronze<br \/>\nCoque antibact\u00e9rienne<br \/>\n\u00c9quipement<br \/>\nConstruction robuste et solide<br \/>\nBase du t\u00e9l\u00e9phone: Plaque frontale enti\u00e8rement personnalisable avec la marque de l&rsquo;h\u00f4tel et les instructions de num\u00e9rotation<br \/>\nR\u00e9cepteur DECT sans fil : Section personnalisable avec la couleur ou la marque de l&rsquo;h\u00f4tel<br \/>\nEnvironnement : int\u00e9rieur, bureau, table de nuit, montage mural<br \/>\nDimensions et poids<br \/>\nDimensions (H x L x P, env.)<br \/>\nR\u00e9cepteur DECT sans fil sur le socle (mont\u00e9 sur bureau): 109\u00a0mm \u00d7 146\u00a0mm \u00d7 182\u00a0mm<br \/>\nR\u00e9cepteur DECT sans fil sur le socle (mont\u00e9 au mur): 109\u00a0mm \u00d7 56\u00a0mm \u00d7 216\u00a0mm Poids (environ)<br \/>\nR\u00e9cepteur DECT sans fil sur le socle: 796\u00a0g Indicateurs 9 indicateurs DELs<br \/>\nBase du t\u00e9l\u00e9phone<br \/>\nIndication du statut d&rsquo;appel |<br \/>\nIndication d&rsquo;attente de message (MWI) : 1 DEL rouge Indication d&rsquo;\u00e9tat muet : 1 DEL rouge<br \/>\nMode haut-parleur : 1 DEL rouge<br \/>\nIndication \u00e9tat de charge: 1 DEL rouge R\u00e9cepteur DECT sans fil Indication d&rsquo;attente de message (MWI) : 1 DEL rouge Indication des touches Flash\/Talk: 1 DEL verte<br \/>\nMode haut-parleur : 1 DEL rouge<br \/>\nIndication d&rsquo;\u00e9tat muet : 1 DEL rouge<br \/>\nIndication de batterie faible: 1 DEL rouge<\/p>","protected":false},"excerpt":{"rendered":"<p>Le mod\u00e8le HD351W est con\u00e7u en tant que t\u00e9l\u00e9phone confortable, mince et moderne pour les chambres d&rsquo;h\u00f4tel ou d&rsquo;h\u00e9bergement, et qui offre aux clients la plus grande libert\u00e9 de mouvement possible avec un combin\u00e9 DECT sans fil ainsi que les principales fonctionnalit\u00e9s WLAN Audio HD Rev\u00eatement antibact\u00e9rien infrastructure r\u00e9seau \u00e0 gestion centralis\u00e9e et \u00e0 l&rsquo;\u00e9preuve du temps. t\u00e9l\u00e9phoniques telles que la num\u00e9rotation rapide de toutes les installations et chambres de l&rsquo;h\u00f4tel, les appels mains libres, la mise en attente et la mise en sourdine. Si n\u00e9cessaire, il peut \u00eatre compl\u00e9t\u00e9 par un maximum de 4 combin\u00e9s DECT suppl\u00e9mentaires de type HD3. L&rsquo;alimentation PoE et la connexion Ethernet Gigabit permettent d&rsquo;int\u00e9grer l&rsquo;appareil dans une Alternativement, le dispositif peut \u00e9galement \u00eatre utilis\u00e9 ind\u00e9pendamment du c\u00e2blage r\u00e9seau, en utilisant le WiFi et l&rsquo;adaptateur d&rsquo;alimentation \u00e9lectrique incluse. Tous les r\u00e9glages du mod\u00e8le HD351W peuvent bien s\u00fbr \u00eatre g\u00e9r\u00e9s de mani\u00e8re centralis\u00e9e. Le bo\u00eetier antibact\u00e9rien prot\u00e8ge contre les germes et est facile \u00e0 nettoyer. Les grands indicateurs visuels DEL d&rsquo;appel et de message ainsi que les options d&rsquo;\u00e9tiquetage individuelles compl\u00e8tent l&rsquo;image globale.<\/p>","protected":false},"featured_media":2604,"template":"","meta":[],"product_brand":[60],"product_cat":[62],"product_tag":[],"class_list":{"0":"post-2659","1":"product","2":"type-product","3":"status-publish","4":"has-post-thumbnail","6":"product_brand-snom","7":"product_cat-telephonie-hoteliere","9":"first","10":"instock","11":"shipping-taxable","12":"product-type-simple"},"yoast_head":"<!-- This site is optimized with the Yoast SEO plugin v27.4 - https:\/\/yoast.com\/product\/yoast-seo-wordpress\/ -->\n<title>T\u00e9l\u00e9phonie h\u00f4teli\u00e8re Snom hd351w - C&amp;N Services - Web Services et Technologies<\/title>\n<meta name=\"robots\" content=\"index, follow, max-snippet:-1, max-image-preview:large, max-video-preview:-1\" \/>\n<link rel=\"canonical\" href=\"https:\/\/cn-webservices.com\/en\/product\/telephonie-hoteliere-snom-hd351w\/\" \/>\n<meta property=\"og:locale\" content=\"en_US\" \/>\n<meta property=\"og:type\" content=\"article\" \/>\n<meta property=\"og:title\" content=\"T\u00e9l\u00e9phonie h\u00f4teli\u00e8re Snom hd351w - C&amp;N Services - Web Services et Technologies\" \/>\n<meta property=\"og:description\" content=\"Le mod\u00e8le HD351W est con\u00e7u en tant que t\u00e9l\u00e9phone confortable, mince et moderne pour les chambres d&#039;h\u00f4tel ou d&#039;h\u00e9bergement, et qui offre aux clients la plus grande libert\u00e9 de mouvement possible avec un combin\u00e9 DECT sans fil ainsi que les principales fonctionnalit\u00e9s WLAN Audio HD Rev\u00eatement antibact\u00e9rien infrastructure r\u00e9seau \u00e0 gestion centralis\u00e9e et \u00e0 l&#039;\u00e9preuve du temps. t\u00e9l\u00e9phoniques telles que la num\u00e9rotation rapide de toutes les installations et chambres de l&#039;h\u00f4tel, les appels mains libres, la mise en attente et la mise en sourdine. Si n\u00e9cessaire, il peut \u00eatre compl\u00e9t\u00e9 par un maximum de 4 combin\u00e9s DECT suppl\u00e9mentaires de type HD3. L&#039;alimentation PoE et la connexion Ethernet Gigabit permettent d&#039;int\u00e9grer l&#039;appareil dans une Alternativement, le dispositif peut \u00e9galement \u00eatre utilis\u00e9 ind\u00e9pendamment du c\u00e2blage r\u00e9seau, en utilisant le WiFi et l&#039;adaptateur d&#039;alimentation \u00e9lectrique incluse. Tous les r\u00e9glages du mod\u00e8le HD351W peuvent bien s\u00fbr \u00eatre g\u00e9r\u00e9s de mani\u00e8re centralis\u00e9e. Le bo\u00eetier antibact\u00e9rien prot\u00e8ge contre les germes et est facile \u00e0 nettoyer. Les grands indicateurs visuels DEL d&#039;appel et de message ainsi que les options d&#039;\u00e9tiquetage individuelles compl\u00e8tent l&#039;image globale.\" \/>\n<meta property=\"og:url\" content=\"https:\/\/cn-webservices.com\/en\/product\/telephonie-hoteliere-snom-hd351w\/\" \/>\n<meta property=\"og:site_name\" content=\"C&amp;N Services - Web Services et Technologies\" \/>\n<meta property=\"article:modified_time\" content=\"2026-01-10T14:47:06+00:00\" \/>\n<meta property=\"og:image\" content=\"https:\/\/cn-webservices.com\/wp-content\/uploads\/2025\/04\/snom_HD351W_p1_dummy2-1024x1024.png\" \/>\n\t<meta property=\"og:image:width\" content=\"1024\" \/>\n\t<meta property=\"og:image:height\" content=\"1024\" \/>\n\t<meta property=\"og:image:type\" content=\"image\/png\" \/>\n<meta name=\"twitter:label1\" content=\"Est. reading time\" \/>\n\t<meta name=\"twitter:data1\" content=\"1 minute\" \/>\n<script type=\"application\/ld+json\" class=\"yoast-schema-graph\">{\"@context\":\"https:\\\/\\\/schema.org\",\"@graph\":[{\"@type\":\"WebPage\",\"@id\":\"https:\\\/\\\/cn-webservices.com\\\/produit\\\/telephonie-hoteliere-snom-hd351w\\\/\",\"url\":\"https:\\\/\\\/cn-webservices.com\\\/produit\\\/telephonie-hoteliere-snom-hd351w\\\/\",\"name\":\"T\u00e9l\u00e9phonie h\u00f4teli\u00e8re Snom hd351w - C&amp;N Services - Web Services et Technologies\",\"isPartOf\":{\"@id\":\"https:\\\/\\\/cn-webservices.com\\\/#website\"},\"primaryImageOfPage\":{\"@id\":\"https:\\\/\\\/cn-webservices.com\\\/produit\\\/telephonie-hoteliere-snom-hd351w\\\/#primaryimage\"},\"image\":{\"@id\":\"https:\\\/\\\/cn-webservices.com\\\/produit\\\/telephonie-hoteliere-snom-hd351w\\\/#primaryimage\"},\"thumbnailUrl\":\"https:\\\/\\\/cn-webservices.com\\\/wp-content\\\/uploads\\\/2025\\\/04\\\/snom_HD351W_p1_dummy2.png\",\"datePublished\":\"2025-04-03T13:05:19+00:00\",\"dateModified\":\"2026-01-10T14:47:06+00:00\",\"inLanguage\":\"en-US\",\"potentialAction\":[{\"@type\":\"ReadAction\",\"target\":[\"https:\\\/\\\/cn-webservices.com\\\/produit\\\/telephonie-hoteliere-snom-hd351w\\\/\"]}]},{\"@type\":\"ImageObject\",\"inLanguage\":\"en-US\",\"@id\":\"https:\\\/\\\/cn-webservices.com\\\/produit\\\/telephonie-hoteliere-snom-hd351w\\\/#primaryimage\",\"url\":\"https:\\\/\\\/cn-webservices.com\\\/wp-content\\\/uploads\\\/2025\\\/04\\\/snom_HD351W_p1_dummy2.png\",\"contentUrl\":\"https:\\\/\\\/cn-webservices.com\\\/wp-content\\\/uploads\\\/2025\\\/04\\\/snom_HD351W_p1_dummy2.png\",\"width\":2868,\"height\":2868},{\"@type\":\"WebSite\",\"@id\":\"https:\\\/\\\/cn-webservices.com\\\/#website\",\"url\":\"https:\\\/\\\/cn-webservices.com\\\/\",\"name\":\"C&amp;N Services - Web Services et Technologies\",\"description\":\"Nous sommes le d\u00e9but de vos projets\",\"publisher\":{\"@id\":\"https:\\\/\\\/cn-webservices.com\\\/#organization\"},\"potentialAction\":[{\"@type\":\"SearchAction\",\"target\":{\"@type\":\"EntryPoint\",\"urlTemplate\":\"https:\\\/\\\/cn-webservices.com\\\/?s={search_term_string}\"},\"query-input\":{\"@type\":\"PropertyValueSpecification\",\"valueRequired\":true,\"valueName\":\"search_term_string\"}}],\"inLanguage\":\"en-US\"},{\"@type\":\"Organization\",\"@id\":\"https:\\\/\\\/cn-webservices.com\\\/#organization\",\"name\":\"C&amp;N Services - Web Services et Technologies\",\"url\":\"https:\\\/\\\/cn-webservices.com\\\/\",\"logo\":{\"@type\":\"ImageObject\",\"inLanguage\":\"en-US\",\"@id\":\"https:\\\/\\\/cn-webservices.com\\\/#\\\/schema\\\/logo\\\/image\\\/\",\"url\":\"https:\\\/\\\/cn-webservices.com\\\/wp-content\\\/uploads\\\/2022\\\/07\\\/CN-Services-Logo-2022.png\",\"contentUrl\":\"https:\\\/\\\/cn-webservices.com\\\/wp-content\\\/uploads\\\/2022\\\/07\\\/CN-Services-Logo-2022.png\",\"width\":827,\"height\":302,\"caption\":\"C&amp;N Services - Web Services et Technologies\"},\"image\":{\"@id\":\"https:\\\/\\\/cn-webservices.com\\\/#\\\/schema\\\/logo\\\/image\\\/\"}}]}<\/script>\n<!-- \/ Yoast SEO plugin. -->","yoast_head_json":{"title":"T\u00e9l\u00e9phonie h\u00f4teli\u00e8re Snom hd351w - C&amp;N Services - Web Services et Technologies","robots":{"index":"index","follow":"follow","max-snippet":"max-snippet:-1","max-image-preview":"max-image-preview:large","max-video-preview":"max-video-preview:-1"},"canonical":"https:\/\/cn-webservices.com\/en\/product\/telephonie-hoteliere-snom-hd351w\/","og_locale":"en_US","og_type":"article","og_title":"T\u00e9l\u00e9phonie h\u00f4teli\u00e8re Snom hd351w - C&amp;N Services - Web Services et Technologies","og_description":"Le mod\u00e8le HD351W est con\u00e7u en tant que t\u00e9l\u00e9phone confortable, mince et moderne pour les chambres d'h\u00f4tel ou d'h\u00e9bergement, et qui offre aux clients la plus grande libert\u00e9 de mouvement possible avec un combin\u00e9 DECT sans fil ainsi que les principales fonctionnalit\u00e9s WLAN Audio HD Rev\u00eatement antibact\u00e9rien infrastructure r\u00e9seau \u00e0 gestion centralis\u00e9e et \u00e0 l'\u00e9preuve du temps. t\u00e9l\u00e9phoniques telles que la num\u00e9rotation rapide de toutes les installations et chambres de l'h\u00f4tel, les appels mains libres, la mise en attente et la mise en sourdine. Si n\u00e9cessaire, il peut \u00eatre compl\u00e9t\u00e9 par un maximum de 4 combin\u00e9s DECT suppl\u00e9mentaires de type HD3. L'alimentation PoE et la connexion Ethernet Gigabit permettent d'int\u00e9grer l'appareil dans une Alternativement, le dispositif peut \u00e9galement \u00eatre utilis\u00e9 ind\u00e9pendamment du c\u00e2blage r\u00e9seau, en utilisant le WiFi et l'adaptateur d'alimentation \u00e9lectrique incluse. Tous les r\u00e9glages du mod\u00e8le HD351W peuvent bien s\u00fbr \u00eatre g\u00e9r\u00e9s de mani\u00e8re centralis\u00e9e. Le bo\u00eetier antibact\u00e9rien prot\u00e8ge contre les germes et est facile \u00e0 nettoyer. Les grands indicateurs visuels DEL d'appel et de message ainsi que les options d'\u00e9tiquetage individuelles compl\u00e8tent l'image globale.","og_url":"https:\/\/cn-webservices.com\/en\/product\/telephonie-hoteliere-snom-hd351w\/","og_site_name":"C&amp;N Services - Web Services et Technologies","article_modified_time":"2026-01-10T14:47:06+00:00","og_image":[{"width":1024,"height":1024,"url":"https:\/\/cn-webservices.com\/wp-content\/uploads\/2025\/04\/snom_HD351W_p1_dummy2-1024x1024.png","type":"image\/png"}],"twitter_misc":{"Est. reading time":"1 minute"},"schema":{"@context":"https:\/\/schema.org","@graph":[{"@type":"WebPage","@id":"https:\/\/cn-webservices.com\/produit\/telephonie-hoteliere-snom-hd351w\/","url":"https:\/\/cn-webservices.com\/produit\/telephonie-hoteliere-snom-hd351w\/","name":"T\u00e9l\u00e9phonie h\u00f4teli\u00e8re Snom hd351w - C&amp;N Services - Web Services et Technologies","isPartOf":{"@id":"https:\/\/cn-webservices.com\/#website"},"primaryImageOfPage":{"@id":"https:\/\/cn-webservices.com\/produit\/telephonie-hoteliere-snom-hd351w\/#primaryimage"},"image":{"@id":"https:\/\/cn-webservices.com\/produit\/telephonie-hoteliere-snom-hd351w\/#primaryimage"},"thumbnailUrl":"https:\/\/cn-webservices.com\/wp-content\/uploads\/2025\/04\/snom_HD351W_p1_dummy2.png","datePublished":"2025-04-03T13:05:19+00:00","dateModified":"2026-01-10T14:47:06+00:00","inLanguage":"en-US","potentialAction":[{"@type":"ReadAction","target":["https:\/\/cn-webservices.com\/produit\/telephonie-hoteliere-snom-hd351w\/"]}]},{"@type":"ImageObject","inLanguage":"en-US","@id":"https:\/\/cn-webservices.com\/produit\/telephonie-hoteliere-snom-hd351w\/#primaryimage","url":"https:\/\/cn-webservices.com\/wp-content\/uploads\/2025\/04\/snom_HD351W_p1_dummy2.png","contentUrl":"https:\/\/cn-webservices.com\/wp-content\/uploads\/2025\/04\/snom_HD351W_p1_dummy2.png","width":2868,"height":2868},{"@type":"WebSite","@id":"https:\/\/cn-webservices.com\/#website","url":"https:\/\/cn-webservices.com\/","name":"C&amp;N Services - Web Services et Technologies","description":"Nous sommes le d\u00e9but de vos projets","publisher":{"@id":"https:\/\/cn-webservices.com\/#organization"},"potentialAction":[{"@type":"SearchAction","target":{"@type":"EntryPoint","urlTemplate":"https:\/\/cn-webservices.com\/?s={search_term_string}"},"query-input":{"@type":"PropertyValueSpecification","valueRequired":true,"valueName":"search_term_string"}}],"inLanguage":"en-US"},{"@type":"Organization","@id":"https:\/\/cn-webservices.com\/#organization","name":"C&amp;N Services - Web Services et Technologies","url":"https:\/\/cn-webservices.com\/","logo":{"@type":"ImageObject","inLanguage":"en-US","@id":"https:\/\/cn-webservices.com\/#\/schema\/logo\/image\/","url":"https:\/\/cn-webservices.com\/wp-content\/uploads\/2022\/07\/CN-Services-Logo-2022.png","contentUrl":"https:\/\/cn-webservices.com\/wp-content\/uploads\/2022\/07\/CN-Services-Logo-2022.png","width":827,"height":302,"caption":"C&amp;N Services - Web Services et Technologies"},"image":{"@id":"https:\/\/cn-webservices.com\/#\/schema\/logo\/image\/"}}]}},"_links":{"self":[{"href":"https:\/\/cn-webservices.com\/en\/wp-json\/wp\/v2\/product\/2659","targetHints":{"allow":["GET"]}}],"collection":[{"href":"https:\/\/cn-webservices.com\/en\/wp-json\/wp\/v2\/product"}],"about":[{"href":"https:\/\/cn-webservices.com\/en\/wp-json\/wp\/v2\/types\/product"}],"wp:featuredmedia":[{"embeddable":true,"href":"https:\/\/cn-webservices.com\/en\/wp-json\/wp\/v2\/media\/2604"}],"wp:attachment":[{"href":"https:\/\/cn-webservices.com\/en\/wp-json\/wp\/v2\/media?parent=2659"}],"wp:term":[{"taxonomy":"product_brand","embeddable":true,"href":"https:\/\/cn-webservices.com\/en\/wp-json\/wp\/v2\/product_brand?post=2659"},{"taxonomy":"product_cat","embeddable":true,"href":"https:\/\/cn-webservices.com\/en\/wp-json\/wp\/v2\/product_cat?post=2659"},{"taxonomy":"product_tag","embeddable":true,"href":"https:\/\/cn-webservices.com\/en\/wp-json\/wp\/v2\/product_tag?post=2659"}],"curies":[{"name":"wp","href":"https:\/\/api.w.org\/{rel}","templated":true}]}}