{"id":2028,"date":"2023-07-29T12:52:49","date_gmt":"2023-07-29T11:52:49","guid":{"rendered":"https:\/\/cn-webservices.com\/?post_type=product&#038;p=2028"},"modified":"2023-09-13T15:53:07","modified_gmt":"2023-09-13T14:53:07","slug":"bouilloire-electrique-retro-vintage-mandine-wk500thc-20","status":"publish","type":"product","link":"https:\/\/cn-webservices.com\/en\/product\/bouilloire-electrique-retro-vintage-mandine-wk500thc-20\/","title":{"rendered":"Bouilloire Electrique R\u00e9tro Vintage MANDINE WK500THC-20"},"content":{"rendered":"<p><span style=\"color: #000000;\">Bouilloire Electrique R\u00e9tro Vintage <\/span><\/p>\n<p><span style=\"color: #000000;\">MANDINE R\u00e9f: WK500THC-20<\/span><\/p>\n<p><span style=\"color: #000000;\">Avec\u00a0<\/span><\/p>\n<ul>\n<li><span style=\"color: #000000;\">Thermom\u00e8tre pour contr\u00f4ler la temp\u00e9rature de l&rsquo;eau et adapter selon le type de th\u00e9 que vous d\u00e9gustez<\/span><\/li>\n<li><span style=\"color: #000000;\">El\u00e9ment chauffant cach\u00e9 pour faciliter l&rsquo;entretien<\/span><\/li>\n<li><span style=\"color: #000000;\">Filtre anti tartre amovible<\/span><\/li>\n<li><span style=\"color: #000000;\">Indicateur niveau d&rsquo;eau<\/span><\/li>\n<li><span style=\"color: #000000;\">Puissance: 2200W <\/span><\/li>\n<li><span style=\"color: #000000;\">Capacit\u00e9: 1,7 Litre<\/span><\/li>\n<li><span style=\"color: #000000;\">Arr\u00eat automatique<\/span><\/li>\n<li><span style=\"color: #000000;\">Couleur: Ivoire<\/span><\/li>\n<li><span style=\"color: #000000;\">Type: Electrique<\/span><\/li>\n<\/ul>","protected":false},"excerpt":{"rendered":"<p><span style=\"color: #000000;\">Bouilloire Electrique R\u00e9tro Vintage <\/span><\/p>\n<p><span style=\"color: #000000;\">MANDINE R\u00e9f: WK500THC-20<\/span><\/p>\n<p><span style=\"color: #000000;\">Avec\u00a0<\/span><\/p>\n<ul>\n<li><span style=\"color: #000000;\">Thermom\u00e8tre pour contr\u00f4ler la temp\u00e9rature de l&rsquo;eau et adapter selon le type de th\u00e9 que vous d\u00e9gustez<\/span><\/li>\n<li><span style=\"color: #000000;\">El\u00e9ment chauffant cach\u00e9 pour faciliter l&rsquo;entretien<\/span><\/li>\n<li><span style=\"color: #000000;\">Filtre anti tartre amovible<\/span><\/li>\n<li><span style=\"color: #000000;\">Indicateur niveau d&rsquo;eau<\/span><\/li>\n<li><span style=\"color: #000000;\">Puissance: 2200W <\/span><\/li>\n<li><span style=\"color: #000000;\">Capacit\u00e9: 1,7 Litre<\/span><\/li>\n<li><span style=\"color: #000000;\">Arr\u00eat automatique<\/span><\/li>\n<li><span style=\"color: #000000;\">Couleur: Ivoire<\/span><\/li>\n<li><span style=\"color: #000000;\">Type: Electrique<\/span><\/li>\n<\/ul>","protected":false},"featured_media":2029,"template":"","meta":[],"product_brand":[],"product_cat":[46,31],"product_tag":[],"class_list":{"0":"post-2028","1":"product","2":"type-product","3":"status-publish","4":"has-post-thumbnail","6":"product_cat-bouilloire","7":"product_cat-electromenager","9":"first","10":"instock","11":"sale","12":"shipping-taxable","13":"purchasable","14":"product-type-simple"},"yoast_head":"<!-- This site is optimized with the Yoast SEO plugin v27.4 - https:\/\/yoast.com\/product\/yoast-seo-wordpress\/ -->\n<title>Bouilloire Electrique R\u00e9tro Vintage MANDINE WK500THC-20 - C&amp;N Services - Web Services et Technologies<\/title>\n<meta name=\"robots\" content=\"index, follow, max-snippet:-1, max-image-preview:large, max-video-preview:-1\" \/>\n<link rel=\"canonical\" href=\"https:\/\/cn-webservices.com\/en\/product\/bouilloire-electrique-retro-vintage-mandine-wk500thc-20\/\" \/>\n<meta property=\"og:locale\" content=\"en_US\" \/>\n<meta property=\"og:type\" content=\"article\" \/>\n<meta property=\"og:title\" content=\"Bouilloire Electrique R\u00e9tro Vintage MANDINE WK500THC-20 - C&amp;N Services - Web Services et Technologies\" \/>\n<meta property=\"og:description\" content=\"Bouilloire Electrique R\u00e9tro Vintage   MANDINE R\u00e9f: WK500THC-20  Avec\u00a0   Thermom\u00e8tre pour contr\u00f4ler la temp\u00e9rature de l&#039;eau et adapter selon le type de th\u00e9 que vous d\u00e9gustez  El\u00e9ment chauffant cach\u00e9 pour faciliter l&#039;entretien  Filtre anti tartre amovible  Indicateur niveau d&#039;eau  Puissance: 2200W   Capacit\u00e9: 1,7 Litre  Arr\u00eat automatique  Couleur: Ivoire  Type: Electrique\" \/>\n<meta property=\"og:url\" content=\"https:\/\/cn-webservices.com\/en\/product\/bouilloire-electrique-retro-vintage-mandine-wk500thc-20\/\" \/>\n<meta property=\"og:site_name\" content=\"C&amp;N Services - Web Services et Technologies\" \/>\n<meta property=\"article:modified_time\" content=\"2023-09-13T14:53:07+00:00\" \/>\n<meta property=\"og:image\" content=\"https:\/\/cn-webservices.com\/wp-content\/uploads\/2023\/07\/MB1.jpg\" \/>\n\t<meta property=\"og:image:width\" content=\"764\" \/>\n\t<meta property=\"og:image:height\" content=\"768\" \/>\n\t<meta property=\"og:image:type\" content=\"image\/jpeg\" \/>\n<meta name=\"twitter:label1\" content=\"Est. reading time\" \/>\n\t<meta name=\"twitter:data1\" content=\"1 minute\" \/>\n<script type=\"application\/ld+json\" class=\"yoast-schema-graph\">{\"@context\":\"https:\\\/\\\/schema.org\",\"@graph\":[{\"@type\":\"WebPage\",\"@id\":\"https:\\\/\\\/cn-webservices.com\\\/produit\\\/bouilloire-electrique-retro-vintage-mandine-wk500thc-20\\\/\",\"url\":\"https:\\\/\\\/cn-webservices.com\\\/produit\\\/bouilloire-electrique-retro-vintage-mandine-wk500thc-20\\\/\",\"name\":\"Bouilloire Electrique R\u00e9tro Vintage MANDINE WK500THC-20 - C&amp;N Services - Web Services et Technologies\",\"isPartOf\":{\"@id\":\"https:\\\/\\\/cn-webservices.com\\\/#website\"},\"primaryImageOfPage\":{\"@id\":\"https:\\\/\\\/cn-webservices.com\\\/produit\\\/bouilloire-electrique-retro-vintage-mandine-wk500thc-20\\\/#primaryimage\"},\"image\":{\"@id\":\"https:\\\/\\\/cn-webservices.com\\\/produit\\\/bouilloire-electrique-retro-vintage-mandine-wk500thc-20\\\/#primaryimage\"},\"thumbnailUrl\":\"https:\\\/\\\/cn-webservices.com\\\/wp-content\\\/uploads\\\/2023\\\/07\\\/MB1.jpg\",\"datePublished\":\"2023-07-29T11:52:49+00:00\",\"dateModified\":\"2023-09-13T14:53:07+00:00\",\"inLanguage\":\"en-US\",\"potentialAction\":[{\"@type\":\"ReadAction\",\"target\":[\"https:\\\/\\\/cn-webservices.com\\\/produit\\\/bouilloire-electrique-retro-vintage-mandine-wk500thc-20\\\/\"]}]},{\"@type\":\"ImageObject\",\"inLanguage\":\"en-US\",\"@id\":\"https:\\\/\\\/cn-webservices.com\\\/produit\\\/bouilloire-electrique-retro-vintage-mandine-wk500thc-20\\\/#primaryimage\",\"url\":\"https:\\\/\\\/cn-webservices.com\\\/wp-content\\\/uploads\\\/2023\\\/07\\\/MB1.jpg\",\"contentUrl\":\"https:\\\/\\\/cn-webservices.com\\\/wp-content\\\/uploads\\\/2023\\\/07\\\/MB1.jpg\",\"width\":764,\"height\":768},{\"@type\":\"WebSite\",\"@id\":\"https:\\\/\\\/cn-webservices.com\\\/#website\",\"url\":\"https:\\\/\\\/cn-webservices.com\\\/\",\"name\":\"C&amp;N Services - Web Services et Technologies\",\"description\":\"Nous sommes le d\u00e9but de vos projets\",\"publisher\":{\"@id\":\"https:\\\/\\\/cn-webservices.com\\\/#organization\"},\"potentialAction\":[{\"@type\":\"SearchAction\",\"target\":{\"@type\":\"EntryPoint\",\"urlTemplate\":\"https:\\\/\\\/cn-webservices.com\\\/?s={search_term_string}\"},\"query-input\":{\"@type\":\"PropertyValueSpecification\",\"valueRequired\":true,\"valueName\":\"search_term_string\"}}],\"inLanguage\":\"en-US\"},{\"@type\":\"Organization\",\"@id\":\"https:\\\/\\\/cn-webservices.com\\\/#organization\",\"name\":\"C&amp;N Services - Web Services et Technologies\",\"url\":\"https:\\\/\\\/cn-webservices.com\\\/\",\"logo\":{\"@type\":\"ImageObject\",\"inLanguage\":\"en-US\",\"@id\":\"https:\\\/\\\/cn-webservices.com\\\/#\\\/schema\\\/logo\\\/image\\\/\",\"url\":\"https:\\\/\\\/cn-webservices.com\\\/wp-content\\\/uploads\\\/2022\\\/07\\\/CN-Services-Logo-2022.png\",\"contentUrl\":\"https:\\\/\\\/cn-webservices.com\\\/wp-content\\\/uploads\\\/2022\\\/07\\\/CN-Services-Logo-2022.png\",\"width\":827,\"height\":302,\"caption\":\"C&amp;N Services - Web Services et Technologies\"},\"image\":{\"@id\":\"https:\\\/\\\/cn-webservices.com\\\/#\\\/schema\\\/logo\\\/image\\\/\"}}]}<\/script>\n<!-- \/ Yoast SEO plugin. -->","yoast_head_json":{"title":"Bouilloire Electrique R\u00e9tro Vintage MANDINE WK500THC-20 - C&amp;N Services - Web Services et Technologies","robots":{"index":"index","follow":"follow","max-snippet":"max-snippet:-1","max-image-preview":"max-image-preview:large","max-video-preview":"max-video-preview:-1"},"canonical":"https:\/\/cn-webservices.com\/en\/product\/bouilloire-electrique-retro-vintage-mandine-wk500thc-20\/","og_locale":"en_US","og_type":"article","og_title":"Bouilloire Electrique R\u00e9tro Vintage MANDINE WK500THC-20 - C&amp;N Services - Web Services et Technologies","og_description":"Bouilloire Electrique R\u00e9tro Vintage   MANDINE R\u00e9f: WK500THC-20  Avec\u00a0   Thermom\u00e8tre pour contr\u00f4ler la temp\u00e9rature de l'eau et adapter selon le type de th\u00e9 que vous d\u00e9gustez  El\u00e9ment chauffant cach\u00e9 pour faciliter l'entretien  Filtre anti tartre amovible  Indicateur niveau d'eau  Puissance: 2200W   Capacit\u00e9: 1,7 Litre  Arr\u00eat automatique  Couleur: Ivoire  Type: Electrique","og_url":"https:\/\/cn-webservices.com\/en\/product\/bouilloire-electrique-retro-vintage-mandine-wk500thc-20\/","og_site_name":"C&amp;N Services - Web Services et Technologies","article_modified_time":"2023-09-13T14:53:07+00:00","og_image":[{"width":764,"height":768,"url":"https:\/\/cn-webservices.com\/wp-content\/uploads\/2023\/07\/MB1.jpg","type":"image\/jpeg"}],"twitter_misc":{"Est. reading time":"1 minute"},"schema":{"@context":"https:\/\/schema.org","@graph":[{"@type":"WebPage","@id":"https:\/\/cn-webservices.com\/produit\/bouilloire-electrique-retro-vintage-mandine-wk500thc-20\/","url":"https:\/\/cn-webservices.com\/produit\/bouilloire-electrique-retro-vintage-mandine-wk500thc-20\/","name":"Bouilloire Electrique R\u00e9tro Vintage MANDINE WK500THC-20 - C&amp;N Services - Web Services et Technologies","isPartOf":{"@id":"https:\/\/cn-webservices.com\/#website"},"primaryImageOfPage":{"@id":"https:\/\/cn-webservices.com\/produit\/bouilloire-electrique-retro-vintage-mandine-wk500thc-20\/#primaryimage"},"image":{"@id":"https:\/\/cn-webservices.com\/produit\/bouilloire-electrique-retro-vintage-mandine-wk500thc-20\/#primaryimage"},"thumbnailUrl":"https:\/\/cn-webservices.com\/wp-content\/uploads\/2023\/07\/MB1.jpg","datePublished":"2023-07-29T11:52:49+00:00","dateModified":"2023-09-13T14:53:07+00:00","inLanguage":"en-US","potentialAction":[{"@type":"ReadAction","target":["https:\/\/cn-webservices.com\/produit\/bouilloire-electrique-retro-vintage-mandine-wk500thc-20\/"]}]},{"@type":"ImageObject","inLanguage":"en-US","@id":"https:\/\/cn-webservices.com\/produit\/bouilloire-electrique-retro-vintage-mandine-wk500thc-20\/#primaryimage","url":"https:\/\/cn-webservices.com\/wp-content\/uploads\/2023\/07\/MB1.jpg","contentUrl":"https:\/\/cn-webservices.com\/wp-content\/uploads\/2023\/07\/MB1.jpg","width":764,"height":768},{"@type":"WebSite","@id":"https:\/\/cn-webservices.com\/#website","url":"https:\/\/cn-webservices.com\/","name":"C&amp;N Services - Web Services et Technologies","description":"Nous sommes le d\u00e9but de vos projets","publisher":{"@id":"https:\/\/cn-webservices.com\/#organization"},"potentialAction":[{"@type":"SearchAction","target":{"@type":"EntryPoint","urlTemplate":"https:\/\/cn-webservices.com\/?s={search_term_string}"},"query-input":{"@type":"PropertyValueSpecification","valueRequired":true,"valueName":"search_term_string"}}],"inLanguage":"en-US"},{"@type":"Organization","@id":"https:\/\/cn-webservices.com\/#organization","name":"C&amp;N Services - Web Services et Technologies","url":"https:\/\/cn-webservices.com\/","logo":{"@type":"ImageObject","inLanguage":"en-US","@id":"https:\/\/cn-webservices.com\/#\/schema\/logo\/image\/","url":"https:\/\/cn-webservices.com\/wp-content\/uploads\/2022\/07\/CN-Services-Logo-2022.png","contentUrl":"https:\/\/cn-webservices.com\/wp-content\/uploads\/2022\/07\/CN-Services-Logo-2022.png","width":827,"height":302,"caption":"C&amp;N Services - Web Services et Technologies"},"image":{"@id":"https:\/\/cn-webservices.com\/#\/schema\/logo\/image\/"}}]}},"_links":{"self":[{"href":"https:\/\/cn-webservices.com\/en\/wp-json\/wp\/v2\/product\/2028","targetHints":{"allow":["GET"]}}],"collection":[{"href":"https:\/\/cn-webservices.com\/en\/wp-json\/wp\/v2\/product"}],"about":[{"href":"https:\/\/cn-webservices.com\/en\/wp-json\/wp\/v2\/types\/product"}],"wp:featuredmedia":[{"embeddable":true,"href":"https:\/\/cn-webservices.com\/en\/wp-json\/wp\/v2\/media\/2029"}],"wp:attachment":[{"href":"https:\/\/cn-webservices.com\/en\/wp-json\/wp\/v2\/media?parent=2028"}],"wp:term":[{"taxonomy":"product_brand","embeddable":true,"href":"https:\/\/cn-webservices.com\/en\/wp-json\/wp\/v2\/product_brand?post=2028"},{"taxonomy":"product_cat","embeddable":true,"href":"https:\/\/cn-webservices.com\/en\/wp-json\/wp\/v2\/product_cat?post=2028"},{"taxonomy":"product_tag","embeddable":true,"href":"https:\/\/cn-webservices.com\/en\/wp-json\/wp\/v2\/product_tag?post=2028"}],"curies":[{"name":"wp","href":"https:\/\/api.w.org\/{rel}","templated":true}]}}