{"id":1983,"date":"2023-07-06T11:51:00","date_gmt":"2023-07-06T10:51:00","guid":{"rendered":"https:\/\/cn-webservices.com\/?post_type=product&#038;p=1983"},"modified":"2023-07-06T11:51:00","modified_gmt":"2023-07-06T10:51:00","slug":"compteur-de-billets-de-banque-avec-fonction-de-detection-de-contrefacon-bl-2108","status":"publish","type":"product","link":"https:\/\/cn-webservices.com\/en\/product\/compteur-de-billets-de-banque-avec-fonction-de-detection-de-contrefacon-bl-2108\/","title":{"rendered":"Compteur de billets de banque avec fonction de d\u00e9tection de contrefa\u00e7on BL-2108"},"content":{"rendered":"<p><span style=\"color: #000000;\">D\u00e9tection automatique avec UV (Ultraviolet) et MG (magn\u00e9tique) pendant le comptage<\/span><br \/>\n<span style=\"color: #000000;\">Convient \u00e0 la plupart des devises du monde<\/span><br \/>\n<span style=\"color: #000000;\">D\u00e9marrages, arr\u00eats et effacements automatiques<\/span><br \/>\n<span style=\"color: #000000;\">Avec fonctions de traitement par lots, d&rsquo;ajout et d&rsquo;auto-examen<\/span><br \/>\n<span style=\"color: #000000;\">D\u00e9tection automatique des demi-notes<\/span><\/p>\n<p><span style=\"color: #000000;\">Caract\u00e9ristiques<\/span><br \/>\n<span style=\"color: #000000;\">Mod\u00e8le : 2108 UV\/MG<\/span><br \/>\n<span style=\"color: #000000;\">Tension : AC110V 60Hz \/ AC220V 50Hz<\/span><br \/>\n<span style=\"color: #000000;\">Adaptateur secteur : style am\u00e9ricain, style europ\u00e9en, style britannique, style australien<\/span><br \/>\n<span style=\"color: #000000;\">Vitesse de comptage : \u2265900pcs\/min<\/span><br \/>\n<span style=\"color: #000000;\">Taille de la note d\u00e9nombrable : 50 \u00d7 110 mm ~ 90 \u00d7 185 mm<\/span><br \/>\n<span style=\"color: #000000;\">Consommation d&rsquo;\u00e9nergie : \u226480W<\/span><br \/>\n<span style=\"color: #000000;\">Capacit\u00e9 de la tr\u00e9mie : 300 pi\u00e8ces<\/span><br \/>\n<span style=\"color: #000000;\">Capacit\u00e9 de l&#8217;empileur : 200 pi\u00e8ces<\/span><br \/>\n<span style=\"color: #000000;\">Taille : 250 x 300 x 180 mm<\/span><br \/>\n<span style=\"color: #000000;\">Poids net : 5,7 kg<\/span><br \/>\n<span style=\"color: #000000;\">Poids brut : 7 KG<\/span><\/p>","protected":false},"excerpt":{"rendered":"<p><span style=\"color: #000000;\">D\u00e9tection automatique avec UV (Ultraviolet) et MG (magn\u00e9tique) pendant le comptage<\/span><br \/>\n<span style=\"color: #000000;\">Convient \u00e0 la plupart des devises du monde<\/span><br \/>\n<span style=\"color: #000000;\">D\u00e9marrages, arr\u00eats et effacements automatiques<\/span><br \/>\n<span style=\"color: #000000;\">Avec fonctions de traitement par lots, d&rsquo;ajout et d&rsquo;auto-examen<\/span><br \/>\n<span style=\"color: #000000;\">D\u00e9tection automatique des demi-notes<\/span><\/p>","protected":false},"featured_media":1987,"template":"","meta":[],"product_brand":[],"product_cat":[45],"product_tag":[],"class_list":{"0":"post-1983","1":"product","2":"type-product","3":"status-publish","4":"has-post-thumbnail","6":"product_cat-compteur-de-billet","8":"first","9":"instock","10":"sale","11":"shipping-taxable","12":"purchasable","13":"product-type-simple"},"yoast_head":"<!-- This site is optimized with the Yoast SEO plugin v27.4 - https:\/\/yoast.com\/product\/yoast-seo-wordpress\/ -->\n<title>Compteur de billets de banque avec fonction de d\u00e9tection de contrefa\u00e7on BL-2108 - C&amp;N Services - Web Services et Technologies<\/title>\n<meta name=\"robots\" content=\"index, follow, max-snippet:-1, max-image-preview:large, max-video-preview:-1\" \/>\n<link rel=\"canonical\" href=\"https:\/\/cn-webservices.com\/en\/product\/compteur-de-billets-de-banque-avec-fonction-de-detection-de-contrefacon-bl-2108\/\" \/>\n<meta property=\"og:locale\" content=\"en_US\" \/>\n<meta property=\"og:type\" content=\"article\" \/>\n<meta property=\"og:title\" content=\"Compteur de billets de banque avec fonction de d\u00e9tection de contrefa\u00e7on BL-2108 - C&amp;N Services - Web Services et Technologies\" \/>\n<meta property=\"og:description\" content=\"D\u00e9tection automatique avec UV (Ultraviolet) et MG (magn\u00e9tique) pendant le comptage Convient \u00e0 la plupart des devises du monde D\u00e9marrages, arr\u00eats et effacements automatiques Avec fonctions de traitement par lots, d&#039;ajout et d&#039;auto-examen D\u00e9tection automatique des demi-notes\" \/>\n<meta property=\"og:url\" content=\"https:\/\/cn-webservices.com\/en\/product\/compteur-de-billets-de-banque-avec-fonction-de-detection-de-contrefacon-bl-2108\/\" \/>\n<meta property=\"og:site_name\" content=\"C&amp;N Services - Web Services et Technologies\" \/>\n<meta property=\"og:image\" content=\"https:\/\/cn-webservices.com\/wp-content\/uploads\/2023\/07\/COMPTEUR-DE-BILLET-4.png\" \/>\n\t<meta property=\"og:image:width\" content=\"691\" \/>\n\t<meta property=\"og:image:height\" content=\"459\" \/>\n\t<meta property=\"og:image:type\" content=\"image\/png\" \/>\n<meta name=\"twitter:label1\" content=\"Est. reading time\" \/>\n\t<meta name=\"twitter:data1\" content=\"1 minute\" \/>\n<script type=\"application\/ld+json\" class=\"yoast-schema-graph\">{\"@context\":\"https:\\\/\\\/schema.org\",\"@graph\":[{\"@type\":\"WebPage\",\"@id\":\"https:\\\/\\\/cn-webservices.com\\\/produit\\\/compteur-de-billets-de-banque-avec-fonction-de-detection-de-contrefacon-bl-2108\\\/\",\"url\":\"https:\\\/\\\/cn-webservices.com\\\/produit\\\/compteur-de-billets-de-banque-avec-fonction-de-detection-de-contrefacon-bl-2108\\\/\",\"name\":\"Compteur de billets de banque avec fonction de d\u00e9tection de contrefa\u00e7on BL-2108 - C&amp;N Services - Web Services et Technologies\",\"isPartOf\":{\"@id\":\"https:\\\/\\\/cn-webservices.com\\\/#website\"},\"primaryImageOfPage\":{\"@id\":\"https:\\\/\\\/cn-webservices.com\\\/produit\\\/compteur-de-billets-de-banque-avec-fonction-de-detection-de-contrefacon-bl-2108\\\/#primaryimage\"},\"image\":{\"@id\":\"https:\\\/\\\/cn-webservices.com\\\/produit\\\/compteur-de-billets-de-banque-avec-fonction-de-detection-de-contrefacon-bl-2108\\\/#primaryimage\"},\"thumbnailUrl\":\"https:\\\/\\\/cn-webservices.com\\\/wp-content\\\/uploads\\\/2023\\\/07\\\/COMPTEUR-DE-BILLET-4.png\",\"datePublished\":\"2023-07-06T10:51:00+00:00\",\"inLanguage\":\"en-US\",\"potentialAction\":[{\"@type\":\"ReadAction\",\"target\":[\"https:\\\/\\\/cn-webservices.com\\\/produit\\\/compteur-de-billets-de-banque-avec-fonction-de-detection-de-contrefacon-bl-2108\\\/\"]}]},{\"@type\":\"ImageObject\",\"inLanguage\":\"en-US\",\"@id\":\"https:\\\/\\\/cn-webservices.com\\\/produit\\\/compteur-de-billets-de-banque-avec-fonction-de-detection-de-contrefacon-bl-2108\\\/#primaryimage\",\"url\":\"https:\\\/\\\/cn-webservices.com\\\/wp-content\\\/uploads\\\/2023\\\/07\\\/COMPTEUR-DE-BILLET-4.png\",\"contentUrl\":\"https:\\\/\\\/cn-webservices.com\\\/wp-content\\\/uploads\\\/2023\\\/07\\\/COMPTEUR-DE-BILLET-4.png\",\"width\":691,\"height\":459},{\"@type\":\"WebSite\",\"@id\":\"https:\\\/\\\/cn-webservices.com\\\/#website\",\"url\":\"https:\\\/\\\/cn-webservices.com\\\/\",\"name\":\"C&amp;N Services - Web Services et Technologies\",\"description\":\"Nous sommes le d\u00e9but de vos projets\",\"publisher\":{\"@id\":\"https:\\\/\\\/cn-webservices.com\\\/#organization\"},\"potentialAction\":[{\"@type\":\"SearchAction\",\"target\":{\"@type\":\"EntryPoint\",\"urlTemplate\":\"https:\\\/\\\/cn-webservices.com\\\/?s={search_term_string}\"},\"query-input\":{\"@type\":\"PropertyValueSpecification\",\"valueRequired\":true,\"valueName\":\"search_term_string\"}}],\"inLanguage\":\"en-US\"},{\"@type\":\"Organization\",\"@id\":\"https:\\\/\\\/cn-webservices.com\\\/#organization\",\"name\":\"C&amp;N Services - Web Services et Technologies\",\"url\":\"https:\\\/\\\/cn-webservices.com\\\/\",\"logo\":{\"@type\":\"ImageObject\",\"inLanguage\":\"en-US\",\"@id\":\"https:\\\/\\\/cn-webservices.com\\\/#\\\/schema\\\/logo\\\/image\\\/\",\"url\":\"https:\\\/\\\/cn-webservices.com\\\/wp-content\\\/uploads\\\/2022\\\/07\\\/CN-Services-Logo-2022.png\",\"contentUrl\":\"https:\\\/\\\/cn-webservices.com\\\/wp-content\\\/uploads\\\/2022\\\/07\\\/CN-Services-Logo-2022.png\",\"width\":827,\"height\":302,\"caption\":\"C&amp;N Services - Web Services et Technologies\"},\"image\":{\"@id\":\"https:\\\/\\\/cn-webservices.com\\\/#\\\/schema\\\/logo\\\/image\\\/\"}}]}<\/script>\n<!-- \/ Yoast SEO plugin. -->","yoast_head_json":{"title":"Compteur de billets de banque avec fonction de d\u00e9tection de contrefa\u00e7on BL-2108 - C&amp;N Services - Web Services et Technologies","robots":{"index":"index","follow":"follow","max-snippet":"max-snippet:-1","max-image-preview":"max-image-preview:large","max-video-preview":"max-video-preview:-1"},"canonical":"https:\/\/cn-webservices.com\/en\/product\/compteur-de-billets-de-banque-avec-fonction-de-detection-de-contrefacon-bl-2108\/","og_locale":"en_US","og_type":"article","og_title":"Compteur de billets de banque avec fonction de d\u00e9tection de contrefa\u00e7on BL-2108 - C&amp;N Services - Web Services et Technologies","og_description":"D\u00e9tection automatique avec UV (Ultraviolet) et MG (magn\u00e9tique) pendant le comptage Convient \u00e0 la plupart des devises du monde D\u00e9marrages, arr\u00eats et effacements automatiques Avec fonctions de traitement par lots, d'ajout et d'auto-examen D\u00e9tection automatique des demi-notes","og_url":"https:\/\/cn-webservices.com\/en\/product\/compteur-de-billets-de-banque-avec-fonction-de-detection-de-contrefacon-bl-2108\/","og_site_name":"C&amp;N Services - Web Services et Technologies","og_image":[{"width":691,"height":459,"url":"https:\/\/cn-webservices.com\/wp-content\/uploads\/2023\/07\/COMPTEUR-DE-BILLET-4.png","type":"image\/png"}],"twitter_misc":{"Est. reading time":"1 minute"},"schema":{"@context":"https:\/\/schema.org","@graph":[{"@type":"WebPage","@id":"https:\/\/cn-webservices.com\/produit\/compteur-de-billets-de-banque-avec-fonction-de-detection-de-contrefacon-bl-2108\/","url":"https:\/\/cn-webservices.com\/produit\/compteur-de-billets-de-banque-avec-fonction-de-detection-de-contrefacon-bl-2108\/","name":"Compteur de billets de banque avec fonction de d\u00e9tection de contrefa\u00e7on BL-2108 - C&amp;N Services - Web Services et Technologies","isPartOf":{"@id":"https:\/\/cn-webservices.com\/#website"},"primaryImageOfPage":{"@id":"https:\/\/cn-webservices.com\/produit\/compteur-de-billets-de-banque-avec-fonction-de-detection-de-contrefacon-bl-2108\/#primaryimage"},"image":{"@id":"https:\/\/cn-webservices.com\/produit\/compteur-de-billets-de-banque-avec-fonction-de-detection-de-contrefacon-bl-2108\/#primaryimage"},"thumbnailUrl":"https:\/\/cn-webservices.com\/wp-content\/uploads\/2023\/07\/COMPTEUR-DE-BILLET-4.png","datePublished":"2023-07-06T10:51:00+00:00","inLanguage":"en-US","potentialAction":[{"@type":"ReadAction","target":["https:\/\/cn-webservices.com\/produit\/compteur-de-billets-de-banque-avec-fonction-de-detection-de-contrefacon-bl-2108\/"]}]},{"@type":"ImageObject","inLanguage":"en-US","@id":"https:\/\/cn-webservices.com\/produit\/compteur-de-billets-de-banque-avec-fonction-de-detection-de-contrefacon-bl-2108\/#primaryimage","url":"https:\/\/cn-webservices.com\/wp-content\/uploads\/2023\/07\/COMPTEUR-DE-BILLET-4.png","contentUrl":"https:\/\/cn-webservices.com\/wp-content\/uploads\/2023\/07\/COMPTEUR-DE-BILLET-4.png","width":691,"height":459},{"@type":"WebSite","@id":"https:\/\/cn-webservices.com\/#website","url":"https:\/\/cn-webservices.com\/","name":"C&amp;N Services - Web Services et Technologies","description":"Nous sommes le d\u00e9but de vos projets","publisher":{"@id":"https:\/\/cn-webservices.com\/#organization"},"potentialAction":[{"@type":"SearchAction","target":{"@type":"EntryPoint","urlTemplate":"https:\/\/cn-webservices.com\/?s={search_term_string}"},"query-input":{"@type":"PropertyValueSpecification","valueRequired":true,"valueName":"search_term_string"}}],"inLanguage":"en-US"},{"@type":"Organization","@id":"https:\/\/cn-webservices.com\/#organization","name":"C&amp;N Services - Web Services et Technologies","url":"https:\/\/cn-webservices.com\/","logo":{"@type":"ImageObject","inLanguage":"en-US","@id":"https:\/\/cn-webservices.com\/#\/schema\/logo\/image\/","url":"https:\/\/cn-webservices.com\/wp-content\/uploads\/2022\/07\/CN-Services-Logo-2022.png","contentUrl":"https:\/\/cn-webservices.com\/wp-content\/uploads\/2022\/07\/CN-Services-Logo-2022.png","width":827,"height":302,"caption":"C&amp;N Services - Web Services et Technologies"},"image":{"@id":"https:\/\/cn-webservices.com\/#\/schema\/logo\/image\/"}}]}},"_links":{"self":[{"href":"https:\/\/cn-webservices.com\/en\/wp-json\/wp\/v2\/product\/1983","targetHints":{"allow":["GET"]}}],"collection":[{"href":"https:\/\/cn-webservices.com\/en\/wp-json\/wp\/v2\/product"}],"about":[{"href":"https:\/\/cn-webservices.com\/en\/wp-json\/wp\/v2\/types\/product"}],"wp:featuredmedia":[{"embeddable":true,"href":"https:\/\/cn-webservices.com\/en\/wp-json\/wp\/v2\/media\/1987"}],"wp:attachment":[{"href":"https:\/\/cn-webservices.com\/en\/wp-json\/wp\/v2\/media?parent=1983"}],"wp:term":[{"taxonomy":"product_brand","embeddable":true,"href":"https:\/\/cn-webservices.com\/en\/wp-json\/wp\/v2\/product_brand?post=1983"},{"taxonomy":"product_cat","embeddable":true,"href":"https:\/\/cn-webservices.com\/en\/wp-json\/wp\/v2\/product_cat?post=1983"},{"taxonomy":"product_tag","embeddable":true,"href":"https:\/\/cn-webservices.com\/en\/wp-json\/wp\/v2\/product_tag?post=1983"}],"curies":[{"name":"wp","href":"https:\/\/api.w.org\/{rel}","templated":true}]}}