{"id":1591,"date":"2023-03-20T10:41:44","date_gmt":"2023-03-20T09:41:44","guid":{"rendered":"https:\/\/cn-webservices.com\/?post_type=product&#038;p=1591"},"modified":"2023-03-20T10:52:30","modified_gmt":"2023-03-20T09:52:30","slug":"haut-parleur-karaoke-3000-watts-eurolive-bt515d","status":"publish","type":"product","link":"https:\/\/cn-webservices.com\/en\/product\/haut-parleur-karaoke-3000-watts-eurolive-bt515d\/","title":{"rendered":"Haut-parleur karaok\u00e9 3000 watts EUROLIVE BT515D"},"content":{"rendered":"<p><span style=\"color: #000000;\">Sono mobile pour \u00e9v\u00e8nements, soir\u00e9es de karaok\u00e9 et pr\u00e9sentation professionnelles avec un son clair et de haute qualit\u00e9, puissance de sortie tr\u00e8s forte. <\/span><br \/>\n<span style=\"color: #000000;\">Haut-parleur karaok\u00e9 Bluetooth BT515D HI-FI<\/span><br \/>\n<span style=\"color: #000000;\">Puissance: 3000W 15 pouces. Haut-parleurs HI-FI<\/span><br \/>\n<span style=\"color: #000000;\">Fonctionne sur batterie 220v ou 12v. <\/span><br \/>\n<span style=\"color: #000000;\">Il dispose d&rsquo;un emplacement pour une carte m\u00e9moire, d&rsquo;une entr\u00e9e pour m\u00e9moire flash usb, d&rsquo;une radio et d&rsquo;une connexion bluetooth avec le t\u00e9l\u00e9phone. <\/span><br \/>\n<span style=\"color: #000000;\">Il peut \u00e9galement \u00eatre utilis\u00e9 comme amplificateur pour guitare ou basse. <\/span><br \/>\n<span style=\"color: #000000;\">Le haut-parleur a des points int\u00e9gr\u00e9s ainsi qu&rsquo;une poign\u00e9e coulissante pour une portabilit\u00e9 facile. <\/span><br \/>\n<span style=\"color: #000000;\">La batterie peut durer 6 \u00e0 10 heures sans charge. <\/span><br \/>\n<span style=\"color: #000000;\">L&rsquo;ensemble comprend :<\/span><br \/>\n<span style=\"color: #000000;\">&#8211; Haut-parleur karaok\u00e9 rechargeable<\/span><br \/>\n<span style=\"color: #000000;\">&#8211; Deux microphones sans fil<\/span><br \/>\n<span style=\"color: #000000;\">&#8211; C\u00e2ble d&rsquo;alimentation pour le chargement<\/span><br \/>\n<span style=\"color: #000000;\">&#8211; T\u00e9l\u00e9commande<\/span><br \/>\n<span style=\"color: #000000;\">&#8211; Contr\u00f4le pour r\u00e9gler le son du haut-parleur et le volume du microphone, effet d&rsquo;\u00e9cho, HI-FI. . . <\/span><br \/>\n<span style=\"color: #000000;\">&#8211; Tuner FM<\/span><br \/>\n<span style=\"color: #000000;\">&#8211; RADIO &#8211; Fonctionnement ind\u00e9pendant sans connexion \u00e0 un ordinateur via carte SD\/MMC\/MMS ou cl\u00e9 USB. <\/span><br \/>\n<span style=\"color: #000000;\">&#8212; Affichage<\/span><br \/>\n<span style=\"color: #000000;\">\u2013 Entr\u00e9e d&rsquo;un appareil externe. <\/span><br \/>\n<span style=\"color: #000000;\">&#8211; Indication lumineuse &#8211; pendant la charge et indication de la batterie charg\u00e9e. <\/span><\/p>","protected":false},"excerpt":{"rendered":"<p><span style=\"color: #000000;\">Sono mobile pour \u00e9v\u00e8nements, soir\u00e9es de karaok\u00e9 et pr\u00e9sentation professionnelles avec un son clair et de haute qualit\u00e9, puissance de sortie tr\u00e8s forte.<\/span><br \/>\n<span style=\"color: #000000;\">Haut-parleur karaok\u00e9 Bluetooth BT515D HI-FI<\/span><br \/>\n<span style=\"color: #000000;\">Puissance: 3000W 15 pouces. Haut-parleurs HI-FI<\/span><br \/>\n<span style=\"color: #000000;\">Fonctionne sur batterie 220v ou 12v.<\/span><br \/>\n<span style=\"color: #000000;\">Il dispose d&rsquo;un emplacement pour une carte m\u00e9moire, d&rsquo;une entr\u00e9e pour m\u00e9moire flash usb, d&rsquo;une radio et d&rsquo;une connexion bluetooth avec le t\u00e9l\u00e9phone.<\/span><br \/>\n<span style=\"color: #000000;\">Il peut \u00e9galement \u00eatre utilis\u00e9 comme amplificateur pour guitare ou basse.<\/span><\/p>","protected":false},"featured_media":1601,"template":"","meta":[],"product_brand":[],"product_cat":[35,44],"product_tag":[],"class_list":{"0":"post-1591","1":"product","2":"type-product","3":"status-publish","4":"has-post-thumbnail","6":"product_cat-audiovisuel","7":"product_cat-haut-parleur","9":"first","10":"instock","11":"shipping-taxable","12":"product-type-simple"},"yoast_head":"<!-- This site is optimized with the Yoast SEO plugin v27.4 - https:\/\/yoast.com\/product\/yoast-seo-wordpress\/ -->\n<title>Haut-parleur karaok\u00e9 3000 watts EUROLIVE BT515D - C&amp;N Services - Web Services et Technologies<\/title>\n<meta name=\"robots\" content=\"index, follow, max-snippet:-1, max-image-preview:large, max-video-preview:-1\" \/>\n<link rel=\"canonical\" href=\"https:\/\/cn-webservices.com\/en\/product\/haut-parleur-karaoke-3000-watts-eurolive-bt515d\/\" \/>\n<meta property=\"og:locale\" content=\"en_US\" \/>\n<meta property=\"og:type\" content=\"article\" \/>\n<meta property=\"og:title\" content=\"Haut-parleur karaok\u00e9 3000 watts EUROLIVE BT515D - C&amp;N Services - Web Services et Technologies\" \/>\n<meta property=\"og:description\" content=\"Sono mobile pour \u00e9v\u00e8nements, soir\u00e9es de karaok\u00e9 et pr\u00e9sentation professionnelles avec un son clair et de haute qualit\u00e9, puissance de sortie tr\u00e8s forte. Haut-parleur karaok\u00e9 Bluetooth BT515D HI-FI Puissance: 3000W 15 pouces. Haut-parleurs HI-FI Fonctionne sur batterie 220v ou 12v. Il dispose d&#039;un emplacement pour une carte m\u00e9moire, d&#039;une entr\u00e9e pour m\u00e9moire flash usb, d&#039;une radio et d&#039;une connexion bluetooth avec le t\u00e9l\u00e9phone. Il peut \u00e9galement \u00eatre utilis\u00e9 comme amplificateur pour guitare ou basse.\" \/>\n<meta property=\"og:url\" content=\"https:\/\/cn-webservices.com\/en\/product\/haut-parleur-karaoke-3000-watts-eurolive-bt515d\/\" \/>\n<meta property=\"og:site_name\" content=\"C&amp;N Services - Web Services et Technologies\" \/>\n<meta property=\"article:modified_time\" content=\"2023-03-20T09:52:30+00:00\" \/>\n<meta property=\"og:image\" content=\"https:\/\/cn-webservices.com\/wp-content\/uploads\/2023\/03\/HAUT-PARLEUR-5.jpg\" \/>\n\t<meta property=\"og:image:width\" content=\"642\" \/>\n\t<meta property=\"og:image:height\" content=\"720\" \/>\n\t<meta property=\"og:image:type\" content=\"image\/jpeg\" \/>\n<meta name=\"twitter:label1\" content=\"Est. reading time\" \/>\n\t<meta name=\"twitter:data1\" content=\"1 minute\" \/>\n<script type=\"application\/ld+json\" class=\"yoast-schema-graph\">{\"@context\":\"https:\\\/\\\/schema.org\",\"@graph\":[{\"@type\":\"WebPage\",\"@id\":\"https:\\\/\\\/cn-webservices.com\\\/produit\\\/haut-parleur-karaoke-3000-watts-eurolive-bt515d\\\/\",\"url\":\"https:\\\/\\\/cn-webservices.com\\\/produit\\\/haut-parleur-karaoke-3000-watts-eurolive-bt515d\\\/\",\"name\":\"Haut-parleur karaok\u00e9 3000 watts EUROLIVE BT515D - C&amp;N Services - Web Services et Technologies\",\"isPartOf\":{\"@id\":\"https:\\\/\\\/cn-webservices.com\\\/#website\"},\"primaryImageOfPage\":{\"@id\":\"https:\\\/\\\/cn-webservices.com\\\/produit\\\/haut-parleur-karaoke-3000-watts-eurolive-bt515d\\\/#primaryimage\"},\"image\":{\"@id\":\"https:\\\/\\\/cn-webservices.com\\\/produit\\\/haut-parleur-karaoke-3000-watts-eurolive-bt515d\\\/#primaryimage\"},\"thumbnailUrl\":\"https:\\\/\\\/cn-webservices.com\\\/wp-content\\\/uploads\\\/2023\\\/03\\\/HAUT-PARLEUR-5.jpg\",\"datePublished\":\"2023-03-20T09:41:44+00:00\",\"dateModified\":\"2023-03-20T09:52:30+00:00\",\"inLanguage\":\"en-US\",\"potentialAction\":[{\"@type\":\"ReadAction\",\"target\":[\"https:\\\/\\\/cn-webservices.com\\\/produit\\\/haut-parleur-karaoke-3000-watts-eurolive-bt515d\\\/\"]}]},{\"@type\":\"ImageObject\",\"inLanguage\":\"en-US\",\"@id\":\"https:\\\/\\\/cn-webservices.com\\\/produit\\\/haut-parleur-karaoke-3000-watts-eurolive-bt515d\\\/#primaryimage\",\"url\":\"https:\\\/\\\/cn-webservices.com\\\/wp-content\\\/uploads\\\/2023\\\/03\\\/HAUT-PARLEUR-5.jpg\",\"contentUrl\":\"https:\\\/\\\/cn-webservices.com\\\/wp-content\\\/uploads\\\/2023\\\/03\\\/HAUT-PARLEUR-5.jpg\",\"width\":642,\"height\":720},{\"@type\":\"WebSite\",\"@id\":\"https:\\\/\\\/cn-webservices.com\\\/#website\",\"url\":\"https:\\\/\\\/cn-webservices.com\\\/\",\"name\":\"C&amp;N Services - Web Services et Technologies\",\"description\":\"Nous sommes le d\u00e9but de vos projets\",\"publisher\":{\"@id\":\"https:\\\/\\\/cn-webservices.com\\\/#organization\"},\"potentialAction\":[{\"@type\":\"SearchAction\",\"target\":{\"@type\":\"EntryPoint\",\"urlTemplate\":\"https:\\\/\\\/cn-webservices.com\\\/?s={search_term_string}\"},\"query-input\":{\"@type\":\"PropertyValueSpecification\",\"valueRequired\":true,\"valueName\":\"search_term_string\"}}],\"inLanguage\":\"en-US\"},{\"@type\":\"Organization\",\"@id\":\"https:\\\/\\\/cn-webservices.com\\\/#organization\",\"name\":\"C&amp;N Services - Web Services et Technologies\",\"url\":\"https:\\\/\\\/cn-webservices.com\\\/\",\"logo\":{\"@type\":\"ImageObject\",\"inLanguage\":\"en-US\",\"@id\":\"https:\\\/\\\/cn-webservices.com\\\/#\\\/schema\\\/logo\\\/image\\\/\",\"url\":\"https:\\\/\\\/cn-webservices.com\\\/wp-content\\\/uploads\\\/2022\\\/07\\\/CN-Services-Logo-2022.png\",\"contentUrl\":\"https:\\\/\\\/cn-webservices.com\\\/wp-content\\\/uploads\\\/2022\\\/07\\\/CN-Services-Logo-2022.png\",\"width\":827,\"height\":302,\"caption\":\"C&amp;N Services - Web Services et Technologies\"},\"image\":{\"@id\":\"https:\\\/\\\/cn-webservices.com\\\/#\\\/schema\\\/logo\\\/image\\\/\"}}]}<\/script>\n<!-- \/ Yoast SEO plugin. -->","yoast_head_json":{"title":"Haut-parleur karaok\u00e9 3000 watts EUROLIVE BT515D - C&amp;N Services - Web Services et Technologies","robots":{"index":"index","follow":"follow","max-snippet":"max-snippet:-1","max-image-preview":"max-image-preview:large","max-video-preview":"max-video-preview:-1"},"canonical":"https:\/\/cn-webservices.com\/en\/product\/haut-parleur-karaoke-3000-watts-eurolive-bt515d\/","og_locale":"en_US","og_type":"article","og_title":"Haut-parleur karaok\u00e9 3000 watts EUROLIVE BT515D - C&amp;N Services - Web Services et Technologies","og_description":"Sono mobile pour \u00e9v\u00e8nements, soir\u00e9es de karaok\u00e9 et pr\u00e9sentation professionnelles avec un son clair et de haute qualit\u00e9, puissance de sortie tr\u00e8s forte. Haut-parleur karaok\u00e9 Bluetooth BT515D HI-FI Puissance: 3000W 15 pouces. Haut-parleurs HI-FI Fonctionne sur batterie 220v ou 12v. Il dispose d'un emplacement pour une carte m\u00e9moire, d'une entr\u00e9e pour m\u00e9moire flash usb, d'une radio et d'une connexion bluetooth avec le t\u00e9l\u00e9phone. Il peut \u00e9galement \u00eatre utilis\u00e9 comme amplificateur pour guitare ou basse.","og_url":"https:\/\/cn-webservices.com\/en\/product\/haut-parleur-karaoke-3000-watts-eurolive-bt515d\/","og_site_name":"C&amp;N Services - Web Services et Technologies","article_modified_time":"2023-03-20T09:52:30+00:00","og_image":[{"width":642,"height":720,"url":"https:\/\/cn-webservices.com\/wp-content\/uploads\/2023\/03\/HAUT-PARLEUR-5.jpg","type":"image\/jpeg"}],"twitter_misc":{"Est. reading time":"1 minute"},"schema":{"@context":"https:\/\/schema.org","@graph":[{"@type":"WebPage","@id":"https:\/\/cn-webservices.com\/produit\/haut-parleur-karaoke-3000-watts-eurolive-bt515d\/","url":"https:\/\/cn-webservices.com\/produit\/haut-parleur-karaoke-3000-watts-eurolive-bt515d\/","name":"Haut-parleur karaok\u00e9 3000 watts EUROLIVE BT515D - C&amp;N Services - Web Services et Technologies","isPartOf":{"@id":"https:\/\/cn-webservices.com\/#website"},"primaryImageOfPage":{"@id":"https:\/\/cn-webservices.com\/produit\/haut-parleur-karaoke-3000-watts-eurolive-bt515d\/#primaryimage"},"image":{"@id":"https:\/\/cn-webservices.com\/produit\/haut-parleur-karaoke-3000-watts-eurolive-bt515d\/#primaryimage"},"thumbnailUrl":"https:\/\/cn-webservices.com\/wp-content\/uploads\/2023\/03\/HAUT-PARLEUR-5.jpg","datePublished":"2023-03-20T09:41:44+00:00","dateModified":"2023-03-20T09:52:30+00:00","inLanguage":"en-US","potentialAction":[{"@type":"ReadAction","target":["https:\/\/cn-webservices.com\/produit\/haut-parleur-karaoke-3000-watts-eurolive-bt515d\/"]}]},{"@type":"ImageObject","inLanguage":"en-US","@id":"https:\/\/cn-webservices.com\/produit\/haut-parleur-karaoke-3000-watts-eurolive-bt515d\/#primaryimage","url":"https:\/\/cn-webservices.com\/wp-content\/uploads\/2023\/03\/HAUT-PARLEUR-5.jpg","contentUrl":"https:\/\/cn-webservices.com\/wp-content\/uploads\/2023\/03\/HAUT-PARLEUR-5.jpg","width":642,"height":720},{"@type":"WebSite","@id":"https:\/\/cn-webservices.com\/#website","url":"https:\/\/cn-webservices.com\/","name":"C&amp;N Services - Web Services et Technologies","description":"Nous sommes le d\u00e9but de vos projets","publisher":{"@id":"https:\/\/cn-webservices.com\/#organization"},"potentialAction":[{"@type":"SearchAction","target":{"@type":"EntryPoint","urlTemplate":"https:\/\/cn-webservices.com\/?s={search_term_string}"},"query-input":{"@type":"PropertyValueSpecification","valueRequired":true,"valueName":"search_term_string"}}],"inLanguage":"en-US"},{"@type":"Organization","@id":"https:\/\/cn-webservices.com\/#organization","name":"C&amp;N Services - Web Services et Technologies","url":"https:\/\/cn-webservices.com\/","logo":{"@type":"ImageObject","inLanguage":"en-US","@id":"https:\/\/cn-webservices.com\/#\/schema\/logo\/image\/","url":"https:\/\/cn-webservices.com\/wp-content\/uploads\/2022\/07\/CN-Services-Logo-2022.png","contentUrl":"https:\/\/cn-webservices.com\/wp-content\/uploads\/2022\/07\/CN-Services-Logo-2022.png","width":827,"height":302,"caption":"C&amp;N Services - Web Services et Technologies"},"image":{"@id":"https:\/\/cn-webservices.com\/#\/schema\/logo\/image\/"}}]}},"_links":{"self":[{"href":"https:\/\/cn-webservices.com\/en\/wp-json\/wp\/v2\/product\/1591","targetHints":{"allow":["GET"]}}],"collection":[{"href":"https:\/\/cn-webservices.com\/en\/wp-json\/wp\/v2\/product"}],"about":[{"href":"https:\/\/cn-webservices.com\/en\/wp-json\/wp\/v2\/types\/product"}],"wp:featuredmedia":[{"embeddable":true,"href":"https:\/\/cn-webservices.com\/en\/wp-json\/wp\/v2\/media\/1601"}],"wp:attachment":[{"href":"https:\/\/cn-webservices.com\/en\/wp-json\/wp\/v2\/media?parent=1591"}],"wp:term":[{"taxonomy":"product_brand","embeddable":true,"href":"https:\/\/cn-webservices.com\/en\/wp-json\/wp\/v2\/product_brand?post=1591"},{"taxonomy":"product_cat","embeddable":true,"href":"https:\/\/cn-webservices.com\/en\/wp-json\/wp\/v2\/product_cat?post=1591"},{"taxonomy":"product_tag","embeddable":true,"href":"https:\/\/cn-webservices.com\/en\/wp-json\/wp\/v2\/product_tag?post=1591"}],"curies":[{"name":"wp","href":"https:\/\/api.w.org\/{rel}","templated":true}]}}