{"id":1575,"date":"2023-03-10T13:50:47","date_gmt":"2023-03-10T12:50:47","guid":{"rendered":"https:\/\/cn-webservices.com\/?post_type=product&#038;p=1575"},"modified":"2023-03-10T13:50:47","modified_gmt":"2023-03-10T12:50:47","slug":"camescope-hd-hc-mdh3-panasonic","status":"publish","type":"product","link":"https:\/\/cn-webservices.com\/en\/product\/camescope-hd-hc-mdh3-panasonic\/","title":{"rendered":"Cam\u00e9scope HD HC-MDH3 PANASONIC"},"content":{"rendered":"<p><span style=\"color: #000000;\">Cam\u00e9scope HD HC-MDH3 PANASONIC avec \u00e9clairage LED int\u00e9gr\u00e9<\/span><\/p>\n<p><span style=\"color: #000000;\">Qualit\u00e9 d&rsquo;image superbe<\/span><br \/>\n<span style=\"color: #000000;\">Grand capteur MOS, objectif F1.8<\/span><br \/>\n<span style=\"color: #000000;\">Filtre de diffusion inclus<\/span><br \/>\n<span style=\"color: #000000;\">Fonctions professionnelles<\/span><br \/>\n<span style=\"color: #000000;\">Cam\u00e9scope port\u00e9 \u00e9paule<\/span><\/p>\n<p><span style=\"color: #000000;\">Capteur BSI MOS de type 1\/3,1 (1\/3,1 pouces)<\/span><br \/>\n<span style=\"color: #000000;\">Pixels Effectifs: 6,03 m\u00e9gapixels [16:9]<\/span><br \/>\n<span style=\"color: #000000;\">OBJECTIF Ouverture: F1,8 \u2015 F3,6<\/span><br \/>\n<span style=\"color: #000000;\">Zoom optique: 20x<\/span><br \/>\n<span style=\"color: #000000;\">Longueur Focale: 4,08 \u2015 81,6 mm<\/span><br \/>\n<span style=\"color: #000000;\">Equivalent: 35 mm 29,5 &#8211; 612 mm [16:9]<\/span><br \/>\n<span style=\"color: #000000;\">Diam\u00e8tre du filtre: 49 mm<\/span><br \/>\n<span style=\"color: #000000;\">Type d\u2019objectif: Panasonic<\/span><br \/>\n<span style=\"color: #000000;\">FONCTIONS Sensibilit\u00e9 standard 1400 lux<\/span><br \/>\n<span style=\"color: #000000;\">Sensibilit\u00e9 minimum: 1,2 lx (Super Gain 36 dB, objectif 1\/25)<\/span><br \/>\n<span style=\"color: #000000;\">Mise au point: Auto \/ Manuel<\/span><\/p>\n","protected":false},"excerpt":{"rendered":"<p><span style=\"color: #000000;\">Cam\u00e9scope HD HC-MDH3 PANASONIC avec \u00e9clairage LED int\u00e9gr\u00e9<\/span><\/p>\n<p><span style=\"color: #000000;\">Qualit\u00e9 d&rsquo;image superbe<\/span><br \/>\n<span style=\"color: #000000;\">Grand capteur MOS, objectif F1.8<\/span><br \/>\n<span style=\"color: #000000;\">Filtre de diffusion inclus<\/span><br \/>\n<span style=\"color: #000000;\">Fonctions professionnelles<\/span><br \/>\n<span style=\"color: #000000;\">Cam\u00e9scope port\u00e9 \u00e9paule<\/span><\/p>","protected":false},"featured_media":1576,"template":"","meta":[],"product_brand":[],"product_cat":[41,35,43],"product_tag":[],"class_list":{"0":"post-1575","1":"product","2":"type-product","3":"status-publish","4":"has-post-thumbnail","6":"product_cat-accessoires-audiovisuel","7":"product_cat-audiovisuel","8":"product_cat-camera","10":"first","11":"instock","12":"shipping-taxable","13":"purchasable","14":"product-type-simple"},"yoast_head":"<!-- This site is optimized with the Yoast SEO plugin v27.4 - https:\/\/yoast.com\/product\/yoast-seo-wordpress\/ -->\n<title>Cam\u00e9scope HD HC-MDH3 PANASONIC - C&amp;N Services - Web Services et Technologies<\/title>\n<meta name=\"robots\" content=\"index, follow, max-snippet:-1, max-image-preview:large, max-video-preview:-1\" \/>\n<link rel=\"canonical\" href=\"https:\/\/cn-webservices.com\/en\/product\/camescope-hd-hc-mdh3-panasonic\/\" \/>\n<meta property=\"og:locale\" content=\"en_US\" \/>\n<meta property=\"og:type\" content=\"article\" \/>\n<meta property=\"og:title\" content=\"Cam\u00e9scope HD HC-MDH3 PANASONIC - C&amp;N Services - Web Services et Technologies\" \/>\n<meta property=\"og:description\" content=\"Cam\u00e9scope HD HC-MDH3 PANASONIC avec \u00e9clairage LED int\u00e9gr\u00e9  Qualit\u00e9 d&#039;image superbe Grand capteur MOS, objectif F1.8 Filtre de diffusion inclus Fonctions professionnelles Cam\u00e9scope port\u00e9 \u00e9paule\" \/>\n<meta property=\"og:url\" content=\"https:\/\/cn-webservices.com\/en\/product\/camescope-hd-hc-mdh3-panasonic\/\" \/>\n<meta property=\"og:site_name\" content=\"C&amp;N Services - Web Services et Technologies\" \/>\n<meta property=\"og:image\" content=\"https:\/\/cn-webservices.com\/wp-content\/uploads\/2023\/03\/PAN-1.jpg\" \/>\n\t<meta property=\"og:image:width\" content=\"1166\" \/>\n\t<meta property=\"og:image:height\" content=\"724\" \/>\n\t<meta property=\"og:image:type\" content=\"image\/jpeg\" \/>\n<meta name=\"twitter:label1\" content=\"Est. reading time\" \/>\n\t<meta name=\"twitter:data1\" content=\"1 minute\" \/>\n<script type=\"application\/ld+json\" class=\"yoast-schema-graph\">{\"@context\":\"https:\\\/\\\/schema.org\",\"@graph\":[{\"@type\":\"WebPage\",\"@id\":\"https:\\\/\\\/cn-webservices.com\\\/produit\\\/camescope-hd-hc-mdh3-panasonic\\\/\",\"url\":\"https:\\\/\\\/cn-webservices.com\\\/produit\\\/camescope-hd-hc-mdh3-panasonic\\\/\",\"name\":\"Cam\u00e9scope HD HC-MDH3 PANASONIC - C&amp;N Services - Web Services et Technologies\",\"isPartOf\":{\"@id\":\"https:\\\/\\\/cn-webservices.com\\\/#website\"},\"primaryImageOfPage\":{\"@id\":\"https:\\\/\\\/cn-webservices.com\\\/produit\\\/camescope-hd-hc-mdh3-panasonic\\\/#primaryimage\"},\"image\":{\"@id\":\"https:\\\/\\\/cn-webservices.com\\\/produit\\\/camescope-hd-hc-mdh3-panasonic\\\/#primaryimage\"},\"thumbnailUrl\":\"https:\\\/\\\/cn-webservices.com\\\/wp-content\\\/uploads\\\/2023\\\/03\\\/PAN-1.jpg\",\"datePublished\":\"2023-03-10T12:50:47+00:00\",\"inLanguage\":\"en-US\",\"potentialAction\":[{\"@type\":\"ReadAction\",\"target\":[\"https:\\\/\\\/cn-webservices.com\\\/produit\\\/camescope-hd-hc-mdh3-panasonic\\\/\"]}]},{\"@type\":\"ImageObject\",\"inLanguage\":\"en-US\",\"@id\":\"https:\\\/\\\/cn-webservices.com\\\/produit\\\/camescope-hd-hc-mdh3-panasonic\\\/#primaryimage\",\"url\":\"https:\\\/\\\/cn-webservices.com\\\/wp-content\\\/uploads\\\/2023\\\/03\\\/PAN-1.jpg\",\"contentUrl\":\"https:\\\/\\\/cn-webservices.com\\\/wp-content\\\/uploads\\\/2023\\\/03\\\/PAN-1.jpg\",\"width\":1166,\"height\":724},{\"@type\":\"WebSite\",\"@id\":\"https:\\\/\\\/cn-webservices.com\\\/#website\",\"url\":\"https:\\\/\\\/cn-webservices.com\\\/\",\"name\":\"C&amp;N Services - Web Services et Technologies\",\"description\":\"Nous sommes le d\u00e9but de vos projets\",\"publisher\":{\"@id\":\"https:\\\/\\\/cn-webservices.com\\\/#organization\"},\"potentialAction\":[{\"@type\":\"SearchAction\",\"target\":{\"@type\":\"EntryPoint\",\"urlTemplate\":\"https:\\\/\\\/cn-webservices.com\\\/?s={search_term_string}\"},\"query-input\":{\"@type\":\"PropertyValueSpecification\",\"valueRequired\":true,\"valueName\":\"search_term_string\"}}],\"inLanguage\":\"en-US\"},{\"@type\":\"Organization\",\"@id\":\"https:\\\/\\\/cn-webservices.com\\\/#organization\",\"name\":\"C&amp;N Services - Web Services et Technologies\",\"url\":\"https:\\\/\\\/cn-webservices.com\\\/\",\"logo\":{\"@type\":\"ImageObject\",\"inLanguage\":\"en-US\",\"@id\":\"https:\\\/\\\/cn-webservices.com\\\/#\\\/schema\\\/logo\\\/image\\\/\",\"url\":\"https:\\\/\\\/cn-webservices.com\\\/wp-content\\\/uploads\\\/2022\\\/07\\\/CN-Services-Logo-2022.png\",\"contentUrl\":\"https:\\\/\\\/cn-webservices.com\\\/wp-content\\\/uploads\\\/2022\\\/07\\\/CN-Services-Logo-2022.png\",\"width\":827,\"height\":302,\"caption\":\"C&amp;N Services - Web Services et Technologies\"},\"image\":{\"@id\":\"https:\\\/\\\/cn-webservices.com\\\/#\\\/schema\\\/logo\\\/image\\\/\"}}]}<\/script>\n<!-- \/ Yoast SEO plugin. -->","yoast_head_json":{"title":"Cam\u00e9scope HD HC-MDH3 PANASONIC - C&amp;N Services - Web Services et Technologies","robots":{"index":"index","follow":"follow","max-snippet":"max-snippet:-1","max-image-preview":"max-image-preview:large","max-video-preview":"max-video-preview:-1"},"canonical":"https:\/\/cn-webservices.com\/en\/product\/camescope-hd-hc-mdh3-panasonic\/","og_locale":"en_US","og_type":"article","og_title":"Cam\u00e9scope HD HC-MDH3 PANASONIC - C&amp;N Services - Web Services et Technologies","og_description":"Cam\u00e9scope HD HC-MDH3 PANASONIC avec \u00e9clairage LED int\u00e9gr\u00e9  Qualit\u00e9 d'image superbe Grand capteur MOS, objectif F1.8 Filtre de diffusion inclus Fonctions professionnelles Cam\u00e9scope port\u00e9 \u00e9paule","og_url":"https:\/\/cn-webservices.com\/en\/product\/camescope-hd-hc-mdh3-panasonic\/","og_site_name":"C&amp;N Services - Web Services et Technologies","og_image":[{"width":1166,"height":724,"url":"https:\/\/cn-webservices.com\/wp-content\/uploads\/2023\/03\/PAN-1.jpg","type":"image\/jpeg"}],"twitter_misc":{"Est. reading time":"1 minute"},"schema":{"@context":"https:\/\/schema.org","@graph":[{"@type":"WebPage","@id":"https:\/\/cn-webservices.com\/produit\/camescope-hd-hc-mdh3-panasonic\/","url":"https:\/\/cn-webservices.com\/produit\/camescope-hd-hc-mdh3-panasonic\/","name":"Cam\u00e9scope HD HC-MDH3 PANASONIC - C&amp;N Services - Web Services et Technologies","isPartOf":{"@id":"https:\/\/cn-webservices.com\/#website"},"primaryImageOfPage":{"@id":"https:\/\/cn-webservices.com\/produit\/camescope-hd-hc-mdh3-panasonic\/#primaryimage"},"image":{"@id":"https:\/\/cn-webservices.com\/produit\/camescope-hd-hc-mdh3-panasonic\/#primaryimage"},"thumbnailUrl":"https:\/\/cn-webservices.com\/wp-content\/uploads\/2023\/03\/PAN-1.jpg","datePublished":"2023-03-10T12:50:47+00:00","inLanguage":"en-US","potentialAction":[{"@type":"ReadAction","target":["https:\/\/cn-webservices.com\/produit\/camescope-hd-hc-mdh3-panasonic\/"]}]},{"@type":"ImageObject","inLanguage":"en-US","@id":"https:\/\/cn-webservices.com\/produit\/camescope-hd-hc-mdh3-panasonic\/#primaryimage","url":"https:\/\/cn-webservices.com\/wp-content\/uploads\/2023\/03\/PAN-1.jpg","contentUrl":"https:\/\/cn-webservices.com\/wp-content\/uploads\/2023\/03\/PAN-1.jpg","width":1166,"height":724},{"@type":"WebSite","@id":"https:\/\/cn-webservices.com\/#website","url":"https:\/\/cn-webservices.com\/","name":"C&amp;N Services - Web Services et Technologies","description":"Nous sommes le d\u00e9but de vos projets","publisher":{"@id":"https:\/\/cn-webservices.com\/#organization"},"potentialAction":[{"@type":"SearchAction","target":{"@type":"EntryPoint","urlTemplate":"https:\/\/cn-webservices.com\/?s={search_term_string}"},"query-input":{"@type":"PropertyValueSpecification","valueRequired":true,"valueName":"search_term_string"}}],"inLanguage":"en-US"},{"@type":"Organization","@id":"https:\/\/cn-webservices.com\/#organization","name":"C&amp;N Services - Web Services et Technologies","url":"https:\/\/cn-webservices.com\/","logo":{"@type":"ImageObject","inLanguage":"en-US","@id":"https:\/\/cn-webservices.com\/#\/schema\/logo\/image\/","url":"https:\/\/cn-webservices.com\/wp-content\/uploads\/2022\/07\/CN-Services-Logo-2022.png","contentUrl":"https:\/\/cn-webservices.com\/wp-content\/uploads\/2022\/07\/CN-Services-Logo-2022.png","width":827,"height":302,"caption":"C&amp;N Services - Web Services et Technologies"},"image":{"@id":"https:\/\/cn-webservices.com\/#\/schema\/logo\/image\/"}}]}},"_links":{"self":[{"href":"https:\/\/cn-webservices.com\/en\/wp-json\/wp\/v2\/product\/1575","targetHints":{"allow":["GET"]}}],"collection":[{"href":"https:\/\/cn-webservices.com\/en\/wp-json\/wp\/v2\/product"}],"about":[{"href":"https:\/\/cn-webservices.com\/en\/wp-json\/wp\/v2\/types\/product"}],"wp:featuredmedia":[{"embeddable":true,"href":"https:\/\/cn-webservices.com\/en\/wp-json\/wp\/v2\/media\/1576"}],"wp:attachment":[{"href":"https:\/\/cn-webservices.com\/en\/wp-json\/wp\/v2\/media?parent=1575"}],"wp:term":[{"taxonomy":"product_brand","embeddable":true,"href":"https:\/\/cn-webservices.com\/en\/wp-json\/wp\/v2\/product_brand?post=1575"},{"taxonomy":"product_cat","embeddable":true,"href":"https:\/\/cn-webservices.com\/en\/wp-json\/wp\/v2\/product_cat?post=1575"},{"taxonomy":"product_tag","embeddable":true,"href":"https:\/\/cn-webservices.com\/en\/wp-json\/wp\/v2\/product_tag?post=1575"}],"curies":[{"name":"wp","href":"https:\/\/api.w.org\/{rel}","templated":true}]}}