{"id":1563,"date":"2023-03-09T17:47:48","date_gmt":"2023-03-09T16:47:48","guid":{"rendered":"https:\/\/cn-webservices.com\/?post_type=product&#038;p=1563"},"modified":"2023-03-09T17:47:48","modified_gmt":"2023-03-09T16:47:48","slug":"camera-sony-hxr-nx100-full-hd","status":"publish","type":"product","link":"https:\/\/cn-webservices.com\/en\/product\/camera-sony-hxr-nx100-full-hd\/","title":{"rendered":"CAMERA SONY HXR-NX100 FULL HD"},"content":{"rendered":"<p><span style=\"color: #000000;\">La HXR-NX100 est une cam\u00e9ra Full HD abordable et compacte<\/span><br \/>\n<span style=\"color: #000000;\">La cam\u00e9ra NX100 dispose de toutes les fonctionnalit\u00e9s professionnelles dont vous avez besoin, dans un ch\u00e2ssis compact et robuste.<\/span><br \/>\n<span style=\"color: #000000;\">Avec capteur CMOS Exmor R unique de 20 m\u00e9gapixels* de type 1.0<\/span><br \/>\n<span style=\"color: #000000;\">Zoom Maximal 48X<\/span><br \/>\n<span style=\"color: #000000;\">Ergonomique<\/span><br \/>\n<span style=\"color: #000000;\">Fonctionnement manuel permettant un r\u00e9glage fluide et naturel de la mise au point, du zoom et du diaphragme<\/span><br \/>\n<span style=\"color: #000000;\">Enregistrement multi-format DV, AVCHD et XAVC S 50 Mbit\/s<\/span><br \/>\n<span style=\"color: #000000;\">La cam\u00e9ra HXR-NX100 est con\u00e7ue pour offrir les meilleures performances pour des productions Full-HD<\/span><\/p>","protected":false},"excerpt":{"rendered":"<p><span style=\"color: #000000;\">La HXR-NX100 est une cam\u00e9ra Full HD abordable et compacte<\/span><br \/>\n<span style=\"color: #000000;\">La cam\u00e9ra NX100 dispose de toutes les fonctionnalit\u00e9s professionnelles dont vous avez besoin, dans un ch\u00e2ssis compact et robuste.<\/span><br \/>\n<span style=\"color: #000000;\">Avec capteur CMOS Exmor R unique de 20 m\u00e9gapixels* de type 1.0<\/span><br \/>\n<span style=\"color: #000000;\">Zoom Maximal 48X<\/span><br \/>\n<span style=\"color: #000000;\">Ergonomique<\/span><br \/>\n<span style=\"color: #000000;\">Fonctionnement manuel permettant un r\u00e9glage fluide et naturel de la mise au point, du zoom et du diaphragme<\/span><br \/>\n<span style=\"color: #000000;\">Enregistrement multi-format DV, AVCHD et XAVC S 50 Mbit\/s<\/span><br \/>\n<span style=\"color: #000000;\">La cam\u00e9ra HXR-NX100 est con\u00e7ue pour offrir les meilleures performances pour des productions Full-HD<\/span><\/p>","protected":false},"featured_media":1564,"template":"","meta":[],"product_brand":[],"product_cat":[41,35,43],"product_tag":[],"class_list":{"0":"post-1563","1":"product","2":"type-product","3":"status-publish","4":"has-post-thumbnail","6":"product_cat-accessoires-audiovisuel","7":"product_cat-audiovisuel","8":"product_cat-camera","10":"first","11":"instock","12":"shipping-taxable","13":"purchasable","14":"product-type-simple"},"yoast_head":"<!-- This site is optimized with the Yoast SEO plugin v27.4 - https:\/\/yoast.com\/product\/yoast-seo-wordpress\/ -->\n<title>CAMERA SONY HXR-NX100 FULL HD - C&amp;N Services - Web Services et Technologies<\/title>\n<meta name=\"robots\" content=\"index, follow, max-snippet:-1, max-image-preview:large, max-video-preview:-1\" \/>\n<link rel=\"canonical\" href=\"https:\/\/cn-webservices.com\/en\/product\/camera-sony-hxr-nx100-full-hd\/\" \/>\n<meta property=\"og:locale\" content=\"en_US\" \/>\n<meta property=\"og:type\" content=\"article\" \/>\n<meta property=\"og:title\" content=\"CAMERA SONY HXR-NX100 FULL HD - C&amp;N Services - Web Services et Technologies\" \/>\n<meta property=\"og:description\" content=\"La HXR-NX100 est une cam\u00e9ra Full HD abordable et compacte La cam\u00e9ra NX100 dispose de toutes les fonctionnalit\u00e9s professionnelles dont vous avez besoin, dans un ch\u00e2ssis compact et robuste. Avec capteur CMOS Exmor R unique de 20 m\u00e9gapixels* de type 1.0 Zoom Maximal 48X Ergonomique Fonctionnement manuel permettant un r\u00e9glage fluide et naturel de la mise au point, du zoom et du diaphragme Enregistrement multi-format DV, AVCHD et XAVC S 50 Mbit\/s La cam\u00e9ra HXR-NX100 est con\u00e7ue pour offrir les meilleures performances pour des productions Full-HD\" \/>\n<meta property=\"og:url\" content=\"https:\/\/cn-webservices.com\/en\/product\/camera-sony-hxr-nx100-full-hd\/\" \/>\n<meta property=\"og:site_name\" content=\"C&amp;N Services - Web Services et Technologies\" \/>\n<meta property=\"og:image\" content=\"https:\/\/cn-webservices.com\/wp-content\/uploads\/2023\/03\/HXR-2.jpg\" \/>\n\t<meta property=\"og:image:width\" content=\"866\" \/>\n\t<meta property=\"og:image:height\" content=\"640\" \/>\n\t<meta property=\"og:image:type\" content=\"image\/jpeg\" \/>\n<meta name=\"twitter:label1\" content=\"Est. reading time\" \/>\n\t<meta name=\"twitter:data1\" content=\"1 minute\" \/>\n<script type=\"application\/ld+json\" class=\"yoast-schema-graph\">{\"@context\":\"https:\\\/\\\/schema.org\",\"@graph\":[{\"@type\":\"WebPage\",\"@id\":\"https:\\\/\\\/cn-webservices.com\\\/produit\\\/camera-sony-hxr-nx100-full-hd\\\/\",\"url\":\"https:\\\/\\\/cn-webservices.com\\\/produit\\\/camera-sony-hxr-nx100-full-hd\\\/\",\"name\":\"CAMERA SONY HXR-NX100 FULL HD - C&amp;N Services - Web Services et Technologies\",\"isPartOf\":{\"@id\":\"https:\\\/\\\/cn-webservices.com\\\/#website\"},\"primaryImageOfPage\":{\"@id\":\"https:\\\/\\\/cn-webservices.com\\\/produit\\\/camera-sony-hxr-nx100-full-hd\\\/#primaryimage\"},\"image\":{\"@id\":\"https:\\\/\\\/cn-webservices.com\\\/produit\\\/camera-sony-hxr-nx100-full-hd\\\/#primaryimage\"},\"thumbnailUrl\":\"https:\\\/\\\/cn-webservices.com\\\/wp-content\\\/uploads\\\/2023\\\/03\\\/HXR-2.jpg\",\"datePublished\":\"2023-03-09T16:47:48+00:00\",\"inLanguage\":\"en-US\",\"potentialAction\":[{\"@type\":\"ReadAction\",\"target\":[\"https:\\\/\\\/cn-webservices.com\\\/produit\\\/camera-sony-hxr-nx100-full-hd\\\/\"]}]},{\"@type\":\"ImageObject\",\"inLanguage\":\"en-US\",\"@id\":\"https:\\\/\\\/cn-webservices.com\\\/produit\\\/camera-sony-hxr-nx100-full-hd\\\/#primaryimage\",\"url\":\"https:\\\/\\\/cn-webservices.com\\\/wp-content\\\/uploads\\\/2023\\\/03\\\/HXR-2.jpg\",\"contentUrl\":\"https:\\\/\\\/cn-webservices.com\\\/wp-content\\\/uploads\\\/2023\\\/03\\\/HXR-2.jpg\",\"width\":866,\"height\":640},{\"@type\":\"WebSite\",\"@id\":\"https:\\\/\\\/cn-webservices.com\\\/#website\",\"url\":\"https:\\\/\\\/cn-webservices.com\\\/\",\"name\":\"C&amp;N Services - Web Services et Technologies\",\"description\":\"Nous sommes le d\u00e9but de vos projets\",\"publisher\":{\"@id\":\"https:\\\/\\\/cn-webservices.com\\\/#organization\"},\"potentialAction\":[{\"@type\":\"SearchAction\",\"target\":{\"@type\":\"EntryPoint\",\"urlTemplate\":\"https:\\\/\\\/cn-webservices.com\\\/?s={search_term_string}\"},\"query-input\":{\"@type\":\"PropertyValueSpecification\",\"valueRequired\":true,\"valueName\":\"search_term_string\"}}],\"inLanguage\":\"en-US\"},{\"@type\":\"Organization\",\"@id\":\"https:\\\/\\\/cn-webservices.com\\\/#organization\",\"name\":\"C&amp;N Services - Web Services et Technologies\",\"url\":\"https:\\\/\\\/cn-webservices.com\\\/\",\"logo\":{\"@type\":\"ImageObject\",\"inLanguage\":\"en-US\",\"@id\":\"https:\\\/\\\/cn-webservices.com\\\/#\\\/schema\\\/logo\\\/image\\\/\",\"url\":\"https:\\\/\\\/cn-webservices.com\\\/wp-content\\\/uploads\\\/2022\\\/07\\\/CN-Services-Logo-2022.png\",\"contentUrl\":\"https:\\\/\\\/cn-webservices.com\\\/wp-content\\\/uploads\\\/2022\\\/07\\\/CN-Services-Logo-2022.png\",\"width\":827,\"height\":302,\"caption\":\"C&amp;N Services - Web Services et Technologies\"},\"image\":{\"@id\":\"https:\\\/\\\/cn-webservices.com\\\/#\\\/schema\\\/logo\\\/image\\\/\"}}]}<\/script>\n<!-- \/ Yoast SEO plugin. -->","yoast_head_json":{"title":"CAMERA SONY HXR-NX100 FULL HD - C&amp;N Services - Web Services et Technologies","robots":{"index":"index","follow":"follow","max-snippet":"max-snippet:-1","max-image-preview":"max-image-preview:large","max-video-preview":"max-video-preview:-1"},"canonical":"https:\/\/cn-webservices.com\/en\/product\/camera-sony-hxr-nx100-full-hd\/","og_locale":"en_US","og_type":"article","og_title":"CAMERA SONY HXR-NX100 FULL HD - C&amp;N Services - Web Services et Technologies","og_description":"La HXR-NX100 est une cam\u00e9ra Full HD abordable et compacte La cam\u00e9ra NX100 dispose de toutes les fonctionnalit\u00e9s professionnelles dont vous avez besoin, dans un ch\u00e2ssis compact et robuste. Avec capteur CMOS Exmor R unique de 20 m\u00e9gapixels* de type 1.0 Zoom Maximal 48X Ergonomique Fonctionnement manuel permettant un r\u00e9glage fluide et naturel de la mise au point, du zoom et du diaphragme Enregistrement multi-format DV, AVCHD et XAVC S 50 Mbit\/s La cam\u00e9ra HXR-NX100 est con\u00e7ue pour offrir les meilleures performances pour des productions Full-HD","og_url":"https:\/\/cn-webservices.com\/en\/product\/camera-sony-hxr-nx100-full-hd\/","og_site_name":"C&amp;N Services - Web Services et Technologies","og_image":[{"width":866,"height":640,"url":"https:\/\/cn-webservices.com\/wp-content\/uploads\/2023\/03\/HXR-2.jpg","type":"image\/jpeg"}],"twitter_misc":{"Est. reading time":"1 minute"},"schema":{"@context":"https:\/\/schema.org","@graph":[{"@type":"WebPage","@id":"https:\/\/cn-webservices.com\/produit\/camera-sony-hxr-nx100-full-hd\/","url":"https:\/\/cn-webservices.com\/produit\/camera-sony-hxr-nx100-full-hd\/","name":"CAMERA SONY HXR-NX100 FULL HD - C&amp;N Services - Web Services et Technologies","isPartOf":{"@id":"https:\/\/cn-webservices.com\/#website"},"primaryImageOfPage":{"@id":"https:\/\/cn-webservices.com\/produit\/camera-sony-hxr-nx100-full-hd\/#primaryimage"},"image":{"@id":"https:\/\/cn-webservices.com\/produit\/camera-sony-hxr-nx100-full-hd\/#primaryimage"},"thumbnailUrl":"https:\/\/cn-webservices.com\/wp-content\/uploads\/2023\/03\/HXR-2.jpg","datePublished":"2023-03-09T16:47:48+00:00","inLanguage":"en-US","potentialAction":[{"@type":"ReadAction","target":["https:\/\/cn-webservices.com\/produit\/camera-sony-hxr-nx100-full-hd\/"]}]},{"@type":"ImageObject","inLanguage":"en-US","@id":"https:\/\/cn-webservices.com\/produit\/camera-sony-hxr-nx100-full-hd\/#primaryimage","url":"https:\/\/cn-webservices.com\/wp-content\/uploads\/2023\/03\/HXR-2.jpg","contentUrl":"https:\/\/cn-webservices.com\/wp-content\/uploads\/2023\/03\/HXR-2.jpg","width":866,"height":640},{"@type":"WebSite","@id":"https:\/\/cn-webservices.com\/#website","url":"https:\/\/cn-webservices.com\/","name":"C&amp;N Services - Web Services et Technologies","description":"Nous sommes le d\u00e9but de vos projets","publisher":{"@id":"https:\/\/cn-webservices.com\/#organization"},"potentialAction":[{"@type":"SearchAction","target":{"@type":"EntryPoint","urlTemplate":"https:\/\/cn-webservices.com\/?s={search_term_string}"},"query-input":{"@type":"PropertyValueSpecification","valueRequired":true,"valueName":"search_term_string"}}],"inLanguage":"en-US"},{"@type":"Organization","@id":"https:\/\/cn-webservices.com\/#organization","name":"C&amp;N Services - Web Services et Technologies","url":"https:\/\/cn-webservices.com\/","logo":{"@type":"ImageObject","inLanguage":"en-US","@id":"https:\/\/cn-webservices.com\/#\/schema\/logo\/image\/","url":"https:\/\/cn-webservices.com\/wp-content\/uploads\/2022\/07\/CN-Services-Logo-2022.png","contentUrl":"https:\/\/cn-webservices.com\/wp-content\/uploads\/2022\/07\/CN-Services-Logo-2022.png","width":827,"height":302,"caption":"C&amp;N Services - Web Services et Technologies"},"image":{"@id":"https:\/\/cn-webservices.com\/#\/schema\/logo\/image\/"}}]}},"_links":{"self":[{"href":"https:\/\/cn-webservices.com\/en\/wp-json\/wp\/v2\/product\/1563","targetHints":{"allow":["GET"]}}],"collection":[{"href":"https:\/\/cn-webservices.com\/en\/wp-json\/wp\/v2\/product"}],"about":[{"href":"https:\/\/cn-webservices.com\/en\/wp-json\/wp\/v2\/types\/product"}],"wp:featuredmedia":[{"embeddable":true,"href":"https:\/\/cn-webservices.com\/en\/wp-json\/wp\/v2\/media\/1564"}],"wp:attachment":[{"href":"https:\/\/cn-webservices.com\/en\/wp-json\/wp\/v2\/media?parent=1563"}],"wp:term":[{"taxonomy":"product_brand","embeddable":true,"href":"https:\/\/cn-webservices.com\/en\/wp-json\/wp\/v2\/product_brand?post=1563"},{"taxonomy":"product_cat","embeddable":true,"href":"https:\/\/cn-webservices.com\/en\/wp-json\/wp\/v2\/product_cat?post=1563"},{"taxonomy":"product_tag","embeddable":true,"href":"https:\/\/cn-webservices.com\/en\/wp-json\/wp\/v2\/product_tag?post=1563"}],"curies":[{"name":"wp","href":"https:\/\/api.w.org\/{rel}","templated":true}]}}