{"id":1429,"date":"2023-02-27T21:29:31","date_gmt":"2023-02-27T20:29:31","guid":{"rendered":"https:\/\/cn-webservices.com\/?post_type=product&#038;p=1429"},"modified":"2023-02-27T21:29:31","modified_gmt":"2023-02-27T20:29:31","slug":"trepied-en-alliage-daluminium-yunteng-vct-691","status":"publish","type":"product","link":"https:\/\/cn-webservices.com\/en\/product\/trepied-en-alliage-daluminium-yunteng-vct-691\/","title":{"rendered":"Tr\u00e9pied en alliage d&rsquo;aluminium YUNTENG VCT-691"},"content":{"rendered":"<p><span style=\"color: #000000;\">Tr\u00e9pied en alliage d&rsquo;aluminium avec rotule \u00e0 amortissement panoramique, pr\u00e9cise et efficace, r\u00e9alisant n&rsquo;importe quel angle de prise de vue, pr\u00e9cise et efficace.<\/span><\/p>\n<p><span style=\"color: #000000;\">Caract\u00e9ristiques:<\/span><\/p>\n<p><span style=\"color: #000000;\">Mod\u00e8le : YUNTENG VCT-691<\/span><br \/>\n<span style=\"color: #000000;\">T\u00eate : t\u00eate tridimensionnelle<\/span><br \/>\n<span style=\"color: #000000;\">Angle de la t\u00eate mobile : 360 degr\u00e9s<\/span><br \/>\n<span style=\"color: #000000;\">Inclinaison (vers le bas) : 90 degr\u00e9s<\/span><br \/>\n<span style=\"color: #000000;\">Inclinaison (vers le haut) : 65 degr\u00e9s<\/span><br \/>\n<span style=\"color: #000000;\">Mat\u00e9riau : aluminium + plastique ABS<\/span><br \/>\n<span style=\"color: #000000;\">Poids : environ 1,55 kg<\/span><br \/>\n<span style=\"color: #000000;\">Charge maximale : 3kg<\/span><br \/>\n<span style=\"color: #000000;\">Nombre de sections de jambes : 4<\/span><br \/>\n<span style=\"color: #000000;\">Max. diam\u00e8tre de la jambe : environ 23,2 mm<\/span><\/p>","protected":false},"excerpt":{"rendered":"<p><span style=\"color: #000000;\">Tr\u00e9pied en alliage d&rsquo;aluminium avec rotule \u00e0 amortissement panoramique, pr\u00e9cise et efficace, r\u00e9alisant n&rsquo;importe quel angle de prise de vue, pr\u00e9cise et efficace.<\/span><\/p>\n<p><span style=\"color: #000000;\">Caract\u00e9ristiques:<\/span><\/p>\n<p><span style=\"color: #000000;\">Mod\u00e8le : YUNTENG VCT-691<\/span><br \/>\n<span style=\"color: #000000;\">T\u00eate : t\u00eate tridimensionnelle<\/span><br \/>\n<span style=\"color: #000000;\">Angle de la t\u00eate mobile : 360 degr\u00e9s<\/span><br \/>\n<span style=\"color: #000000;\">Inclinaison (vers le bas) : 90 degr\u00e9s<\/span><br \/>\n<span style=\"color: #000000;\">Inclinaison (vers le haut) : 65 degr\u00e9s<\/span><br \/>\n<span style=\"color: #000000;\">Mat\u00e9riau : aluminium + plastique ABS<\/span><br \/>\n<span style=\"color: #000000;\">Poids : environ 1,55 kg<\/span><br \/>\n<span style=\"color: #000000;\">Charge maximale : 3kg<\/span><br \/>\n<span style=\"color: #000000;\">Nombre de sections de jambes : 4<\/span><br \/>\n<span style=\"color: #000000;\">Max. diam\u00e8tre de la jambe : environ 23,2 mm<\/span><\/p>","protected":false},"featured_media":1430,"template":"","meta":[],"product_brand":[],"product_cat":[41,35,40],"product_tag":[],"class_list":{"0":"post-1429","1":"product","2":"type-product","3":"status-publish","4":"has-post-thumbnail","6":"product_cat-accessoires-audiovisuel","7":"product_cat-audiovisuel","8":"product_cat-trepied","10":"first","11":"instock","12":"shipping-taxable","13":"purchasable","14":"product-type-simple"},"yoast_head":"<!-- This site is optimized with the Yoast SEO plugin v27.4 - https:\/\/yoast.com\/product\/yoast-seo-wordpress\/ -->\n<title>Tr\u00e9pied en alliage d&#039;aluminium YUNTENG VCT-691 - C&amp;N Services - Web Services et Technologies<\/title>\n<meta name=\"robots\" content=\"index, follow, max-snippet:-1, max-image-preview:large, max-video-preview:-1\" \/>\n<link rel=\"canonical\" href=\"https:\/\/cn-webservices.com\/en\/product\/trepied-en-alliage-daluminium-yunteng-vct-691\/\" \/>\n<meta property=\"og:locale\" content=\"en_US\" \/>\n<meta property=\"og:type\" content=\"article\" \/>\n<meta property=\"og:title\" content=\"Tr\u00e9pied en alliage d&#039;aluminium YUNTENG VCT-691 - C&amp;N Services - Web Services et Technologies\" \/>\n<meta property=\"og:description\" content=\"Tr\u00e9pied en alliage d&#039;aluminium avec rotule \u00e0 amortissement panoramique, pr\u00e9cise et efficace, r\u00e9alisant n&#039;importe quel angle de prise de vue, pr\u00e9cise et efficace.  Caract\u00e9ristiques:  Mod\u00e8le : YUNTENG VCT-691 T\u00eate : t\u00eate tridimensionnelle Angle de la t\u00eate mobile : 360 degr\u00e9s Inclinaison (vers le bas) : 90 degr\u00e9s Inclinaison (vers le haut) : 65 degr\u00e9s Mat\u00e9riau : aluminium + plastique ABS Poids : environ 1,55 kg Charge maximale : 3kg Nombre de sections de jambes : 4 Max. diam\u00e8tre de la jambe : environ 23,2 mm\" \/>\n<meta property=\"og:url\" content=\"https:\/\/cn-webservices.com\/en\/product\/trepied-en-alliage-daluminium-yunteng-vct-691\/\" \/>\n<meta property=\"og:site_name\" content=\"C&amp;N Services - Web Services et Technologies\" \/>\n<meta property=\"og:image\" content=\"https:\/\/cn-webservices.com\/wp-content\/uploads\/2023\/02\/Support-TREPIED-1.png\" \/>\n\t<meta property=\"og:image:width\" content=\"758\" \/>\n\t<meta property=\"og:image:height\" content=\"768\" \/>\n\t<meta property=\"og:image:type\" content=\"image\/png\" \/>\n<meta name=\"twitter:label1\" content=\"Est. reading time\" \/>\n\t<meta name=\"twitter:data1\" content=\"1 minute\" \/>\n<script type=\"application\/ld+json\" class=\"yoast-schema-graph\">{\"@context\":\"https:\\\/\\\/schema.org\",\"@graph\":[{\"@type\":\"WebPage\",\"@id\":\"https:\\\/\\\/cn-webservices.com\\\/produit\\\/trepied-en-alliage-daluminium-yunteng-vct-691\\\/\",\"url\":\"https:\\\/\\\/cn-webservices.com\\\/produit\\\/trepied-en-alliage-daluminium-yunteng-vct-691\\\/\",\"name\":\"Tr\u00e9pied en alliage d'aluminium YUNTENG VCT-691 - C&amp;N Services - Web Services et Technologies\",\"isPartOf\":{\"@id\":\"https:\\\/\\\/cn-webservices.com\\\/#website\"},\"primaryImageOfPage\":{\"@id\":\"https:\\\/\\\/cn-webservices.com\\\/produit\\\/trepied-en-alliage-daluminium-yunteng-vct-691\\\/#primaryimage\"},\"image\":{\"@id\":\"https:\\\/\\\/cn-webservices.com\\\/produit\\\/trepied-en-alliage-daluminium-yunteng-vct-691\\\/#primaryimage\"},\"thumbnailUrl\":\"https:\\\/\\\/cn-webservices.com\\\/wp-content\\\/uploads\\\/2023\\\/02\\\/Support-TREPIED-1.png\",\"datePublished\":\"2023-02-27T20:29:31+00:00\",\"inLanguage\":\"en-US\",\"potentialAction\":[{\"@type\":\"ReadAction\",\"target\":[\"https:\\\/\\\/cn-webservices.com\\\/produit\\\/trepied-en-alliage-daluminium-yunteng-vct-691\\\/\"]}]},{\"@type\":\"ImageObject\",\"inLanguage\":\"en-US\",\"@id\":\"https:\\\/\\\/cn-webservices.com\\\/produit\\\/trepied-en-alliage-daluminium-yunteng-vct-691\\\/#primaryimage\",\"url\":\"https:\\\/\\\/cn-webservices.com\\\/wp-content\\\/uploads\\\/2023\\\/02\\\/Support-TREPIED-1.png\",\"contentUrl\":\"https:\\\/\\\/cn-webservices.com\\\/wp-content\\\/uploads\\\/2023\\\/02\\\/Support-TREPIED-1.png\",\"width\":758,\"height\":768},{\"@type\":\"WebSite\",\"@id\":\"https:\\\/\\\/cn-webservices.com\\\/#website\",\"url\":\"https:\\\/\\\/cn-webservices.com\\\/\",\"name\":\"C&amp;N Services - Web Services et Technologies\",\"description\":\"Nous sommes le d\u00e9but de vos projets\",\"publisher\":{\"@id\":\"https:\\\/\\\/cn-webservices.com\\\/#organization\"},\"potentialAction\":[{\"@type\":\"SearchAction\",\"target\":{\"@type\":\"EntryPoint\",\"urlTemplate\":\"https:\\\/\\\/cn-webservices.com\\\/?s={search_term_string}\"},\"query-input\":{\"@type\":\"PropertyValueSpecification\",\"valueRequired\":true,\"valueName\":\"search_term_string\"}}],\"inLanguage\":\"en-US\"},{\"@type\":\"Organization\",\"@id\":\"https:\\\/\\\/cn-webservices.com\\\/#organization\",\"name\":\"C&amp;N Services - Web Services et Technologies\",\"url\":\"https:\\\/\\\/cn-webservices.com\\\/\",\"logo\":{\"@type\":\"ImageObject\",\"inLanguage\":\"en-US\",\"@id\":\"https:\\\/\\\/cn-webservices.com\\\/#\\\/schema\\\/logo\\\/image\\\/\",\"url\":\"https:\\\/\\\/cn-webservices.com\\\/wp-content\\\/uploads\\\/2022\\\/07\\\/CN-Services-Logo-2022.png\",\"contentUrl\":\"https:\\\/\\\/cn-webservices.com\\\/wp-content\\\/uploads\\\/2022\\\/07\\\/CN-Services-Logo-2022.png\",\"width\":827,\"height\":302,\"caption\":\"C&amp;N Services - Web Services et Technologies\"},\"image\":{\"@id\":\"https:\\\/\\\/cn-webservices.com\\\/#\\\/schema\\\/logo\\\/image\\\/\"}}]}<\/script>\n<!-- \/ Yoast SEO plugin. -->","yoast_head_json":{"title":"Tr\u00e9pied en alliage d'aluminium YUNTENG VCT-691 - C&amp;N Services - Web Services et Technologies","robots":{"index":"index","follow":"follow","max-snippet":"max-snippet:-1","max-image-preview":"max-image-preview:large","max-video-preview":"max-video-preview:-1"},"canonical":"https:\/\/cn-webservices.com\/en\/product\/trepied-en-alliage-daluminium-yunteng-vct-691\/","og_locale":"en_US","og_type":"article","og_title":"Tr\u00e9pied en alliage d'aluminium YUNTENG VCT-691 - C&amp;N Services - Web Services et Technologies","og_description":"Tr\u00e9pied en alliage d'aluminium avec rotule \u00e0 amortissement panoramique, pr\u00e9cise et efficace, r\u00e9alisant n'importe quel angle de prise de vue, pr\u00e9cise et efficace.  Caract\u00e9ristiques:  Mod\u00e8le : YUNTENG VCT-691 T\u00eate : t\u00eate tridimensionnelle Angle de la t\u00eate mobile : 360 degr\u00e9s Inclinaison (vers le bas) : 90 degr\u00e9s Inclinaison (vers le haut) : 65 degr\u00e9s Mat\u00e9riau : aluminium + plastique ABS Poids : environ 1,55 kg Charge maximale : 3kg Nombre de sections de jambes : 4 Max. diam\u00e8tre de la jambe : environ 23,2 mm","og_url":"https:\/\/cn-webservices.com\/en\/product\/trepied-en-alliage-daluminium-yunteng-vct-691\/","og_site_name":"C&amp;N Services - Web Services et Technologies","og_image":[{"width":758,"height":768,"url":"https:\/\/cn-webservices.com\/wp-content\/uploads\/2023\/02\/Support-TREPIED-1.png","type":"image\/png"}],"twitter_misc":{"Est. reading time":"1 minute"},"schema":{"@context":"https:\/\/schema.org","@graph":[{"@type":"WebPage","@id":"https:\/\/cn-webservices.com\/produit\/trepied-en-alliage-daluminium-yunteng-vct-691\/","url":"https:\/\/cn-webservices.com\/produit\/trepied-en-alliage-daluminium-yunteng-vct-691\/","name":"Tr\u00e9pied en alliage d'aluminium YUNTENG VCT-691 - C&amp;N Services - Web Services et Technologies","isPartOf":{"@id":"https:\/\/cn-webservices.com\/#website"},"primaryImageOfPage":{"@id":"https:\/\/cn-webservices.com\/produit\/trepied-en-alliage-daluminium-yunteng-vct-691\/#primaryimage"},"image":{"@id":"https:\/\/cn-webservices.com\/produit\/trepied-en-alliage-daluminium-yunteng-vct-691\/#primaryimage"},"thumbnailUrl":"https:\/\/cn-webservices.com\/wp-content\/uploads\/2023\/02\/Support-TREPIED-1.png","datePublished":"2023-02-27T20:29:31+00:00","inLanguage":"en-US","potentialAction":[{"@type":"ReadAction","target":["https:\/\/cn-webservices.com\/produit\/trepied-en-alliage-daluminium-yunteng-vct-691\/"]}]},{"@type":"ImageObject","inLanguage":"en-US","@id":"https:\/\/cn-webservices.com\/produit\/trepied-en-alliage-daluminium-yunteng-vct-691\/#primaryimage","url":"https:\/\/cn-webservices.com\/wp-content\/uploads\/2023\/02\/Support-TREPIED-1.png","contentUrl":"https:\/\/cn-webservices.com\/wp-content\/uploads\/2023\/02\/Support-TREPIED-1.png","width":758,"height":768},{"@type":"WebSite","@id":"https:\/\/cn-webservices.com\/#website","url":"https:\/\/cn-webservices.com\/","name":"C&amp;N Services - Web Services et Technologies","description":"Nous sommes le d\u00e9but de vos projets","publisher":{"@id":"https:\/\/cn-webservices.com\/#organization"},"potentialAction":[{"@type":"SearchAction","target":{"@type":"EntryPoint","urlTemplate":"https:\/\/cn-webservices.com\/?s={search_term_string}"},"query-input":{"@type":"PropertyValueSpecification","valueRequired":true,"valueName":"search_term_string"}}],"inLanguage":"en-US"},{"@type":"Organization","@id":"https:\/\/cn-webservices.com\/#organization","name":"C&amp;N Services - Web Services et Technologies","url":"https:\/\/cn-webservices.com\/","logo":{"@type":"ImageObject","inLanguage":"en-US","@id":"https:\/\/cn-webservices.com\/#\/schema\/logo\/image\/","url":"https:\/\/cn-webservices.com\/wp-content\/uploads\/2022\/07\/CN-Services-Logo-2022.png","contentUrl":"https:\/\/cn-webservices.com\/wp-content\/uploads\/2022\/07\/CN-Services-Logo-2022.png","width":827,"height":302,"caption":"C&amp;N Services - Web Services et Technologies"},"image":{"@id":"https:\/\/cn-webservices.com\/#\/schema\/logo\/image\/"}}]}},"_links":{"self":[{"href":"https:\/\/cn-webservices.com\/en\/wp-json\/wp\/v2\/product\/1429","targetHints":{"allow":["GET"]}}],"collection":[{"href":"https:\/\/cn-webservices.com\/en\/wp-json\/wp\/v2\/product"}],"about":[{"href":"https:\/\/cn-webservices.com\/en\/wp-json\/wp\/v2\/types\/product"}],"wp:featuredmedia":[{"embeddable":true,"href":"https:\/\/cn-webservices.com\/en\/wp-json\/wp\/v2\/media\/1430"}],"wp:attachment":[{"href":"https:\/\/cn-webservices.com\/en\/wp-json\/wp\/v2\/media?parent=1429"}],"wp:term":[{"taxonomy":"product_brand","embeddable":true,"href":"https:\/\/cn-webservices.com\/en\/wp-json\/wp\/v2\/product_brand?post=1429"},{"taxonomy":"product_cat","embeddable":true,"href":"https:\/\/cn-webservices.com\/en\/wp-json\/wp\/v2\/product_cat?post=1429"},{"taxonomy":"product_tag","embeddable":true,"href":"https:\/\/cn-webservices.com\/en\/wp-json\/wp\/v2\/product_tag?post=1429"}],"curies":[{"name":"wp","href":"https:\/\/api.w.org\/{rel}","templated":true}]}}