{"id":1354,"date":"2023-02-25T19:57:54","date_gmt":"2023-02-25T18:57:54","guid":{"rendered":"https:\/\/cn-webservices.com\/?post_type=product&#038;p=1354"},"modified":"2023-02-25T20:05:14","modified_gmt":"2023-02-25T19:05:14","slug":"etiqueteuse-dymo-labelmanager-160","status":"publish","type":"product","link":"https:\/\/cn-webservices.com\/en\/product\/etiqueteuse-dymo-labelmanager-160\/","title":{"rendered":"Etiqueteuse DYMO LabelManager 160"},"content":{"rendered":"<p><span style=\"color: #000000;\">Etiqueteuse DYMO Label Manager 160<\/span><br \/>\n<span style=\"color: #000000;\">Avec rouleau de ruban pour \u00e9tiquettes id\u00e9al pour le magasin ou le bureau<\/span><br \/>\n<span style=\"color: #000000;\">Cr\u00e9ez des \u00e9tiquettes avec 6 tailles de police, 8 styles de texte, 4 types d\u2019encadr\u00e9 en plus du soulignement et 228 symboles et images<\/span><\/p>\n<p><span style=\"color: #000000;\">Marque: DYMO<\/span><br \/>\n<span style=\"color: #000000;\">Technologie d&rsquo;impression: Thermique<\/span><br \/>\n<span style=\"color: #000000;\">Couleur: Noir<\/span><br \/>\n<span style=\"color: #000000;\">Usages recommand\u00e9s pour le produit: Bureau &#8211; Magasin<\/span><br \/>\n<span style=\"color: #000000;\">Nom de mod\u00e8le: LabelManager 160<\/span><br \/>\n<span style=\"color: #000000;\">Sortie d&rsquo;imprimante Monochrome<\/span><br \/>\n<span style=\"color: #000000;\">Poids de l&rsquo;article 0.53 Kilogrammes<\/span><\/p>","protected":false},"excerpt":{"rendered":"<p><span style=\"color: #000000;\">Etiqueteuse DYMO Label Manager 160<\/span><br \/>\n<span style=\"color: #000000;\">Simple et rapide que vous pouvez facilement emporter avec vous.<\/span><\/p>\n<p><span style=\"color: #000000;\">Avec rouleau de ruban pour \u00e9tiquettes id\u00e9al pour le magasin ou le bureau<\/span><br \/>\n<span style=\"color: #000000;\">Cr\u00e9ez des \u00e9tiquettes avec 6 tailles de police, 8 styles de texte, 4 types d\u2019encadr\u00e9 en plus du soulignement et 228 symboles et images<\/span><\/p>","protected":false},"featured_media":1359,"template":"","meta":[],"product_brand":[],"product_cat":[37],"product_tag":[],"class_list":{"0":"post-1354","1":"product","2":"type-product","3":"status-publish","4":"has-post-thumbnail","6":"product_cat-accessoire-bureautique","8":"first","9":"instock","10":"shipping-taxable","11":"purchasable","12":"product-type-simple"},"yoast_head":"<!-- This site is optimized with the Yoast SEO plugin v27.4 - https:\/\/yoast.com\/product\/yoast-seo-wordpress\/ -->\n<title>Etiqueteuse DYMO LabelManager 160 - C&amp;N Services - Web Services et Technologies<\/title>\n<meta name=\"robots\" content=\"index, follow, max-snippet:-1, max-image-preview:large, max-video-preview:-1\" \/>\n<link rel=\"canonical\" href=\"https:\/\/cn-webservices.com\/en\/product\/etiqueteuse-dymo-labelmanager-160\/\" \/>\n<meta property=\"og:locale\" content=\"en_US\" \/>\n<meta property=\"og:type\" content=\"article\" \/>\n<meta property=\"og:title\" content=\"Etiqueteuse DYMO LabelManager 160 - C&amp;N Services - Web Services et Technologies\" \/>\n<meta property=\"og:description\" content=\"Etiqueteuse DYMO Label Manager 160 Simple et rapide que vous pouvez facilement emporter avec vous.  Avec rouleau de ruban pour \u00e9tiquettes id\u00e9al pour le magasin ou le bureau Cr\u00e9ez des \u00e9tiquettes avec 6 tailles de police, 8 styles de texte, 4 types d\u2019encadr\u00e9 en plus du soulignement et 228 symboles et images\" \/>\n<meta property=\"og:url\" content=\"https:\/\/cn-webservices.com\/en\/product\/etiqueteuse-dymo-labelmanager-160\/\" \/>\n<meta property=\"og:site_name\" content=\"C&amp;N Services - Web Services et Technologies\" \/>\n<meta property=\"article:modified_time\" content=\"2023-02-25T19:05:14+00:00\" \/>\n<meta property=\"og:image\" content=\"https:\/\/cn-webservices.com\/wp-content\/uploads\/2023\/02\/ETIQUETTEUSE-DYMO-3-1.jpg\" \/>\n\t<meta property=\"og:image:width\" content=\"491\" \/>\n\t<meta property=\"og:image:height\" content=\"576\" \/>\n\t<meta property=\"og:image:type\" content=\"image\/jpeg\" \/>\n<meta name=\"twitter:label1\" content=\"Est. reading time\" \/>\n\t<meta name=\"twitter:data1\" content=\"1 minute\" \/>\n<script type=\"application\/ld+json\" class=\"yoast-schema-graph\">{\"@context\":\"https:\\\/\\\/schema.org\",\"@graph\":[{\"@type\":\"WebPage\",\"@id\":\"https:\\\/\\\/cn-webservices.com\\\/produit\\\/etiqueteuse-dymo-labelmanager-160\\\/\",\"url\":\"https:\\\/\\\/cn-webservices.com\\\/produit\\\/etiqueteuse-dymo-labelmanager-160\\\/\",\"name\":\"Etiqueteuse DYMO LabelManager 160 - C&amp;N Services - Web Services et Technologies\",\"isPartOf\":{\"@id\":\"https:\\\/\\\/cn-webservices.com\\\/#website\"},\"primaryImageOfPage\":{\"@id\":\"https:\\\/\\\/cn-webservices.com\\\/produit\\\/etiqueteuse-dymo-labelmanager-160\\\/#primaryimage\"},\"image\":{\"@id\":\"https:\\\/\\\/cn-webservices.com\\\/produit\\\/etiqueteuse-dymo-labelmanager-160\\\/#primaryimage\"},\"thumbnailUrl\":\"https:\\\/\\\/cn-webservices.com\\\/wp-content\\\/uploads\\\/2023\\\/02\\\/ETIQUETTEUSE-DYMO-3-1.jpg\",\"datePublished\":\"2023-02-25T18:57:54+00:00\",\"dateModified\":\"2023-02-25T19:05:14+00:00\",\"inLanguage\":\"en-US\",\"potentialAction\":[{\"@type\":\"ReadAction\",\"target\":[\"https:\\\/\\\/cn-webservices.com\\\/produit\\\/etiqueteuse-dymo-labelmanager-160\\\/\"]}]},{\"@type\":\"ImageObject\",\"inLanguage\":\"en-US\",\"@id\":\"https:\\\/\\\/cn-webservices.com\\\/produit\\\/etiqueteuse-dymo-labelmanager-160\\\/#primaryimage\",\"url\":\"https:\\\/\\\/cn-webservices.com\\\/wp-content\\\/uploads\\\/2023\\\/02\\\/ETIQUETTEUSE-DYMO-3-1.jpg\",\"contentUrl\":\"https:\\\/\\\/cn-webservices.com\\\/wp-content\\\/uploads\\\/2023\\\/02\\\/ETIQUETTEUSE-DYMO-3-1.jpg\",\"width\":491,\"height\":576},{\"@type\":\"WebSite\",\"@id\":\"https:\\\/\\\/cn-webservices.com\\\/#website\",\"url\":\"https:\\\/\\\/cn-webservices.com\\\/\",\"name\":\"C&amp;N Services - Web Services et Technologies\",\"description\":\"Nous sommes le d\u00e9but de vos projets\",\"publisher\":{\"@id\":\"https:\\\/\\\/cn-webservices.com\\\/#organization\"},\"potentialAction\":[{\"@type\":\"SearchAction\",\"target\":{\"@type\":\"EntryPoint\",\"urlTemplate\":\"https:\\\/\\\/cn-webservices.com\\\/?s={search_term_string}\"},\"query-input\":{\"@type\":\"PropertyValueSpecification\",\"valueRequired\":true,\"valueName\":\"search_term_string\"}}],\"inLanguage\":\"en-US\"},{\"@type\":\"Organization\",\"@id\":\"https:\\\/\\\/cn-webservices.com\\\/#organization\",\"name\":\"C&amp;N Services - Web Services et Technologies\",\"url\":\"https:\\\/\\\/cn-webservices.com\\\/\",\"logo\":{\"@type\":\"ImageObject\",\"inLanguage\":\"en-US\",\"@id\":\"https:\\\/\\\/cn-webservices.com\\\/#\\\/schema\\\/logo\\\/image\\\/\",\"url\":\"https:\\\/\\\/cn-webservices.com\\\/wp-content\\\/uploads\\\/2022\\\/07\\\/CN-Services-Logo-2022.png\",\"contentUrl\":\"https:\\\/\\\/cn-webservices.com\\\/wp-content\\\/uploads\\\/2022\\\/07\\\/CN-Services-Logo-2022.png\",\"width\":827,\"height\":302,\"caption\":\"C&amp;N Services - Web Services et Technologies\"},\"image\":{\"@id\":\"https:\\\/\\\/cn-webservices.com\\\/#\\\/schema\\\/logo\\\/image\\\/\"}}]}<\/script>\n<!-- \/ Yoast SEO plugin. -->","yoast_head_json":{"title":"Etiqueteuse DYMO LabelManager 160 - C&amp;N Services - Web Services et Technologies","robots":{"index":"index","follow":"follow","max-snippet":"max-snippet:-1","max-image-preview":"max-image-preview:large","max-video-preview":"max-video-preview:-1"},"canonical":"https:\/\/cn-webservices.com\/en\/product\/etiqueteuse-dymo-labelmanager-160\/","og_locale":"en_US","og_type":"article","og_title":"Etiqueteuse DYMO LabelManager 160 - C&amp;N Services - Web Services et Technologies","og_description":"Etiqueteuse DYMO Label Manager 160 Simple et rapide que vous pouvez facilement emporter avec vous.  Avec rouleau de ruban pour \u00e9tiquettes id\u00e9al pour le magasin ou le bureau Cr\u00e9ez des \u00e9tiquettes avec 6 tailles de police, 8 styles de texte, 4 types d\u2019encadr\u00e9 en plus du soulignement et 228 symboles et images","og_url":"https:\/\/cn-webservices.com\/en\/product\/etiqueteuse-dymo-labelmanager-160\/","og_site_name":"C&amp;N Services - Web Services et Technologies","article_modified_time":"2023-02-25T19:05:14+00:00","og_image":[{"width":491,"height":576,"url":"https:\/\/cn-webservices.com\/wp-content\/uploads\/2023\/02\/ETIQUETTEUSE-DYMO-3-1.jpg","type":"image\/jpeg"}],"twitter_misc":{"Est. reading time":"1 minute"},"schema":{"@context":"https:\/\/schema.org","@graph":[{"@type":"WebPage","@id":"https:\/\/cn-webservices.com\/produit\/etiqueteuse-dymo-labelmanager-160\/","url":"https:\/\/cn-webservices.com\/produit\/etiqueteuse-dymo-labelmanager-160\/","name":"Etiqueteuse DYMO LabelManager 160 - C&amp;N Services - Web Services et Technologies","isPartOf":{"@id":"https:\/\/cn-webservices.com\/#website"},"primaryImageOfPage":{"@id":"https:\/\/cn-webservices.com\/produit\/etiqueteuse-dymo-labelmanager-160\/#primaryimage"},"image":{"@id":"https:\/\/cn-webservices.com\/produit\/etiqueteuse-dymo-labelmanager-160\/#primaryimage"},"thumbnailUrl":"https:\/\/cn-webservices.com\/wp-content\/uploads\/2023\/02\/ETIQUETTEUSE-DYMO-3-1.jpg","datePublished":"2023-02-25T18:57:54+00:00","dateModified":"2023-02-25T19:05:14+00:00","inLanguage":"en-US","potentialAction":[{"@type":"ReadAction","target":["https:\/\/cn-webservices.com\/produit\/etiqueteuse-dymo-labelmanager-160\/"]}]},{"@type":"ImageObject","inLanguage":"en-US","@id":"https:\/\/cn-webservices.com\/produit\/etiqueteuse-dymo-labelmanager-160\/#primaryimage","url":"https:\/\/cn-webservices.com\/wp-content\/uploads\/2023\/02\/ETIQUETTEUSE-DYMO-3-1.jpg","contentUrl":"https:\/\/cn-webservices.com\/wp-content\/uploads\/2023\/02\/ETIQUETTEUSE-DYMO-3-1.jpg","width":491,"height":576},{"@type":"WebSite","@id":"https:\/\/cn-webservices.com\/#website","url":"https:\/\/cn-webservices.com\/","name":"C&amp;N Services - Web Services et Technologies","description":"Nous sommes le d\u00e9but de vos projets","publisher":{"@id":"https:\/\/cn-webservices.com\/#organization"},"potentialAction":[{"@type":"SearchAction","target":{"@type":"EntryPoint","urlTemplate":"https:\/\/cn-webservices.com\/?s={search_term_string}"},"query-input":{"@type":"PropertyValueSpecification","valueRequired":true,"valueName":"search_term_string"}}],"inLanguage":"en-US"},{"@type":"Organization","@id":"https:\/\/cn-webservices.com\/#organization","name":"C&amp;N Services - Web Services et Technologies","url":"https:\/\/cn-webservices.com\/","logo":{"@type":"ImageObject","inLanguage":"en-US","@id":"https:\/\/cn-webservices.com\/#\/schema\/logo\/image\/","url":"https:\/\/cn-webservices.com\/wp-content\/uploads\/2022\/07\/CN-Services-Logo-2022.png","contentUrl":"https:\/\/cn-webservices.com\/wp-content\/uploads\/2022\/07\/CN-Services-Logo-2022.png","width":827,"height":302,"caption":"C&amp;N Services - Web Services et Technologies"},"image":{"@id":"https:\/\/cn-webservices.com\/#\/schema\/logo\/image\/"}}]}},"_links":{"self":[{"href":"https:\/\/cn-webservices.com\/en\/wp-json\/wp\/v2\/product\/1354","targetHints":{"allow":["GET"]}}],"collection":[{"href":"https:\/\/cn-webservices.com\/en\/wp-json\/wp\/v2\/product"}],"about":[{"href":"https:\/\/cn-webservices.com\/en\/wp-json\/wp\/v2\/types\/product"}],"wp:featuredmedia":[{"embeddable":true,"href":"https:\/\/cn-webservices.com\/en\/wp-json\/wp\/v2\/media\/1359"}],"wp:attachment":[{"href":"https:\/\/cn-webservices.com\/en\/wp-json\/wp\/v2\/media?parent=1354"}],"wp:term":[{"taxonomy":"product_brand","embeddable":true,"href":"https:\/\/cn-webservices.com\/en\/wp-json\/wp\/v2\/product_brand?post=1354"},{"taxonomy":"product_cat","embeddable":true,"href":"https:\/\/cn-webservices.com\/en\/wp-json\/wp\/v2\/product_cat?post=1354"},{"taxonomy":"product_tag","embeddable":true,"href":"https:\/\/cn-webservices.com\/en\/wp-json\/wp\/v2\/product_tag?post=1354"}],"curies":[{"name":"wp","href":"https:\/\/api.w.org\/{rel}","templated":true}]}}