{"id":1171,"date":"2023-02-15T17:54:07","date_gmt":"2023-02-15T16:54:07","guid":{"rendered":"https:\/\/cn-webservices.com\/?post_type=product&#038;p=1171"},"modified":"2023-02-15T17:54:08","modified_gmt":"2023-02-15T16:54:08","slug":"classeur-document-a4-resistant","status":"publish","type":"product","link":"https:\/\/cn-webservices.com\/en\/product\/classeur-document-a4-resistant\/","title":{"rendered":"CLASSEUR DOCUMENT A4 RESISTANT"},"content":{"rendered":"<p><span style=\"color: #000000;\">CLASSEUR DOCUMENT A4 RESISTANT<\/span><\/p>\n<p><span style=\"color: #000000;\">Mod\u00e8le A4 large (7,5 cm), \u00c9tiquette au dos ins\u00e9rable<\/span><br \/>\n<span style=\"color: #000000;\">Ext\u00e9rieur housse en plastique color\u00e9e<\/span><br \/>\n<span style=\"color: #000000;\">Mat\u00e9riau ext\u00e9rieur polypropyl\u00e8ne<\/span><br \/>\n<span style=\"color: #000000;\">R\u00e9sistant et nettoyable facilement<\/span><br \/>\n<span style=\"color: #000000;\">Dimensions (L\/P\/H) : 7,5\/29,0\/31,8 cm<\/span><\/p>","protected":false},"excerpt":{"rendered":"<p><span style=\"color: #000000;\">CLASSEUR DOCUMENT A4 RESISTANT<\/span><\/p>\n<p><span style=\"color: #000000;\">Mod\u00e8le A4 large (7,5 cm), \u00c9tiquette au dos ins\u00e9rable<\/span><br \/>\n<span style=\"color: #000000;\">Ext\u00e9rieur housse en plastique color\u00e9e<\/span><br \/>\n<span style=\"color: #000000;\">Mat\u00e9riau ext\u00e9rieur polypropyl\u00e8ne<\/span><br \/>\n<span style=\"color: #000000;\">R\u00e9sistant et nettoyable facilement<\/span><br \/>\n<span style=\"color: #000000;\">Dimensions (L\/P\/H) : 7,5\/29,0\/31,8 cm<\/span><\/p>","protected":false},"featured_media":1172,"template":"","meta":[],"product_brand":[],"product_cat":[37,38],"product_tag":[],"class_list":{"0":"post-1171","1":"product","2":"type-product","3":"status-publish","4":"has-post-thumbnail","6":"product_cat-accessoire-bureautique","7":"product_cat-classeur","9":"first","10":"instock","11":"shipping-taxable","12":"purchasable","13":"product-type-variable"},"yoast_head":"<!-- This site is optimized with the Yoast SEO plugin v27.4 - https:\/\/yoast.com\/product\/yoast-seo-wordpress\/ -->\n<title>CLASSEUR DOCUMENT A4 RESISTANT - C&amp;N Services - Web Services et Technologies<\/title>\n<meta name=\"robots\" content=\"index, follow, max-snippet:-1, max-image-preview:large, max-video-preview:-1\" \/>\n<link rel=\"canonical\" href=\"https:\/\/cn-webservices.com\/en\/product\/classeur-document-a4-resistant\/\" \/>\n<meta property=\"og:locale\" content=\"en_US\" \/>\n<meta property=\"og:type\" content=\"article\" \/>\n<meta property=\"og:title\" content=\"CLASSEUR DOCUMENT A4 RESISTANT - C&amp;N Services - Web Services et Technologies\" \/>\n<meta property=\"og:description\" content=\"CLASSEUR DOCUMENT A4 RESISTANT  Mod\u00e8le A4 large (7,5 cm), \u00c9tiquette au dos ins\u00e9rable Ext\u00e9rieur housse en plastique color\u00e9e Mat\u00e9riau ext\u00e9rieur polypropyl\u00e8ne R\u00e9sistant et nettoyable facilement Dimensions (L\/P\/H) : 7,5\/29,0\/31,8 cm\" \/>\n<meta property=\"og:url\" content=\"https:\/\/cn-webservices.com\/en\/product\/classeur-document-a4-resistant\/\" \/>\n<meta property=\"og:site_name\" content=\"C&amp;N Services - Web Services et Technologies\" \/>\n<meta property=\"article:modified_time\" content=\"2023-02-15T16:54:08+00:00\" \/>\n<meta property=\"og:image\" content=\"https:\/\/cn-webservices.com\/wp-content\/uploads\/2023\/02\/Classeur-1-NOIR.jpg\" \/>\n\t<meta property=\"og:image:width\" content=\"762\" \/>\n\t<meta property=\"og:image:height\" content=\"768\" \/>\n\t<meta property=\"og:image:type\" content=\"image\/jpeg\" \/>\n<meta name=\"twitter:label1\" content=\"Est. reading time\" \/>\n\t<meta name=\"twitter:data1\" content=\"1 minute\" \/>\n<script type=\"application\/ld+json\" class=\"yoast-schema-graph\">{\"@context\":\"https:\\\/\\\/schema.org\",\"@graph\":[{\"@type\":\"WebPage\",\"@id\":\"https:\\\/\\\/cn-webservices.com\\\/produit\\\/classeur-document-a4-resistant\\\/\",\"url\":\"https:\\\/\\\/cn-webservices.com\\\/produit\\\/classeur-document-a4-resistant\\\/\",\"name\":\"CLASSEUR DOCUMENT A4 RESISTANT - C&amp;N Services - Web Services et Technologies\",\"isPartOf\":{\"@id\":\"https:\\\/\\\/cn-webservices.com\\\/#website\"},\"primaryImageOfPage\":{\"@id\":\"https:\\\/\\\/cn-webservices.com\\\/produit\\\/classeur-document-a4-resistant\\\/#primaryimage\"},\"image\":{\"@id\":\"https:\\\/\\\/cn-webservices.com\\\/produit\\\/classeur-document-a4-resistant\\\/#primaryimage\"},\"thumbnailUrl\":\"https:\\\/\\\/cn-webservices.com\\\/wp-content\\\/uploads\\\/2023\\\/02\\\/Classeur-1-NOIR.jpg\",\"datePublished\":\"2023-02-15T16:54:07+00:00\",\"dateModified\":\"2023-02-15T16:54:08+00:00\",\"inLanguage\":\"en-US\",\"potentialAction\":[{\"@type\":\"ReadAction\",\"target\":[\"https:\\\/\\\/cn-webservices.com\\\/produit\\\/classeur-document-a4-resistant\\\/\"]}]},{\"@type\":\"ImageObject\",\"inLanguage\":\"en-US\",\"@id\":\"https:\\\/\\\/cn-webservices.com\\\/produit\\\/classeur-document-a4-resistant\\\/#primaryimage\",\"url\":\"https:\\\/\\\/cn-webservices.com\\\/wp-content\\\/uploads\\\/2023\\\/02\\\/Classeur-1-NOIR.jpg\",\"contentUrl\":\"https:\\\/\\\/cn-webservices.com\\\/wp-content\\\/uploads\\\/2023\\\/02\\\/Classeur-1-NOIR.jpg\",\"width\":762,\"height\":768},{\"@type\":\"WebSite\",\"@id\":\"https:\\\/\\\/cn-webservices.com\\\/#website\",\"url\":\"https:\\\/\\\/cn-webservices.com\\\/\",\"name\":\"C&amp;N Services - Web Services et Technologies\",\"description\":\"Nous sommes le d\u00e9but de vos projets\",\"publisher\":{\"@id\":\"https:\\\/\\\/cn-webservices.com\\\/#organization\"},\"potentialAction\":[{\"@type\":\"SearchAction\",\"target\":{\"@type\":\"EntryPoint\",\"urlTemplate\":\"https:\\\/\\\/cn-webservices.com\\\/?s={search_term_string}\"},\"query-input\":{\"@type\":\"PropertyValueSpecification\",\"valueRequired\":true,\"valueName\":\"search_term_string\"}}],\"inLanguage\":\"en-US\"},{\"@type\":\"Organization\",\"@id\":\"https:\\\/\\\/cn-webservices.com\\\/#organization\",\"name\":\"C&amp;N Services - Web Services et Technologies\",\"url\":\"https:\\\/\\\/cn-webservices.com\\\/\",\"logo\":{\"@type\":\"ImageObject\",\"inLanguage\":\"en-US\",\"@id\":\"https:\\\/\\\/cn-webservices.com\\\/#\\\/schema\\\/logo\\\/image\\\/\",\"url\":\"https:\\\/\\\/cn-webservices.com\\\/wp-content\\\/uploads\\\/2022\\\/07\\\/CN-Services-Logo-2022.png\",\"contentUrl\":\"https:\\\/\\\/cn-webservices.com\\\/wp-content\\\/uploads\\\/2022\\\/07\\\/CN-Services-Logo-2022.png\",\"width\":827,\"height\":302,\"caption\":\"C&amp;N Services - Web Services et Technologies\"},\"image\":{\"@id\":\"https:\\\/\\\/cn-webservices.com\\\/#\\\/schema\\\/logo\\\/image\\\/\"}}]}<\/script>\n<!-- \/ Yoast SEO plugin. -->","yoast_head_json":{"title":"CLASSEUR DOCUMENT A4 RESISTANT - C&amp;N Services - Web Services et Technologies","robots":{"index":"index","follow":"follow","max-snippet":"max-snippet:-1","max-image-preview":"max-image-preview:large","max-video-preview":"max-video-preview:-1"},"canonical":"https:\/\/cn-webservices.com\/en\/product\/classeur-document-a4-resistant\/","og_locale":"en_US","og_type":"article","og_title":"CLASSEUR DOCUMENT A4 RESISTANT - C&amp;N Services - Web Services et Technologies","og_description":"CLASSEUR DOCUMENT A4 RESISTANT  Mod\u00e8le A4 large (7,5 cm), \u00c9tiquette au dos ins\u00e9rable Ext\u00e9rieur housse en plastique color\u00e9e Mat\u00e9riau ext\u00e9rieur polypropyl\u00e8ne R\u00e9sistant et nettoyable facilement Dimensions (L\/P\/H) : 7,5\/29,0\/31,8 cm","og_url":"https:\/\/cn-webservices.com\/en\/product\/classeur-document-a4-resistant\/","og_site_name":"C&amp;N Services - Web Services et Technologies","article_modified_time":"2023-02-15T16:54:08+00:00","og_image":[{"width":762,"height":768,"url":"https:\/\/cn-webservices.com\/wp-content\/uploads\/2023\/02\/Classeur-1-NOIR.jpg","type":"image\/jpeg"}],"twitter_misc":{"Est. reading time":"1 minute"},"schema":{"@context":"https:\/\/schema.org","@graph":[{"@type":"WebPage","@id":"https:\/\/cn-webservices.com\/produit\/classeur-document-a4-resistant\/","url":"https:\/\/cn-webservices.com\/produit\/classeur-document-a4-resistant\/","name":"CLASSEUR DOCUMENT A4 RESISTANT - C&amp;N Services - Web Services et Technologies","isPartOf":{"@id":"https:\/\/cn-webservices.com\/#website"},"primaryImageOfPage":{"@id":"https:\/\/cn-webservices.com\/produit\/classeur-document-a4-resistant\/#primaryimage"},"image":{"@id":"https:\/\/cn-webservices.com\/produit\/classeur-document-a4-resistant\/#primaryimage"},"thumbnailUrl":"https:\/\/cn-webservices.com\/wp-content\/uploads\/2023\/02\/Classeur-1-NOIR.jpg","datePublished":"2023-02-15T16:54:07+00:00","dateModified":"2023-02-15T16:54:08+00:00","inLanguage":"en-US","potentialAction":[{"@type":"ReadAction","target":["https:\/\/cn-webservices.com\/produit\/classeur-document-a4-resistant\/"]}]},{"@type":"ImageObject","inLanguage":"en-US","@id":"https:\/\/cn-webservices.com\/produit\/classeur-document-a4-resistant\/#primaryimage","url":"https:\/\/cn-webservices.com\/wp-content\/uploads\/2023\/02\/Classeur-1-NOIR.jpg","contentUrl":"https:\/\/cn-webservices.com\/wp-content\/uploads\/2023\/02\/Classeur-1-NOIR.jpg","width":762,"height":768},{"@type":"WebSite","@id":"https:\/\/cn-webservices.com\/#website","url":"https:\/\/cn-webservices.com\/","name":"C&amp;N Services - Web Services et Technologies","description":"Nous sommes le d\u00e9but de vos projets","publisher":{"@id":"https:\/\/cn-webservices.com\/#organization"},"potentialAction":[{"@type":"SearchAction","target":{"@type":"EntryPoint","urlTemplate":"https:\/\/cn-webservices.com\/?s={search_term_string}"},"query-input":{"@type":"PropertyValueSpecification","valueRequired":true,"valueName":"search_term_string"}}],"inLanguage":"en-US"},{"@type":"Organization","@id":"https:\/\/cn-webservices.com\/#organization","name":"C&amp;N Services - Web Services et Technologies","url":"https:\/\/cn-webservices.com\/","logo":{"@type":"ImageObject","inLanguage":"en-US","@id":"https:\/\/cn-webservices.com\/#\/schema\/logo\/image\/","url":"https:\/\/cn-webservices.com\/wp-content\/uploads\/2022\/07\/CN-Services-Logo-2022.png","contentUrl":"https:\/\/cn-webservices.com\/wp-content\/uploads\/2022\/07\/CN-Services-Logo-2022.png","width":827,"height":302,"caption":"C&amp;N Services - Web Services et Technologies"},"image":{"@id":"https:\/\/cn-webservices.com\/#\/schema\/logo\/image\/"}}]}},"_links":{"self":[{"href":"https:\/\/cn-webservices.com\/en\/wp-json\/wp\/v2\/product\/1171","targetHints":{"allow":["GET"]}}],"collection":[{"href":"https:\/\/cn-webservices.com\/en\/wp-json\/wp\/v2\/product"}],"about":[{"href":"https:\/\/cn-webservices.com\/en\/wp-json\/wp\/v2\/types\/product"}],"wp:featuredmedia":[{"embeddable":true,"href":"https:\/\/cn-webservices.com\/en\/wp-json\/wp\/v2\/media\/1172"}],"wp:attachment":[{"href":"https:\/\/cn-webservices.com\/en\/wp-json\/wp\/v2\/media?parent=1171"}],"wp:term":[{"taxonomy":"product_brand","embeddable":true,"href":"https:\/\/cn-webservices.com\/en\/wp-json\/wp\/v2\/product_brand?post=1171"},{"taxonomy":"product_cat","embeddable":true,"href":"https:\/\/cn-webservices.com\/en\/wp-json\/wp\/v2\/product_cat?post=1171"},{"taxonomy":"product_tag","embeddable":true,"href":"https:\/\/cn-webservices.com\/en\/wp-json\/wp\/v2\/product_tag?post=1171"}],"curies":[{"name":"wp","href":"https:\/\/api.w.org\/{rel}","templated":true}]}}