{"id":1162,"date":"2023-02-14T19:26:52","date_gmt":"2023-02-14T18:26:52","guid":{"rendered":"https:\/\/cn-webservices.com\/?post_type=product&#038;p=1162"},"modified":"2023-02-14T19:26:52","modified_gmt":"2023-02-14T18:26:52","slug":"microphone-filaire-dynamique-ahuja-aud-98xlr","status":"publish","type":"product","link":"https:\/\/cn-webservices.com\/en\/product\/microphone-filaire-dynamique-ahuja-aud-98xlr\/","title":{"rendered":"Microphone filaire dynamique AHUJA AUD-98XLR"},"content":{"rendered":"<p><span style=\"color: #000000;\">Fourni avec un support d\u00e9tachable rapide avec connecteur XLR professionnel 3 broches et 6 m\u00e8tres. C\u00e2ble \u00e0 faible bruit blind\u00e9 \u00e0 deux conducteurs.<\/span><\/p>\n<p><span style=\"color: #000000;\">Marque: AHUJA<\/span><br \/>\n<span style=\"color: #000000;\">Technologie de connectivit\u00e9: XLR<\/span><br \/>\n<span style=\"color: #000000;\">Connecteur XLR<\/span><br \/>\n<span style=\"color: #000000;\">Appareils compatibles: Amplificateur, Haut-parleur<\/span><br \/>\n<span style=\"color: #000000;\">Couleur: Noir<\/span><br \/>\n<span style=\"color: #000000;\">Cartouche n\u00e9odyme \u00e0 haut rendement<\/span><br \/>\n<span style=\"color: #000000;\">Excellente intelligibilit\u00e9 et large fr\u00e9quence<\/span><br \/>\n<span style=\"color: #000000;\">C\u00e2ble \u00e0 faible bruit blind\u00e9 \u00e0 deux conducteurs de 6 m<\/span><br \/>\n<span style=\"color: #000000;\">Connecteur XLR professionnel \u00e0 3 broches<\/span><\/p>","protected":false},"excerpt":{"rendered":"<p><span style=\"color: #000000;\">Fourni avec un support d\u00e9tachable rapide avec connecteur XLR professionnel 3 broches et 6 m\u00e8tres. C\u00e2ble \u00e0 faible bruit blind\u00e9 \u00e0 deux conducteurs.<\/span><\/p>\n<p><span style=\"color: #000000;\">Marque: AHUJA<\/span><br \/>\n<span style=\"color: #000000;\">Technologie de connectivit\u00e9: XLR<\/span><br \/>\n<span style=\"color: #000000;\">Connecteur XLR<\/span><br \/>\n<span style=\"color: #000000;\">Appareils compatibles: Amplificateur, Haut-parleur<\/span><br \/>\n<span style=\"color: #000000;\">Couleur: Noir<\/span><br \/>\n<span style=\"color: #000000;\">Cartouche n\u00e9odyme \u00e0 haut rendement<\/span><br \/>\n<span style=\"color: #000000;\">Excellente intelligibilit\u00e9 et large fr\u00e9quence<\/span><br \/>\n<span style=\"color: #000000;\">C\u00e2ble \u00e0 faible bruit blind\u00e9 \u00e0 deux conducteurs de 6 m<\/span><br \/>\n<span style=\"color: #000000;\">Connecteur XLR professionnel \u00e0 3 broches<\/span><\/p>","protected":false},"featured_media":1163,"template":"","meta":[],"product_brand":[],"product_cat":[35,36],"product_tag":[],"class_list":{"0":"post-1162","1":"product","2":"type-product","3":"status-publish","4":"has-post-thumbnail","6":"product_cat-audiovisuel","7":"product_cat-microphone","9":"first","10":"instock","11":"shipping-taxable","12":"purchasable","13":"product-type-simple"},"yoast_head":"<!-- This site is optimized with the Yoast SEO plugin v27.4 - https:\/\/yoast.com\/product\/yoast-seo-wordpress\/ -->\n<title>Microphone filaire dynamique AHUJA AUD-98XLR - C&amp;N Services - Web Services et Technologies<\/title>\n<meta name=\"robots\" content=\"index, follow, max-snippet:-1, max-image-preview:large, max-video-preview:-1\" \/>\n<link rel=\"canonical\" href=\"https:\/\/cn-webservices.com\/en\/product\/microphone-filaire-dynamique-ahuja-aud-98xlr\/\" \/>\n<meta property=\"og:locale\" content=\"en_US\" \/>\n<meta property=\"og:type\" content=\"article\" \/>\n<meta property=\"og:title\" content=\"Microphone filaire dynamique AHUJA AUD-98XLR - C&amp;N Services - Web Services et Technologies\" \/>\n<meta property=\"og:description\" content=\"Fourni avec un support d\u00e9tachable rapide avec connecteur XLR professionnel 3 broches et 6 m\u00e8tres. C\u00e2ble \u00e0 faible bruit blind\u00e9 \u00e0 deux conducteurs.  Marque: AHUJA Technologie de connectivit\u00e9: XLR Connecteur XLR Appareils compatibles: Amplificateur, Haut-parleur Couleur: Noir Cartouche n\u00e9odyme \u00e0 haut rendement Excellente intelligibilit\u00e9 et large fr\u00e9quence C\u00e2ble \u00e0 faible bruit blind\u00e9 \u00e0 deux conducteurs de 6 m Connecteur XLR professionnel \u00e0 3 broches\" \/>\n<meta property=\"og:url\" content=\"https:\/\/cn-webservices.com\/en\/product\/microphone-filaire-dynamique-ahuja-aud-98xlr\/\" \/>\n<meta property=\"og:site_name\" content=\"C&amp;N Services - Web Services et Technologies\" \/>\n<meta property=\"og:image\" content=\"https:\/\/cn-webservices.com\/wp-content\/uploads\/2023\/02\/CN-MICRO-FILAIRE-1.jpg\" \/>\n\t<meta property=\"og:image:width\" content=\"510\" \/>\n\t<meta property=\"og:image:height\" content=\"500\" \/>\n\t<meta property=\"og:image:type\" content=\"image\/jpeg\" \/>\n<meta name=\"twitter:label1\" content=\"Est. reading time\" \/>\n\t<meta name=\"twitter:data1\" content=\"1 minute\" \/>\n<script type=\"application\/ld+json\" class=\"yoast-schema-graph\">{\"@context\":\"https:\\\/\\\/schema.org\",\"@graph\":[{\"@type\":\"WebPage\",\"@id\":\"https:\\\/\\\/cn-webservices.com\\\/produit\\\/microphone-filaire-dynamique-ahuja-aud-98xlr\\\/\",\"url\":\"https:\\\/\\\/cn-webservices.com\\\/produit\\\/microphone-filaire-dynamique-ahuja-aud-98xlr\\\/\",\"name\":\"Microphone filaire dynamique AHUJA AUD-98XLR - C&amp;N Services - Web Services et Technologies\",\"isPartOf\":{\"@id\":\"https:\\\/\\\/cn-webservices.com\\\/#website\"},\"primaryImageOfPage\":{\"@id\":\"https:\\\/\\\/cn-webservices.com\\\/produit\\\/microphone-filaire-dynamique-ahuja-aud-98xlr\\\/#primaryimage\"},\"image\":{\"@id\":\"https:\\\/\\\/cn-webservices.com\\\/produit\\\/microphone-filaire-dynamique-ahuja-aud-98xlr\\\/#primaryimage\"},\"thumbnailUrl\":\"https:\\\/\\\/cn-webservices.com\\\/wp-content\\\/uploads\\\/2023\\\/02\\\/CN-MICRO-FILAIRE-1.jpg\",\"datePublished\":\"2023-02-14T18:26:52+00:00\",\"inLanguage\":\"en-US\",\"potentialAction\":[{\"@type\":\"ReadAction\",\"target\":[\"https:\\\/\\\/cn-webservices.com\\\/produit\\\/microphone-filaire-dynamique-ahuja-aud-98xlr\\\/\"]}]},{\"@type\":\"ImageObject\",\"inLanguage\":\"en-US\",\"@id\":\"https:\\\/\\\/cn-webservices.com\\\/produit\\\/microphone-filaire-dynamique-ahuja-aud-98xlr\\\/#primaryimage\",\"url\":\"https:\\\/\\\/cn-webservices.com\\\/wp-content\\\/uploads\\\/2023\\\/02\\\/CN-MICRO-FILAIRE-1.jpg\",\"contentUrl\":\"https:\\\/\\\/cn-webservices.com\\\/wp-content\\\/uploads\\\/2023\\\/02\\\/CN-MICRO-FILAIRE-1.jpg\",\"width\":510,\"height\":500},{\"@type\":\"WebSite\",\"@id\":\"https:\\\/\\\/cn-webservices.com\\\/#website\",\"url\":\"https:\\\/\\\/cn-webservices.com\\\/\",\"name\":\"C&amp;N Services - Web Services et Technologies\",\"description\":\"Nous sommes le d\u00e9but de vos projets\",\"publisher\":{\"@id\":\"https:\\\/\\\/cn-webservices.com\\\/#organization\"},\"potentialAction\":[{\"@type\":\"SearchAction\",\"target\":{\"@type\":\"EntryPoint\",\"urlTemplate\":\"https:\\\/\\\/cn-webservices.com\\\/?s={search_term_string}\"},\"query-input\":{\"@type\":\"PropertyValueSpecification\",\"valueRequired\":true,\"valueName\":\"search_term_string\"}}],\"inLanguage\":\"en-US\"},{\"@type\":\"Organization\",\"@id\":\"https:\\\/\\\/cn-webservices.com\\\/#organization\",\"name\":\"C&amp;N Services - Web Services et Technologies\",\"url\":\"https:\\\/\\\/cn-webservices.com\\\/\",\"logo\":{\"@type\":\"ImageObject\",\"inLanguage\":\"en-US\",\"@id\":\"https:\\\/\\\/cn-webservices.com\\\/#\\\/schema\\\/logo\\\/image\\\/\",\"url\":\"https:\\\/\\\/cn-webservices.com\\\/wp-content\\\/uploads\\\/2022\\\/07\\\/CN-Services-Logo-2022.png\",\"contentUrl\":\"https:\\\/\\\/cn-webservices.com\\\/wp-content\\\/uploads\\\/2022\\\/07\\\/CN-Services-Logo-2022.png\",\"width\":827,\"height\":302,\"caption\":\"C&amp;N Services - Web Services et Technologies\"},\"image\":{\"@id\":\"https:\\\/\\\/cn-webservices.com\\\/#\\\/schema\\\/logo\\\/image\\\/\"}}]}<\/script>\n<!-- \/ Yoast SEO plugin. -->","yoast_head_json":{"title":"Microphone filaire dynamique AHUJA AUD-98XLR - C&amp;N Services - Web Services et Technologies","robots":{"index":"index","follow":"follow","max-snippet":"max-snippet:-1","max-image-preview":"max-image-preview:large","max-video-preview":"max-video-preview:-1"},"canonical":"https:\/\/cn-webservices.com\/en\/product\/microphone-filaire-dynamique-ahuja-aud-98xlr\/","og_locale":"en_US","og_type":"article","og_title":"Microphone filaire dynamique AHUJA AUD-98XLR - C&amp;N Services - Web Services et Technologies","og_description":"Fourni avec un support d\u00e9tachable rapide avec connecteur XLR professionnel 3 broches et 6 m\u00e8tres. C\u00e2ble \u00e0 faible bruit blind\u00e9 \u00e0 deux conducteurs.  Marque: AHUJA Technologie de connectivit\u00e9: XLR Connecteur XLR Appareils compatibles: Amplificateur, Haut-parleur Couleur: Noir Cartouche n\u00e9odyme \u00e0 haut rendement Excellente intelligibilit\u00e9 et large fr\u00e9quence C\u00e2ble \u00e0 faible bruit blind\u00e9 \u00e0 deux conducteurs de 6 m Connecteur XLR professionnel \u00e0 3 broches","og_url":"https:\/\/cn-webservices.com\/en\/product\/microphone-filaire-dynamique-ahuja-aud-98xlr\/","og_site_name":"C&amp;N Services - Web Services et Technologies","og_image":[{"width":510,"height":500,"url":"https:\/\/cn-webservices.com\/wp-content\/uploads\/2023\/02\/CN-MICRO-FILAIRE-1.jpg","type":"image\/jpeg"}],"twitter_misc":{"Est. reading time":"1 minute"},"schema":{"@context":"https:\/\/schema.org","@graph":[{"@type":"WebPage","@id":"https:\/\/cn-webservices.com\/produit\/microphone-filaire-dynamique-ahuja-aud-98xlr\/","url":"https:\/\/cn-webservices.com\/produit\/microphone-filaire-dynamique-ahuja-aud-98xlr\/","name":"Microphone filaire dynamique AHUJA AUD-98XLR - C&amp;N Services - Web Services et Technologies","isPartOf":{"@id":"https:\/\/cn-webservices.com\/#website"},"primaryImageOfPage":{"@id":"https:\/\/cn-webservices.com\/produit\/microphone-filaire-dynamique-ahuja-aud-98xlr\/#primaryimage"},"image":{"@id":"https:\/\/cn-webservices.com\/produit\/microphone-filaire-dynamique-ahuja-aud-98xlr\/#primaryimage"},"thumbnailUrl":"https:\/\/cn-webservices.com\/wp-content\/uploads\/2023\/02\/CN-MICRO-FILAIRE-1.jpg","datePublished":"2023-02-14T18:26:52+00:00","inLanguage":"en-US","potentialAction":[{"@type":"ReadAction","target":["https:\/\/cn-webservices.com\/produit\/microphone-filaire-dynamique-ahuja-aud-98xlr\/"]}]},{"@type":"ImageObject","inLanguage":"en-US","@id":"https:\/\/cn-webservices.com\/produit\/microphone-filaire-dynamique-ahuja-aud-98xlr\/#primaryimage","url":"https:\/\/cn-webservices.com\/wp-content\/uploads\/2023\/02\/CN-MICRO-FILAIRE-1.jpg","contentUrl":"https:\/\/cn-webservices.com\/wp-content\/uploads\/2023\/02\/CN-MICRO-FILAIRE-1.jpg","width":510,"height":500},{"@type":"WebSite","@id":"https:\/\/cn-webservices.com\/#website","url":"https:\/\/cn-webservices.com\/","name":"C&amp;N Services - Web Services et Technologies","description":"Nous sommes le d\u00e9but de vos projets","publisher":{"@id":"https:\/\/cn-webservices.com\/#organization"},"potentialAction":[{"@type":"SearchAction","target":{"@type":"EntryPoint","urlTemplate":"https:\/\/cn-webservices.com\/?s={search_term_string}"},"query-input":{"@type":"PropertyValueSpecification","valueRequired":true,"valueName":"search_term_string"}}],"inLanguage":"en-US"},{"@type":"Organization","@id":"https:\/\/cn-webservices.com\/#organization","name":"C&amp;N Services - Web Services et Technologies","url":"https:\/\/cn-webservices.com\/","logo":{"@type":"ImageObject","inLanguage":"en-US","@id":"https:\/\/cn-webservices.com\/#\/schema\/logo\/image\/","url":"https:\/\/cn-webservices.com\/wp-content\/uploads\/2022\/07\/CN-Services-Logo-2022.png","contentUrl":"https:\/\/cn-webservices.com\/wp-content\/uploads\/2022\/07\/CN-Services-Logo-2022.png","width":827,"height":302,"caption":"C&amp;N Services - Web Services et Technologies"},"image":{"@id":"https:\/\/cn-webservices.com\/#\/schema\/logo\/image\/"}}]}},"_links":{"self":[{"href":"https:\/\/cn-webservices.com\/en\/wp-json\/wp\/v2\/product\/1162","targetHints":{"allow":["GET"]}}],"collection":[{"href":"https:\/\/cn-webservices.com\/en\/wp-json\/wp\/v2\/product"}],"about":[{"href":"https:\/\/cn-webservices.com\/en\/wp-json\/wp\/v2\/types\/product"}],"wp:featuredmedia":[{"embeddable":true,"href":"https:\/\/cn-webservices.com\/en\/wp-json\/wp\/v2\/media\/1163"}],"wp:attachment":[{"href":"https:\/\/cn-webservices.com\/en\/wp-json\/wp\/v2\/media?parent=1162"}],"wp:term":[{"taxonomy":"product_brand","embeddable":true,"href":"https:\/\/cn-webservices.com\/en\/wp-json\/wp\/v2\/product_brand?post=1162"},{"taxonomy":"product_cat","embeddable":true,"href":"https:\/\/cn-webservices.com\/en\/wp-json\/wp\/v2\/product_cat?post=1162"},{"taxonomy":"product_tag","embeddable":true,"href":"https:\/\/cn-webservices.com\/en\/wp-json\/wp\/v2\/product_tag?post=1162"}],"curies":[{"name":"wp","href":"https:\/\/api.w.org\/{rel}","templated":true}]}}