{"id":1091,"date":"2023-02-11T14:36:22","date_gmt":"2023-02-11T13:36:22","guid":{"rendered":"https:\/\/cn-webservices.com\/?post_type=product&#038;p=1091"},"modified":"2023-04-01T00:36:39","modified_gmt":"2023-03-31T23:36:39","slug":"confection-site-web-offre-all-in-one-plateforme","status":"publish","type":"product","link":"https:\/\/cn-webservices.com\/en\/product\/confection-site-web-offre-all-in-one-plateforme\/","title":{"rendered":"Offre Confection Plateforme \u00ab\u00a0All in One\u00a0\u00bb"},"content":{"rendered":"<h3 class=\"elementskit-pricing-title\"><span style=\"color: #000000;\">\u00ab\u00a0All in One\u00a0\u00bb Plateforme<\/span><\/h3>\n<p class=\"elementskit-pricing-subtitle\"><span style=\"color: #000000;\">G\u00e9rez tout votre business \u00e0 partir d&rsquo;une seule plateforme con\u00e7u pour vous incluant:<\/span><\/p>\n<ul class=\"elementskit-pricing-lists\">\n<li class=\"elementor-repeater-item-524a2ba\"><span style=\"color: #000000;\">Domain name<\/span><\/li>\n<li class=\"elementor-repeater-item-61572a8\"><span style=\"color: #000000;\">Web Hosting<\/span><\/li>\n<li class=\"elementor-repeater-item-14baa04\"><span style=\"color: #000000;\">Custom Design<\/span><\/li>\n<li class=\"elementor-repeater-item-4d6ce20\"><span style=\"color: #000000;\">Disc space illimited<\/span><\/li>\n<li class=\"elementor-repeater-item-04cbf73\"><span style=\"color: #000000;\">Illimited traffic<\/span><\/li>\n<li class=\"elementor-repeater-item-2eced6a\"><span style=\"color: #000000;\">Email Address Pro : 20<\/span><\/li>\n<li class=\"elementor-repeater-item-1fdce54\"><span style=\"color: #000000;\">Email storage: 5Go \/ Boite<\/span><\/li>\n<li class=\"elementor-repeater-item-d00eead\"><span style=\"color: #000000;\">100% Responsive Design<\/span><\/li>\n<li class=\"elementor-repeater-item-bb4adee\"><span style=\"color: #000000;\">SEO<\/span><\/li>\n<li class=\"elementor-repeater-item-2caf468\"><span style=\"color: #000000;\">Technical support 7J\/7<\/span><\/li>\n<li class=\"elementor-repeater-item-be47cef\"><span style=\"color: #000000;\">E-Services<\/span><\/li>\n<li class=\"elementor-repeater-item-3db4afc\"><span style=\"color: #000000;\">E-Commerce<\/span><\/li>\n<li class=\"elementor-repeater-item-5c5bf9b\"><span style=\"color: #000000;\">Insertion de produits illimit\u00e9<\/span><\/li>\n<li class=\"elementor-repeater-item-173786e\"><span style=\"color: #000000;\">Online payment solution<\/span><\/li>\n<li class=\"elementor-repeater-item-f686ab7\"><span style=\"color: #000000;\">Online payment solution<\/span><\/li>\n<li class=\"elementor-repeater-item-7310052\"><span style=\"color: #000000;\">Solution de Gestion int\u00e9gr\u00e9e (CRM -ERP)<\/span><\/li>\n<li class=\"elementor-repeater-item-e5bb498\"><span style=\"color: #000000;\">Progiciel Gestion de projet<\/span><\/li>\n<\/ul>","protected":false},"excerpt":{"rendered":"<h3 class=\"elementskit-pricing-title\"><span style=\"color: #000000;\">\u00ab\u00a0All in One\u00a0\u00bb Plateforme<\/span><\/h3>\n<p class=\"elementskit-pricing-subtitle\"><span style=\"color: #000000;\">G\u00e9rez tout votre business \u00e0 partir d&rsquo;une seule plateforme con\u00e7u pour vous.<\/span><\/p>","protected":false},"featured_media":1092,"template":"","meta":[],"product_brand":[],"product_cat":[23],"product_tag":[],"class_list":{"0":"post-1091","1":"product","2":"type-product","3":"status-publish","4":"has-post-thumbnail","6":"product_cat-confection-site-web","8":"first","9":"instock","10":"virtual","11":"purchasable","12":"product-type-simple"},"yoast_head":"<!-- This site is optimized with the Yoast SEO plugin v27.4 - https:\/\/yoast.com\/product\/yoast-seo-wordpress\/ -->\n<title>Offre Confection Plateforme &quot;All in One&quot; - C&amp;N Services - Web Services et Technologies<\/title>\n<meta name=\"description\" content=\"&quot;All in One&quot; Plateforme. G\u00e9rez tout votre business \u00e0 partir d&#039;une seule plateforme con\u00e7u pour vous.\" \/>\n<meta name=\"robots\" content=\"index, follow, max-snippet:-1, max-image-preview:large, max-video-preview:-1\" \/>\n<link rel=\"canonical\" href=\"https:\/\/cn-webservices.com\/en\/product\/confection-site-web-offre-all-in-one-plateforme\/\" \/>\n<meta property=\"og:locale\" content=\"en_US\" \/>\n<meta property=\"og:type\" content=\"article\" \/>\n<meta property=\"og:title\" content=\"Offre Confection Plateforme &quot;All in One&quot; - C&amp;N Services - Web Services et Technologies\" \/>\n<meta property=\"og:description\" content=\"&quot;All in One&quot; Plateforme. G\u00e9rez tout votre business \u00e0 partir d&#039;une seule plateforme con\u00e7u pour vous.\" \/>\n<meta property=\"og:url\" content=\"https:\/\/cn-webservices.com\/en\/product\/confection-site-web-offre-all-in-one-plateforme\/\" \/>\n<meta property=\"og:site_name\" content=\"C&amp;N Services - Web Services et Technologies\" \/>\n<meta property=\"article:modified_time\" content=\"2023-03-31T23:36:39+00:00\" \/>\n<meta property=\"og:image\" content=\"https:\/\/cn-webservices.com\/wp-content\/uploads\/2023\/02\/CN-Services.jpg\" \/>\n\t<meta property=\"og:image:width\" content=\"1280\" \/>\n\t<meta property=\"og:image:height\" content=\"720\" \/>\n\t<meta property=\"og:image:type\" content=\"image\/jpeg\" \/>\n<meta name=\"twitter:label1\" content=\"Est. reading time\" \/>\n\t<meta name=\"twitter:data1\" content=\"1 minute\" \/>\n<script type=\"application\/ld+json\" class=\"yoast-schema-graph\">{\"@context\":\"https:\\\/\\\/schema.org\",\"@graph\":[{\"@type\":\"WebPage\",\"@id\":\"https:\\\/\\\/cn-webservices.com\\\/produit\\\/confection-site-web-offre-all-in-one-plateforme\\\/\",\"url\":\"https:\\\/\\\/cn-webservices.com\\\/produit\\\/confection-site-web-offre-all-in-one-plateforme\\\/\",\"name\":\"Offre Confection Plateforme \\\"All in One\\\" - C&amp;N Services - Web Services et Technologies\",\"isPartOf\":{\"@id\":\"https:\\\/\\\/cn-webservices.com\\\/#website\"},\"primaryImageOfPage\":{\"@id\":\"https:\\\/\\\/cn-webservices.com\\\/produit\\\/confection-site-web-offre-all-in-one-plateforme\\\/#primaryimage\"},\"image\":{\"@id\":\"https:\\\/\\\/cn-webservices.com\\\/produit\\\/confection-site-web-offre-all-in-one-plateforme\\\/#primaryimage\"},\"thumbnailUrl\":\"https:\\\/\\\/cn-webservices.com\\\/wp-content\\\/uploads\\\/2023\\\/02\\\/CN-Services.jpg\",\"datePublished\":\"2023-02-11T13:36:22+00:00\",\"dateModified\":\"2023-03-31T23:36:39+00:00\",\"description\":\"\\\"All in One\\\" Plateforme. G\u00e9rez tout votre business \u00e0 partir d'une seule plateforme con\u00e7u pour vous.\",\"inLanguage\":\"en-US\",\"potentialAction\":[{\"@type\":\"ReadAction\",\"target\":[\"https:\\\/\\\/cn-webservices.com\\\/produit\\\/confection-site-web-offre-all-in-one-plateforme\\\/\"]}]},{\"@type\":\"ImageObject\",\"inLanguage\":\"en-US\",\"@id\":\"https:\\\/\\\/cn-webservices.com\\\/produit\\\/confection-site-web-offre-all-in-one-plateforme\\\/#primaryimage\",\"url\":\"https:\\\/\\\/cn-webservices.com\\\/wp-content\\\/uploads\\\/2023\\\/02\\\/CN-Services.jpg\",\"contentUrl\":\"https:\\\/\\\/cn-webservices.com\\\/wp-content\\\/uploads\\\/2023\\\/02\\\/CN-Services.jpg\",\"width\":1280,\"height\":720},{\"@type\":\"WebSite\",\"@id\":\"https:\\\/\\\/cn-webservices.com\\\/#website\",\"url\":\"https:\\\/\\\/cn-webservices.com\\\/\",\"name\":\"C&amp;N Services - Web Services et Technologies\",\"description\":\"Nous sommes le d\u00e9but de vos projets\",\"publisher\":{\"@id\":\"https:\\\/\\\/cn-webservices.com\\\/#organization\"},\"potentialAction\":[{\"@type\":\"SearchAction\",\"target\":{\"@type\":\"EntryPoint\",\"urlTemplate\":\"https:\\\/\\\/cn-webservices.com\\\/?s={search_term_string}\"},\"query-input\":{\"@type\":\"PropertyValueSpecification\",\"valueRequired\":true,\"valueName\":\"search_term_string\"}}],\"inLanguage\":\"en-US\"},{\"@type\":\"Organization\",\"@id\":\"https:\\\/\\\/cn-webservices.com\\\/#organization\",\"name\":\"C&amp;N Services - Web Services et Technologies\",\"url\":\"https:\\\/\\\/cn-webservices.com\\\/\",\"logo\":{\"@type\":\"ImageObject\",\"inLanguage\":\"en-US\",\"@id\":\"https:\\\/\\\/cn-webservices.com\\\/#\\\/schema\\\/logo\\\/image\\\/\",\"url\":\"https:\\\/\\\/cn-webservices.com\\\/wp-content\\\/uploads\\\/2022\\\/07\\\/CN-Services-Logo-2022.png\",\"contentUrl\":\"https:\\\/\\\/cn-webservices.com\\\/wp-content\\\/uploads\\\/2022\\\/07\\\/CN-Services-Logo-2022.png\",\"width\":827,\"height\":302,\"caption\":\"C&amp;N Services - Web Services et Technologies\"},\"image\":{\"@id\":\"https:\\\/\\\/cn-webservices.com\\\/#\\\/schema\\\/logo\\\/image\\\/\"}}]}<\/script>\n<!-- \/ Yoast SEO plugin. -->","yoast_head_json":{"title":"Offre Confection Plateforme \"All in One\" - C&amp;N Services - Web Services et Technologies","description":"\"All in One\" Plateforme. G\u00e9rez tout votre business \u00e0 partir d'une seule plateforme con\u00e7u pour vous.","robots":{"index":"index","follow":"follow","max-snippet":"max-snippet:-1","max-image-preview":"max-image-preview:large","max-video-preview":"max-video-preview:-1"},"canonical":"https:\/\/cn-webservices.com\/en\/product\/confection-site-web-offre-all-in-one-plateforme\/","og_locale":"en_US","og_type":"article","og_title":"Offre Confection Plateforme \"All in One\" - C&amp;N Services - Web Services et Technologies","og_description":"\"All in One\" Plateforme. G\u00e9rez tout votre business \u00e0 partir d'une seule plateforme con\u00e7u pour vous.","og_url":"https:\/\/cn-webservices.com\/en\/product\/confection-site-web-offre-all-in-one-plateforme\/","og_site_name":"C&amp;N Services - Web Services et Technologies","article_modified_time":"2023-03-31T23:36:39+00:00","og_image":[{"width":1280,"height":720,"url":"https:\/\/cn-webservices.com\/wp-content\/uploads\/2023\/02\/CN-Services.jpg","type":"image\/jpeg"}],"twitter_misc":{"Est. reading time":"1 minute"},"schema":{"@context":"https:\/\/schema.org","@graph":[{"@type":"WebPage","@id":"https:\/\/cn-webservices.com\/produit\/confection-site-web-offre-all-in-one-plateforme\/","url":"https:\/\/cn-webservices.com\/produit\/confection-site-web-offre-all-in-one-plateforme\/","name":"Offre Confection Plateforme \"All in One\" - C&amp;N Services - Web Services et Technologies","isPartOf":{"@id":"https:\/\/cn-webservices.com\/#website"},"primaryImageOfPage":{"@id":"https:\/\/cn-webservices.com\/produit\/confection-site-web-offre-all-in-one-plateforme\/#primaryimage"},"image":{"@id":"https:\/\/cn-webservices.com\/produit\/confection-site-web-offre-all-in-one-plateforme\/#primaryimage"},"thumbnailUrl":"https:\/\/cn-webservices.com\/wp-content\/uploads\/2023\/02\/CN-Services.jpg","datePublished":"2023-02-11T13:36:22+00:00","dateModified":"2023-03-31T23:36:39+00:00","description":"\"All in One\" Plateforme. G\u00e9rez tout votre business \u00e0 partir d'une seule plateforme con\u00e7u pour vous.","inLanguage":"en-US","potentialAction":[{"@type":"ReadAction","target":["https:\/\/cn-webservices.com\/produit\/confection-site-web-offre-all-in-one-plateforme\/"]}]},{"@type":"ImageObject","inLanguage":"en-US","@id":"https:\/\/cn-webservices.com\/produit\/confection-site-web-offre-all-in-one-plateforme\/#primaryimage","url":"https:\/\/cn-webservices.com\/wp-content\/uploads\/2023\/02\/CN-Services.jpg","contentUrl":"https:\/\/cn-webservices.com\/wp-content\/uploads\/2023\/02\/CN-Services.jpg","width":1280,"height":720},{"@type":"WebSite","@id":"https:\/\/cn-webservices.com\/#website","url":"https:\/\/cn-webservices.com\/","name":"C&amp;N Services - Web Services et Technologies","description":"Nous sommes le d\u00e9but de vos projets","publisher":{"@id":"https:\/\/cn-webservices.com\/#organization"},"potentialAction":[{"@type":"SearchAction","target":{"@type":"EntryPoint","urlTemplate":"https:\/\/cn-webservices.com\/?s={search_term_string}"},"query-input":{"@type":"PropertyValueSpecification","valueRequired":true,"valueName":"search_term_string"}}],"inLanguage":"en-US"},{"@type":"Organization","@id":"https:\/\/cn-webservices.com\/#organization","name":"C&amp;N Services - Web Services et Technologies","url":"https:\/\/cn-webservices.com\/","logo":{"@type":"ImageObject","inLanguage":"en-US","@id":"https:\/\/cn-webservices.com\/#\/schema\/logo\/image\/","url":"https:\/\/cn-webservices.com\/wp-content\/uploads\/2022\/07\/CN-Services-Logo-2022.png","contentUrl":"https:\/\/cn-webservices.com\/wp-content\/uploads\/2022\/07\/CN-Services-Logo-2022.png","width":827,"height":302,"caption":"C&amp;N Services - Web Services et Technologies"},"image":{"@id":"https:\/\/cn-webservices.com\/#\/schema\/logo\/image\/"}}]}},"_links":{"self":[{"href":"https:\/\/cn-webservices.com\/en\/wp-json\/wp\/v2\/product\/1091","targetHints":{"allow":["GET"]}}],"collection":[{"href":"https:\/\/cn-webservices.com\/en\/wp-json\/wp\/v2\/product"}],"about":[{"href":"https:\/\/cn-webservices.com\/en\/wp-json\/wp\/v2\/types\/product"}],"wp:featuredmedia":[{"embeddable":true,"href":"https:\/\/cn-webservices.com\/en\/wp-json\/wp\/v2\/media\/1092"}],"wp:attachment":[{"href":"https:\/\/cn-webservices.com\/en\/wp-json\/wp\/v2\/media?parent=1091"}],"wp:term":[{"taxonomy":"product_brand","embeddable":true,"href":"https:\/\/cn-webservices.com\/en\/wp-json\/wp\/v2\/product_brand?post=1091"},{"taxonomy":"product_cat","embeddable":true,"href":"https:\/\/cn-webservices.com\/en\/wp-json\/wp\/v2\/product_cat?post=1091"},{"taxonomy":"product_tag","embeddable":true,"href":"https:\/\/cn-webservices.com\/en\/wp-json\/wp\/v2\/product_tag?post=1091"}],"curies":[{"name":"wp","href":"https:\/\/api.w.org\/{rel}","templated":true}]}}