{"id":1024,"date":"2023-02-09T16:16:01","date_gmt":"2023-02-09T15:16:01","guid":{"rendered":"https:\/\/cn-webservices.com\/?post_type=product&#038;p=1024"},"modified":"2023-02-09T16:20:49","modified_gmt":"2023-02-09T15:20:49","slug":"clavier-business-dell-kb218-filaire","status":"publish","type":"product","link":"https:\/\/cn-webservices.com\/en\/product\/clavier-business-dell-kb218-filaire\/","title":{"rendered":"CLAVIER BUSINESS DELL KB218 FILAIRE"},"content":{"rendered":"<p dir=\"ltr\" data-placeholder=\"Traduction\"><span style=\"color: #000000;\">Clavier multim\u00e9dia Dell classique, pratique et solide pour un usage quotidien \u00e0 domicile ou au bureau.<\/span><\/p>\n<p id=\"tw-target-text\" class=\"tw-data-text tw-text-large tw-ta\" dir=\"ltr\" data-placeholder=\"Traduction\"><span class=\"Y2IQFc\" lang=\"fr\" style=\"color: #000000;\">Chiffres cl\u00e9s 101<br \/>\nNum\u00e9ro du mod\u00e8le KB218<br \/>\nMarque Dell<br \/>\nType de clavier avec fil<br \/>\nCouleur: Noir<br \/>\nTaille: Normal<\/span><\/p>","protected":false},"excerpt":{"rendered":"<p dir=\"ltr\" data-placeholder=\"Traduction\"><span style=\"color: #000000;\">Clavier multim\u00e9dia Dell classique, pratique et solide pour un usage quotidien \u00e0 domicile ou au bureau.<\/span><\/p>\n<p id=\"tw-target-text\" class=\"tw-data-text tw-text-large tw-ta\" dir=\"ltr\" data-placeholder=\"Traduction\"><span class=\"Y2IQFc\" lang=\"fr\" style=\"color: #000000;\">Chiffres cl\u00e9s 101<br \/>\nNum\u00e9ro du mod\u00e8le KB218<br \/>\nMarque Dell<br \/>\nType de clavier avec fil<br \/>\nCouleur: Noir<br \/>\nTaille: Normal<\/span><\/p>","protected":false},"featured_media":1025,"template":"","meta":[],"product_brand":[],"product_cat":[25,26],"product_tag":[],"class_list":{"0":"post-1024","1":"product","2":"type-product","3":"status-publish","4":"has-post-thumbnail","6":"product_cat-accessoires-informatique","7":"product_cat-clavier","9":"first","10":"instock","11":"shipping-taxable","12":"purchasable","13":"product-type-simple"},"yoast_head":"<!-- This site is optimized with the Yoast SEO plugin v27.4 - https:\/\/yoast.com\/product\/yoast-seo-wordpress\/ -->\n<title>CLAVIER BUSINESS DELL KB218 FILAIRE - C&amp;N Services - Web Services et Technologies<\/title>\n<meta name=\"robots\" content=\"index, follow, max-snippet:-1, max-image-preview:large, max-video-preview:-1\" \/>\n<link rel=\"canonical\" href=\"https:\/\/cn-webservices.com\/en\/product\/clavier-business-dell-kb218-filaire\/\" \/>\n<meta property=\"og:locale\" content=\"en_US\" \/>\n<meta property=\"og:type\" content=\"article\" \/>\n<meta property=\"og:title\" content=\"CLAVIER BUSINESS DELL KB218 FILAIRE - C&amp;N Services - Web Services et Technologies\" \/>\n<meta property=\"og:description\" content=\"Clavier multim\u00e9dia Dell classique, pratique et solide pour un usage quotidien \u00e0 domicile ou au bureau. Chiffres cl\u00e9s 101 Num\u00e9ro du mod\u00e8le KB218 Marque Dell Type de clavier avec fil Couleur: Noir Taille: Normal\" \/>\n<meta property=\"og:url\" content=\"https:\/\/cn-webservices.com\/en\/product\/clavier-business-dell-kb218-filaire\/\" \/>\n<meta property=\"og:site_name\" content=\"C&amp;N Services - Web Services et Technologies\" \/>\n<meta property=\"article:modified_time\" content=\"2023-02-09T15:20:49+00:00\" \/>\n<meta property=\"og:image\" content=\"https:\/\/cn-webservices.com\/wp-content\/uploads\/2023\/02\/CLAVIER-DELL-FILAIRE-KB218-4.jpg\" \/>\n\t<meta property=\"og:image:width\" content=\"2064\" \/>\n\t<meta property=\"og:image:height\" content=\"1161\" \/>\n\t<meta property=\"og:image:type\" content=\"image\/jpeg\" \/>\n<meta name=\"twitter:label1\" content=\"Est. reading time\" \/>\n\t<meta name=\"twitter:data1\" content=\"1 minute\" \/>\n<script type=\"application\/ld+json\" class=\"yoast-schema-graph\">{\"@context\":\"https:\\\/\\\/schema.org\",\"@graph\":[{\"@type\":\"WebPage\",\"@id\":\"https:\\\/\\\/cn-webservices.com\\\/produit\\\/clavier-business-dell-kb218-filaire\\\/\",\"url\":\"https:\\\/\\\/cn-webservices.com\\\/produit\\\/clavier-business-dell-kb218-filaire\\\/\",\"name\":\"CLAVIER BUSINESS DELL KB218 FILAIRE - C&amp;N Services - Web Services et Technologies\",\"isPartOf\":{\"@id\":\"https:\\\/\\\/cn-webservices.com\\\/#website\"},\"primaryImageOfPage\":{\"@id\":\"https:\\\/\\\/cn-webservices.com\\\/produit\\\/clavier-business-dell-kb218-filaire\\\/#primaryimage\"},\"image\":{\"@id\":\"https:\\\/\\\/cn-webservices.com\\\/produit\\\/clavier-business-dell-kb218-filaire\\\/#primaryimage\"},\"thumbnailUrl\":\"https:\\\/\\\/cn-webservices.com\\\/wp-content\\\/uploads\\\/2023\\\/02\\\/CLAVIER-DELL-FILAIRE-KB218-4.jpg\",\"datePublished\":\"2023-02-09T15:16:01+00:00\",\"dateModified\":\"2023-02-09T15:20:49+00:00\",\"inLanguage\":\"en-US\",\"potentialAction\":[{\"@type\":\"ReadAction\",\"target\":[\"https:\\\/\\\/cn-webservices.com\\\/produit\\\/clavier-business-dell-kb218-filaire\\\/\"]}]},{\"@type\":\"ImageObject\",\"inLanguage\":\"en-US\",\"@id\":\"https:\\\/\\\/cn-webservices.com\\\/produit\\\/clavier-business-dell-kb218-filaire\\\/#primaryimage\",\"url\":\"https:\\\/\\\/cn-webservices.com\\\/wp-content\\\/uploads\\\/2023\\\/02\\\/CLAVIER-DELL-FILAIRE-KB218-4.jpg\",\"contentUrl\":\"https:\\\/\\\/cn-webservices.com\\\/wp-content\\\/uploads\\\/2023\\\/02\\\/CLAVIER-DELL-FILAIRE-KB218-4.jpg\",\"width\":2064,\"height\":1161},{\"@type\":\"WebSite\",\"@id\":\"https:\\\/\\\/cn-webservices.com\\\/#website\",\"url\":\"https:\\\/\\\/cn-webservices.com\\\/\",\"name\":\"C&amp;N Services - Web Services et Technologies\",\"description\":\"Nous sommes le d\u00e9but de vos projets\",\"publisher\":{\"@id\":\"https:\\\/\\\/cn-webservices.com\\\/#organization\"},\"potentialAction\":[{\"@type\":\"SearchAction\",\"target\":{\"@type\":\"EntryPoint\",\"urlTemplate\":\"https:\\\/\\\/cn-webservices.com\\\/?s={search_term_string}\"},\"query-input\":{\"@type\":\"PropertyValueSpecification\",\"valueRequired\":true,\"valueName\":\"search_term_string\"}}],\"inLanguage\":\"en-US\"},{\"@type\":\"Organization\",\"@id\":\"https:\\\/\\\/cn-webservices.com\\\/#organization\",\"name\":\"C&amp;N Services - Web Services et Technologies\",\"url\":\"https:\\\/\\\/cn-webservices.com\\\/\",\"logo\":{\"@type\":\"ImageObject\",\"inLanguage\":\"en-US\",\"@id\":\"https:\\\/\\\/cn-webservices.com\\\/#\\\/schema\\\/logo\\\/image\\\/\",\"url\":\"https:\\\/\\\/cn-webservices.com\\\/wp-content\\\/uploads\\\/2022\\\/07\\\/CN-Services-Logo-2022.png\",\"contentUrl\":\"https:\\\/\\\/cn-webservices.com\\\/wp-content\\\/uploads\\\/2022\\\/07\\\/CN-Services-Logo-2022.png\",\"width\":827,\"height\":302,\"caption\":\"C&amp;N Services - Web Services et Technologies\"},\"image\":{\"@id\":\"https:\\\/\\\/cn-webservices.com\\\/#\\\/schema\\\/logo\\\/image\\\/\"}}]}<\/script>\n<!-- \/ Yoast SEO plugin. -->","yoast_head_json":{"title":"CLAVIER BUSINESS DELL KB218 FILAIRE - C&amp;N Services - Web Services et Technologies","robots":{"index":"index","follow":"follow","max-snippet":"max-snippet:-1","max-image-preview":"max-image-preview:large","max-video-preview":"max-video-preview:-1"},"canonical":"https:\/\/cn-webservices.com\/en\/product\/clavier-business-dell-kb218-filaire\/","og_locale":"en_US","og_type":"article","og_title":"CLAVIER BUSINESS DELL KB218 FILAIRE - C&amp;N Services - Web Services et Technologies","og_description":"Clavier multim\u00e9dia Dell classique, pratique et solide pour un usage quotidien \u00e0 domicile ou au bureau. Chiffres cl\u00e9s 101 Num\u00e9ro du mod\u00e8le KB218 Marque Dell Type de clavier avec fil Couleur: Noir Taille: Normal","og_url":"https:\/\/cn-webservices.com\/en\/product\/clavier-business-dell-kb218-filaire\/","og_site_name":"C&amp;N Services - Web Services et Technologies","article_modified_time":"2023-02-09T15:20:49+00:00","og_image":[{"width":2064,"height":1161,"url":"https:\/\/cn-webservices.com\/wp-content\/uploads\/2023\/02\/CLAVIER-DELL-FILAIRE-KB218-4.jpg","type":"image\/jpeg"}],"twitter_misc":{"Est. reading time":"1 minute"},"schema":{"@context":"https:\/\/schema.org","@graph":[{"@type":"WebPage","@id":"https:\/\/cn-webservices.com\/produit\/clavier-business-dell-kb218-filaire\/","url":"https:\/\/cn-webservices.com\/produit\/clavier-business-dell-kb218-filaire\/","name":"CLAVIER BUSINESS DELL KB218 FILAIRE - C&amp;N Services - Web Services et Technologies","isPartOf":{"@id":"https:\/\/cn-webservices.com\/#website"},"primaryImageOfPage":{"@id":"https:\/\/cn-webservices.com\/produit\/clavier-business-dell-kb218-filaire\/#primaryimage"},"image":{"@id":"https:\/\/cn-webservices.com\/produit\/clavier-business-dell-kb218-filaire\/#primaryimage"},"thumbnailUrl":"https:\/\/cn-webservices.com\/wp-content\/uploads\/2023\/02\/CLAVIER-DELL-FILAIRE-KB218-4.jpg","datePublished":"2023-02-09T15:16:01+00:00","dateModified":"2023-02-09T15:20:49+00:00","inLanguage":"en-US","potentialAction":[{"@type":"ReadAction","target":["https:\/\/cn-webservices.com\/produit\/clavier-business-dell-kb218-filaire\/"]}]},{"@type":"ImageObject","inLanguage":"en-US","@id":"https:\/\/cn-webservices.com\/produit\/clavier-business-dell-kb218-filaire\/#primaryimage","url":"https:\/\/cn-webservices.com\/wp-content\/uploads\/2023\/02\/CLAVIER-DELL-FILAIRE-KB218-4.jpg","contentUrl":"https:\/\/cn-webservices.com\/wp-content\/uploads\/2023\/02\/CLAVIER-DELL-FILAIRE-KB218-4.jpg","width":2064,"height":1161},{"@type":"WebSite","@id":"https:\/\/cn-webservices.com\/#website","url":"https:\/\/cn-webservices.com\/","name":"C&amp;N Services - Web Services et Technologies","description":"Nous sommes le d\u00e9but de vos projets","publisher":{"@id":"https:\/\/cn-webservices.com\/#organization"},"potentialAction":[{"@type":"SearchAction","target":{"@type":"EntryPoint","urlTemplate":"https:\/\/cn-webservices.com\/?s={search_term_string}"},"query-input":{"@type":"PropertyValueSpecification","valueRequired":true,"valueName":"search_term_string"}}],"inLanguage":"en-US"},{"@type":"Organization","@id":"https:\/\/cn-webservices.com\/#organization","name":"C&amp;N Services - Web Services et Technologies","url":"https:\/\/cn-webservices.com\/","logo":{"@type":"ImageObject","inLanguage":"en-US","@id":"https:\/\/cn-webservices.com\/#\/schema\/logo\/image\/","url":"https:\/\/cn-webservices.com\/wp-content\/uploads\/2022\/07\/CN-Services-Logo-2022.png","contentUrl":"https:\/\/cn-webservices.com\/wp-content\/uploads\/2022\/07\/CN-Services-Logo-2022.png","width":827,"height":302,"caption":"C&amp;N Services - Web Services et Technologies"},"image":{"@id":"https:\/\/cn-webservices.com\/#\/schema\/logo\/image\/"}}]}},"_links":{"self":[{"href":"https:\/\/cn-webservices.com\/en\/wp-json\/wp\/v2\/product\/1024","targetHints":{"allow":["GET"]}}],"collection":[{"href":"https:\/\/cn-webservices.com\/en\/wp-json\/wp\/v2\/product"}],"about":[{"href":"https:\/\/cn-webservices.com\/en\/wp-json\/wp\/v2\/types\/product"}],"wp:featuredmedia":[{"embeddable":true,"href":"https:\/\/cn-webservices.com\/en\/wp-json\/wp\/v2\/media\/1025"}],"wp:attachment":[{"href":"https:\/\/cn-webservices.com\/en\/wp-json\/wp\/v2\/media?parent=1024"}],"wp:term":[{"taxonomy":"product_brand","embeddable":true,"href":"https:\/\/cn-webservices.com\/en\/wp-json\/wp\/v2\/product_brand?post=1024"},{"taxonomy":"product_cat","embeddable":true,"href":"https:\/\/cn-webservices.com\/en\/wp-json\/wp\/v2\/product_cat?post=1024"},{"taxonomy":"product_tag","embeddable":true,"href":"https:\/\/cn-webservices.com\/en\/wp-json\/wp\/v2\/product_tag?post=1024"}],"curies":[{"name":"wp","href":"https:\/\/api.w.org\/{rel}","templated":true}]}}