{"id":1006,"date":"2023-02-08T15:02:11","date_gmt":"2023-02-08T14:02:11","guid":{"rendered":"https:\/\/cn-webservices.com\/?post_type=product&#038;p=1006"},"modified":"2023-02-25T15:28:38","modified_gmt":"2023-02-25T14:28:38","slug":"toshiba-disque-dur-portable-1to-elegent-et-facile-dutilisation","status":"publish","type":"product","link":"https:\/\/cn-webservices.com\/en\/product\/toshiba-disque-dur-portable-1to-elegent-et-facile-dutilisation\/","title":{"rendered":"TOSHIBA DISQUE DUR PORTABLE 1To, ELEGENT ET FACILE D&rsquo;UTILISATION"},"content":{"rendered":"<p><span style=\"color: #000000;\">Le disque dur externe Canvio Ready de Toshiba utilise la technologie USB 3.2 Gen 1 et offre des vitesses de transfert allant jusqu\u2019\u00e0 5 Gbits\/s. <\/span><br \/>\n<span style=\"color: #000000;\">Gr\u00e2ce \u00e0 la technologie Plug-and-play, vous pouvez sauvegarder et s\u00e9curiser rapidement jusqu\u2019\u00e0 4 To de contenus sur un appareil compact et portable. <\/span><br \/>\n<span style=\"color: #000000;\">Le Canvio Ready int\u00e8gre la technologie Ramp-Load (retrait des t\u00eates de lecture\/\u00e9criture du support) qui \u00e9vite tout dommage du disque lors des transports, ainsi qu\u2019un d\u00e9tecteur de chocs qui coupe l\u2019alimentation en cas de contrainte physique afin de prot\u00e9ger les donn\u00e9es : vous pouvez \u00eatre certain que vos fichiers sont en s\u00e9curit\u00e9.<\/span><br \/>\n<span style=\"color: #000000;\">Disque dur externe de 2,5 pouces<\/span><br \/>\n<span style=\"color: #000000;\">Port USB 3.2 grande vitesse Gen 1 ou USB 2.0<\/span><br \/>\n<span style=\"color: #000000;\">Alimentation USB<\/span><br \/>\n<span style=\"color: #000000;\">Syst\u00e8me: Windows\u00ae 11 \/ Windows\u00ae 10 \/ Windows\u00ae 8.1<\/span><\/p>","protected":false},"excerpt":{"rendered":"<p><span style=\"color: #000000;\">Le disque dur externe Canvio Ready de Toshiba utilise la technologie USB 3.2 Gen 1 et offre des vitesses de transfert allant jusqu\u2019\u00e0 5 Gbits\/s. <\/span><br \/>\n<span style=\"color: #000000;\">Gr\u00e2ce \u00e0 la technologie Plug-and-play, vous pouvez sauvegarder et s\u00e9curiser rapidement jusqu\u2019\u00e0 4 To de contenus sur un appareil compact et portable. <\/span><br \/>\n<span style=\"color: #000000;\">Le Canvio Ready int\u00e8gre la technologie Ramp-Load (retrait des t\u00eates de lecture\/\u00e9criture du support) qui \u00e9vite tout dommage du disque lors des transports, ainsi qu\u2019un d\u00e9tecteur de chocs qui coupe l\u2019alimentation en cas de contrainte physique afin de prot\u00e9ger les donn\u00e9es : vous pouvez \u00eatre certain que vos fichiers sont en s\u00e9curit\u00e9.<\/span><br \/>\n<span style=\"color: #000000;\">Disque dur externe de 2,5 pouces<\/span><br \/>\n<span style=\"color: #000000;\">Port USB 3.2 grande vitesse Gen 1 ou USB 2.0<\/span><br \/>\n<span style=\"color: #000000;\">Alimentation USB<\/span><br \/>\n<span style=\"color: #000000;\">Syst\u00e8me: Windows\u00ae 11 \/ Windows\u00ae 10 \/ Windows\u00ae 8.1<\/span><\/p>","protected":false},"featured_media":1007,"template":"","meta":[],"product_brand":[],"product_cat":[25,34],"product_tag":[],"class_list":{"0":"post-1006","1":"product","2":"type-product","3":"status-publish","4":"has-post-thumbnail","6":"product_cat-accessoires-informatique","7":"product_cat-disque-dur-portable","9":"first","10":"instock","11":"shipping-taxable","12":"purchasable","13":"product-type-simple"},"yoast_head":"<!-- This site is optimized with the Yoast SEO plugin v27.4 - https:\/\/yoast.com\/product\/yoast-seo-wordpress\/ -->\n<title>TOSHIBA DISQUE DUR PORTABLE 1To, ELEGENT ET FACILE D&#039;UTILISATION - C&amp;N Services - Web Services et Technologies<\/title>\n<meta name=\"robots\" content=\"index, follow, max-snippet:-1, max-image-preview:large, max-video-preview:-1\" \/>\n<link rel=\"canonical\" href=\"https:\/\/cn-webservices.com\/en\/product\/toshiba-disque-dur-portable-1to-elegent-et-facile-dutilisation\/\" \/>\n<meta property=\"og:locale\" content=\"en_US\" \/>\n<meta property=\"og:type\" content=\"article\" \/>\n<meta property=\"og:title\" content=\"TOSHIBA DISQUE DUR PORTABLE 1To, ELEGENT ET FACILE D&#039;UTILISATION - C&amp;N Services - Web Services et Technologies\" \/>\n<meta property=\"og:description\" content=\"Le disque dur externe Canvio Ready de Toshiba utilise la technologie USB 3.2 Gen 1 et offre des vitesses de transfert allant jusqu\u2019\u00e0 5 Gbits\/s.  Gr\u00e2ce \u00e0 la technologie Plug-and-play, vous pouvez sauvegarder et s\u00e9curiser rapidement jusqu\u2019\u00e0 4 To de contenus sur un appareil compact et portable.  Le Canvio Ready int\u00e8gre la technologie Ramp-Load (retrait des t\u00eates de lecture\/\u00e9criture du support) qui \u00e9vite tout dommage du disque lors des transports, ainsi qu\u2019un d\u00e9tecteur de chocs qui coupe l\u2019alimentation en cas de contrainte physique afin de prot\u00e9ger les donn\u00e9es : vous pouvez \u00eatre certain que vos fichiers sont en s\u00e9curit\u00e9. Disque dur externe de 2,5 pouces Port USB 3.2 grande vitesse Gen 1 ou USB 2.0 Alimentation USB Syst\u00e8me: Windows\u00ae 11 \/ Windows\u00ae 10 \/ Windows\u00ae 8.1\" \/>\n<meta property=\"og:url\" content=\"https:\/\/cn-webservices.com\/en\/product\/toshiba-disque-dur-portable-1to-elegent-et-facile-dutilisation\/\" \/>\n<meta property=\"og:site_name\" content=\"C&amp;N Services - Web Services et Technologies\" \/>\n<meta property=\"article:modified_time\" content=\"2023-02-25T14:28:38+00:00\" \/>\n<meta property=\"og:image\" content=\"https:\/\/cn-webservices.com\/wp-content\/uploads\/2023\/02\/CN-Services-DISQUE-DUR-PORTABLE-TOSHIBA-CANVIO-READY-3-2.jpg\" \/>\n\t<meta property=\"og:image:width\" content=\"640\" \/>\n\t<meta property=\"og:image:height\" content=\"635\" \/>\n\t<meta property=\"og:image:type\" content=\"image\/jpeg\" \/>\n<meta name=\"twitter:label1\" content=\"Est. reading time\" \/>\n\t<meta name=\"twitter:data1\" content=\"1 minute\" \/>\n<script type=\"application\/ld+json\" class=\"yoast-schema-graph\">{\"@context\":\"https:\\\/\\\/schema.org\",\"@graph\":[{\"@type\":\"WebPage\",\"@id\":\"https:\\\/\\\/cn-webservices.com\\\/produit\\\/toshiba-disque-dur-portable-1to-elegent-et-facile-dutilisation\\\/\",\"url\":\"https:\\\/\\\/cn-webservices.com\\\/produit\\\/toshiba-disque-dur-portable-1to-elegent-et-facile-dutilisation\\\/\",\"name\":\"TOSHIBA DISQUE DUR PORTABLE 1To, ELEGENT ET FACILE D'UTILISATION - C&amp;N Services - Web Services et Technologies\",\"isPartOf\":{\"@id\":\"https:\\\/\\\/cn-webservices.com\\\/#website\"},\"primaryImageOfPage\":{\"@id\":\"https:\\\/\\\/cn-webservices.com\\\/produit\\\/toshiba-disque-dur-portable-1to-elegent-et-facile-dutilisation\\\/#primaryimage\"},\"image\":{\"@id\":\"https:\\\/\\\/cn-webservices.com\\\/produit\\\/toshiba-disque-dur-portable-1to-elegent-et-facile-dutilisation\\\/#primaryimage\"},\"thumbnailUrl\":\"https:\\\/\\\/cn-webservices.com\\\/wp-content\\\/uploads\\\/2023\\\/02\\\/CN-Services-DISQUE-DUR-PORTABLE-TOSHIBA-CANVIO-READY-3-2.jpg\",\"datePublished\":\"2023-02-08T14:02:11+00:00\",\"dateModified\":\"2023-02-25T14:28:38+00:00\",\"inLanguage\":\"en-US\",\"potentialAction\":[{\"@type\":\"ReadAction\",\"target\":[\"https:\\\/\\\/cn-webservices.com\\\/produit\\\/toshiba-disque-dur-portable-1to-elegent-et-facile-dutilisation\\\/\"]}]},{\"@type\":\"ImageObject\",\"inLanguage\":\"en-US\",\"@id\":\"https:\\\/\\\/cn-webservices.com\\\/produit\\\/toshiba-disque-dur-portable-1to-elegent-et-facile-dutilisation\\\/#primaryimage\",\"url\":\"https:\\\/\\\/cn-webservices.com\\\/wp-content\\\/uploads\\\/2023\\\/02\\\/CN-Services-DISQUE-DUR-PORTABLE-TOSHIBA-CANVIO-READY-3-2.jpg\",\"contentUrl\":\"https:\\\/\\\/cn-webservices.com\\\/wp-content\\\/uploads\\\/2023\\\/02\\\/CN-Services-DISQUE-DUR-PORTABLE-TOSHIBA-CANVIO-READY-3-2.jpg\",\"width\":640,\"height\":635},{\"@type\":\"WebSite\",\"@id\":\"https:\\\/\\\/cn-webservices.com\\\/#website\",\"url\":\"https:\\\/\\\/cn-webservices.com\\\/\",\"name\":\"C&amp;N Services - Web Services et Technologies\",\"description\":\"Nous sommes le d\u00e9but de vos projets\",\"publisher\":{\"@id\":\"https:\\\/\\\/cn-webservices.com\\\/#organization\"},\"potentialAction\":[{\"@type\":\"SearchAction\",\"target\":{\"@type\":\"EntryPoint\",\"urlTemplate\":\"https:\\\/\\\/cn-webservices.com\\\/?s={search_term_string}\"},\"query-input\":{\"@type\":\"PropertyValueSpecification\",\"valueRequired\":true,\"valueName\":\"search_term_string\"}}],\"inLanguage\":\"en-US\"},{\"@type\":\"Organization\",\"@id\":\"https:\\\/\\\/cn-webservices.com\\\/#organization\",\"name\":\"C&amp;N Services - Web Services et Technologies\",\"url\":\"https:\\\/\\\/cn-webservices.com\\\/\",\"logo\":{\"@type\":\"ImageObject\",\"inLanguage\":\"en-US\",\"@id\":\"https:\\\/\\\/cn-webservices.com\\\/#\\\/schema\\\/logo\\\/image\\\/\",\"url\":\"https:\\\/\\\/cn-webservices.com\\\/wp-content\\\/uploads\\\/2022\\\/07\\\/CN-Services-Logo-2022.png\",\"contentUrl\":\"https:\\\/\\\/cn-webservices.com\\\/wp-content\\\/uploads\\\/2022\\\/07\\\/CN-Services-Logo-2022.png\",\"width\":827,\"height\":302,\"caption\":\"C&amp;N Services - Web Services et Technologies\"},\"image\":{\"@id\":\"https:\\\/\\\/cn-webservices.com\\\/#\\\/schema\\\/logo\\\/image\\\/\"}}]}<\/script>\n<!-- \/ Yoast SEO plugin. -->","yoast_head_json":{"title":"TOSHIBA DISQUE DUR PORTABLE 1To, ELEGENT ET FACILE D'UTILISATION - C&amp;N Services - Web Services et Technologies","robots":{"index":"index","follow":"follow","max-snippet":"max-snippet:-1","max-image-preview":"max-image-preview:large","max-video-preview":"max-video-preview:-1"},"canonical":"https:\/\/cn-webservices.com\/en\/product\/toshiba-disque-dur-portable-1to-elegent-et-facile-dutilisation\/","og_locale":"en_US","og_type":"article","og_title":"TOSHIBA DISQUE DUR PORTABLE 1To, ELEGENT ET FACILE D'UTILISATION - C&amp;N Services - Web Services et Technologies","og_description":"Le disque dur externe Canvio Ready de Toshiba utilise la technologie USB 3.2 Gen 1 et offre des vitesses de transfert allant jusqu\u2019\u00e0 5 Gbits\/s.  Gr\u00e2ce \u00e0 la technologie Plug-and-play, vous pouvez sauvegarder et s\u00e9curiser rapidement jusqu\u2019\u00e0 4 To de contenus sur un appareil compact et portable.  Le Canvio Ready int\u00e8gre la technologie Ramp-Load (retrait des t\u00eates de lecture\/\u00e9criture du support) qui \u00e9vite tout dommage du disque lors des transports, ainsi qu\u2019un d\u00e9tecteur de chocs qui coupe l\u2019alimentation en cas de contrainte physique afin de prot\u00e9ger les donn\u00e9es : vous pouvez \u00eatre certain que vos fichiers sont en s\u00e9curit\u00e9. Disque dur externe de 2,5 pouces Port USB 3.2 grande vitesse Gen 1 ou USB 2.0 Alimentation USB Syst\u00e8me: Windows\u00ae 11 \/ Windows\u00ae 10 \/ Windows\u00ae 8.1","og_url":"https:\/\/cn-webservices.com\/en\/product\/toshiba-disque-dur-portable-1to-elegent-et-facile-dutilisation\/","og_site_name":"C&amp;N Services - Web Services et Technologies","article_modified_time":"2023-02-25T14:28:38+00:00","og_image":[{"width":640,"height":635,"url":"https:\/\/cn-webservices.com\/wp-content\/uploads\/2023\/02\/CN-Services-DISQUE-DUR-PORTABLE-TOSHIBA-CANVIO-READY-3-2.jpg","type":"image\/jpeg"}],"twitter_misc":{"Est. reading time":"1 minute"},"schema":{"@context":"https:\/\/schema.org","@graph":[{"@type":"WebPage","@id":"https:\/\/cn-webservices.com\/produit\/toshiba-disque-dur-portable-1to-elegent-et-facile-dutilisation\/","url":"https:\/\/cn-webservices.com\/produit\/toshiba-disque-dur-portable-1to-elegent-et-facile-dutilisation\/","name":"TOSHIBA DISQUE DUR PORTABLE 1To, ELEGENT ET FACILE D'UTILISATION - C&amp;N Services - Web Services et Technologies","isPartOf":{"@id":"https:\/\/cn-webservices.com\/#website"},"primaryImageOfPage":{"@id":"https:\/\/cn-webservices.com\/produit\/toshiba-disque-dur-portable-1to-elegent-et-facile-dutilisation\/#primaryimage"},"image":{"@id":"https:\/\/cn-webservices.com\/produit\/toshiba-disque-dur-portable-1to-elegent-et-facile-dutilisation\/#primaryimage"},"thumbnailUrl":"https:\/\/cn-webservices.com\/wp-content\/uploads\/2023\/02\/CN-Services-DISQUE-DUR-PORTABLE-TOSHIBA-CANVIO-READY-3-2.jpg","datePublished":"2023-02-08T14:02:11+00:00","dateModified":"2023-02-25T14:28:38+00:00","inLanguage":"en-US","potentialAction":[{"@type":"ReadAction","target":["https:\/\/cn-webservices.com\/produit\/toshiba-disque-dur-portable-1to-elegent-et-facile-dutilisation\/"]}]},{"@type":"ImageObject","inLanguage":"en-US","@id":"https:\/\/cn-webservices.com\/produit\/toshiba-disque-dur-portable-1to-elegent-et-facile-dutilisation\/#primaryimage","url":"https:\/\/cn-webservices.com\/wp-content\/uploads\/2023\/02\/CN-Services-DISQUE-DUR-PORTABLE-TOSHIBA-CANVIO-READY-3-2.jpg","contentUrl":"https:\/\/cn-webservices.com\/wp-content\/uploads\/2023\/02\/CN-Services-DISQUE-DUR-PORTABLE-TOSHIBA-CANVIO-READY-3-2.jpg","width":640,"height":635},{"@type":"WebSite","@id":"https:\/\/cn-webservices.com\/#website","url":"https:\/\/cn-webservices.com\/","name":"C&amp;N Services - Web Services et Technologies","description":"Nous sommes le d\u00e9but de vos projets","publisher":{"@id":"https:\/\/cn-webservices.com\/#organization"},"potentialAction":[{"@type":"SearchAction","target":{"@type":"EntryPoint","urlTemplate":"https:\/\/cn-webservices.com\/?s={search_term_string}"},"query-input":{"@type":"PropertyValueSpecification","valueRequired":true,"valueName":"search_term_string"}}],"inLanguage":"en-US"},{"@type":"Organization","@id":"https:\/\/cn-webservices.com\/#organization","name":"C&amp;N Services - Web Services et Technologies","url":"https:\/\/cn-webservices.com\/","logo":{"@type":"ImageObject","inLanguage":"en-US","@id":"https:\/\/cn-webservices.com\/#\/schema\/logo\/image\/","url":"https:\/\/cn-webservices.com\/wp-content\/uploads\/2022\/07\/CN-Services-Logo-2022.png","contentUrl":"https:\/\/cn-webservices.com\/wp-content\/uploads\/2022\/07\/CN-Services-Logo-2022.png","width":827,"height":302,"caption":"C&amp;N Services - Web Services et Technologies"},"image":{"@id":"https:\/\/cn-webservices.com\/#\/schema\/logo\/image\/"}}]}},"_links":{"self":[{"href":"https:\/\/cn-webservices.com\/en\/wp-json\/wp\/v2\/product\/1006","targetHints":{"allow":["GET"]}}],"collection":[{"href":"https:\/\/cn-webservices.com\/en\/wp-json\/wp\/v2\/product"}],"about":[{"href":"https:\/\/cn-webservices.com\/en\/wp-json\/wp\/v2\/types\/product"}],"wp:featuredmedia":[{"embeddable":true,"href":"https:\/\/cn-webservices.com\/en\/wp-json\/wp\/v2\/media\/1007"}],"wp:attachment":[{"href":"https:\/\/cn-webservices.com\/en\/wp-json\/wp\/v2\/media?parent=1006"}],"wp:term":[{"taxonomy":"product_brand","embeddable":true,"href":"https:\/\/cn-webservices.com\/en\/wp-json\/wp\/v2\/product_brand?post=1006"},{"taxonomy":"product_cat","embeddable":true,"href":"https:\/\/cn-webservices.com\/en\/wp-json\/wp\/v2\/product_cat?post=1006"},{"taxonomy":"product_tag","embeddable":true,"href":"https:\/\/cn-webservices.com\/en\/wp-json\/wp\/v2\/product_tag?post=1006"}],"curies":[{"name":"wp","href":"https:\/\/api.w.org\/{rel}","templated":true}]}}