{"id":87,"date":"2022-07-11T10:08:03","date_gmt":"2022-07-11T09:08:03","guid":{"rendered":"https:\/\/cn-webservices.com\/one-page-express\/"},"modified":"2025-07-30T10:53:45","modified_gmt":"2025-07-30T09:53:45","slug":"accueil","status":"publish","type":"page","link":"https:\/\/cn-webservices.com\/en\/","title":{"rendered":"Welcome"},"content":{"rendered":"<div  id=\"about-1\" class=\"about-big-images-section\" style=\"background-color: #ffffff;\" data-label=\"About\" data-id=\"about-big-images-section\" data-category=\"about\">\n<div  class=\"gridContainer\">\n<div  class=\"about-big-images-textrow\">\n<div  class=\"about-big-images-textcol dynamic-color\" data-type=\"column\">\n<h3  class=\"\"><span  style=\"color: #006aff;\">About<\/span><\/h3>\n<p  class=\"\">C&amp;N Services vous propose les meilleures solutions technologiques, num\u00e9riques et digitales pour accompagner vos projets. Solutions IT, Cr\u00e9ation site web, site E-commerce, nom de domaine et h\u00e9bergement web, R\u00e9f\u00e9rencement SEO, logiciels de gestion int\u00e9gr\u00e9, solutions marketing digital, s\u00e9curit\u00e9 informatique, notre agence vous offre une large gamme d\u2019outils professionnels pour mieux g\u00e9rer et d\u00e9velopper votre activit\u00e9.<\/p>\n\n<\/div>\n<\/div>\n<\/div>\n<div  class=\"about-big-images-bottomrow\">\n<div  class=\"about-big-images-leftimgcol\"><img  decoding=\"async\" class=\"about-big-images-leftimg\" src=\"https:\/\/cn-webservices.com\/wp-content\/uploads\/2022\/07\/CN-Services-Site-ecommerce-Image.png\" alt=\"\"><\/div>\n<div  class=\"about-big-images-centerimgcol\"><img  decoding=\"async\" class=\"about-big-images-centerimg\" src=\"https:\/\/cn-webservices.com\/wp-content\/plugins\/one-page-express-companion\/theme-data\/one-page-express\/sections\/images\/ir5likvfqc4-william-iven-1920x1275.jpg\"><\/div>\n<div  class=\"about-big-images-rightimgcol\"><img  decoding=\"async\" class=\"about-big-images-rightimg\" src=\"https:\/\/cn-webservices.com\/wp-content\/uploads\/2022\/07\/CN-Services-Creation-site-Web-1.jpg\" alt=\"\"><\/div>\n<\/div>\n<\/div><div  id=\"content-3\" class=\"content-left-image-section\" style=\"background-color: #f6f6f6;\" data-label=\"Content\" data-id=\"content-image-left\" data-category=\"content\">\n<div  class=\"gridContainer\">\n<div  class=\"row\">\n<div  class=\"content-left-image-imgcol\" data-type=\"column\"><img  decoding=\"async\" class=\"\" src=\"https:\/\/cn-webservices.com\/wp-content\/uploads\/2022\/07\/CN-Services-IM3.png\" alt=\"\"><\/div>\n<div  class=\"content-left-image-textcol dynamic-color\" data-type=\"column\">\n<h3  class=\"\"><span  style=\"color: #006aff;\">Website creation<\/span><\/h3>\n<p  class=\"large_text\">We provide you with the best website creation service, whether it is the creation of a showcase website to present your activity or an e-commerce site to sell your products and services, C&amp;N Services offers 100% responsive design sites with domain name and hosting, professional emails, optimal visibility on search engines, online store... We help our customers to integrate their activities in cyberspace.\u200b<\/p>\n<a  class=\"button blue\" href=\"https:\/\/cn-webservices.com\/en\/creation-site-web\/\" target=\"_self\" rel=\"noopener\"> See More <\/a>\n\n<\/div>\n<\/div>\n<\/div>\n<\/div><div  id=\"content-4\" class=\"content-right-image-section\" style=\"background-color: #ffffff;\" data-label=\"Content\" data-id=\"content-image-right\" data-category=\"content\">\n<div  class=\"gridContainer\">\n<div  class=\"content-right-image-gridcol\">\n<div  class=\"content-right-image-textcol dynamic-color\" data-type=\"column\">\n<h3  class=\"\"><span  style=\"color: #006aff;\">Digital Marketing<\/span><\/h3>\n<p  class=\"large_text\">Strategic Marketing, Content Marketing, Social Media Marketing, Influencer Marketing, E-commerce Marketing\u2026 Everything you need. C&amp;N Services provides a complete marketing program that integrates harmoniously with your activity, aiming to promote and develop the image and brand of the client and to strengthen its presence on the web.<\/p>\n<a  class=\"button blue\" href=\"#\" target=\"_self\" rel=\"noopener\"> See More <\/a>\n\n<\/div>\n<div  class=\"content-right-image-imgcol\" data-type=\"column\"><img  decoding=\"async\" class=\"\" src=\"https:\/\/cn-webservices.com\/wp-content\/uploads\/2022\/07\/CN-Serives-Marketing-Digital.jpg\" alt=\"\"><\/div>\n<\/div>\n<\/div>\n<\/div><div  id=\"content-1\" class=\"content-full-left-image-section\" style=\"background-color: #ffffff;\" data-label=\"Content\" data-id=\"content-full-left-image-section\" data-category=\"content\">\n<div  class=\"content-full-left-image-innerrow gridContainer\">\n<div  class=\"content-full-left-image-imgcol\" data-bg=\"image\"><\/div>\n<div  class=\"content-full-left-image-textcol dynamic-color\">\n<div  class=\"\" data-type=\"column\">\n<h3  class=\"\"><span  style=\"color: #006aff;\">Integrated Management Solutions<\/span><\/h3>\n<p  class=\"\">Manage and monitor all of your company's operational information and services on a daily basis with our Enterprise Resource Planning (ERP) solution.\nImprove the productivity and security of your management and information systems with a single system capable of covering a wide management scope (Sales Management, Human Resources, Accounting &amp; Finance).\u200b<\/p>\n<img  decoding=\"async\" class=\"custom-image\" src=\"https:\/\/cn-webservices.com\/wp-content\/uploads\/2022\/07\/Image-ERP.jpg\" alt=\"\">\n\n<\/div>\n<div  class=\"content-full-left-image-featuresrow\">\n<div  class=\"content-full-left-image-featurescol\" data-type=\"column\"><\/div>\n<div  class=\"content-full-left-image-featurescol\" data-type=\"column\"><\/div>\n<\/div>\n<\/div>\n<\/div>\n<\/div><div  id=\"about-4\" class=\"about-text-grid-section\" style=\"background-color: #f6f6f6;\" data-label=\"About\" data-id=\"about-text-grid-section\" data-category=\"about\">\n<div  class=\"\">\n<div  class=\"about-text-grid-innerrow\">\n<div  class=\"about-text-grid-textcol dynamic-color\" data-type=\"column\">\n<h3  class=\"\"><span  style=\"color: #006aff;\">Online Advertising<\/span><\/h3>\n<h5  class=\"\"><span  style=\"color: #000000;\"><strong >Connection to the best audiences on the web<\/strong><\/span><\/h5>\n<p  class=\"\">Connecting advertisers wishing to broadcast advertisements with broadcasters wishing to make their advertising space available.<\/p>\n<a  class=\"button blue\" href=\"#\" target=\"_self\" rel=\"noopener\">See more<\/a>\n\n<\/div>\n<div  class=\"about-text-grid-rightgridcol\">\n<div  class=\"about-text-grid-rightgridrow flexbox-list\">\n<div  class=\"about-text-grid-imgcol\" style=\"background-image: url('https:\/\/cn-webservices.com\/wp-content\/uploads\/2022\/07\/CN-Regie-Pub-B2.jpg');\" data-bg=\"image\"><\/div>\n<div  class=\"about-text-grid-rightgridtextcol\" data-type=\"column\">\n<h5  class=\"\"><span  style=\"color: #000000;\"><strong >Distribution of advertisements<\/strong><\/span><\/h5>\n<p  class=\"\">Are you advertisers? We help you place your ads on high-performing sites and reach the best audiences on the web.<\/p>\n\n<\/div>\n<div  class=\"about-text-grid-rightgridtextcol\" data-type=\"column\">\n<h5  class=\"\"><span  style=\"color: #000000;\"><strong >Value your audiences<\/strong><\/span><\/h5>\n<p  class=\"\">Are you a broadcaster? By allocating advertising space, we use our network of advertisers to enhance your audience and increase your income.<\/p>\n\n<\/div>\n<div  class=\"about-text-grid-imgcol2\" style=\"background-image: url('https:\/\/cn-webservices.com\/wp-content\/uploads\/2022\/07\/Service_img-1.jpeg');\" data-bg=\"image\"><\/div>\n<\/div>\n<\/div>\n<\/div>\n<\/div>\n<\/div><div  data-label=\"Portfolio\" data-id=\"portfolio-full-section\" data-category=\"portfolio\" id=\"portfolio-2\" class=\"portfolio-full-section\" style=\"background-color: rgb(255, 255, 255);\">\n<div  class=\"portfolio-full-section gridContainer\" data-type=\"row\">\n<div  class=\"portfolio-full-projectco cp4cols-tablet cp6cols\">\n<div  class=\"contentswap-effect ContentSwap103\" hover-fx=\"ContentSwap103\" id=\"ContentSwap103\">\n<div  class=\"ContentSwap103_content initial-image\"><img  decoding=\"async\" class=\"portfolio-full-projectimg\" data-size=\"1200x800\" src=\"https:\/\/cn-webservices.com\/wp-content\/uploads\/2024\/04\/cropped-CN-Services-BROCHURE-OFFRE-ALL-IN-ONE-2023-Francais.png\"><\/div>\n<div  class=\"overlay\" style=\"display: block; opacity: 1;\"><\/div>\n<div  class=\"swap-inner\" style=\"opacity: 1; display: block;\">\n<div  class=\"ContentSwap103-center\">\n<h4  class=\"protfolio-full-itemtitle\">OFFRE \u201cALL IN ONE\u201d<\/h4>\n<a  class=\"button yellow\" href=\"https:\/\/cn-webservices.com\/wp-content\/uploads\/2024\/04\/CN-Services-BROCHURE-OFFRE-ALL-IN-ONE-2023-Francais.pdf\" target=\"_self\" rel=\"noopener\">Voir Brochure<\/a><\/div>\n<\/div>\n<\/div>\n<\/div>\n<div  class=\"portfolio-full-projectco cp4cols-tablet cp6cols\">\n<div  class=\"contentswap-effect ContentSwap103\" hover-fx=\"ContentSwap103\" id=\"ContentSwap103\" is-hovered=\"1\">\n<div  class=\"ContentSwap103_content initial-image\"><img  decoding=\"async\" class=\"portfolio-full-projectimg\" data-size=\"1200x800\" src=\"https:\/\/cn-webservices.com\/wp-content\/uploads\/2024\/04\/cropped-CN-Services-BROCHURE-cad-Francais.png\"><\/div>\n<div  class=\"overlay\" style=\"display: block; opacity: 1;\"><\/div>\n<div  class=\"swap-inner\" style=\"opacity: 1; display: block;\">\n<div  class=\"ContentSwap103-center\">\n<h4  class=\"protfolio-full-itemtitle\">CAD SERVICES<\/h4>\n<a  class=\"button yellow\" href=\"https:\/\/cn-webservices.com\/wp-content\/uploads\/2024\/04\/CN-Services-BROCHURE-cad-Francais-Copie.pdf\" target=\"_self\" rel=\"noopener\">Voir brochure<\/a><\/div>\n<\/div>\n<\/div>\n<\/div>\n<\/div>\n<\/div><div  id=\"cta-1\" class=\"cta-blue-section\" data-label=\"Call to action\" data-id=\"cta-blue-section\" data-category=\"cta\">\n<div  class=\"gridContainer\">\n<div  class=\"flexbox-list flexbox-list-align-center row\">\n<div  class=\"cta-blue-textcol dynamic-color\">\n<h2  class=\"cta-blue-text\">Your quote and other information within 24 hours<\/h2>\n<\/div>\n<div  class=\"cta-blue-btncol\"><a  class=\"button big yellow dark-text\" href=\"https:\/\/cn-webservices.com\/en\/contact\/\" target=\"_self\" rel=\"noopener\"> Contact us <\/a><\/div>\n<\/div>\n<\/div>\n<\/div>","protected":false},"excerpt":{"rendered":"<p>A Propos C&amp;N Services vous propose les meilleures solutions technologiques, num\u00e9riques et digitales pour accompagner vos projets. Solutions IT, Cr\u00e9ation site web, site E-commerce, nom de domaine et h\u00e9bergement web, R\u00e9f\u00e9rencement SEO, logiciels de gestion int\u00e9gr\u00e9, solutions marketing digital, s\u00e9curit\u00e9 informatique, notre agence vous offre une large gamme d\u2019outils professionnels pour mieux g\u00e9rer et d\u00e9velopper&hellip; <br \/> <a class=\"button small blue\" href=\"https:\/\/cn-webservices.com\/en\/\">Read more<\/a><\/p>","protected":false},"author":1,"featured_media":124,"parent":0,"menu_order":0,"comment_status":"closed","ping_status":"closed","template":"","meta":{"footnotes":""},"class_list":["post-87","page","type-page","status-publish","has-post-thumbnail","hentry"],"yoast_head":"<!-- This site is optimized with the Yoast SEO plugin v27.4 - https:\/\/yoast.com\/product\/yoast-seo-wordpress\/ -->\n<title>Accueil - C&amp;N Services - Web Services et Technologies<\/title>\n<meta name=\"description\" content=\"C&amp;N Services vous propose les meilleures solutions num\u00e9riques et digitales pour accompagner vos projets.\" \/>\n<meta name=\"robots\" content=\"index, follow, max-snippet:-1, max-image-preview:large, max-video-preview:-1\" \/>\n<link rel=\"canonical\" href=\"https:\/\/cn-webservices.com\/en\/\" \/>\n<meta property=\"og:locale\" content=\"en_US\" \/>\n<meta property=\"og:type\" content=\"article\" \/>\n<meta property=\"og:title\" content=\"Accueil - C&amp;N Services - Web Services et Technologies\" \/>\n<meta property=\"og:description\" content=\"C&amp;N Services vous propose les meilleures solutions num\u00e9riques et digitales pour accompagner vos projets.\" \/>\n<meta property=\"og:url\" content=\"https:\/\/cn-webservices.com\/en\/\" \/>\n<meta property=\"og:site_name\" content=\"C&amp;N Services - Web Services et Technologies\" \/>\n<meta property=\"article:modified_time\" content=\"2025-07-30T09:53:45+00:00\" \/>\n<meta property=\"og:image\" content=\"https:\/\/cn-webservices.com\/wp-content\/uploads\/2022\/07\/CN-Services-Banner-2022.png\" \/>\n\t<meta property=\"og:image:width\" content=\"854\" \/>\n\t<meta property=\"og:image:height\" content=\"312\" \/>\n\t<meta property=\"og:image:type\" content=\"image\/png\" \/>\n<meta name=\"twitter:label1\" content=\"Est. reading time\" \/>\n\t<meta name=\"twitter:data1\" content=\"5 minutes\" \/>\n<script type=\"application\/ld+json\" class=\"yoast-schema-graph\">{\"@context\":\"https:\\\/\\\/schema.org\",\"@graph\":[{\"@type\":\"WebPage\",\"@id\":\"https:\\\/\\\/cn-webservices.com\\\/\",\"url\":\"https:\\\/\\\/cn-webservices.com\\\/\",\"name\":\"Accueil - C&amp;N Services - Web Services et Technologies\",\"isPartOf\":{\"@id\":\"https:\\\/\\\/cn-webservices.com\\\/#website\"},\"primaryImageOfPage\":{\"@id\":\"https:\\\/\\\/cn-webservices.com\\\/#primaryimage\"},\"image\":{\"@id\":\"https:\\\/\\\/cn-webservices.com\\\/#primaryimage\"},\"thumbnailUrl\":\"https:\\\/\\\/cn-webservices.com\\\/wp-content\\\/uploads\\\/2022\\\/07\\\/CN-Services-Banner-2022.png\",\"datePublished\":\"2022-07-11T09:08:03+00:00\",\"dateModified\":\"2025-07-30T09:53:45+00:00\",\"description\":\"C&N Services vous propose les meilleures solutions num\u00e9riques et digitales pour accompagner vos projets.\",\"inLanguage\":\"en-US\",\"potentialAction\":[{\"@type\":\"ReadAction\",\"target\":[\"https:\\\/\\\/cn-webservices.com\\\/\"]}]},{\"@type\":\"ImageObject\",\"inLanguage\":\"en-US\",\"@id\":\"https:\\\/\\\/cn-webservices.com\\\/#primaryimage\",\"url\":\"https:\\\/\\\/cn-webservices.com\\\/wp-content\\\/uploads\\\/2022\\\/07\\\/CN-Services-Banner-2022.png\",\"contentUrl\":\"https:\\\/\\\/cn-webservices.com\\\/wp-content\\\/uploads\\\/2022\\\/07\\\/CN-Services-Banner-2022.png\",\"width\":854,\"height\":312},{\"@type\":\"WebSite\",\"@id\":\"https:\\\/\\\/cn-webservices.com\\\/#website\",\"url\":\"https:\\\/\\\/cn-webservices.com\\\/\",\"name\":\"C&amp;N Services - Web Services et Technologies\",\"description\":\"Nous sommes le d\u00e9but de vos projets\",\"publisher\":{\"@id\":\"https:\\\/\\\/cn-webservices.com\\\/#organization\"},\"potentialAction\":[{\"@type\":\"SearchAction\",\"target\":{\"@type\":\"EntryPoint\",\"urlTemplate\":\"https:\\\/\\\/cn-webservices.com\\\/?s={search_term_string}\"},\"query-input\":{\"@type\":\"PropertyValueSpecification\",\"valueRequired\":true,\"valueName\":\"search_term_string\"}}],\"inLanguage\":\"en-US\"},{\"@type\":\"Organization\",\"@id\":\"https:\\\/\\\/cn-webservices.com\\\/#organization\",\"name\":\"C&amp;N Services - Web Services et Technologies\",\"url\":\"https:\\\/\\\/cn-webservices.com\\\/\",\"logo\":{\"@type\":\"ImageObject\",\"inLanguage\":\"en-US\",\"@id\":\"https:\\\/\\\/cn-webservices.com\\\/#\\\/schema\\\/logo\\\/image\\\/\",\"url\":\"https:\\\/\\\/cn-webservices.com\\\/wp-content\\\/uploads\\\/2022\\\/07\\\/CN-Services-Logo-2022.png\",\"contentUrl\":\"https:\\\/\\\/cn-webservices.com\\\/wp-content\\\/uploads\\\/2022\\\/07\\\/CN-Services-Logo-2022.png\",\"width\":827,\"height\":302,\"caption\":\"C&amp;N Services - Web Services et Technologies\"},\"image\":{\"@id\":\"https:\\\/\\\/cn-webservices.com\\\/#\\\/schema\\\/logo\\\/image\\\/\"}}]}<\/script>\n<!-- \/ Yoast SEO plugin. -->","yoast_head_json":{"title":"Accueil - C&amp;N Services - Web Services et Technologies","description":"C&N Services vous propose les meilleures solutions num\u00e9riques et digitales pour accompagner vos projets.","robots":{"index":"index","follow":"follow","max-snippet":"max-snippet:-1","max-image-preview":"max-image-preview:large","max-video-preview":"max-video-preview:-1"},"canonical":"https:\/\/cn-webservices.com\/en\/","og_locale":"en_US","og_type":"article","og_title":"Accueil - C&amp;N Services - Web Services et Technologies","og_description":"C&N Services vous propose les meilleures solutions num\u00e9riques et digitales pour accompagner vos projets.","og_url":"https:\/\/cn-webservices.com\/en\/","og_site_name":"C&amp;N Services - Web Services et Technologies","article_modified_time":"2025-07-30T09:53:45+00:00","og_image":[{"width":854,"height":312,"url":"https:\/\/cn-webservices.com\/wp-content\/uploads\/2022\/07\/CN-Services-Banner-2022.png","type":"image\/png"}],"twitter_misc":{"Est. reading time":"5 minutes"},"schema":{"@context":"https:\/\/schema.org","@graph":[{"@type":"WebPage","@id":"https:\/\/cn-webservices.com\/","url":"https:\/\/cn-webservices.com\/","name":"Accueil - C&amp;N Services - Web Services et Technologies","isPartOf":{"@id":"https:\/\/cn-webservices.com\/#website"},"primaryImageOfPage":{"@id":"https:\/\/cn-webservices.com\/#primaryimage"},"image":{"@id":"https:\/\/cn-webservices.com\/#primaryimage"},"thumbnailUrl":"https:\/\/cn-webservices.com\/wp-content\/uploads\/2022\/07\/CN-Services-Banner-2022.png","datePublished":"2022-07-11T09:08:03+00:00","dateModified":"2025-07-30T09:53:45+00:00","description":"C&N Services vous propose les meilleures solutions num\u00e9riques et digitales pour accompagner vos projets.","inLanguage":"en-US","potentialAction":[{"@type":"ReadAction","target":["https:\/\/cn-webservices.com\/"]}]},{"@type":"ImageObject","inLanguage":"en-US","@id":"https:\/\/cn-webservices.com\/#primaryimage","url":"https:\/\/cn-webservices.com\/wp-content\/uploads\/2022\/07\/CN-Services-Banner-2022.png","contentUrl":"https:\/\/cn-webservices.com\/wp-content\/uploads\/2022\/07\/CN-Services-Banner-2022.png","width":854,"height":312},{"@type":"WebSite","@id":"https:\/\/cn-webservices.com\/#website","url":"https:\/\/cn-webservices.com\/","name":"C&amp;N Services - Web Services et Technologies","description":"Nous sommes le d\u00e9but de vos projets","publisher":{"@id":"https:\/\/cn-webservices.com\/#organization"},"potentialAction":[{"@type":"SearchAction","target":{"@type":"EntryPoint","urlTemplate":"https:\/\/cn-webservices.com\/?s={search_term_string}"},"query-input":{"@type":"PropertyValueSpecification","valueRequired":true,"valueName":"search_term_string"}}],"inLanguage":"en-US"},{"@type":"Organization","@id":"https:\/\/cn-webservices.com\/#organization","name":"C&amp;N Services - Web Services et Technologies","url":"https:\/\/cn-webservices.com\/","logo":{"@type":"ImageObject","inLanguage":"en-US","@id":"https:\/\/cn-webservices.com\/#\/schema\/logo\/image\/","url":"https:\/\/cn-webservices.com\/wp-content\/uploads\/2022\/07\/CN-Services-Logo-2022.png","contentUrl":"https:\/\/cn-webservices.com\/wp-content\/uploads\/2022\/07\/CN-Services-Logo-2022.png","width":827,"height":302,"caption":"C&amp;N Services - Web Services et Technologies"},"image":{"@id":"https:\/\/cn-webservices.com\/#\/schema\/logo\/image\/"}}]}},"_links":{"self":[{"href":"https:\/\/cn-webservices.com\/en\/wp-json\/wp\/v2\/pages\/87","targetHints":{"allow":["GET"]}}],"collection":[{"href":"https:\/\/cn-webservices.com\/en\/wp-json\/wp\/v2\/pages"}],"about":[{"href":"https:\/\/cn-webservices.com\/en\/wp-json\/wp\/v2\/types\/page"}],"author":[{"embeddable":true,"href":"https:\/\/cn-webservices.com\/en\/wp-json\/wp\/v2\/users\/1"}],"replies":[{"embeddable":true,"href":"https:\/\/cn-webservices.com\/en\/wp-json\/wp\/v2\/comments?post=87"}],"version-history":[{"count":40,"href":"https:\/\/cn-webservices.com\/en\/wp-json\/wp\/v2\/pages\/87\/revisions"}],"predecessor-version":[{"id":2854,"href":"https:\/\/cn-webservices.com\/en\/wp-json\/wp\/v2\/pages\/87\/revisions\/2854"}],"wp:featuredmedia":[{"embeddable":true,"href":"https:\/\/cn-webservices.com\/en\/wp-json\/wp\/v2\/media\/124"}],"wp:attachment":[{"href":"https:\/\/cn-webservices.com\/en\/wp-json\/wp\/v2\/media?parent=87"}],"curies":[{"name":"wp","href":"https:\/\/api.w.org\/{rel}","templated":true}]}}