{"id":460,"date":"2022-07-23T18:10:13","date_gmt":"2022-07-23T17:10:13","guid":{"rendered":"https:\/\/cn-webservices.com\/?page_id=460"},"modified":"2023-06-16T10:12:14","modified_gmt":"2023-06-16T09:12:14","slug":"inscription-formation","status":"publish","type":"page","link":"https:\/\/cn-webservices.com\/en\/inscription-formation\/","title":{"rendered":"Inscription Formation"},"content":{"rendered":"\t\t<div data-elementor-type=\"wp-page\" data-elementor-id=\"460\" class=\"elementor elementor-460\">\n\t\t\t\t\t\t<section class=\"elementor-section elementor-top-section elementor-element elementor-element-1a6328c6 elementor-section-boxed elementor-section-height-default elementor-section-height-default\" data-id=\"1a6328c6\" data-element_type=\"section\" data-e-type=\"section\">\n\t\t\t\t\t\t<div class=\"elementor-container elementor-column-gap-default\">\n\t\t\t\t\t<div class=\"elementor-column elementor-col-100 elementor-top-column elementor-element elementor-element-76b1a905\" data-id=\"76b1a905\" data-element_type=\"column\" data-e-type=\"column\">\n\t\t\t<div class=\"elementor-widget-wrap elementor-element-populated\">\n\t\t\t\t\t\t<div class=\"elementor-element elementor-element-1fd4515c elementor-widget elementor-widget-text-editor\" data-id=\"1fd4515c\" data-element_type=\"widget\" data-e-type=\"widget\" data-widget_type=\"text-editor.default\">\n\t\t\t\t<div class=\"elementor-widget-container\">\n\t\t\t\t\t\t\t\t\t\n<p><div class=\"wpforms-container wpforms-container-full\" id=\"wpforms-363\"><form id=\"wpforms-form-363\" class=\"wpforms-validate wpforms-form wpforms-ajax-form\" data-formid=\"363\" method=\"post\" enctype=\"multipart\/form-data\" action=\"\/en\/wp-json\/wp\/v2\/pages\/460\" data-token=\"126ac79923c6903480248bb3dbf9b312\" data-token-time=\"1777616322\"><noscript class=\"wpforms-error-noscript\">Please enable JavaScript in your browser to complete this form.<\/noscript><div class=\"wpforms-field-container\"><div id=\"wpforms-363-field_0-container\" class=\"wpforms-field wpforms-field-name\" data-field-id=\"0\"><label class=\"wpforms-field-label\">Nom <span class=\"wpforms-required-label\">*<\/span><\/label><div class=\"wpforms-field-row wpforms-field-medium\"><div class=\"wpforms-field-row-block wpforms-first wpforms-one-half\"><input type=\"text\" id=\"wpforms-363-field_0\" class=\"wpforms-field-name-first wpforms-field-required\" name=\"wpforms[fields][0][first]\" required><label for=\"wpforms-363-field_0\" class=\"wpforms-field-sublabel after\">First<\/label><\/div><div class=\"wpforms-field-row-block wpforms-one-half\"><input type=\"text\" id=\"wpforms-363-field_0-last\" class=\"wpforms-field-name-last wpforms-field-required\" name=\"wpforms[fields][0][last]\" required><label for=\"wpforms-363-field_0-last\" class=\"wpforms-field-sublabel after\">Last<\/label><\/div><\/div><\/div><div id=\"wpforms-363-field_1-container\" class=\"wpforms-field wpforms-field-email\" data-field-id=\"1\"><label class=\"wpforms-field-label\" for=\"wpforms-363-field_1\">Email <span class=\"wpforms-required-label\">*<\/span><\/label><input type=\"email\" id=\"wpforms-363-field_1\" class=\"wpforms-field-medium wpforms-field-required\" name=\"wpforms[fields][1]\" spellcheck=\"false\" required><\/div><div id=\"wpforms-363-field_3-container\" class=\"wpforms-field wpforms-field-text\" data-field-id=\"3\"><label class=\"wpforms-field-label\" for=\"wpforms-363-field_3\">T\u00e9l\u00e9phone <span class=\"wpforms-required-label\">*<\/span><\/label><input type=\"text\" id=\"wpforms-363-field_3\" class=\"wpforms-field-medium wpforms-field-required\" name=\"wpforms[fields][3]\" required><\/div><div id=\"wpforms-363-field_4-container\" class=\"wpforms-field wpforms-field-text\" data-field-id=\"4\"><label class=\"wpforms-field-label\" for=\"wpforms-363-field_4\">Adresse <span class=\"wpforms-required-label\">*<\/span><\/label><input type=\"text\" id=\"wpforms-363-field_4\" class=\"wpforms-field-medium wpforms-field-required\" name=\"wpforms[fields][4]\" required><\/div><div id=\"wpforms-363-field_7-container\" class=\"wpforms-field wpforms-field-text\" data-field-id=\"7\"><label class=\"wpforms-field-label\" for=\"wpforms-363-field_7\">Entreprise<\/label><input type=\"text\" id=\"wpforms-363-field_7\" class=\"wpforms-field-medium\" name=\"wpforms[fields][7]\" ><\/div><div id=\"wpforms-363-field_12-container\" class=\"wpforms-field wpforms-field-select wpforms-field-select-style-classic\" data-field-id=\"12\"><label class=\"wpforms-field-label\" for=\"wpforms-363-field_12\">Choix de package<\/label><select id=\"wpforms-363-field_12\" class=\"wpforms-field-medium\" name=\"wpforms[fields][12]\"><option value=\"Package 1  [94.400 FCFA]\"  class=\"choice-1 depth-1\"  >Package 1  [94.400 FCFA]<\/option><option value=\"Package 2  [141.600 FCFA]\"  class=\"choice-2 depth-1\"  >Package 2  [141.600 FCFA]<\/option><option value=\"Package 3  [236.000 FCFA]\"  class=\"choice-3 depth-1\"  >Package 3  [236.000 FCFA]<\/option><\/select><div class=\"wpforms-field-description\">Choisissez votre pack<\/div><\/div><div id=\"wpforms-363-field_6-container\" class=\"wpforms-field wpforms-field-checkbox\" data-field-id=\"6\"><label class=\"wpforms-field-label\">Avez-vous d\u00e9j\u00e0 un produit ou service \u00e0 vendre? <span class=\"wpforms-required-label\">*<\/span><\/label><ul id=\"wpforms-363-field_6\" class=\"wpforms-field-required\"><li class=\"choice-1 depth-1\"><input type=\"checkbox\" id=\"wpforms-363-field_6_1\" name=\"wpforms[fields][6][]\" value=\"Oui\" required ><label class=\"wpforms-field-label-inline\" for=\"wpforms-363-field_6_1\">Oui<\/label><\/li><li class=\"choice-2 depth-1\"><input type=\"checkbox\" id=\"wpforms-363-field_6_2\" name=\"wpforms[fields][6][]\" value=\"Non\" required ><label class=\"wpforms-field-label-inline\" for=\"wpforms-363-field_6_2\">Non<\/label><\/li><\/ul><\/div><div id=\"wpforms-363-field_8-container\" class=\"wpforms-field wpforms-field-text\" data-field-id=\"8\"><label class=\"wpforms-field-label\" for=\"wpforms-363-field_8\">Si oui, quel type de produit ou service<\/label><input type=\"text\" id=\"wpforms-363-field_8\" class=\"wpforms-field-medium\" name=\"wpforms[fields][8]\" ><\/div><div id=\"wpforms-363-field_10-container\" class=\"wpforms-field wpforms-field-checkbox\" data-field-id=\"10\"><label class=\"wpforms-field-label\">Niveau informatique <span class=\"wpforms-required-label\">*<\/span><\/label><ul id=\"wpforms-363-field_10\" class=\"wpforms-field-required\"><li class=\"choice-1 depth-1\"><input type=\"checkbox\" id=\"wpforms-363-field_10_1\" name=\"wpforms[fields][10][]\" value=\"D\u00e9butant\" required ><label class=\"wpforms-field-label-inline\" for=\"wpforms-363-field_10_1\">D\u00e9butant<\/label><\/li><li class=\"choice-2 depth-1\"><input type=\"checkbox\" id=\"wpforms-363-field_10_2\" name=\"wpforms[fields][10][]\" value=\"Interm\u00e9diaire\" required ><label class=\"wpforms-field-label-inline\" for=\"wpforms-363-field_10_2\">Interm\u00e9diaire<\/label><\/li><li class=\"choice-3 depth-1\"><input type=\"checkbox\" id=\"wpforms-363-field_10_3\" name=\"wpforms[fields][10][]\" value=\"Professionnel\" required ><label class=\"wpforms-field-label-inline\" for=\"wpforms-363-field_10_3\">Professionnel<\/label><\/li><\/ul><\/div><\/div><!-- .wpforms-field-container --><div class=\"wpforms-submit-container\" ><input type=\"hidden\" name=\"wpforms[id]\" value=\"363\"><input type=\"hidden\" name=\"page_title\" value=\"\"><input type=\"hidden\" name=\"page_url\" value=\"https:\/\/cn-webservices.com\/en\/wp-json\/wp\/v2\/pages\/460\"><input type=\"hidden\" name=\"url_referer\" value=\"\"><button type=\"submit\" name=\"wpforms[submit]\" id=\"wpforms-submit-363\" class=\"wpforms-submit\" data-alt-text=\"Sending...\" data-submit-text=\"Envoyer\" aria-live=\"assertive\" value=\"wpforms-submit\">Envoyer<\/button><img decoding=\"async\" src=\"https:\/\/cn-webservices.com\/wp-content\/plugins\/wpforms-lite\/assets\/images\/submit-spin.svg\" class=\"wpforms-submit-spinner\" style=\"display: none;\" width=\"26\" height=\"26\" alt=\"Loading\"><\/div><\/form><\/div>  <!-- .wpforms-container --><\/p>\n\t\t\t\t\t\t\t\t<\/div>\n\t\t\t\t<\/div>\n\t\t\t\t\t<\/div>\n\t\t<\/div>\n\t\t\t\t\t<\/div>\n\t\t<\/section>\n\t\t\t\t<\/div>\n\t\t","protected":false},"excerpt":{"rendered":"","protected":false},"author":1,"featured_media":0,"parent":0,"menu_order":0,"comment_status":"closed","ping_status":"closed","template":"elementor_canvas","meta":{"footnotes":""},"class_list":["post-460","page","type-page","status-publish","hentry"],"yoast_head":"<!-- This site is optimized with the Yoast SEO plugin v27.4 - https:\/\/yoast.com\/product\/yoast-seo-wordpress\/ -->\n<title>Inscription Formation - C&amp;N Services - Web Services et Technologies<\/title>\n<meta name=\"robots\" content=\"index, follow, max-snippet:-1, max-image-preview:large, max-video-preview:-1\" \/>\n<link rel=\"canonical\" href=\"https:\/\/cn-webservices.com\/en\/inscription-formation\/\" \/>\n<meta property=\"og:locale\" content=\"en_US\" \/>\n<meta property=\"og:type\" content=\"article\" \/>\n<meta property=\"og:title\" content=\"Inscription Formation - C&amp;N Services - Web Services et Technologies\" \/>\n<meta property=\"og:url\" content=\"https:\/\/cn-webservices.com\/en\/inscription-formation\/\" \/>\n<meta property=\"og:site_name\" content=\"C&amp;N Services - Web Services et Technologies\" \/>\n<meta property=\"article:modified_time\" content=\"2023-06-16T09:12:14+00:00\" \/>\n<meta name=\"twitter:label1\" content=\"Est. reading time\" \/>\n\t<meta name=\"twitter:data1\" content=\"1 minute\" \/>\n<script type=\"application\/ld+json\" class=\"yoast-schema-graph\">{\"@context\":\"https:\\\/\\\/schema.org\",\"@graph\":[{\"@type\":\"WebPage\",\"@id\":\"https:\\\/\\\/cn-webservices.com\\\/inscription-formation\\\/\",\"url\":\"https:\\\/\\\/cn-webservices.com\\\/inscription-formation\\\/\",\"name\":\"Inscription Formation - C&amp;N Services - Web Services et Technologies\",\"isPartOf\":{\"@id\":\"https:\\\/\\\/cn-webservices.com\\\/#website\"},\"datePublished\":\"2022-07-23T17:10:13+00:00\",\"dateModified\":\"2023-06-16T09:12:14+00:00\",\"inLanguage\":\"en-US\",\"potentialAction\":[{\"@type\":\"ReadAction\",\"target\":[\"https:\\\/\\\/cn-webservices.com\\\/inscription-formation\\\/\"]}]},{\"@type\":\"WebSite\",\"@id\":\"https:\\\/\\\/cn-webservices.com\\\/#website\",\"url\":\"https:\\\/\\\/cn-webservices.com\\\/\",\"name\":\"C&amp;N Services - Web Services et Technologies\",\"description\":\"Nous sommes le d\u00e9but de vos projets\",\"publisher\":{\"@id\":\"https:\\\/\\\/cn-webservices.com\\\/#organization\"},\"potentialAction\":[{\"@type\":\"SearchAction\",\"target\":{\"@type\":\"EntryPoint\",\"urlTemplate\":\"https:\\\/\\\/cn-webservices.com\\\/?s={search_term_string}\"},\"query-input\":{\"@type\":\"PropertyValueSpecification\",\"valueRequired\":true,\"valueName\":\"search_term_string\"}}],\"inLanguage\":\"en-US\"},{\"@type\":\"Organization\",\"@id\":\"https:\\\/\\\/cn-webservices.com\\\/#organization\",\"name\":\"C&amp;N Services - Web Services et Technologies\",\"url\":\"https:\\\/\\\/cn-webservices.com\\\/\",\"logo\":{\"@type\":\"ImageObject\",\"inLanguage\":\"en-US\",\"@id\":\"https:\\\/\\\/cn-webservices.com\\\/#\\\/schema\\\/logo\\\/image\\\/\",\"url\":\"https:\\\/\\\/cn-webservices.com\\\/wp-content\\\/uploads\\\/2022\\\/07\\\/CN-Services-Logo-2022.png\",\"contentUrl\":\"https:\\\/\\\/cn-webservices.com\\\/wp-content\\\/uploads\\\/2022\\\/07\\\/CN-Services-Logo-2022.png\",\"width\":827,\"height\":302,\"caption\":\"C&amp;N Services - Web Services et Technologies\"},\"image\":{\"@id\":\"https:\\\/\\\/cn-webservices.com\\\/#\\\/schema\\\/logo\\\/image\\\/\"}}]}<\/script>\n<!-- \/ Yoast SEO plugin. -->","yoast_head_json":{"title":"Inscription Formation - C&amp;N Services - Web Services et Technologies","robots":{"index":"index","follow":"follow","max-snippet":"max-snippet:-1","max-image-preview":"max-image-preview:large","max-video-preview":"max-video-preview:-1"},"canonical":"https:\/\/cn-webservices.com\/en\/inscription-formation\/","og_locale":"en_US","og_type":"article","og_title":"Inscription Formation - C&amp;N Services - Web Services et Technologies","og_url":"https:\/\/cn-webservices.com\/en\/inscription-formation\/","og_site_name":"C&amp;N Services - Web Services et Technologies","article_modified_time":"2023-06-16T09:12:14+00:00","twitter_misc":{"Est. reading time":"1 minute"},"schema":{"@context":"https:\/\/schema.org","@graph":[{"@type":"WebPage","@id":"https:\/\/cn-webservices.com\/inscription-formation\/","url":"https:\/\/cn-webservices.com\/inscription-formation\/","name":"Inscription Formation - C&amp;N Services - Web Services et Technologies","isPartOf":{"@id":"https:\/\/cn-webservices.com\/#website"},"datePublished":"2022-07-23T17:10:13+00:00","dateModified":"2023-06-16T09:12:14+00:00","inLanguage":"en-US","potentialAction":[{"@type":"ReadAction","target":["https:\/\/cn-webservices.com\/inscription-formation\/"]}]},{"@type":"WebSite","@id":"https:\/\/cn-webservices.com\/#website","url":"https:\/\/cn-webservices.com\/","name":"C&amp;N Services - Web Services et Technologies","description":"Nous sommes le d\u00e9but de vos projets","publisher":{"@id":"https:\/\/cn-webservices.com\/#organization"},"potentialAction":[{"@type":"SearchAction","target":{"@type":"EntryPoint","urlTemplate":"https:\/\/cn-webservices.com\/?s={search_term_string}"},"query-input":{"@type":"PropertyValueSpecification","valueRequired":true,"valueName":"search_term_string"}}],"inLanguage":"en-US"},{"@type":"Organization","@id":"https:\/\/cn-webservices.com\/#organization","name":"C&amp;N Services - Web Services et Technologies","url":"https:\/\/cn-webservices.com\/","logo":{"@type":"ImageObject","inLanguage":"en-US","@id":"https:\/\/cn-webservices.com\/#\/schema\/logo\/image\/","url":"https:\/\/cn-webservices.com\/wp-content\/uploads\/2022\/07\/CN-Services-Logo-2022.png","contentUrl":"https:\/\/cn-webservices.com\/wp-content\/uploads\/2022\/07\/CN-Services-Logo-2022.png","width":827,"height":302,"caption":"C&amp;N Services - Web Services et Technologies"},"image":{"@id":"https:\/\/cn-webservices.com\/#\/schema\/logo\/image\/"}}]}},"_links":{"self":[{"href":"https:\/\/cn-webservices.com\/en\/wp-json\/wp\/v2\/pages\/460","targetHints":{"allow":["GET"]}}],"collection":[{"href":"https:\/\/cn-webservices.com\/en\/wp-json\/wp\/v2\/pages"}],"about":[{"href":"https:\/\/cn-webservices.com\/en\/wp-json\/wp\/v2\/types\/page"}],"author":[{"embeddable":true,"href":"https:\/\/cn-webservices.com\/en\/wp-json\/wp\/v2\/users\/1"}],"replies":[{"embeddable":true,"href":"https:\/\/cn-webservices.com\/en\/wp-json\/wp\/v2\/comments?post=460"}],"version-history":[{"count":4,"href":"https:\/\/cn-webservices.com\/en\/wp-json\/wp\/v2\/pages\/460\/revisions"}],"predecessor-version":[{"id":1939,"href":"https:\/\/cn-webservices.com\/en\/wp-json\/wp\/v2\/pages\/460\/revisions\/1939"}],"wp:attachment":[{"href":"https:\/\/cn-webservices.com\/en\/wp-json\/wp\/v2\/media?parent=460"}],"curies":[{"name":"wp","href":"https:\/\/api.w.org\/{rel}","templated":true}]}}